{"id":906345,"date":"2021-12-02T09:06:34","date_gmt":"2021-12-02T09:06:34","guid":{"rendered":"https:\/\/www-dev.fagorautomation.com\/servicios\/contratos-de-servicio-y-ampliaciones-de-garantias\/"},"modified":"2022-09-09T11:10:04","modified_gmt":"2022-09-09T10:10:04","slug":"%e6%9c%8d%e5%8a%a1%e5%90%88%e5%90%8c%e5%92%8c%e4%bf%9d%e4%bf%ae%e5%bb%b6%e6%9c%9f","status":"publish","type":"page","link":"https:\/\/www-dev.fagorautomation.com\/zh-hans\/%e5%8f%91%e6%a0%bc%e8%87%aa%e5%8a%a8%e5%8c%96%e6%8a%80%e6%9c%af%e6%9c%8d%e5%8a%a1\/%e6%9c%8d%e5%8a%a1%e5%90%88%e5%90%8c%e5%92%8c%e4%bf%9d%e4%bf%ae%e5%bb%b6%e6%9c%9f\/","title":{"rendered":"\u670d\u52a1\u5408\u540c\u548c\u4fdd\u4fee\u5ef6\u671f"},"content":{"rendered":"<div id=\"pl-906345\"  class=\"panel-layout\" ><div id=\"pg-906345-0\"  class=\"panel-grid panel-no-style\" ><div id=\"pgc-906345-0-0\"  class=\"panel-grid-cell\" ><div id=\"panel-906345-0-0-0\" class=\"so-panel widget widget_sow-editor panel-first-child panel-last-child\" data-index=\"0\" ><div\n\t\t\t\n\t\t\tclass=\"so-widget-sow-editor so-widget-sow-editor-base\"\n\t\t\t\n\t\t>\n<div class=\"siteorigin-widget-tinymce textwidget\">\n\t<p>\u670d\u52a1\u5408\u540c\u5c06\u6db5\u76d6\u7684\u53d1\u683c\u8bbe\u5907\u53ef\u80fd\u53d1\u751f\u7684\u6240\u6709\u6545\u969c(*)..<\/p>\n<p>\u670d\u52a1\u8d39\u7528\u5305\u62ec\uff1a\u4f7f\u7528\u7684\u6750\u6599\u53ca\u4eba\u5de5\u8d39\u7528.<\/p>\n<p>(*) \u7531\u4e8e\u53d1\u683c\u4ea7\u54c1\u4ee5\u5916\u7684\u539f\u56e0\u9020\u6210\u7684\u6545\u969c\u4e0d\u5305\u62ec\u5728\u5185.<\/p>\n<\/div>\n<\/div><\/div><\/div><div id=\"pgc-906345-0-1\"  class=\"panel-grid-cell\" ><div id=\"panel-906345-0-1-0\" class=\"so-panel widget widget_sow-image panel-first-child panel-last-child\" data-index=\"1\" ><div\n\t\t\t\n\t\t\tclass=\"so-widget-sow-image so-widget-sow-image-default-dbf295114b96-906345\"\n\t\t\t\n\t\t>\n<div class=\"sow-image-container\">\n\t\t<img \n\tsrc=\"https:\/\/www-dev.fagorautomation.com\/wp-content\/uploads\/contratacion-servicios-garantias-1.jpg\" width=\"350\" height=\"202\" srcset=\"https:\/\/www-dev.fagorautomation.com\/wp-content\/uploads\/contratacion-servicios-garantias-1.jpg 350w, https:\/\/www-dev.fagorautomation.com\/wp-content\/uploads\/contratacion-servicios-garantias-1-300x173.jpg 300w\" sizes=\"(max-width: 350px) 100vw, 350px\" title=\"\u670d\u52a1\u5408\u540c\u548c\u4fdd\u4fee\u5ef6\u671f\" alt=\"\u670d\u52a1\u5408\u540c\u548c\u4fdd\u4fee\u5ef6\u671f\" \t\tclass=\"so-widget-image\"\/>\n\t<\/div>\n\n<\/div><\/div><\/div><\/div><div id=\"pg-906345-1\"  class=\"panel-grid panel-has-style\" ><div class=\"panel-row-style panel-row-style-for-906345-1\" ><div id=\"pgc-906345-1-0\"  class=\"panel-grid-cell\" ><div id=\"panel-906345-1-0-0\" class=\"so-panel widget widget_sow-headline panel-first-child panel-last-child\" data-index=\"2\" ><div\n\t\t\t\n\t\t\tclass=\"so-widget-sow-headline so-widget-sow-headline-default-77ea9168cb25-906345 so-widget-fittext-wrapper\"\n\t\t\t data-fit-text-compressor=\"0.85\"\n\t\t><div class=\"sow-headline-container \">\n\t\t\t\t\t\t\t<p class=\"sow-headline\">\n\t\t\t\t\t\t\u5c06\u4e3a\u5ba2\u6237\u91cf\u8eab\u5b9a\u5236\u7684\u670d\u52a1\u5408\u540c\uff0c\u9002\u7528\u4e8e\u5236\u9020\u5546\/\u5206\u9500\u5546\/\u7528\u6237:\t\t\t\t\t\t<\/p>\n\t\t\t\t\t\t\t\t\t\t\t<div class=\"decoration\">\n\t\t\t\t\t\t<div class=\"decoration-inside\"><\/div>\n\t\t\t\t\t<\/div>\n\t\t\t\t\t<\/div>\n<\/div><\/div><\/div><div id=\"pgc-906345-1-1\"  class=\"panel-grid-cell\" ><div id=\"panel-906345-1-1-0\" class=\"so-panel widget widget_sow-features panel-first-child panel-last-child\" data-index=\"3\" ><div\n\t\t\t\n\t\t\tclass=\"so-widget-sow-features so-widget-sow-features-default-f8f2dfd6061f-906345\"\n\t\t\t\n\t\t><ul\n\tclass=\"sow-features-list\n\tsow-features-responsive\">\n\n\t\t\t<li\n\t\t\tclass=\"sow-features-feature sow-icon-container-position-right\"\n\t\t\tstyle=\"display: flex; flex-direction: row; width: calc(100% - 25px);\"\n\t\t>\n\t\t\t\n\t\t\t\t\t\t<div\t\t\t\tclass=\"sow-icon-container sow-container-square\"\n\t\t\t\tstyle=\"color: ; \"\n\t\t\t\t\n\t\t\t\t\t\t\t>\n\t\t\t\t<span class=\"sow-icon-fontawesome sow-fas\" data-sow-icon=\"&#xf00c;\"\n\t\tstyle=\"font-size: 20px; color: #e1081d\" \n\t\taria-hidden=\"true\"><\/span>\t\t\t<\/div>\n\n\t\t\t<div class=\"textwidget\">\n\t\t\t\t\n\t\t\t\t\n\t\t\t\t\t\t\t\t\t<div class=\"sow-features-feature-text\">\n\t\t\t\t\t<p><b>\u5bf9\u4e8e\u5236\u9020\u5546\/\u5206\u9500\u5546:<\/b> \u65e0\u8bba\u673a\u5e8a\u5728\u54ea\u91cc\uff0c\u90fd\u5c06\u63d0\u4f9b\u5b8c\u6574\u7684\u6253\u5305\u670d\u52a1.<\/p>\n\t\t\t\t\t<\/div>\n\t\t\t\t\t\t\t\t<\/div>\n\t\t\t\t\t\t\t\t<\/li>\n\n\t\t\t<li\n\t\t\tclass=\"sow-features-feature sow-icon-container-position-right\"\n\t\t\tstyle=\"display: flex; flex-direction: row; width: calc(100% - 25px);\"\n\t\t>\n\t\t\t\n\t\t\t\t\t\t<div\t\t\t\tclass=\"sow-icon-container sow-container-square\"\n\t\t\t\tstyle=\"color: ; \"\n\t\t\t\t\n\t\t\t\t\t\t\t>\n\t\t\t\t<span class=\"sow-icon-fontawesome sow-fas\" data-sow-icon=\"&#xf00c;\"\n\t\tstyle=\"font-size: 20px; color: #e1081d\" \n\t\taria-hidden=\"true\"><\/span>\t\t\t<\/div>\n\n\t\t\t<div class=\"textwidget\">\n\t\t\t\t\n\t\t\t\t\n\t\t\t\t\t\t\t\t\t<div class=\"sow-features-feature-text\">\n\t\t\t\t\t<p><b>\u5bf9\u4e8e\u6700\u7ec8\u7528\u6237:<\/b> \u5305\u62ec\u5408\u540c\u4e2d\u5217\u51fa\u7684\u53d1\u683c\u4ea7\u54c1: CNC \/ Regulation \/ Motor \/ Pickup.<\/p>\n\t\t\t\t\t<\/div>\n\t\t\t\t\t\t\t\t<\/div>\n\t\t\t\t\t\t\t\t<\/li>\n\n\t<\/ul>\n<\/div><\/div><\/div><\/div><\/div><div id=\"pg-906345-2\"  class=\"panel-grid panel-has-style\" ><div class=\"siteorigin-panels-stretch panel-row-style panel-row-style-for-906345-2\" data-stretch-type=\"full\" ><div id=\"pgc-906345-2-0\"  class=\"panel-grid-cell\" ><div id=\"panel-906345-2-0-0\" class=\"so-panel widget widget_sow-headline panel-first-child panel-last-child\" data-index=\"4\" ><div\n\t\t\t\n\t\t\tclass=\"so-widget-sow-headline so-widget-sow-headline-default-a9ae927f0879-906345 so-widget-fittext-wrapper\"\n\t\t\t data-fit-text-compressor=\"0.85\"\n\t\t><div class=\"sow-headline-container \">\n\t\t\t\t\t\t\t<h2 class=\"sow-headline\">\n\t\t\t\t\t\t\u670d\u52a1\u5408\u540c\u63d0\u4f9b\u7684\u5176\u4ed6\u4f18\u52bf:\t\t\t\t\t\t<\/h2>\n\t\t\t\t\t\t\t\t\t\t\t<div class=\"decoration\">\n\t\t\t\t\t\t<div class=\"decoration-inside\"><\/div>\n\t\t\t\t\t<\/div>\n\t\t\t\t\t<\/div>\n<\/div><\/div><\/div><div id=\"pgc-906345-2-1\"  class=\"panel-grid-cell\" ><div id=\"panel-906345-2-1-0\" class=\"so-panel widget widget_sow-features panel-first-child panel-last-child\" data-index=\"5\" ><div\n\t\t\t\n\t\t\tclass=\"so-widget-sow-features so-widget-sow-features-default-f8f2dfd6061f-906345\"\n\t\t\t\n\t\t><ul\n\tclass=\"sow-features-list\n\tsow-features-responsive\">\n\n\t\t\t<li\n\t\t\tclass=\"sow-features-feature sow-icon-container-position-right\"\n\t\t\tstyle=\"display: flex; flex-direction: row; width: calc(100% - 25px);\"\n\t\t>\n\t\t\t\n\t\t\t\t\t\t<div\t\t\t\tclass=\"sow-icon-container sow-container-square\"\n\t\t\t\tstyle=\"color: ; \"\n\t\t\t\t\n\t\t\t\t\t\t\t>\n\t\t\t\t<span class=\"sow-icon-fontawesome sow-fas\" data-sow-icon=\"&#xf00c;\"\n\t\tstyle=\"font-size: 20px; color: #e1081d\" \n\t\taria-hidden=\"true\"><\/span>\t\t\t<\/div>\n\n\t\t\t<div class=\"textwidget\">\n\t\t\t\t\n\t\t\t\t\n\t\t\t\t\t\t\t\t\t<div class=\"sow-features-feature-text\">\n\t\t\t\t\t<p>\u4e13\u4e1a\u4eba\u5458\u548c\u539f\u5382\u5907\u4ef6\u4f18\u5148\u54cd\u5e94.<\/p>\n\t\t\t\t\t<\/div>\n\t\t\t\t\t\t\t\t<\/div>\n\t\t\t\t\t\t\t\t<\/li>\n\n\t\t\t<li\n\t\t\tclass=\"sow-features-feature sow-icon-container-position-right\"\n\t\t\tstyle=\"display: flex; flex-direction: row; width: calc(100% - 25px);\"\n\t\t>\n\t\t\t\n\t\t\t\t\t\t<div\t\t\t\tclass=\"sow-icon-container sow-container-square\"\n\t\t\t\tstyle=\"color: ; \"\n\t\t\t\t\n\t\t\t\t\t\t\t>\n\t\t\t\t<span class=\"sow-icon-fontawesome sow-fas\" data-sow-icon=\"&#xf00c;\"\n\t\tstyle=\"font-size: 20px; color: #e1081d\" \n\t\taria-hidden=\"true\"><\/span>\t\t\t<\/div>\n\n\t\t\t<div class=\"textwidget\">\n\t\t\t\t\n\t\t\t\t\n\t\t\t\t\t\t\t\t\t<div class=\"sow-features-feature-text\">\n\t\t\t\t\t<p>\u5176\u4ed6\u670d\u52a1\u5305\u62ec\uff1a\u6570\u636e\u5b89\u5168\u3001\u8fdc\u7a0b\u8bca\u65ad\u7b49.<\/p>\n\t\t\t\t\t<\/div>\n\t\t\t\t\t\t\t\t<\/div>\n\t\t\t\t\t\t\t\t<\/li>\n\n\t\t\t<li\n\t\t\tclass=\"sow-features-feature sow-icon-container-position-right\"\n\t\t\tstyle=\"display: flex; flex-direction: row; width: calc(100% - 25px);\"\n\t\t>\n\t\t\t\n\t\t\t\t\t\t<div\t\t\t\tclass=\"sow-icon-container sow-container-square\"\n\t\t\t\tstyle=\"color: ; \"\n\t\t\t\t\n\t\t\t\t\t\t\t>\n\t\t\t\t<span class=\"sow-icon-fontawesome sow-fas\" data-sow-icon=\"&#xf00c;\"\n\t\tstyle=\"font-size: 20px; color: #e1081d\" \n\t\taria-hidden=\"true\"><\/span>\t\t\t<\/div>\n\n\t\t\t<div class=\"textwidget\">\n\t\t\t\t\n\t\t\t\t\n\t\t\t\t\t\t\t\t\t<div class=\"sow-features-feature-text\">\n\t\t\t\t\t<p>\u53ef\u9009\u62e9\u5bf9\u7b7e\u7ea6\u8bbe\u5907\u8fdb\u884c\u5b9a\u671f\u8f6f\u4ef6\u66f4\u65b0.<\/p>\n\t\t\t\t\t<\/div>\n\t\t\t\t\t\t\t\t<\/div>\n\t\t\t\t\t\t\t\t<\/li>\n\n\t\t\t<li\n\t\t\tclass=\"sow-features-feature sow-icon-container-position-right\"\n\t\t\tstyle=\"display: flex; flex-direction: row; width: calc(100% - 25px);\"\n\t\t>\n\t\t\t\n\t\t\t\t\t\t<div\t\t\t\tclass=\"sow-icon-container sow-container-square\"\n\t\t\t\tstyle=\"color: ; \"\n\t\t\t\t\n\t\t\t\t\t\t\t>\n\t\t\t\t<span class=\"sow-icon-fontawesome sow-fas\" data-sow-icon=\"&#xf00c;\"\n\t\tstyle=\"font-size: 20px; color: #e1081d\" \n\t\taria-hidden=\"true\"><\/span>\t\t\t<\/div>\n\n\t\t\t<div class=\"textwidget\">\n\t\t\t\t\n\t\t\t\t\n\t\t\t\t\t\t\t\t\t<div class=\"sow-features-feature-text\">\n\t\t\t\t\t<p>\u8981\u66f4\u6362\u7684\u78e8\u635f\u5143\u4ef6\u6216\u5408\u540c\u4e2d\u672a\u5305\u542b\u7684\u65b0\u5143\u4ef6\u7684\u6298\u6263.<\/p>\n\t\t\t\t\t<\/div>\n\t\t\t\t\t\t\t\t<\/div>\n\t\t\t\t\t\t\t\t<\/li>\n\n\t\t\t<li\n\t\t\tclass=\"sow-features-feature sow-icon-container-position-right\"\n\t\t\tstyle=\"display: flex; flex-direction: row; width: calc(100% - 25px);\"\n\t\t>\n\t\t\t\n\t\t\t\t\t\t<div\t\t\t\tclass=\"sow-icon-container sow-container-square\"\n\t\t\t\tstyle=\"color: ; \"\n\t\t\t\t\n\t\t\t\t\t\t\t>\n\t\t\t\t<span class=\"sow-icon-fontawesome sow-fas\" data-sow-icon=\"&#xf00c;\"\n\t\tstyle=\"font-size: 20px; color: #e1081d\" \n\t\taria-hidden=\"true\"><\/span>\t\t\t<\/div>\n\n\t\t\t<div class=\"textwidget\">\n\t\t\t\t\n\t\t\t\t\n\t\t\t\t\t\t\t\t\t<div class=\"sow-features-feature-text\">\n\t\t\t\t\t<p>\u7b49\u989d\u5916\u9884\u9632\u670d\u52a1\u7684\u6298\u6263\u63d0\u4f9b\u505c\u4ea7\u8bbe\u5907\u7684\u786c\u4ef6\u5347\u7ea7.<\/p>\n\t\t\t\t\t<\/div>\n\t\t\t\t\t\t\t\t<\/div>\n\t\t\t\t\t\t\t\t<\/li>\n\n\t\t\t<li\n\t\t\tclass=\"sow-features-feature sow-icon-container-position-right\"\n\t\t\tstyle=\"display: flex; flex-direction: row; width: calc(100% - 25px);\"\n\t\t>\n\t\t\t\n\t\t\t\t\t\t<div\t\t\t\tclass=\"sow-icon-container sow-container-square\"\n\t\t\t\tstyle=\"color: ; \"\n\t\t\t\t\n\t\t\t\t\t\t\t>\n\t\t\t\t<span class=\"sow-icon-fontawesome sow-fas\" data-sow-icon=\"&#xf00c;\"\n\t\tstyle=\"font-size: 20px; color: #e1081d\" \n\t\taria-hidden=\"true\"><\/span>\t\t\t<\/div>\n\n\t\t\t<div class=\"textwidget\">\n\t\t\t\t\n\t\t\t\t\n\t\t\t\t\t\t\t\t\t<div class=\"sow-features-feature-text\">\n\t\t\t\t\t<p>Ofertas en las actualizaciones de hardware de los equipos descatalogados (upgrading).<\/p>\n\t\t\t\t\t<\/div>\n\t\t\t\t\t\t\t\t<\/div>\n\t\t\t\t\t\t\t\t<\/li>\n\n\t<\/ul>\n<\/div><\/div><\/div><\/div><\/div><div id=\"pg-906345-3\"  class=\"panel-grid panel-has-style\" ><div class=\"panel-row-style panel-row-style-for-906345-3\" ><div id=\"pgc-906345-3-0\"  class=\"panel-grid-cell\" ><div class=\"panel-cell-style panel-cell-style-for-906345-3-0\" ><div id=\"panel-906345-3-0-0\" class=\"so-panel widget widget_sow-headline panel-first-child panel-last-child\" data-index=\"6\" ><div\n\t\t\t\n\t\t\tclass=\"so-widget-sow-headline so-widget-sow-headline-default-f3221b001303-906345\"\n\t\t\t\n\t\t><div class=\"sow-headline-container \">\n\t\t\t\t\t\t\t<h3 class=\"sow-headline\">\n\t\t\t\t\t\t\u8fd8\u53ef\u4ee5\u9009\u62e9\u4ee5\u6781\u5177\u7ade\u4e89\u529b\u7684\u6210\u672c\u5c06\u6807\u51c6\u53d1\u683c\u4fdd\u4fee\u671f\u5ef6\u957f\u81f3\u5ba2\u6237\u9700\u8981\u7684\u5e74\u9650.\t\t\t\t\t\t<\/h3>\n\t\t\t\t\t\t\t\t\t\t\t<div class=\"decoration\">\n\t\t\t\t\t\t<div class=\"decoration-inside\"><\/div>\n\t\t\t\t\t<\/div>\n\t\t\t\t\t<\/div>\n<\/div><\/div><\/div><\/div><div id=\"pgc-906345-3-1\"  class=\"panel-grid-cell\" ><div id=\"panel-906345-3-1-0\" class=\"so-panel widget widget_sow-image panel-first-child panel-last-child\" data-index=\"7\" ><div\n\t\t\t\n\t\t\tclass=\"so-widget-sow-image so-widget-sow-image-default-dbf295114b96-906345\"\n\t\t\t\n\t\t>\n<div class=\"sow-image-container\">\n\t\t<img \n\tsrc=\"https:\/\/www-dev.fagorautomation.com\/wp-content\/uploads\/contratacion-servicios-garantias-2.jpg\" width=\"350\" height=\"202\" srcset=\"https:\/\/www-dev.fagorautomation.com\/wp-content\/uploads\/contratacion-servicios-garantias-2.jpg 350w, https:\/\/www-dev.fagorautomation.com\/wp-content\/uploads\/contratacion-servicios-garantias-2-300x173.jpg 300w\" sizes=\"(max-width: 350px) 100vw, 350px\" title=\"Contratos de servicio y ampliaciones de garant\u00edas\" alt=\"Contratos de servicio y ampliaciones de garant\u00edas\" \t\tclass=\"so-widget-image\"\/>\n\t<\/div>\n\n<\/div><\/div><\/div><\/div><\/div><\/div>","protected":false},"excerpt":{"rendered":"<p>\u670d\u52a1\u5408\u540c\u5c06\u6db5\u76d6\u7684\u53d1\u683c\u8bbe\u5907\u53ef\u80fd\u53d1 &#8230; <a title=\"\u670d\u52a1\u5408\u540c\u548c\u4fdd\u4fee\u5ef6\u671f\" class=\"read-more\" href=\"https:\/\/www-dev.fagorautomation.com\/zh-hans\/%e5%8f%91%e6%a0%bc%e8%87%aa%e5%8a%a8%e5%8c%96%e6%8a%80%e6%9c%af%e6%9c%8d%e5%8a%a1\/%e6%9c%8d%e5%8a%a1%e5%90%88%e5%90%8c%e5%92%8c%e4%bf%9d%e4%bf%ae%e5%bb%b6%e6%9c%9f\/\" aria-label=\"\u9605\u8bfb \u670d\u52a1\u5408\u540c\u548c\u4fdd\u4fee\u5ef6\u671f\"> <\/a><\/p>\n","protected":false},"author":1,"featured_media":0,"parent":906311,"menu_order":0,"comment_status":"closed","ping_status":"closed","template":"servicios.php","meta":{"_acf_changed":false,"footnotes":""},"categories":[1315,1303],"tags":[],"class_list":{"0":"post-906345","1":"page","2":"type-page","3":"status-publish","5":"category-menu-servicios-zh-hans","6":"category-page-servicios-zh-hans"},"acf":[],"wpml_current_locale":"zh_CN","wpml_translations":[{"locale":"en","id":825993,"post_title":"Service contract and warranty extensions","href":"https:\/\/www-dev.fagorautomation.com\/en\/services\/service-contract-and-warranty-extensions\/"},{"locale":"es_ES","id":209,"post_title":"Contratos de servicio y ampliaciones de garant\u00edas","href":"https:\/\/www-dev.fagorautomation.com\/es\/servicios\/contratos-de-servicio-y-ampliaciones-de-garantias\/"},{"locale":"en_US","id":832514,"post_title":"Service contract and warranty extensions","href":"https:\/\/www-dev.fagorautomation.com\/en-us\/services\/service-contract-and-warranty-extensions\/"},{"locale":"it_IT","id":832515,"post_title":"Contratti di assistenza ed estensioni di garanzia","href":"https:\/\/www-dev.fagorautomation.com\/it\/servizi\/contratti-di-assistenza-ed-estensioni-di-garanzia\/"},{"locale":"fr_FR","id":832511,"post_title":"Contrats de service et extensions de garantie","href":"https:\/\/www-dev.fagorautomation.com\/fr\/services\/contrats-de-service-et-extensions-de-garantie\/"},{"locale":"pt_BR","id":832517,"post_title":"Contratos de servi\u00e7o e extens\u00f5es de garantias","href":"https:\/\/www-dev.fagorautomation.com\/pt-br\/servicios\/contratos-de-servico-e-extensoes-de-garantias\/"},{"locale":"pt_PT","id":832518,"post_title":"Contratos de servi\u00e7o e extens\u00f5es de garantias","href":"https:\/\/www-dev.fagorautomation.com\/pt-pt\/servicos-oferecidos-por-fagor-automation\/contratos-de-servico-e-extensoes-de-garantias\/"},{"locale":"de_DE","id":832512,"post_title":"Servicevertr\u00e4ge und Gew\u00e4hrleistungsverl\u00e4ngerungen","href":"https:\/\/www-dev.fagorautomation.com\/de\/dienstleistungen-die-fagor-automation-anbietet\/servicevertraege-und-gewaehrleistungsverlaengerungen\/"},{"locale":"en_IN","id":832513,"post_title":"Service contract and warranty extensions","href":"https:\/\/www-dev.fagorautomation.com\/hi\/services\/service-contract-and-warranty-extensions\/"},{"locale":"ja","id":832516,"post_title":"\u4fdd\u5b88\u5951\u7d04\u3068\u4fdd\u8a3c\u306e\u5ef6\u9577","href":"https:\/\/www-dev.fagorautomation.com\/ja\/%e3%82%b5%e3%83%bc%e3%83%93%e3%82%b9\/service-contract-and-warranty-extensions\/"},{"locale":"eu_ES","id":832510,"post_title":"Zerbitzu kontratuak eta bermeak luzatzea","href":"https:\/\/www-dev.fagorautomation.com\/eu\/zerbitzuak\/service-contract-and-warranty-extensions\/"}],"_links":{"self":[{"href":"https:\/\/www-dev.fagorautomation.com\/zh-hans\/wp-json\/wp\/v2\/pages\/906345","targetHints":{"allow":["GET"]}}],"collection":[{"href":"https:\/\/www-dev.fagorautomation.com\/zh-hans\/wp-json\/wp\/v2\/pages"}],"about":[{"href":"https:\/\/www-dev.fagorautomation.com\/zh-hans\/wp-json\/wp\/v2\/types\/page"}],"author":[{"embeddable":true,"href":"https:\/\/www-dev.fagorautomation.com\/zh-hans\/wp-json\/wp\/v2\/users\/1"}],"replies":[{"embeddable":true,"href":"https:\/\/www-dev.fagorautomation.com\/zh-hans\/wp-json\/wp\/v2\/comments?post=906345"}],"version-history":[{"count":0,"href":"https:\/\/www-dev.fagorautomation.com\/zh-hans\/wp-json\/wp\/v2\/pages\/906345\/revisions"}],"up":[{"embeddable":true,"href":"https:\/\/www-dev.fagorautomation.com\/zh-hans\/wp-json\/wp\/v2\/pages\/906311"}],"wp:attachment":[{"href":"https:\/\/www-dev.fagorautomation.com\/zh-hans\/wp-json\/wp\/v2\/media?parent=906345"}],"wp:term":[{"taxonomy":"category","embeddable":true,"href":"https:\/\/www-dev.fagorautomation.com\/zh-hans\/wp-json\/wp\/v2\/categories?post=906345"},{"taxonomy":"post_tag","embeddable":true,"href":"https:\/\/www-dev.fagorautomation.com\/zh-hans\/wp-json\/wp\/v2\/tags?post=906345"}],"curies":[{"name":"wp","href":"https:\/\/api.w.org\/{rel}","templated":true}]}}