{"id":906332,"date":"2021-12-02T09:03:21","date_gmt":"2021-12-02T09:03:21","guid":{"rendered":"https:\/\/www-dev.fagorautomation.com\/servicios\/actualizacion-y-reconversiones-upgrade-retrofit\/"},"modified":"2023-02-14T11:10:08","modified_gmt":"2023-02-14T10:10:08","slug":"%e5%8d%87%e7%ba%a7%e5%92%8c%e6%94%b9%e9%80%a0","status":"publish","type":"page","link":"https:\/\/www-dev.fagorautomation.com\/zh-hans\/%e5%8f%91%e6%a0%bc%e8%87%aa%e5%8a%a8%e5%8c%96%e6%8a%80%e6%9c%af%e6%9c%8d%e5%8a%a1\/%e5%8d%87%e7%ba%a7%e5%92%8c%e6%94%b9%e9%80%a0\/","title":{"rendered":"\u5347\u7ea7\u548c\u6539\u9020"},"content":{"rendered":"<div id=\"pl-906332\"  class=\"panel-layout\" ><div id=\"pg-906332-0\"  class=\"panel-grid panel-no-style\" ><div id=\"pgc-906332-0-0\"  class=\"panel-grid-cell\" ><div id=\"panel-906332-0-0-0\" class=\"so-panel widget widget_sow-editor panel-first-child\" data-index=\"0\" ><div\n\t\t\t\n\t\t\tclass=\"so-widget-sow-editor so-widget-sow-editor-base\"\n\t\t\t\n\t\t>\n<div class=\"siteorigin-widget-tinymce textwidget\">\n\t<p>\u53d1\u683c\u81ea\u52a8\u5316\u5e2e\u52a9\u60a8\u5728\u673a\u5e8a\u751f\u547d\u5468\u671f\u5185\u5145\u5206\u5229\u7528\u60a8\u7684\u6295\u8d44\uff0c\u53d1\u6325\u673a\u5e8a\u6027\u80fd\uff0c\u4f7f\u673a\u5e8a\u66f4\u53ef\u9760\u3001\u66f4\u6613\u4e8e\u4f7f\u7528.<\/p>\n<\/div>\n<\/div><\/div><div id=\"panel-906332-0-0-1\" class=\"so-panel widget widget_sow-features panel-last-child\" data-index=\"1\" ><div\n\t\t\t\n\t\t\tclass=\"so-widget-sow-features so-widget-sow-features-default-471311f58d43-906332\"\n\t\t\t\n\t\t><ul\n\tclass=\"sow-features-list\n\tsow-features-responsive\">\n\n\t\t\t<li\n\t\t\tclass=\"sow-features-feature sow-icon-container-position-right\"\n\t\t\tstyle=\"display: flex; flex-direction: row; width: calc(100% - 25px);\"\n\t\t>\n\t\t\t\n\t\t\t\t\t\t<div\t\t\t\tclass=\"sow-icon-container sow-container-square\"\n\t\t\t\tstyle=\"color: ; \"\n\t\t\t\t\n\t\t\t\t\t\t\t>\n\t\t\t\t<span class=\"sow-icon-fontawesome sow-fas\" data-sow-icon=\"&#xf00c;\"\n\t\tstyle=\"font-size: 20px; color: #e1081d\" \n\t\taria-hidden=\"true\"><\/span>\t\t\t<\/div>\n\n\t\t\t<div class=\"textwidget\">\n\t\t\t\t\n\t\t\t\t\n\t\t\t\t\t\t\t\t\t<div class=\"sow-features-feature-text\">\n\t\t\t\t\t<p>\u6700\u5927\u9650\u5ea6\u5730\u63d0\u9ad8\u673a\u5668\u751f\u4ea7\u529b.<\/p>\n\t\t\t\t\t<\/div>\n\t\t\t\t\t\t\t\t<\/div>\n\t\t\t\t\t\t\t\t<\/li>\n\n\t\t\t<li\n\t\t\tclass=\"sow-features-feature sow-icon-container-position-right\"\n\t\t\tstyle=\"display: flex; flex-direction: row; width: calc(100% - 25px);\"\n\t\t>\n\t\t\t\n\t\t\t\t\t\t<div\t\t\t\tclass=\"sow-icon-container sow-container-square\"\n\t\t\t\tstyle=\"color: ; \"\n\t\t\t\t\n\t\t\t\t\t\t\t>\n\t\t\t\t<span class=\"sow-icon-fontawesome sow-fas\" data-sow-icon=\"&#xf00c;\"\n\t\tstyle=\"font-size: 20px; color: #e1081d\" \n\t\taria-hidden=\"true\"><\/span>\t\t\t<\/div>\n\n\t\t\t<div class=\"textwidget\">\n\t\t\t\t\n\t\t\t\t\n\t\t\t\t\t\t\t\t\t<div class=\"sow-features-feature-text\">\n\t\t\t\t\t<p>\u63d0\u9ad8\u6548\u7387.<\/p>\n\t\t\t\t\t<\/div>\n\t\t\t\t\t\t\t\t<\/div>\n\t\t\t\t\t\t\t\t<\/li>\n\n\t\t\t<li\n\t\t\tclass=\"sow-features-feature sow-icon-container-position-right\"\n\t\t\tstyle=\"display: flex; flex-direction: row; width: calc(100% - 25px);\"\n\t\t>\n\t\t\t\n\t\t\t\t\t\t<div\t\t\t\tclass=\"sow-icon-container sow-container-square\"\n\t\t\t\tstyle=\"color: ; \"\n\t\t\t\t\n\t\t\t\t\t\t\t>\n\t\t\t\t<span class=\"sow-icon-fontawesome sow-fas\" data-sow-icon=\"&#xf00c;\"\n\t\tstyle=\"font-size: 20px; color: #e1081d\" \n\t\taria-hidden=\"true\"><\/span>\t\t\t<\/div>\n\n\t\t\t<div class=\"textwidget\">\n\t\t\t\t\n\t\t\t\t\n\t\t\t\t\t\t\t\t\t<div class=\"sow-features-feature-text\">\n\t\t\t\t\t<p>\u63d0\u9ad8\u53ef\u9760\u6027.<\/p>\n\t\t\t\t\t<\/div>\n\t\t\t\t\t\t\t\t<\/div>\n\t\t\t\t\t\t\t\t<\/li>\n\n\t\t\t<li\n\t\t\tclass=\"sow-features-feature sow-icon-container-position-right\"\n\t\t\tstyle=\"display: flex; flex-direction: row; width: calc(100% - 25px);\"\n\t\t>\n\t\t\t\n\t\t\t\t\t\t<div\t\t\t\tclass=\"sow-icon-container sow-container-square\"\n\t\t\t\tstyle=\"color: ; \"\n\t\t\t\t\n\t\t\t\t\t\t\t>\n\t\t\t\t<span class=\"sow-icon-fontawesome sow-fas\" data-sow-icon=\"&#xf00c;\"\n\t\tstyle=\"font-size: 20px; color: #e1081d\" \n\t\taria-hidden=\"true\"><\/span>\t\t\t<\/div>\n\n\t\t\t<div class=\"textwidget\">\n\t\t\t\t\n\t\t\t\t\n\t\t\t\t\t\t\t\t\t<div class=\"sow-features-feature-text\">\n\t\t\t\t\t<p>\u73b0\u4ee3\u5316\u8bbe\u5907\u548c\u5de5\u4f5c\u73af\u5883.<\/p>\n\t\t\t\t\t<\/div>\n\t\t\t\t\t\t\t\t<\/div>\n\t\t\t\t\t\t\t\t<\/li>\n\n\t\t\t<li\n\t\t\tclass=\"sow-features-feature sow-icon-container-position-right\"\n\t\t\tstyle=\"display: flex; flex-direction: row; width: calc(100% - 25px);\"\n\t\t>\n\t\t\t\n\t\t\t\t\t\t<div\t\t\t\tclass=\"sow-icon-container sow-container-square\"\n\t\t\t\tstyle=\"color: ; \"\n\t\t\t\t\n\t\t\t\t\t\t\t>\n\t\t\t\t<span class=\"sow-icon-fontawesome sow-fas\" data-sow-icon=\"&#xf00c;\"\n\t\tstyle=\"font-size: 20px; color: #e1081d\" \n\t\taria-hidden=\"true\"><\/span>\t\t\t<\/div>\n\n\t\t\t<div class=\"textwidget\">\n\t\t\t\t\n\t\t\t\t\n\t\t\t\t\t\t\t\t\t<div class=\"sow-features-feature-text\">\n\t\t\t\t\t<p>\u964d\u4f4e\u7ef4\u62a4\u6210\u672c.<\/p>\n\t\t\t\t\t<\/div>\n\t\t\t\t\t\t\t\t<\/div>\n\t\t\t\t\t\t\t\t<\/li>\n\n\t<\/ul>\n<\/div><\/div><\/div><div id=\"pgc-906332-0-1\"  class=\"panel-grid-cell\" ><div id=\"panel-906332-0-1-0\" class=\"so-panel widget widget_sow-image panel-first-child panel-last-child\" data-index=\"2\" ><div\n\t\t\t\n\t\t\tclass=\"so-widget-sow-image so-widget-sow-image-default-dbf295114b96-906332\"\n\t\t\t\n\t\t>\n<div class=\"sow-image-container\">\n\t\t<img \n\tsrc=\"https:\/\/www-dev.fagorautomation.com\/wp-content\/uploads\/actualizacion-reconversion-3-2.jpg\" width=\"350\" height=\"202\" srcset=\"https:\/\/www-dev.fagorautomation.com\/wp-content\/uploads\/actualizacion-reconversion-3-2.jpg 350w, https:\/\/www-dev.fagorautomation.com\/wp-content\/uploads\/actualizacion-reconversion-3-2-300x173.jpg 300w\" sizes=\"(max-width: 350px) 100vw, 350px\" title=\"\u5347\u7ea7\u548c\u6539\u9020\" alt=\"\u5347\u7ea7\u548c\u6539\u9020\" \t\tclass=\"so-widget-image\"\/>\n\t<\/div>\n\n<\/div><\/div><\/div><\/div><div id=\"pg-906332-1\"  class=\"panel-grid panel-no-style\" ><div id=\"pgc-906332-1-0\"  class=\"panel-grid-cell\" ><div id=\"panel-906332-1-0-0\" class=\"so-panel widget widget_sow-editor panel-first-child\" data-index=\"3\" ><div\n\t\t\t\n\t\t\tclass=\"so-widget-sow-editor so-widget-sow-editor-base\"\n\t\t\t\n\t\t>\n<div class=\"siteorigin-widget-tinymce textwidget\">\n\t<p>\u6709\u4ee5\u4e0b\u9700\u6c42,\u76f4\u63a5\u8054\u7cfb\u673a\u5668\u5236\u9020\u5546\u6216\u53d1\u683c\u81ea\u52a8\u5316.<\/p>\n<\/div>\n<\/div><\/div><div id=\"panel-906332-1-0-1\" class=\"so-panel widget widget_sow-features panel-last-child\" data-index=\"4\" ><div\n\t\t\t\n\t\t\tclass=\"so-widget-sow-features so-widget-sow-features-default-471311f58d43-906332\"\n\t\t\t\n\t\t><ul\n\tclass=\"sow-features-list\n\tsow-features-responsive\">\n\n\t\t\t<li\n\t\t\tclass=\"sow-features-feature sow-icon-container-position-right\"\n\t\t\tstyle=\"display: flex; flex-direction: row; width: calc(100% - 25px);\"\n\t\t>\n\t\t\t\n\t\t\t\t\t\t<div\t\t\t\tclass=\"sow-icon-container sow-container-square\"\n\t\t\t\tstyle=\"color: ; \"\n\t\t\t\t\n\t\t\t\t\t\t\t>\n\t\t\t\t<span class=\"sow-icon-fontawesome sow-fas\" data-sow-icon=\"&#xf00c;\"\n\t\tstyle=\"font-size: 20px; color: #e1081d\" \n\t\taria-hidden=\"true\"><\/span>\t\t\t<\/div>\n\n\t\t\t<div class=\"textwidget\">\n\t\t\t\t\n\t\t\t\t\n\t\t\t\t\t\t\t\t\t<div class=\"sow-features-feature-text\">\n\t\t\t\t\t\u6539\u9020 - \u673a\u5668\u6539\u9020\t\t\t\t\t<\/div>\n\t\t\t\t\t\t\t\t<\/div>\n\t\t\t\t\t\t\t\t<\/li>\n\n\t\t\t<li\n\t\t\tclass=\"sow-features-feature sow-icon-container-position-right\"\n\t\t\tstyle=\"display: flex; flex-direction: row; width: calc(100% - 25px);\"\n\t\t>\n\t\t\t\n\t\t\t\t\t\t<div\t\t\t\tclass=\"sow-icon-container sow-container-square\"\n\t\t\t\tstyle=\"color: ; \"\n\t\t\t\t\n\t\t\t\t\t\t\t>\n\t\t\t\t<span class=\"sow-icon-fontawesome sow-fas\" data-sow-icon=\"&#xf00c;\"\n\t\tstyle=\"font-size: 20px; color: #e1081d\" \n\t\taria-hidden=\"true\"><\/span>\t\t\t<\/div>\n\n\t\t\t<div class=\"textwidget\">\n\t\t\t\t\n\t\t\t\t\n\t\t\t\t\t\t\t\t\t<div class=\"sow-features-feature-text\">\n\t\t\t\t\t<p>\u6570\u63a7\u8bbe\u5907\u5347\u7ea7<\/p>\n\t\t\t\t\t<\/div>\n\t\t\t\t\t\t\t\t<\/div>\n\t\t\t\t\t\t\t\t<\/li>\n\n\t\t\t<li\n\t\t\tclass=\"sow-features-feature sow-icon-container-position-right\"\n\t\t\tstyle=\"display: flex; flex-direction: row; width: calc(100% - 25px);\"\n\t\t>\n\t\t\t\n\t\t\t\t\t\t<div\t\t\t\tclass=\"sow-icon-container sow-container-square\"\n\t\t\t\tstyle=\"color: ; \"\n\t\t\t\t\n\t\t\t\t\t\t\t>\n\t\t\t\t<span class=\"sow-icon-fontawesome sow-fas\" data-sow-icon=\"&#xf00c;\"\n\t\tstyle=\"font-size: 20px; color: #e1081d\" \n\t\taria-hidden=\"true\"><\/span>\t\t\t<\/div>\n\n\t\t\t<div class=\"textwidget\">\n\t\t\t\t\n\t\t\t\t\n\t\t\t\t\t\t\t\t\t<div class=\"sow-features-feature-text\">\n\t\t\t\t\t<p>\u673a\u5668\u5927\u4fee\u548c\u4f18\u5316<\/p>\n\t\t\t\t\t<\/div>\n\t\t\t\t\t\t\t\t<\/div>\n\t\t\t\t\t\t\t\t<\/li>\n\n\t<\/ul>\n<\/div><\/div><\/div><div id=\"pgc-906332-1-1\"  class=\"panel-grid-cell\" ><div id=\"panel-906332-1-1-0\" class=\"so-panel widget widget_sow-image panel-first-child panel-last-child\" data-index=\"5\" ><div\n\t\t\t\n\t\t\tclass=\"so-widget-sow-image so-widget-sow-image-default-dbf295114b96-906332\"\n\t\t\t\n\t\t>\n<div class=\"sow-image-container\">\n\t\t<img \n\tsrc=\"https:\/\/www-dev.fagorautomation.com\/wp-content\/uploads\/revision-maquina-2-3.jpg\" width=\"350\" height=\"202\" srcset=\"https:\/\/www-dev.fagorautomation.com\/wp-content\/uploads\/revision-maquina-2-3.jpg 350w, https:\/\/www-dev.fagorautomation.com\/wp-content\/uploads\/revision-maquina-2-3-300x173.jpg 300w\" sizes=\"(max-width: 350px) 100vw, 350px\" title=\"\u5347\u7ea7\u548c\u6539\u9020\" alt=\"\u5347\u7ea7\u548c\u6539\u9020\" \t\tclass=\"so-widget-image\"\/>\n\t<\/div>\n\n<\/div><\/div><\/div><\/div><div id=\"pg-906332-2\"  class=\"panel-grid panel-no-style\" ><div id=\"pgc-906332-2-0\"  class=\"panel-grid-cell\" ><div id=\"panel-906332-2-0-0\" class=\"so-panel widget widget_sow-editor panel-first-child panel-last-child\" data-index=\"6\" ><div\n\t\t\t\n\t\t\tclass=\"so-widget-sow-editor so-widget-sow-editor-base\"\n\t\t\t\n\t\t><h3 class=\"widget-title\">\u673a\u5668\u5927\u4fee\u548c\u4f18\u5316<\/h3>\n<div class=\"siteorigin-widget-tinymce textwidget\">\n\t<ul>\n<li><b>\u793a\u6ce2\u5668:<\/b> \u5e2e\u52a9\u8c03\u6574\u8f74\u7684\u5de5\u5177\u3002<\/li>\n<li><b>Finetune:<\/b> \u81ea\u52a8\u8c03\u6574\uff0c\u5bf9\u4e0d\u540c\u7684\u673a\u5668\u63a7\u5236\u56de\u8def\u8fdb\u884c\u81ea\u52a8\u4f18\u5316\uff0c\u4ee5\u5b9e\u73b0\u5ba2\u6237\u8981\u6c42\u7684\u6700\u9ad8\u8d28\u91cf\u548c\u6027\u80fd\u7684\u52a0\u5de5\u3002<\/li>\n<li><b>\u5706\u5ea6\u6d4b\u8bd5:<\/b> \u6539\u5584\u8fd0\u52a8\u53cd\u8f6c\u4e2d\u8f74\u884c\u4e3a\u7684\u529f\u80fd\u3002<\/li>\n<li><b>\u6ce2\u7279\u56fe:<\/b> \u4e86\u89e3\u673a\u5668\u7684\u9891\u7387\u54cd\u5e94\u548c\u8fc7\u6ee4\u632f\u52a8\u7684\u9009\u9879\u3002<\/li>\n<li><b>\u6fc0\u5149\u6821\u51c6:<\/b> \u673a\u5668\u8f74\u7684\u7cbe\u786e\u5bf9\u51c6\u548c\u7cbe\u786e\u8c03\u6574\uff0c\u4ee5\u83b7\u5f97\u6700\u4f73\u673a\u5668\u6027\u80fd\u3002<\/li>\n<li><strong>\u4f53\u79ef\u8865\u507f<\/strong>: \u901a\u8fc7\u5728\u4e09\u4e2a\u7ef4\u5ea6\u4e0a\u63a7\u5236\u673a\u5668\u7684\u5de5\u4f5c\u5e76\u81ea\u52a8\u8865\u507f\u8fd9\u4e9b\u7f3a\u9677\u6765\u83b7\u5f97\u5177\u6709\u6240\u9700\u7cbe\u5ea6\u548c\u516c\u5dee\u7684\u96f6\u4ef6\uff0c\u4ece\u800c\u5b9e\u73b0\u6700\u5927\u7cbe\u5ea6.<\/li>\n<li><b>Datasafe:<\/b> \u6240\u6709\u673a\u5668\u914d\u7f6e\u53c2\u6570\u7684\u5907\u4efd\u89e3\u51b3\u65b9\u6848\uff0c\u5728\u9700\u8981\u65f6\u968f\u65f6\u4f9b\u60a8\u4f7f\u7528\u3002<\/li>\n<\/ul>\n<\/div>\n<\/div><\/div><\/div><\/div><\/div>","protected":false},"excerpt":{"rendered":"<p>\u53d1\u683c\u81ea\u52a8\u5316\u5e2e\u52a9\u60a8\u5728\u673a\u5e8a\u751f\u547d\u5468\u671f &#8230; <a title=\"\u5347\u7ea7\u548c\u6539\u9020\" class=\"read-more\" href=\"https:\/\/www-dev.fagorautomation.com\/zh-hans\/%e5%8f%91%e6%a0%bc%e8%87%aa%e5%8a%a8%e5%8c%96%e6%8a%80%e6%9c%af%e6%9c%8d%e5%8a%a1\/%e5%8d%87%e7%ba%a7%e5%92%8c%e6%94%b9%e9%80%a0\/\" aria-label=\"\u9605\u8bfb \u5347\u7ea7\u548c\u6539\u9020\"> <\/a><\/p>\n","protected":false},"author":1,"featured_media":0,"parent":906311,"menu_order":0,"comment_status":"closed","ping_status":"closed","template":"servicios.php","meta":{"_acf_changed":false,"footnotes":""},"categories":[1315,1303],"tags":[],"class_list":{"0":"post-906332","1":"page","2":"type-page","3":"status-publish","5":"category-menu-servicios-zh-hans","6":"category-page-servicios-zh-hans"},"acf":[],"wpml_current_locale":"zh_CN","wpml_translations":[{"locale":"en","id":826068,"post_title":"Upgrade and Retrofits (Upgrade \/ Retrofit)","href":"https:\/\/www-dev.fagorautomation.com\/en\/services\/upgrade-and-retrofits-upgrade-retrofit\/"},{"locale":"es_ES","id":214,"post_title":"Actualizaci\u00f3n y reconversiones (Upgrade \/ Retrofit)","href":"https:\/\/www-dev.fagorautomation.com\/es\/servicios\/actualizacion-y-reconversiones-upgrade-retrofit\/"},{"locale":"en_US","id":832579,"post_title":"Upgrade and Retrofits (Upgrade \/ Retrofit)","href":"https:\/\/www-dev.fagorautomation.com\/en-us\/services\/upgrade-and-retrofits-upgrade-retrofit\/"},{"locale":"it_IT","id":832580,"post_title":"Upgrade e retrofit (Aggiornamento \/ Retrofit)","href":"https:\/\/www-dev.fagorautomation.com\/it\/servizi\/upgrade-e-retrofit-aggiornamento-retrofit\/"},{"locale":"fr_FR","id":832576,"post_title":"Mise \u00e0 niveau et r\u00e9trofits (Upgrade \/ Retrofit)","href":"https:\/\/www-dev.fagorautomation.com\/fr\/services\/mise-a-niveau-et-retrofits-upgrade-retrofit\/"},{"locale":"pt_BR","id":832582,"post_title":"Atualiza\u00e7\u00e3o e reconvers\u00f5es (Upgrade \/ Retrofit)","href":"https:\/\/www-dev.fagorautomation.com\/pt-br\/servicios\/atualizacao-e-reconversoes-upgrade-retrofit\/"},{"locale":"pt_PT","id":832583,"post_title":"Atualiza\u00e7\u00e3o e reconvers\u00f5es (Upgrade \/ Retrofit)","href":"https:\/\/www-dev.fagorautomation.com\/pt-pt\/servicos-oferecidos-por-fagor-automation\/atualizacao-e-reconversoes-upgrade-retrofit\/"},{"locale":"de_DE","id":832577,"post_title":"Upgrades und Nachr\u00fcstungen (Upgrade \/ Retrofit)","href":"https:\/\/www-dev.fagorautomation.com\/de\/dienstleistungen-die-fagor-automation-anbietet\/upgrades-und-nachruestungen-upgrade-retrofit\/"},{"locale":"en_IN","id":832578,"post_title":"Upgrade and Retrofits (Upgrade \/ Retrofit)","href":"https:\/\/www-dev.fagorautomation.com\/hi\/services\/upgrade-and-retrofits-upgrade-retrofit\/"},{"locale":"ja","id":832581,"post_title":"\u30a2\u30c3\u30d7\u30b0\u30ec\u30fc\u30c9\u3068\u30ec\u30c8\u30ed\u30d5\u30a3\u30c3\u30c8 (\u30a2\u30c3\u30d7\u30b0\u30ec\u30fc\u30c9\/\u30ec\u30c8\u30ed\u30d5\u30a3\u30c3\u30c8)","href":"https:\/\/www-dev.fagorautomation.com\/ja\/%e3%82%b5%e3%83%bc%e3%83%93%e3%82%b9\/upgrade-and-retrofits-upgrade-retrofit\/"},{"locale":"eu_ES","id":832575,"post_title":"Eguneratzea eta birmoldaketak (Upgrade \/ Retrofit)","href":"https:\/\/www-dev.fagorautomation.com\/eu\/zerbitzuak\/upgrade-and-retrofits-upgrade-retrofit\/"}],"_links":{"self":[{"href":"https:\/\/www-dev.fagorautomation.com\/zh-hans\/wp-json\/wp\/v2\/pages\/906332","targetHints":{"allow":["GET"]}}],"collection":[{"href":"https:\/\/www-dev.fagorautomation.com\/zh-hans\/wp-json\/wp\/v2\/pages"}],"about":[{"href":"https:\/\/www-dev.fagorautomation.com\/zh-hans\/wp-json\/wp\/v2\/types\/page"}],"author":[{"embeddable":true,"href":"https:\/\/www-dev.fagorautomation.com\/zh-hans\/wp-json\/wp\/v2\/users\/1"}],"replies":[{"embeddable":true,"href":"https:\/\/www-dev.fagorautomation.com\/zh-hans\/wp-json\/wp\/v2\/comments?post=906332"}],"version-history":[{"count":0,"href":"https:\/\/www-dev.fagorautomation.com\/zh-hans\/wp-json\/wp\/v2\/pages\/906332\/revisions"}],"up":[{"embeddable":true,"href":"https:\/\/www-dev.fagorautomation.com\/zh-hans\/wp-json\/wp\/v2\/pages\/906311"}],"wp:attachment":[{"href":"https:\/\/www-dev.fagorautomation.com\/zh-hans\/wp-json\/wp\/v2\/media?parent=906332"}],"wp:term":[{"taxonomy":"category","embeddable":true,"href":"https:\/\/www-dev.fagorautomation.com\/zh-hans\/wp-json\/wp\/v2\/categories?post=906332"},{"taxonomy":"post_tag","embeddable":true,"href":"https:\/\/www-dev.fagorautomation.com\/zh-hans\/wp-json\/wp\/v2\/tags?post=906332"}],"curies":[{"name":"wp","href":"https:\/\/api.w.org\/{rel}","templated":true}]}}