{"id":906291,"date":"2022-01-31T15:20:43","date_gmt":"2022-01-31T15:20:43","guid":{"rendered":"https:\/\/www-dev.fagorautomation.com\/maquina-herramienta\/maquina-manual\/"},"modified":"2023-01-19T11:38:21","modified_gmt":"2023-01-19T10:38:21","slug":"maquina-manual","status":"publish","type":"page","link":"https:\/\/www-dev.fagorautomation.com\/zh-hans\/%e7%94%a8%e4%ba%8e%e6%99%ae%e9%80%9a%e6%9c%ba%e5%ba%8a%e7%9a%84%e5%8f%8d%e9%a6%88%e7%b3%bb%e7%bb%9f\/maquina-manual\/","title":{"rendered":"\u53cd\u9988\u7cfb\u7edf\u7528\u4e8e\u666e\u901a\u673a\u5e8a"},"content":{"rendered":"<div id=\"pl-906291\"  class=\"panel-layout\" ><div id=\"pg-906291-0\"  class=\"panel-grid panel-no-style\" ><div id=\"pgc-906291-0-0\"  class=\"panel-grid-cell\" ><div id=\"panel-906291-0-0-0\" class=\"so-panel widget widget_sow-headline panel-first-child\" data-index=\"0\" ><div\n\t\t\t\n\t\t\tclass=\"so-widget-sow-headline so-widget-sow-headline-default-4568b5a8e866-906291 so-widget-fittext-wrapper\"\n\t\t\t data-fit-text-compressor=\"0.85\"\n\t\t><div class=\"sow-headline-container \">\n\t\t\t\t\t\t\t<h2 class=\"sow-headline\">\n\t\t\t\t\t\t\u901a\u7528\u76f4\u7ebf\u4e0e\u89d2\u5ea6\u7f16\u7801\u5668\t\t\t\t\t\t<\/h2>\n\t\t\t\t\t\t<\/div>\n<\/div><\/div><div id=\"panel-906291-0-0-1\" class=\"so-panel widget widget_sow-editor panel-last-child\" data-index=\"1\" ><div\n\t\t\t\n\t\t\tclass=\"so-widget-sow-editor so-widget-sow-editor-base\"\n\t\t\t\n\t\t>\n<div class=\"siteorigin-widget-tinymce textwidget\">\n\t<p>\u589e\u91cf\u7f16\u7801\u5668\u7c7b\u578b<\/p>\n<ul>\n<li><strong>\u76f4\u7ebf\u5149\u6805\u5c3a:<\/strong> \u9002\u7528\u4e8e\u8fdb\u7ed9\u901f\u5ea6\u8fbe 120 m\/min\uff0c\u632f\u52a8\u8fbe 10 g \u7684\u94e3\u524a\u3001\u78e8\u524a\u3001\u8f66\u524a\u548c\u9557\u524a\u573a\u5408.<\/li>\n<li><strong>\u89d2\u5ea6\u7f16\u7801\u5668: \u7528\u4f5c\u65cb\u8f6c\u8fd0\u52a8\u3001\u89d2\u901f\u5ea6\u548c\u7ebf\u6027\u8fd0\u52a8\uff08\u63a5\u5230\u6eda\u73e0\u4e1d\u6760\u7b49\u673a\u68b0\u8bbe\u5907\u65f6\uff09\u7684\u6d4b\u91cf\u4f20\u611f\u5668\uff0c\u5b83\u4eec\u8fd8\u7528\u4e8e\u5404\u79cd\u7c7b\u578b\u7684\u673a\u5e8a\u548c\u673a\u5668\u4eba.<\/strong><\/li>\n<\/ul>\n<p>\u6d4b\u91cf\u65b9\u5f0f<br \/>\n\u5728\u589e\u91cf\u7f16\u7801\u5668\u4e2d\uff0c\u53d1\u683c\u81ea\u52a8\u5316\u5e94\u7528\u4e24\u79cd\u6d4b\u91cf\u65b9\u5f0f:<\/p>\n<ul>\n<li><strong>\u523b\u7ebf\u73bb\u7483:<\/strong> \u5149\u6805\u5c3a\u6d4b\u91cf\u957f\u5ea6\u8fbe 3 040 mm \uff0c\u89d2\u5ea6\u7f16\u7801\u5668.<\/li>\n<li><strong>\u523b\u7ebf\u94a2\u5e26:<\/strong> \u5149\u6805\u5c3a\u6d4b\u91cf\u957f\u5ea6\u8fbe 3 040 mm.<\/li>\n<\/ul>\n<\/div>\n<\/div><\/div><\/div><div id=\"pgc-906291-0-1\"  class=\"panel-grid-cell\" ><div id=\"panel-906291-0-1-0\" class=\"so-panel widget widget_sow-hero panel-first-child panel-last-child\" data-index=\"2\" ><div class=\"box-red panel-widget-style panel-widget-style-for-906291-0-1-0\" ><div\n\t\t\t\n\t\t\tclass=\"so-widget-sow-hero so-widget-sow-hero-default-38c473f4014a-906291 so-widget-fittext-wrapper\"\n\t\t\t data-fit-text-compressor=\"0.85\"\n\t\t>\t\t\t\t<div class=\"sow-slider-base\" style=\"display: none\" tabindex=\"0\">\n\t\t\t\t\t<ul\n\t\t\t\t\tclass=\"sow-slider-images\"\n\t\t\t\t\tdata-settings=\"{&quot;pagination&quot;:true,&quot;speed&quot;:800,&quot;timeout&quot;:8000,&quot;paused&quot;:true,&quot;pause_on_hover&quot;:false,&quot;swipe&quot;:false,&quot;nav_always_show_desktop&quot;:&quot;&quot;,&quot;nav_always_show_mobile&quot;:&quot;&quot;,&quot;breakpoint&quot;:&quot;780px&quot;,&quot;unmute&quot;:false,&quot;anchor&quot;:null}\"\n\t\t\t\t\tstyle=\"min-height: 300px\"\t\t\t\t\tdata-anchor-id=\"\"\n\t\t\t\t>\t\t<li class=\"sow-slider-image  sow-slider-image-cover\" style=\"visibility: visible;;background-color: #333333;cursor: pointer;\" data-url=\"{&quot;url&quot;:&quot;https:\\\/\\\/www-dev.fagorautomation.com\\\/zh-hans\\\/%E5%8F%8D%E9%A6%88%E7%B3%BB%E7%BB%9F\\\/linear-and-rotary-standard-range-encoders\\\/&quot;,&quot;new_window&quot;:false}\" >\n\t\t\t\t\t<div class=\"sow-slider-image-container\">\n\t\t\t<div class=\"sow-slider-image-wrapper\">\n\t\t\t\t<h3>\u901a\u7528\u76f4\u7ebf\u5149\u6805\u5c3a\u4e0e\u89d2\u5ea6\u7f16\u7801\u5668<\/h3>\n<div class=\"sow-hero-buttons\" ><div\n\t\t\t\n\t\t\tclass=\"so-widget-sow-button so-widget-sow-button-wire-a26c5c24f089\"\n\t\t\t\n\t\t><div class=\"ow-button-base ow-button-align-center\"\n>\n\t\t\t<a\n\t\t\t\t\thref=\"https:\/\/www-dev.fagorautomation.com\/zh-hans\/%E5%8F%8D%E9%A6%88%E7%B3%BB%E7%BB%9F\/linear-and-rotary-standard-range-encoders\/\"\n\t\t\t\t\tclass=\"sowb-button ow-icon-placement-left ow-button-hover\" \t>\n\t\t<span>\n\t\t\t\n\t\t\t+\u66f4\u591a\u4fe1\u606f\t\t<\/span>\n\t\t\t<\/a>\n\t<\/div>\n<\/div><\/div>\t\t\t<\/div>\n\t\t<\/div>\n\t\t<div class=\"sow-slider-image-overlay sow-slider-image-cover\" style=\"opacity: 0.6;background-image: url(\/wp-content\/uploads\/img-products\/encoders-gama-standard.jpg)\"  ><\/div>\t\t<\/li>\n\t\t<\/ul>\t\t\t\t<ol class=\"sow-slider-pagination\">\n\t\t\t\t\t\t\t\t\t\t\t<li><a href=\"#\" data-goto=\"0\" aria-label=\"Display slide 1\"><\/a><\/li>\n\t\t\t\t\t\t\t\t\t<\/ol>\n\n\t\t\t\t<div class=\"sow-slide-nav sow-slide-nav-next\">\n\t\t\t\t\t<a href=\"#\" data-goto=\"next\" aria-label=\"Next slide\" data-action=\"next\">\n\t\t\t\t\t\t<em class=\"sow-sld-icon-thin-right\"><\/em>\n\t\t\t\t\t<\/a>\n\t\t\t\t<\/div>\n\n\t\t\t\t<div class=\"sow-slide-nav sow-slide-nav-prev\">\n\t\t\t\t\t<a href=\"#\" data-goto=\"previous\" aria-label=\"Previous slide\" data-action=\"prev\">\n\t\t\t\t\t\t<em class=\"sow-sld-icon-thin-left\"><\/em>\n\t\t\t\t\t<\/a>\n\t\t\t\t<\/div>\n\t\t\t\t<\/div><\/div><\/div><\/div><\/div><\/div><div id=\"pg-906291-1\"  class=\"panel-grid panel-has-style\" ><div class=\"siteorigin-panels-stretch panel-row-style panel-row-style-for-906291-1\" id=\"dro\" data-stretch-type=\"full\" ><div id=\"pgc-906291-1-0\"  class=\"panel-grid-cell\" ><div id=\"panel-906291-1-0-0\" class=\"so-panel widget widget_sow-headline panel-first-child\" data-index=\"3\" ><div\n\t\t\t\n\t\t\tclass=\"so-widget-sow-headline so-widget-sow-headline-default-4568b5a8e866-906291 so-widget-fittext-wrapper\"\n\t\t\t data-fit-text-compressor=\"0.85\"\n\t\t><div class=\"sow-headline-container \">\n\t\t\t\t\t\t\t<h2 class=\"sow-headline\">\n\t\t\t\t\t\t\u6570\u663e\u8868\t\t\t\t\t\t<\/h2>\n\t\t\t\t\t\t<\/div>\n<\/div><\/div><div id=\"panel-906291-1-0-1\" class=\"so-panel widget widget_siteorigin-panels-builder\" data-index=\"4\" ><div id=\"pl-w63c7f7bc9de0a\"  class=\"panel-layout\" ><div id=\"pg-w63c7f7bc9de0a-0\"  class=\"panel-grid panel-no-style\" ><div id=\"pgc-w63c7f7bc9de0a-0-0\"  class=\"panel-grid-cell\" ><div id=\"panel-w63c7f7bc9de0a-0-0-0\" class=\"so-panel widget widget_sow-editor panel-first-child panel-last-child\" data-index=\"0\" ><div class=\"panel-widget-style panel-widget-style-for-w63c7f7bc9de0a-0-0-0\" ><div\n\t\t\t\n\t\t\tclass=\"so-widget-sow-editor so-widget-sow-editor-base\"\n\t\t\t\n\t\t>\n<div class=\"siteorigin-widget-tinymce textwidget\">\n\t<p>\u53d1\u683c\u81ea\u52a8\u5316\u7684\u6570\u663e\u8868\u529f\u80fd\u5148\u8fdb\uff0c\u53ef\u4f18\u5316\u94e3\u5e8a\u3001\u8f66\u5e8a\u3001\u9557\u5e8a\u3001EDM \u673a\u5e8a\u548c\u78e8\u5e8a\u7684\u6027\u80fd.<\/p>\n<p>\u53d1\u683c Innova \u7cfb\u5217\u6570\u663e\u8868\u529f\u80fd\u5148\u8fdb:<\/p>\n<\/div>\n<\/div><\/div><\/div><\/div><div id=\"pgc-w63c7f7bc9de0a-0-1\"  class=\"panel-grid-cell\" ><div id=\"panel-w63c7f7bc9de0a-0-1-0\" class=\"so-panel widget widget_sow-editor panel-first-child panel-last-child\" data-index=\"1\" ><div\n\t\t\t\n\t\t\tclass=\"so-widget-sow-editor so-widget-sow-editor-base\"\n\t\t\t\n\t\t>\n<div class=\"siteorigin-widget-tinymce textwidget\">\n\t<ul>\n<li>\u5bf9\u4e8e\u8f66\u5e8a\u3001\u94e3\u5e8a\u3001\u9557\u5e8a\u53ef\u63a74\u8f74\uff0c5.7\u2033 TFT \u663e\u793a\u5668.<\/li>\n<li>\u5bf9\u4e8eEDM\u673a\u5e8a\u3001\u78e8\u5e8a\u53ef\u63a7 3\u8f74, LED\u663e\u793a.<\/li>\n<li>\u96f6\u4ef6\u7f16\u7a0b.<\/li>\n<li>\u6052\u5b9a\u7684\u8868\u9762\u901f\u5ea6\u52a0\u5de5.<\/li>\n<li>3D \u56fe\u5f62\u8f85\u52a9\u7f16\u7a0b\u548c\u6a21\u62df.<\/li>\n<li>\u76f4\u89c2\u7684\u64cd\u4f5c.<\/li>\n<li>\u4efb\u4f55\u89d2\u5ea6\u90fd\u53ef\u6e05\u6670\u663e\u793a.<\/li>\n<li>USB \u8fde\u63a5\u7528\u4e8e\u6570\u636e\u590d\u5236.<\/li>\n<li>\u8f74\u9884\u7f6e.<\/li>\n<li>\u6613\u4e8e\u8bbe\u7f6e\u3001\u81ea\u52a8\u5173\u673a.<\/li>\n<li>\u6beb\u7c73\/\u82f1\u5bf8\u663e\u793a.<\/li>\n<\/ul>\n<p>\u53d1\u683c\u81ea\u52a8\u5316\u4e3a\u5ba2\u6237\u63d0\u4f9b\u5b89\u88c5\u8c03\u8bd5\u7b49\u6280\u672f\u652f\u6301\u4e0e\u670d\u52a1<\/p>\n<\/div>\n<\/div><\/div><\/div><\/div><\/div><\/div><div id=\"panel-906291-1-0-2\" class=\"so-panel widget widget_siteorigin-panels-builder panel-last-child\" data-index=\"5\" ><div id=\"pl-w63c91d9d9b192\"  class=\"panel-layout\" ><div id=\"pg-w63c91d9d9b192-0\"  class=\"panel-grid panel-has-style\" ><div class=\"box-red panel-row-style panel-row-style-for-w63c91d9d9b192-0\" ><div id=\"pgc-w63c91d9d9b192-0-0\"  class=\"panel-grid-cell\" ><div id=\"panel-w63c91d9d9b192-0-0-0\" class=\"so-panel widget widget_sow-hero panel-first-child panel-last-child\" data-index=\"0\" ><div\n\t\t\t\n\t\t\tclass=\"so-widget-sow-hero so-widget-sow-hero-default-ae8cd30196bc so-widget-fittext-wrapper\"\n\t\t\t data-fit-text-compressor=\"0.85\"\n\t\t>\t\t\t\t<div class=\"sow-slider-base\" style=\"display: none\" tabindex=\"0\">\n\t\t\t\t\t<ul\n\t\t\t\t\tclass=\"sow-slider-images\"\n\t\t\t\t\tdata-settings=\"{&quot;pagination&quot;:true,&quot;speed&quot;:800,&quot;timeout&quot;:8000,&quot;paused&quot;:true,&quot;pause_on_hover&quot;:false,&quot;swipe&quot;:false,&quot;nav_always_show_desktop&quot;:&quot;&quot;,&quot;nav_always_show_mobile&quot;:&quot;&quot;,&quot;breakpoint&quot;:&quot;780px&quot;,&quot;unmute&quot;:false,&quot;anchor&quot;:null}\"\n\t\t\t\t\tstyle=\"min-height: 450px\"\t\t\t\t\tdata-anchor-id=\"\"\n\t\t\t\t>\t\t<li class=\"sow-slider-image  sow-slider-image-cover\" style=\"visibility: visible;;background-color: #333333;cursor: pointer;\" data-url=\"{&quot;url&quot;:&quot;https:\\\/\\\/www-dev.fagorautomation.com\\\/zh-hans\\\/dros-for-lathes\\\/&quot;,&quot;new_window&quot;:false}\" >\n\t\t\t\t\t<div class=\"sow-slider-image-container\">\n\t\t\t<div class=\"sow-slider-image-wrapper\">\n\t\t\t\t<h3>\u6570\u663e\u8868-\u7528\u4e8e\u8f66\u5e8a<\/h3>\n\t\t\t<\/div>\n\t\t<\/div>\n\t\t<div class=\"sow-slider-image-overlay sow-slider-image-cover\" style=\"opacity: 0.65;background-image: url(https:\/\/www-dev.fagorautomation.com\/wp-content\/uploads\/dro_sistemas_visualizacion_torno.jpg)\"  ><\/div>\t\t<\/li>\n\t\t<\/ul>\t\t\t\t<ol class=\"sow-slider-pagination\">\n\t\t\t\t\t\t\t\t\t\t\t<li><a href=\"#\" data-goto=\"0\" aria-label=\"Display slide 1\"><\/a><\/li>\n\t\t\t\t\t\t\t\t\t<\/ol>\n\n\t\t\t\t<div class=\"sow-slide-nav sow-slide-nav-next\">\n\t\t\t\t\t<a href=\"#\" data-goto=\"next\" aria-label=\"Next slide\" data-action=\"next\">\n\t\t\t\t\t\t<em class=\"sow-sld-icon-thin-right\"><\/em>\n\t\t\t\t\t<\/a>\n\t\t\t\t<\/div>\n\n\t\t\t\t<div class=\"sow-slide-nav sow-slide-nav-prev\">\n\t\t\t\t\t<a href=\"#\" data-goto=\"previous\" aria-label=\"Previous slide\" data-action=\"prev\">\n\t\t\t\t\t\t<em class=\"sow-sld-icon-thin-left\"><\/em>\n\t\t\t\t\t<\/a>\n\t\t\t\t<\/div>\n\t\t\t\t<\/div><\/div><\/div><\/div><div id=\"pgc-w63c91d9d9b192-0-1\"  class=\"panel-grid-cell\" ><div id=\"panel-w63c91d9d9b192-0-1-0\" class=\"so-panel widget widget_sow-hero panel-first-child panel-last-child\" data-index=\"1\" ><div\n\t\t\t\n\t\t\tclass=\"so-widget-sow-hero so-widget-sow-hero-default-ae8cd30196bc so-widget-fittext-wrapper\"\n\t\t\t data-fit-text-compressor=\"0.85\"\n\t\t>\t\t\t\t<div class=\"sow-slider-base\" style=\"display: none\" tabindex=\"0\">\n\t\t\t\t\t<ul\n\t\t\t\t\tclass=\"sow-slider-images\"\n\t\t\t\t\tdata-settings=\"{&quot;pagination&quot;:true,&quot;speed&quot;:800,&quot;timeout&quot;:8000,&quot;paused&quot;:true,&quot;pause_on_hover&quot;:false,&quot;swipe&quot;:false,&quot;nav_always_show_desktop&quot;:&quot;&quot;,&quot;nav_always_show_mobile&quot;:&quot;&quot;,&quot;breakpoint&quot;:&quot;780px&quot;,&quot;unmute&quot;:false,&quot;anchor&quot;:null}\"\n\t\t\t\t\tstyle=\"min-height: 450px\"\t\t\t\t\tdata-anchor-id=\"\"\n\t\t\t\t>\t\t<li class=\"sow-slider-image  sow-slider-image-cover\" style=\"visibility: visible;;background-color: #333333;cursor: pointer;\" data-url=\"{&quot;url&quot;:&quot;https:\\\/\\\/www-dev.fagorautomation.com\\\/zh-hans\\\/dro-visualizadores-para-fresadoras-y-mandrinadoras\\\/&quot;,&quot;new_window&quot;:false}\" >\n\t\t\t\t\t<div class=\"sow-slider-image-container\">\n\t\t\t<div class=\"sow-slider-image-wrapper\">\n\t\t\t\t<h3>\u7528\u4e8e\u94e3\u5e8a\u6216\u94bb\u5e8a\u7684\u6570\u663e\u8868<\/h3>\t\t\t<\/div>\n\t\t<\/div>\n\t\t<div class=\"sow-slider-image-overlay sow-slider-image-cover\" style=\"opacity: 0.65;background-image: url(https:\/\/www-dev.fagorautomation.com\/wp-content\/uploads\/dro_sistemas_visualizacion_fresadora.jpg)\"  ><\/div>\t\t<\/li>\n\t\t<\/ul>\t\t\t\t<ol class=\"sow-slider-pagination\">\n\t\t\t\t\t\t\t\t\t\t\t<li><a href=\"#\" data-goto=\"0\" aria-label=\"Display slide 1\"><\/a><\/li>\n\t\t\t\t\t\t\t\t\t<\/ol>\n\n\t\t\t\t<div class=\"sow-slide-nav sow-slide-nav-next\">\n\t\t\t\t\t<a href=\"#\" data-goto=\"next\" aria-label=\"Next slide\" data-action=\"next\">\n\t\t\t\t\t\t<em class=\"sow-sld-icon-thin-right\"><\/em>\n\t\t\t\t\t<\/a>\n\t\t\t\t<\/div>\n\n\t\t\t\t<div class=\"sow-slide-nav sow-slide-nav-prev\">\n\t\t\t\t\t<a href=\"#\" data-goto=\"previous\" aria-label=\"Previous slide\" data-action=\"prev\">\n\t\t\t\t\t\t<em class=\"sow-sld-icon-thin-left\"><\/em>\n\t\t\t\t\t<\/a>\n\t\t\t\t<\/div>\n\t\t\t\t<\/div><\/div><\/div><\/div><div id=\"pgc-w63c91d9d9b192-0-2\"  class=\"panel-grid-cell\" ><div id=\"panel-w63c91d9d9b192-0-2-0\" class=\"so-panel widget widget_sow-hero panel-first-child panel-last-child\" data-index=\"2\" ><div\n\t\t\t\n\t\t\tclass=\"so-widget-sow-hero so-widget-sow-hero-default-ae8cd30196bc so-widget-fittext-wrapper\"\n\t\t\t data-fit-text-compressor=\"0.85\"\n\t\t>\t\t\t\t<div class=\"sow-slider-base\" style=\"display: none\" tabindex=\"0\">\n\t\t\t\t\t<ul\n\t\t\t\t\tclass=\"sow-slider-images\"\n\t\t\t\t\tdata-settings=\"{&quot;pagination&quot;:true,&quot;speed&quot;:800,&quot;timeout&quot;:8000,&quot;paused&quot;:true,&quot;pause_on_hover&quot;:false,&quot;swipe&quot;:false,&quot;nav_always_show_desktop&quot;:&quot;&quot;,&quot;nav_always_show_mobile&quot;:&quot;&quot;,&quot;breakpoint&quot;:&quot;780px&quot;,&quot;unmute&quot;:false,&quot;anchor&quot;:null}\"\n\t\t\t\t\tstyle=\"min-height: 450px\"\t\t\t\t\tdata-anchor-id=\"\"\n\t\t\t\t>\t\t<li class=\"sow-slider-image  sow-slider-image-cover\" style=\"visibility: visible;;background-color: #333333;cursor: pointer;\" data-url=\"{&quot;url&quot;:&quot;https:\\\/\\\/www-dev.fagorautomation.com\\\/zh-hans\\\/dro-for-general-purpose-applications\\\/&quot;,&quot;new_window&quot;:false}\" >\n\t\t\t\t\t<div class=\"sow-slider-image-container\">\n\t\t\t<div class=\"sow-slider-image-wrapper\">\n\t\t\t\t<h3>\u901a\u7528\u6570\u663e\u8868<\/h3>\t\t\t<\/div>\n\t\t<\/div>\n\t\t<div class=\"sow-slider-image-overlay sow-slider-image-cover\" style=\"opacity: 0.67;background-image: url(https:\/\/www-dev.fagorautomation.com\/wp-content\/uploads\/dro_sistemas_visualizacion_otras_aplicaciones-3.jpg)\"  ><\/div>\t\t<\/li>\n\t\t<\/ul>\t\t\t\t<ol class=\"sow-slider-pagination\">\n\t\t\t\t\t\t\t\t\t\t\t<li><a href=\"#\" data-goto=\"0\" aria-label=\"Display slide 1\"><\/a><\/li>\n\t\t\t\t\t\t\t\t\t<\/ol>\n\n\t\t\t\t<div class=\"sow-slide-nav sow-slide-nav-next\">\n\t\t\t\t\t<a href=\"#\" data-goto=\"next\" aria-label=\"Next slide\" data-action=\"next\">\n\t\t\t\t\t\t<em class=\"sow-sld-icon-thin-right\"><\/em>\n\t\t\t\t\t<\/a>\n\t\t\t\t<\/div>\n\n\t\t\t\t<div class=\"sow-slide-nav sow-slide-nav-prev\">\n\t\t\t\t\t<a href=\"#\" data-goto=\"previous\" aria-label=\"Previous slide\" data-action=\"prev\">\n\t\t\t\t\t\t<em class=\"sow-sld-icon-thin-left\"><\/em>\n\t\t\t\t\t<\/a>\n\t\t\t\t<\/div>\n\t\t\t\t<\/div><\/div><\/div><\/div><div id=\"pgc-w63c91d9d9b192-0-3\"  class=\"panel-grid-cell\" ><div id=\"panel-w63c91d9d9b192-0-3-0\" class=\"so-panel widget widget_sow-hero panel-first-child panel-last-child\" data-index=\"3\" ><div\n\t\t\t\n\t\t\tclass=\"so-widget-sow-hero so-widget-sow-hero-default-ae8cd30196bc so-widget-fittext-wrapper\"\n\t\t\t data-fit-text-compressor=\"0.85\"\n\t\t>\t\t\t\t<div class=\"sow-slider-base\" style=\"display: none\" tabindex=\"0\">\n\t\t\t\t\t<ul\n\t\t\t\t\tclass=\"sow-slider-images\"\n\t\t\t\t\tdata-settings=\"{&quot;pagination&quot;:true,&quot;speed&quot;:800,&quot;timeout&quot;:8000,&quot;paused&quot;:true,&quot;pause_on_hover&quot;:false,&quot;swipe&quot;:false,&quot;nav_always_show_desktop&quot;:&quot;&quot;,&quot;nav_always_show_mobile&quot;:&quot;&quot;,&quot;breakpoint&quot;:&quot;780px&quot;,&quot;unmute&quot;:false,&quot;anchor&quot;:null}\"\n\t\t\t\t\tstyle=\"min-height: 450px\"\t\t\t\t\tdata-anchor-id=\"\"\n\t\t\t\t>\t\t<li class=\"sow-slider-image  sow-slider-image-cover\" style=\"visibility: visible;;background-color: #333333;cursor: pointer;\" data-url=\"{&quot;url&quot;:&quot;https:\\\/\\\/www-dev.fagorautomation.com\\\/zh-hans\\\/dros-for-edm\\\/&quot;,&quot;new_window&quot;:false}\" >\n\t\t\t\t\t<div class=\"sow-slider-image-container\">\n\t\t\t<div class=\"sow-slider-image-wrapper\">\n\t\t\t\t<h3>\u7528\u4e8e EDM\u673a\u5e8a\u7684\u6570\u663e\u8868<\/h3>\t\t\t<\/div>\n\t\t<\/div>\n\t\t<div class=\"sow-slider-image-overlay sow-slider-image-cover\" style=\"opacity: 0.67;background-image: url(https:\/\/www-dev.fagorautomation.com\/wp-content\/uploads\/dro_sistemas_visualizacion_electroerosion.jpg)\"  ><\/div>\t\t<\/li>\n\t\t<\/ul>\t\t\t\t<ol class=\"sow-slider-pagination\">\n\t\t\t\t\t\t\t\t\t\t\t<li><a href=\"#\" data-goto=\"0\" aria-label=\"Display slide 1\"><\/a><\/li>\n\t\t\t\t\t\t\t\t\t<\/ol>\n\n\t\t\t\t<div class=\"sow-slide-nav sow-slide-nav-next\">\n\t\t\t\t\t<a href=\"#\" data-goto=\"next\" aria-label=\"Next slide\" data-action=\"next\">\n\t\t\t\t\t\t<em class=\"sow-sld-icon-thin-right\"><\/em>\n\t\t\t\t\t<\/a>\n\t\t\t\t<\/div>\n\n\t\t\t\t<div class=\"sow-slide-nav sow-slide-nav-prev\">\n\t\t\t\t\t<a href=\"#\" data-goto=\"previous\" aria-label=\"Previous slide\" data-action=\"prev\">\n\t\t\t\t\t\t<em class=\"sow-sld-icon-thin-left\"><\/em>\n\t\t\t\t\t<\/a>\n\t\t\t\t<\/div>\n\t\t\t\t<\/div><\/div><\/div><\/div><\/div><\/div><\/div><\/div><\/div><\/div><\/div><\/div>","protected":false},"excerpt":{"rendered":"<p>\u589e\u91cf\u7f16\u7801\u5668\u7c7b\u578b \u76f4\u7ebf\u5149\u6805\u5c3a:  &#8230; <a title=\"\u53cd\u9988\u7cfb\u7edf\u7528\u4e8e\u666e\u901a\u673a\u5e8a\" class=\"read-more\" href=\"https:\/\/www-dev.fagorautomation.com\/zh-hans\/%e7%94%a8%e4%ba%8e%e6%99%ae%e9%80%9a%e6%9c%ba%e5%ba%8a%e7%9a%84%e5%8f%8d%e9%a6%88%e7%b3%bb%e7%bb%9f\/maquina-manual\/\" aria-label=\"\u9605\u8bfb \u53cd\u9988\u7cfb\u7edf\u7528\u4e8e\u666e\u901a\u673a\u5e8a\"> <\/a><\/p>\n","protected":false},"author":1,"featured_media":0,"parent":906282,"menu_order":0,"comment_status":"closed","ping_status":"closed","template":"","meta":{"_acf_changed":false,"footnotes":""},"categories":[1341],"tags":[],"class_list":{"0":"post-906291","1":"page","2":"type-page","3":"status-publish","5":"category-menu-captacion-zh-hans"},"acf":[],"wpml_current_locale":"zh_CN","wpml_translations":[{"locale":"en","id":825772,"post_title":"Feedback Systems for conventional machines","href":"https:\/\/www-dev.fagorautomation.com\/en\/machine-tools\/conventional-machines\/"},{"locale":"es_ES","id":283180,"post_title":"Sistemas de Captaci\u00f3n para m\u00e1quina manual","href":"https:\/\/www-dev.fagorautomation.com\/es\/maquina-herramienta\/maquina-manual\/"},{"locale":"en_US","id":832296,"post_title":"Feedback Systems for conventional machines","href":"https:\/\/www-dev.fagorautomation.com\/en-us\/machine-tools\/conventional-machines\/"},{"locale":"it_IT","id":832297,"post_title":"Feedback Systems per macchine convenzionali","href":"https:\/\/www-dev.fagorautomation.com\/it\/macchine-utensili\/macchine-convenzionali\/"},{"locale":"fr_FR","id":832293,"post_title":"Syst\u00e8mes de mesure pour machines conventionnelles","href":"https:\/\/www-dev.fagorautomation.com\/fr\/machines-outils\/machines-conventionnelles\/"},{"locale":"pt_BR","id":832299,"post_title":"Sistemas de Medi\u00e7\u00e3o para m\u00e1quina convencional","href":"https:\/\/www-dev.fagorautomation.com\/pt-br\/maquina-ferramenta\/maquina-convencional\/"},{"locale":"pt_PT","id":832291,"post_title":"Sistemas de Capta\u00e7\u00e3o para m\u00e1quina convencional","href":"https:\/\/www-dev.fagorautomation.com\/pt-pt\/sistemas-de-captacao-para-maquina-ferramenta\/maquina-convencional\/"},{"locale":"de_DE","id":832294,"post_title":"Messsysteme f\u00fcr konventionelle Werkzeugmaschinen","href":"https:\/\/www-dev.fagorautomation.com\/de\/messsysteme-fuer-werkzeugmaschinen\/konventionelle-werkzeugmaschinen\/"},{"locale":"en_IN","id":832295,"post_title":"Feedback Systems for conventional machines","href":"https:\/\/www-dev.fagorautomation.com\/hi\/machine-tools\/conventional-machines\/"},{"locale":"ja","id":832298,"post_title":"\u6c4e\u7528\u6a5f\u5411\u3051\u30d5\u30a3\u30fc\u30c9\u30d0\u30c3\u30af\u30b7\u30b9\u30c6\u30e0","href":"https:\/\/www-dev.fagorautomation.com\/ja\/machine-tools\/conventional-machines\/"},{"locale":"eu_ES","id":832292,"post_title":"Eskuzko makinarako atzitze sistemak","href":"https:\/\/www-dev.fagorautomation.com\/eu\/makina-erremintarako-atzitze-sistemak\/conventional-machines\/"}],"_links":{"self":[{"href":"https:\/\/www-dev.fagorautomation.com\/zh-hans\/wp-json\/wp\/v2\/pages\/906291","targetHints":{"allow":["GET"]}}],"collection":[{"href":"https:\/\/www-dev.fagorautomation.com\/zh-hans\/wp-json\/wp\/v2\/pages"}],"about":[{"href":"https:\/\/www-dev.fagorautomation.com\/zh-hans\/wp-json\/wp\/v2\/types\/page"}],"author":[{"embeddable":true,"href":"https:\/\/www-dev.fagorautomation.com\/zh-hans\/wp-json\/wp\/v2\/users\/1"}],"replies":[{"embeddable":true,"href":"https:\/\/www-dev.fagorautomation.com\/zh-hans\/wp-json\/wp\/v2\/comments?post=906291"}],"version-history":[{"count":0,"href":"https:\/\/www-dev.fagorautomation.com\/zh-hans\/wp-json\/wp\/v2\/pages\/906291\/revisions"}],"up":[{"embeddable":true,"href":"https:\/\/www-dev.fagorautomation.com\/zh-hans\/wp-json\/wp\/v2\/pages\/906282"}],"wp:attachment":[{"href":"https:\/\/www-dev.fagorautomation.com\/zh-hans\/wp-json\/wp\/v2\/media?parent=906291"}],"wp:term":[{"taxonomy":"category","embeddable":true,"href":"https:\/\/www-dev.fagorautomation.com\/zh-hans\/wp-json\/wp\/v2\/categories?post=906291"},{"taxonomy":"post_tag","embeddable":true,"href":"https:\/\/www-dev.fagorautomation.com\/zh-hans\/wp-json\/wp\/v2\/tags?post=906291"}],"curies":[{"name":"wp","href":"https:\/\/api.w.org\/{rel}","templated":true}]}}