{"id":906287,"date":"2022-01-31T15:19:12","date_gmt":"2022-01-31T15:19:12","guid":{"rendered":"https:\/\/www-dev.fagorautomation.com\/maquina-herramienta\/para-maquinas-cnc\/"},"modified":"2023-01-18T14:38:34","modified_gmt":"2023-01-18T13:38:34","slug":"%e7%94%a8%e4%ba%8e%e6%95%b0%e6%8e%a7%e6%9c%ba%e5%ba%8a%e7%9a%84%e5%8f%8d%e9%a6%88%e7%b3%bb%e7%bb%9f","status":"publish","type":"page","link":"https:\/\/www-dev.fagorautomation.com\/zh-hans\/%e7%94%a8%e4%ba%8e%e6%99%ae%e9%80%9a%e6%9c%ba%e5%ba%8a%e7%9a%84%e5%8f%8d%e9%a6%88%e7%b3%bb%e7%bb%9f\/%e7%94%a8%e4%ba%8e%e6%95%b0%e6%8e%a7%e6%9c%ba%e5%ba%8a%e7%9a%84%e5%8f%8d%e9%a6%88%e7%b3%bb%e7%bb%9f\/","title":{"rendered":"\u7528\u4e8e\u6570\u63a7\u673a\u5e8a\u7684\u53cd\u9988\u7cfb\u7edf"},"content":{"rendered":"<div id=\"pl-906287\"  class=\"panel-layout\" ><div id=\"pg-906287-0\"  class=\"panel-grid panel-has-style\" ><div class=\"siteorigin-panels-stretch panel-row-style panel-row-style-for-906287-0\" id=\"start-up-machine\" data-stretch-type=\"full\" ><div id=\"pgc-906287-0-0\"  class=\"panel-grid-cell\" ><div id=\"panel-906287-0-0-0\" class=\"so-panel widget widget_sow-headline panel-first-child panel-last-child\" data-index=\"0\" ><div\n\t\t\t\n\t\t\tclass=\"so-widget-sow-headline so-widget-sow-headline-default-b8e9c88e289b-906287 so-widget-fittext-wrapper\"\n\t\t\t data-fit-text-compressor=\"0.85\"\n\t\t><div class=\"sow-headline-container \">\n\t\t\t\t\t\t\t<h2 class=\"sow-headline\">\n\t\t\t\t\t\t\u542f\u52a8\u673a\u5e8a\t\t\t\t\t\t<\/h2>\n\t\t\t\t\t\t<\/div>\n<\/div><\/div><\/div><\/div><\/div><div id=\"pg-906287-1\"  class=\"panel-grid panel-no-style\" ><div id=\"pgc-906287-1-0\"  class=\"panel-grid-cell\" ><div id=\"panel-906287-1-0-0\" class=\"so-panel widget widget_sow-editor panel-first-child panel-last-child\" data-index=\"1\" ><div\n\t\t\t\n\t\t\tclass=\"so-widget-sow-editor so-widget-sow-editor-base\"\n\t\t\t\n\t\t>\n<div class=\"siteorigin-widget-tinymce textwidget\">\n\t<p>\u76f4\u7ebf\u5149\u6805\u5c3a<br \/>\n\u53d1\u683c\u81ea\u52a8\u5316\u5728\u5176\u7edd\u5bf9\u5f0f\u76f4\u7ebf\u5149\u6805\u5c3a\u4e2d\u4f7f\u7528\u4e24\u79cd\u6d4b\u91cf\u65b9\u6cd5:<\/p>\n<ul>\n<li><strong>\u523b\u7ebf\u73bb\u7483:<\/strong> \u5149\u6805\u5c3a\u6d4b\u91cf\u957f\u5ea6\u8fbe 3 040 mm.<\/li>\n<li><strong>\u523b\u7ebf\u94a2\u5e26:<\/strong> \u5149\u6805\u5c3a\u6d4b\u91cf\u957f\u5ea6\u8fbe 3 040 mm<\/li>\n<\/ul>\n<p>&nbsp;<\/p>\n<p>\u65cb\u8f6c\u4e0e\u89d2\u5ea6\u7f16\u7801\u5668<br \/>\n\u53d1\u683c\u81ea\u52a8\u5316\u5728\u5176\u7edd\u5bf9\u5f0f\u65cb\u8f6c\u548c\u89d2\u5ea6\u7f16\u7801\u5668\u4e2d\u4f7f\u7528\u523b\u7ebf\u73bb\u7483\u8fdb\u884c\u6d4b\u91cf.<\/p>\n<\/div>\n<\/div><\/div><\/div><div id=\"pgc-906287-1-1\"  class=\"panel-grid-cell\" ><div id=\"panel-906287-1-1-0\" class=\"so-panel widget widget_sow-editor panel-first-child panel-last-child\" data-index=\"2\" ><div\n\t\t\t\n\t\t\tclass=\"so-widget-sow-editor so-widget-sow-editor-base\"\n\t\t\t\n\t\t>\n<div class=\"siteorigin-widget-tinymce textwidget\">\n\t<p>\u8fd9\u79cd\u6d4b\u91cf\u65b9\u5f0f\u5177\u6709\u4e24\u79cd\u4e0d\u540c\u7684\u523b\u7ebf:<\/p>\n<ul>\n<li><strong>\u589e\u91cf\u523b\u7ebf:<\/strong> \u7528\u4e8e\u4e3a\u4f7f\u7528\u6570\u5b57\u4f4d\u7f6e\u8f93\u5165\u5e76\u7531\u8bfb\u6570\u5934\u5185\u90e8\u8ba1\u6570\u7684\u7cfb\u7edf\u751f\u6210\u65b9\u6ce2\u589e\u91cf\u4fe1\u53f7\uff0c\u6216\u8005\uff0c\u4e5f\u53ef\u4ee5\u6839\u636e\u7cfb\u7edf\u8981\u6c42\u4ea7\u751f 1 Vpp \u6a21\u62df\u4fe1\u53f7.<\/li>\n<li><strong>\u7edd\u5bf9\u523b\u7ebf:<\/strong> \u6cbf\u7f16\u7801\u5668\u6d4b\u91cf\u957f\u5ea6\u5370\u523b\u7684\u552f\u4e00\u4e8c\u8fdb\u5236\u4ee3\u7801.<\/li>\n<\/ul>\n<\/div>\n<\/div><\/div><\/div><\/div><div id=\"pg-906287-2\"  class=\"panel-grid panel-has-style\" ><div class=\"box-red panel-row-style panel-row-style-for-906287-2\" ><div id=\"pgc-906287-2-0\"  class=\"panel-grid-cell\" ><div id=\"panel-906287-2-0-0\" class=\"so-panel widget widget_sow-hero panel-first-child panel-last-child\" data-index=\"3\" ><div\n\t\t\t\n\t\t\tclass=\"so-widget-sow-hero so-widget-sow-hero-default-50cfe91061d3-906287 so-widget-fittext-wrapper\"\n\t\t\t data-fit-text-compressor=\"0.85\"\n\t\t>\t\t\t\t<div class=\"sow-slider-base\" style=\"display: none\" tabindex=\"0\">\n\t\t\t\t\t<ul\n\t\t\t\t\tclass=\"sow-slider-images\"\n\t\t\t\t\tdata-settings=\"{&quot;pagination&quot;:true,&quot;speed&quot;:800,&quot;timeout&quot;:8000,&quot;paused&quot;:true,&quot;pause_on_hover&quot;:false,&quot;swipe&quot;:false,&quot;nav_always_show_desktop&quot;:&quot;&quot;,&quot;nav_always_show_mobile&quot;:&quot;&quot;,&quot;breakpoint&quot;:&quot;780px&quot;,&quot;unmute&quot;:false,&quot;anchor&quot;:null}\"\n\t\t\t\t\tstyle=\"min-height: 300px\"\t\t\t\t\tdata-anchor-id=\"\"\n\t\t\t\t>\t\t<li class=\"sow-slider-image  sow-slider-image-cover\" style=\"visibility: visible;;background-color: #333333;cursor: pointer;\" data-url=\"{&quot;url&quot;:&quot;https:\\\/\\\/www-dev.fagorautomation.com\\\/zh-hans\\\/%E5%8F%8D%E9%A6%88%E7%B3%BB%E7%BB%9F\\\/high-end-absolute-encoders\\\/&quot;,&quot;new_window&quot;:false}\" >\n\t\t\t\t\t<div class=\"sow-slider-image-container\">\n\t\t\t<div class=\"sow-slider-image-wrapper\">\n\t\t\t\t<h3>\u9ad8\u5206\u8fa8\u7387\u7edd\u5bf9\u5f0f\u7f16\u7801\u5668<\/h3>\n<div class=\"sow-hero-buttons\" ><div\n\t\t\t\n\t\t\tclass=\"so-widget-sow-button so-widget-sow-button-wire-07124972a2de\"\n\t\t\t\n\t\t><div class=\"ow-button-base ow-button-align-center\"\n>\n\t\t\t<a\n\t\t\t\t\thref=\"https:\/\/www-dev.fagorautomation.com\/zh-hans\/%E5%8F%8D%E9%A6%88%E7%B3%BB%E7%BB%9F\/high-end-absolute-encoders\/\"\n\t\t\t\t\tclass=\"sowb-button ow-icon-placement-left ow-button-hover\" \t>\n\t\t<span>\n\t\t\t\n\t\t\t+\u66f4\u591a\u4fe1\u606f\t\t<\/span>\n\t\t\t<\/a>\n\t<\/div>\n<\/div><\/div>\t\t\t<\/div>\n\t\t<\/div>\n\t\t<div class=\"sow-slider-image-overlay sow-slider-image-cover\" style=\"opacity: 0.68;background-image: url(https:\/\/www-dev.fagorautomation.com\/wp-content\/uploads\/img-products\/fagor-encoders-lineales-angulares-absolutos-1.jpg)\"  ><\/div>\t\t<\/li>\n\t\t<\/ul>\t\t\t\t<ol class=\"sow-slider-pagination\">\n\t\t\t\t\t\t\t\t\t\t\t<li><a href=\"#\" data-goto=\"0\" aria-label=\"Display slide 1\"><\/a><\/li>\n\t\t\t\t\t\t\t\t\t<\/ol>\n\n\t\t\t\t<div class=\"sow-slide-nav sow-slide-nav-next\">\n\t\t\t\t\t<a href=\"#\" data-goto=\"next\" aria-label=\"Next slide\" data-action=\"next\">\n\t\t\t\t\t\t<em class=\"sow-sld-icon-thin-right\"><\/em>\n\t\t\t\t\t<\/a>\n\t\t\t\t<\/div>\n\n\t\t\t\t<div class=\"sow-slide-nav sow-slide-nav-prev\">\n\t\t\t\t\t<a href=\"#\" data-goto=\"previous\" aria-label=\"Previous slide\" data-action=\"prev\">\n\t\t\t\t\t\t<em class=\"sow-sld-icon-thin-left\"><\/em>\n\t\t\t\t\t<\/a>\n\t\t\t\t<\/div>\n\t\t\t\t<\/div><\/div><\/div><\/div><div id=\"pgc-906287-2-1\"  class=\"panel-grid-cell\" ><div id=\"panel-906287-2-1-0\" class=\"so-panel widget widget_sow-hero panel-first-child panel-last-child\" data-index=\"4\" ><div\n\t\t\t\n\t\t\tclass=\"so-widget-sow-hero so-widget-sow-hero-default-50cfe91061d3-906287 so-widget-fittext-wrapper\"\n\t\t\t data-fit-text-compressor=\"0.85\"\n\t\t>\t\t\t\t<div class=\"sow-slider-base\" style=\"display: none\" tabindex=\"0\">\n\t\t\t\t\t<ul\n\t\t\t\t\tclass=\"sow-slider-images\"\n\t\t\t\t\tdata-settings=\"{&quot;pagination&quot;:true,&quot;speed&quot;:800,&quot;timeout&quot;:8000,&quot;paused&quot;:true,&quot;pause_on_hover&quot;:false,&quot;swipe&quot;:false,&quot;nav_always_show_desktop&quot;:&quot;&quot;,&quot;nav_always_show_mobile&quot;:&quot;&quot;,&quot;breakpoint&quot;:&quot;780px&quot;,&quot;unmute&quot;:false,&quot;anchor&quot;:null}\"\n\t\t\t\t\tstyle=\"min-height: 300px\"\t\t\t\t\tdata-anchor-id=\"\"\n\t\t\t\t>\t\t<li class=\"sow-slider-image  sow-slider-image-cover\" style=\"visibility: visible;;background-color: #333333;cursor: pointer;\" data-url=\"{&quot;url&quot;:&quot;https:\\\/\\\/www-dev.fagorautomation.com\\\/zh-hans\\\/%E5%8F%8D%E9%A6%88%E7%B3%BB%E7%BB%9F\\\/high-end-incremental-encoders\\\/&quot;,&quot;new_window&quot;:false}\" >\n\t\t\t\t\t<div class=\"sow-slider-image-container\">\n\t\t\t<div class=\"sow-slider-image-wrapper\">\n\t\t\t\t<h3>\u9ad8\u5206\u8fa8\u7387\u589e\u91cf\u7f16\u7801\u5668<\/h3>\n<div class=\"sow-hero-buttons\" ><div\n\t\t\t\n\t\t\tclass=\"so-widget-sow-button so-widget-sow-button-wire-07124972a2de\"\n\t\t\t\n\t\t><div class=\"ow-button-base ow-button-align-center\"\n>\n\t\t\t<a\n\t\t\t\t\thref=\"https:\/\/www-dev.fagorautomation.com\/zh-hans\/%E5%8F%8D%E9%A6%88%E7%B3%BB%E7%BB%9F\/high-end-incremental-encoders\/\"\n\t\t\t\t\tclass=\"sowb-button ow-icon-placement-left ow-button-hover\" \t>\n\t\t<span>\n\t\t\t\n\t\t\t+\u66f4\u591a\u4fe1\u606f\t\t<\/span>\n\t\t\t<\/a>\n\t<\/div>\n<\/div><\/div>\t\t\t<\/div>\n\t\t<\/div>\n\t\t<div class=\"sow-slider-image-overlay sow-slider-image-cover\" style=\"opacity: 0.68;background-image: url(https:\/\/www-dev.fagorautomation.com\/wp-content\/uploads\/img-products\/fagor-encoders-lineales-angulares-incrementales-1.jpg)\"  ><\/div>\t\t<\/li>\n\t\t<\/ul>\t\t\t\t<ol class=\"sow-slider-pagination\">\n\t\t\t\t\t\t\t\t\t\t\t<li><a href=\"#\" data-goto=\"0\" aria-label=\"Display slide 1\"><\/a><\/li>\n\t\t\t\t\t\t\t\t\t<\/ol>\n\n\t\t\t\t<div class=\"sow-slide-nav sow-slide-nav-next\">\n\t\t\t\t\t<a href=\"#\" data-goto=\"next\" aria-label=\"Next slide\" data-action=\"next\">\n\t\t\t\t\t\t<em class=\"sow-sld-icon-thin-right\"><\/em>\n\t\t\t\t\t<\/a>\n\t\t\t\t<\/div>\n\n\t\t\t\t<div class=\"sow-slide-nav sow-slide-nav-prev\">\n\t\t\t\t\t<a href=\"#\" data-goto=\"previous\" aria-label=\"Previous slide\" data-action=\"prev\">\n\t\t\t\t\t\t<em class=\"sow-sld-icon-thin-left\"><\/em>\n\t\t\t\t\t<\/a>\n\t\t\t\t<\/div>\n\t\t\t\t<\/div><\/div><\/div><\/div><\/div><\/div><div id=\"pg-906287-3\"  class=\"panel-grid panel-has-style\" ><div class=\"siteorigin-panels-stretch panel-row-style panel-row-style-for-906287-3\" id=\"deformation\" data-stretch-type=\"full\" ><div id=\"pgc-906287-3-0\"  class=\"panel-grid-cell\" ><div id=\"panel-906287-3-0-0\" class=\"so-panel widget widget_sow-headline panel-first-child panel-last-child\" data-index=\"5\" ><div\n\t\t\t\n\t\t\tclass=\"so-widget-sow-headline so-widget-sow-headline-default-683a0e4d7b10-906287 so-widget-fittext-wrapper\"\n\t\t\t data-fit-text-compressor=\"0.85\"\n\t\t><div class=\"sow-headline-container \">\n\t\t\t\t\t\t\t<h2 class=\"sow-headline\">\n\t\t\t\t\t\tDeformaci\u00f3n\t\t\t\t\t\t<\/h2>\n\t\t\t\t\t\t\t\t\t\t\t\t<p class=\"sow-sub-headline\">\n\t\t\t\t\t\t\u96c6\u6210\u8f74\u627f\u7684\u81ea\u5bfc\u5f0f\u5149\u6805\u5c3a\t\t\t\t\t\t<\/p>\n\t\t\t\t\t\t<\/div>\n<\/div><\/div><\/div><div id=\"pgc-906287-3-1\"  class=\"panel-grid-cell\" ><div id=\"panel-906287-3-1-0\" class=\"so-panel widget widget_sow-hero panel-first-child panel-last-child\" data-index=\"6\" ><div class=\"box-red panel-widget-style panel-widget-style-for-906287-3-1-0\" ><div\n\t\t\t\n\t\t\tclass=\"so-widget-sow-hero so-widget-sow-hero-default-50cfe91061d3-906287 so-widget-fittext-wrapper\"\n\t\t\t data-fit-text-compressor=\"0.85\"\n\t\t>\t\t\t\t<div class=\"sow-slider-base\" style=\"display: none\" tabindex=\"0\">\n\t\t\t\t\t<ul\n\t\t\t\t\tclass=\"sow-slider-images\"\n\t\t\t\t\tdata-settings=\"{&quot;pagination&quot;:true,&quot;speed&quot;:800,&quot;timeout&quot;:8000,&quot;paused&quot;:true,&quot;pause_on_hover&quot;:false,&quot;swipe&quot;:false,&quot;nav_always_show_desktop&quot;:&quot;&quot;,&quot;nav_always_show_mobile&quot;:&quot;&quot;,&quot;breakpoint&quot;:&quot;780px&quot;,&quot;unmute&quot;:false,&quot;anchor&quot;:null}\"\n\t\t\t\t\tstyle=\"min-height: 300px\"\t\t\t\t\tdata-anchor-id=\"\"\n\t\t\t\t>\t\t<li class=\"sow-slider-image  sow-slider-image-cover\" style=\"visibility: visible;;background-color: #333333;cursor: pointer;\" data-url=\"{&quot;url&quot;:&quot;https:\\\/\\\/www-dev.fagorautomation.com\\\/zh-hans\\\/%E5%8F%8D%E9%A6%88%E7%B3%BB%E7%BB%9F\\\/linear-and-rotary-standard-range-encoders\\\/self-guided-linear-encoders\\\/&quot;,&quot;new_window&quot;:false}\" >\n\t\t\t\t\t<div class=\"sow-slider-image-container\">\n\t\t\t<div class=\"sow-slider-image-wrapper\">\n\t\t\t\t<h3>\u4e3b\u8981\u7528\u4e8e\u6298\u5f2f\u673a\u548c\u526a\u677f\u673a.<\/h3>\n<div class=\"sow-hero-buttons\" ><div\n\t\t\t\n\t\t\tclass=\"so-widget-sow-button so-widget-sow-button-wire-07124972a2de\"\n\t\t\t\n\t\t><div class=\"ow-button-base ow-button-align-center\"\n>\n\t\t\t<a\n\t\t\t\t\thref=\"https:\/\/www-dev.fagorautomation.com\/zh-hans\/%E5%8F%8D%E9%A6%88%E7%B3%BB%E7%BB%9F\/linear-and-rotary-standard-range-encoders\/self-guided-linear-encoders\/\"\n\t\t\t\t\tclass=\"sowb-button ow-icon-placement-left ow-button-hover\" \t>\n\t\t<span>\n\t\t\t\n\t\t\t+\u66f4\u591a\u4fe1\u606f\t\t<\/span>\n\t\t\t<\/a>\n\t<\/div>\n<\/div><\/div>\t\t\t<\/div>\n\t\t<\/div>\n\t\t<div class=\"sow-slider-image-overlay sow-slider-image-cover\" style=\"opacity: 0.55;background-image: url(https:\/\/www-dev.fagorautomation.com\/wp-content\/uploads\/img-products\/encoder-lineal-autoguiado.jpg)\"  ><\/div>\t\t<\/li>\n\t\t<\/ul>\t\t\t\t<ol class=\"sow-slider-pagination\">\n\t\t\t\t\t\t\t\t\t\t\t<li><a href=\"#\" data-goto=\"0\" aria-label=\"Display slide 1\"><\/a><\/li>\n\t\t\t\t\t\t\t\t\t<\/ol>\n\n\t\t\t\t<div class=\"sow-slide-nav sow-slide-nav-next\">\n\t\t\t\t\t<a href=\"#\" data-goto=\"next\" aria-label=\"Next slide\" data-action=\"next\">\n\t\t\t\t\t\t<em class=\"sow-sld-icon-thin-right\"><\/em>\n\t\t\t\t\t<\/a>\n\t\t\t\t<\/div>\n\n\t\t\t\t<div class=\"sow-slide-nav sow-slide-nav-prev\">\n\t\t\t\t\t<a href=\"#\" data-goto=\"previous\" aria-label=\"Previous slide\" data-action=\"prev\">\n\t\t\t\t\t\t<em class=\"sow-sld-icon-thin-left\"><\/em>\n\t\t\t\t\t<\/a>\n\t\t\t\t<\/div>\n\t\t\t\t<\/div><\/div><\/div><\/div><\/div><\/div><\/div><div id=\"pg-906287-4\"  class=\"panel-grid panel-has-style\" ><div class=\"siteorigin-panels-stretch panel-row-style panel-row-style-for-906287-4\" id=\"laser-cutting\" data-stretch-type=\"full\" ><div id=\"pgc-906287-4-0\"  class=\"panel-grid-cell\" ><div id=\"panel-906287-4-0-0\" class=\"so-panel widget widget_sow-headline panel-first-child panel-last-child\" data-index=\"7\" ><div\n\t\t\t\n\t\t\tclass=\"so-widget-sow-headline so-widget-sow-headline-default-4568b5a8e866-906287 so-widget-fittext-wrapper\"\n\t\t\t data-fit-text-compressor=\"0.85\"\n\t\t><div class=\"sow-headline-container \">\n\t\t\t\t\t\t\t<h2 class=\"sow-headline\">\n\t\t\t\t\t\t\u6fc0\u5149\u5207\u5272\t\t\t\t\t\t<\/h2>\n\t\t\t\t\t\t<\/div>\n<\/div><\/div><\/div><\/div><\/div><div id=\"pg-906287-5\"  class=\"panel-grid panel-has-style\" ><div class=\"box-red panel-row-style panel-row-style-for-906287-5\" ><div id=\"pgc-906287-5-0\"  class=\"panel-grid-cell\" ><div id=\"panel-906287-5-0-0\" class=\"so-panel widget widget_sow-hero panel-first-child panel-last-child\" data-index=\"8\" ><div\n\t\t\t\n\t\t\tclass=\"so-widget-sow-hero so-widget-sow-hero-default-50cfe91061d3-906287 so-widget-fittext-wrapper\"\n\t\t\t data-fit-text-compressor=\"0.85\"\n\t\t>\t\t\t\t<div class=\"sow-slider-base\" style=\"display: none\" tabindex=\"0\">\n\t\t\t\t\t<ul\n\t\t\t\t\tclass=\"sow-slider-images\"\n\t\t\t\t\tdata-settings=\"{&quot;pagination&quot;:true,&quot;speed&quot;:800,&quot;timeout&quot;:8000,&quot;paused&quot;:true,&quot;pause_on_hover&quot;:false,&quot;swipe&quot;:false,&quot;nav_always_show_desktop&quot;:&quot;&quot;,&quot;nav_always_show_mobile&quot;:&quot;&quot;,&quot;breakpoint&quot;:&quot;780px&quot;,&quot;unmute&quot;:false,&quot;anchor&quot;:null}\"\n\t\t\t\t\tstyle=\"min-height: 300px\"\t\t\t\t\tdata-anchor-id=\"\"\n\t\t\t\t>\t\t<li class=\"sow-slider-image  sow-slider-image-cover\" style=\"visibility: visible;;background-color: #333333;cursor: pointer;\" data-url=\"{&quot;url&quot;:&quot;https:\\\/\\\/www-dev.fagorautomation.com\\\/zh-hans\\\/%E5%8F%8D%E9%A6%88%E7%B3%BB%E7%BB%9F\\\/exposed-linear-absolute-encoders\\\/&quot;,&quot;new_window&quot;:false}\" >\n\t\t\t\t\t<div class=\"sow-slider-image-container\">\n\t\t\t<div class=\"sow-slider-image-wrapper\">\n\t\t\t\t<h3>\u5f00\u653e\u5f0f\u7edd\u5bf9\u5f0f\u76f4\u7ebf\u5149\u6805\u5c3a<\/h3>\n<div class=\"sow-hero-buttons\" ><div\n\t\t\t\n\t\t\tclass=\"so-widget-sow-button so-widget-sow-button-wire-07124972a2de\"\n\t\t\t\n\t\t><div class=\"ow-button-base ow-button-align-center\"\n>\n\t\t\t<a\n\t\t\t\t\thref=\"https:\/\/www-dev.fagorautomation.com\/zh-hans\/%E5%8F%8D%E9%A6%88%E7%B3%BB%E7%BB%9F\/exposed-linear-absolute-encoders\/\"\n\t\t\t\t\tclass=\"sowb-button ow-icon-placement-left ow-button-hover\" \t>\n\t\t<span>\n\t\t\t\n\t\t\t+\u66f4\u591a\u4fe1\u606f\t\t<\/span>\n\t\t\t<\/a>\n\t<\/div>\n<\/div><\/div>\t\t\t<\/div>\n\t\t<\/div>\n\t\t<div class=\"sow-slider-image-overlay sow-slider-image-cover\" style=\"opacity: 0.65;background-image: url(https:\/\/www-dev.fagorautomation.com\/wp-content\/uploads\/econders-lineales-sin-contacto-fagorautomatios.jpg)\"  ><\/div>\t\t<\/li>\n\t\t<\/ul>\t\t\t\t<ol class=\"sow-slider-pagination\">\n\t\t\t\t\t\t\t\t\t\t\t<li><a href=\"#\" data-goto=\"0\" aria-label=\"Display slide 1\"><\/a><\/li>\n\t\t\t\t\t\t\t\t\t<\/ol>\n\n\t\t\t\t<div class=\"sow-slide-nav sow-slide-nav-next\">\n\t\t\t\t\t<a href=\"#\" data-goto=\"next\" aria-label=\"Next slide\" data-action=\"next\">\n\t\t\t\t\t\t<em class=\"sow-sld-icon-thin-right\"><\/em>\n\t\t\t\t\t<\/a>\n\t\t\t\t<\/div>\n\n\t\t\t\t<div class=\"sow-slide-nav sow-slide-nav-prev\">\n\t\t\t\t\t<a href=\"#\" data-goto=\"previous\" aria-label=\"Previous slide\" data-action=\"prev\">\n\t\t\t\t\t\t<em class=\"sow-sld-icon-thin-left\"><\/em>\n\t\t\t\t\t<\/a>\n\t\t\t\t<\/div>\n\t\t\t\t<\/div><\/div><\/div><\/div><div id=\"pgc-906287-5-1\"  class=\"panel-grid-cell\" ><div id=\"panel-906287-5-1-0\" class=\"so-panel widget widget_sow-hero panel-first-child panel-last-child\" data-index=\"9\" ><div\n\t\t\t\n\t\t\tclass=\"so-widget-sow-hero so-widget-sow-hero-default-50cfe91061d3-906287 so-widget-fittext-wrapper\"\n\t\t\t data-fit-text-compressor=\"0.85\"\n\t\t>\t\t\t\t<div class=\"sow-slider-base\" style=\"display: none\" tabindex=\"0\">\n\t\t\t\t\t<ul\n\t\t\t\t\tclass=\"sow-slider-images\"\n\t\t\t\t\tdata-settings=\"{&quot;pagination&quot;:true,&quot;speed&quot;:800,&quot;timeout&quot;:8000,&quot;paused&quot;:true,&quot;pause_on_hover&quot;:false,&quot;swipe&quot;:false,&quot;nav_always_show_desktop&quot;:&quot;&quot;,&quot;nav_always_show_mobile&quot;:&quot;&quot;,&quot;breakpoint&quot;:&quot;780px&quot;,&quot;unmute&quot;:false,&quot;anchor&quot;:null}\"\n\t\t\t\t\tstyle=\"min-height: 300px\"\t\t\t\t\tdata-anchor-id=\"\"\n\t\t\t\t>\t\t<li class=\"sow-slider-image  sow-slider-image-cover\" style=\"visibility: visible;;background-color: #333333;cursor: pointer;\" data-url=\"{&quot;url&quot;:&quot;https:\\\/\\\/www-dev.fagorautomation.com\\\/zh-hans\\\/%E5%8F%8D%E9%A6%88%E7%B3%BB%E7%BB%9F\\\/exposed-linear-incremental-encoders\\\/&quot;,&quot;new_window&quot;:false}\" >\n\t\t\t\t\t<div class=\"sow-slider-image-container\">\n\t\t\t<div class=\"sow-slider-image-wrapper\">\n\t\t\t\t<h3>\u5f00\u653e\u5f0f\u76f4\u7ebf\u5149\u6805\u5c3a<\/h3>\n<div class=\"sow-hero-buttons\" ><div\n\t\t\t\n\t\t\tclass=\"so-widget-sow-button so-widget-sow-button-wire-07124972a2de\"\n\t\t\t\n\t\t><div class=\"ow-button-base ow-button-align-center\"\n>\n\t\t\t<a\n\t\t\t\t\thref=\"https:\/\/www-dev.fagorautomation.com\/zh-hans\/%E5%8F%8D%E9%A6%88%E7%B3%BB%E7%BB%9F\/exposed-linear-incremental-encoders\/\"\n\t\t\t\t\tclass=\"sowb-button ow-icon-placement-left ow-button-hover\" \t>\n\t\t<span>\n\t\t\t\n\t\t\t+\u66f4\u591a\u4fe1\u606f\t\t<\/span>\n\t\t\t<\/a>\n\t<\/div>\n<\/div><\/div>\t\t\t<\/div>\n\t\t<\/div>\n\t\t<div class=\"sow-slider-image-overlay sow-slider-image-cover\" style=\"opacity: 0.65;background-image: url(https:\/\/www-dev.fagorautomation.com\/wp-content\/uploads\/econders-lineales-sin-contacto-fagorautomatios.jpg)\"  ><\/div>\t\t<\/li>\n\t\t<\/ul>\t\t\t\t<ol class=\"sow-slider-pagination\">\n\t\t\t\t\t\t\t\t\t\t\t<li><a href=\"#\" data-goto=\"0\" aria-label=\"Display slide 1\"><\/a><\/li>\n\t\t\t\t\t\t\t\t\t<\/ol>\n\n\t\t\t\t<div class=\"sow-slide-nav sow-slide-nav-next\">\n\t\t\t\t\t<a href=\"#\" data-goto=\"next\" aria-label=\"Next slide\" data-action=\"next\">\n\t\t\t\t\t\t<em class=\"sow-sld-icon-thin-right\"><\/em>\n\t\t\t\t\t<\/a>\n\t\t\t\t<\/div>\n\n\t\t\t\t<div class=\"sow-slide-nav sow-slide-nav-prev\">\n\t\t\t\t\t<a href=\"#\" data-goto=\"previous\" aria-label=\"Previous slide\" data-action=\"prev\">\n\t\t\t\t\t\t<em class=\"sow-sld-icon-thin-left\"><\/em>\n\t\t\t\t\t<\/a>\n\t\t\t\t<\/div>\n\t\t\t\t<\/div><\/div><\/div><\/div><\/div><\/div><\/div>","protected":false},"excerpt":{"rendered":"<p>\u76f4\u7ebf\u5149\u6805\u5c3a \u53d1\u683c\u81ea\u52a8\u5316\u5728\u5176\u7edd\u5bf9 &#8230; <a title=\"\u7528\u4e8e\u6570\u63a7\u673a\u5e8a\u7684\u53cd\u9988\u7cfb\u7edf\" class=\"read-more\" href=\"https:\/\/www-dev.fagorautomation.com\/zh-hans\/%e7%94%a8%e4%ba%8e%e6%99%ae%e9%80%9a%e6%9c%ba%e5%ba%8a%e7%9a%84%e5%8f%8d%e9%a6%88%e7%b3%bb%e7%bb%9f\/%e7%94%a8%e4%ba%8e%e6%95%b0%e6%8e%a7%e6%9c%ba%e5%ba%8a%e7%9a%84%e5%8f%8d%e9%a6%88%e7%b3%bb%e7%bb%9f\/\" aria-label=\"\u9605\u8bfb \u7528\u4e8e\u6570\u63a7\u673a\u5e8a\u7684\u53cd\u9988\u7cfb\u7edf\"> <\/a><\/p>\n","protected":false},"author":1,"featured_media":0,"parent":906282,"menu_order":0,"comment_status":"closed","ping_status":"closed","template":"","meta":{"_acf_changed":false,"footnotes":""},"categories":[1341],"tags":[],"class_list":{"0":"post-906287","1":"page","2":"type-page","3":"status-publish","5":"category-menu-captacion-zh-hans"},"acf":[],"wpml_current_locale":"zh_CN","wpml_translations":[{"locale":"en","id":825788,"post_title":"Feedback systems for CNC machines","href":"https:\/\/www-dev.fagorautomation.com\/en\/machine-tools\/for-cnc-machines\/"},{"locale":"es_ES","id":283177,"post_title":"Sistemas de Captaci\u00f3n para m\u00e1quinas de CNC","href":"https:\/\/www-dev.fagorautomation.com\/es\/maquina-herramienta\/para-maquinas-cnc\/"},{"locale":"en_US","id":832305,"post_title":"Feedback systems for CNC machines","href":"https:\/\/www-dev.fagorautomation.com\/en-us\/machine-tools\/for-cnc-machines\/"},{"locale":"it_IT","id":832306,"post_title":"Feedback Systems per macchine a controllo numerico","href":"https:\/\/www-dev.fagorautomation.com\/it\/macchine-utensili\/per-macchine-a-controllo-numerico\/"},{"locale":"fr_FR","id":832302,"post_title":"Syst\u00e8mes de mesure pour les machines CNC","href":"https:\/\/www-dev.fagorautomation.com\/fr\/machines-outils\/pour-les-machines-cnc\/"},{"locale":"pt_BR","id":832308,"post_title":"Sistemas de Medi\u00e7\u00e3o para m\u00e1quinas de CNC","href":"https:\/\/www-dev.fagorautomation.com\/pt-br\/maquina-ferramenta\/para-maquinas-de-cnc\/"},{"locale":"pt_PT","id":832309,"post_title":"Sistemas de Capta\u00e7\u00e3o para m\u00e1quinas de CNC","href":"https:\/\/www-dev.fagorautomation.com\/pt-pt\/sistemas-de-captacao-para-maquina-ferramenta\/para-maquinas-de-cnc\/"},{"locale":"de_DE","id":832303,"post_title":"Messsysteme f\u00fcr CNC-Maschinen","href":"https:\/\/www-dev.fagorautomation.com\/de\/messsysteme-fuer-werkzeugmaschinen\/fuer-cnc-maschinen\/"},{"locale":"en_IN","id":832304,"post_title":"Feedback systems for CNC machines","href":"https:\/\/www-dev.fagorautomation.com\/hi\/machine-tools\/for-cnc-machines\/"},{"locale":"ja","id":832307,"post_title":"CNC \u5236\u5fa1\u6a5f\u68b0\u7528\u30d5\u30a3\u30fc\u30c9\u30d0\u30c3\u30af \u30b7\u30b9\u30c6\u30e0","href":"https:\/\/www-dev.fagorautomation.com\/ja\/machine-tools\/for-cnc-machines\/"},{"locale":"eu_ES","id":832301,"post_title":"CNC makinetarako Atzitze sistemak","href":"https:\/\/www-dev.fagorautomation.com\/eu\/makina-erremintarako-atzitze-sistemak\/cnc-makinetarako-atzitze-sistemak\/"}],"_links":{"self":[{"href":"https:\/\/www-dev.fagorautomation.com\/zh-hans\/wp-json\/wp\/v2\/pages\/906287","targetHints":{"allow":["GET"]}}],"collection":[{"href":"https:\/\/www-dev.fagorautomation.com\/zh-hans\/wp-json\/wp\/v2\/pages"}],"about":[{"href":"https:\/\/www-dev.fagorautomation.com\/zh-hans\/wp-json\/wp\/v2\/types\/page"}],"author":[{"embeddable":true,"href":"https:\/\/www-dev.fagorautomation.com\/zh-hans\/wp-json\/wp\/v2\/users\/1"}],"replies":[{"embeddable":true,"href":"https:\/\/www-dev.fagorautomation.com\/zh-hans\/wp-json\/wp\/v2\/comments?post=906287"}],"version-history":[{"count":0,"href":"https:\/\/www-dev.fagorautomation.com\/zh-hans\/wp-json\/wp\/v2\/pages\/906287\/revisions"}],"up":[{"embeddable":true,"href":"https:\/\/www-dev.fagorautomation.com\/zh-hans\/wp-json\/wp\/v2\/pages\/906282"}],"wp:attachment":[{"href":"https:\/\/www-dev.fagorautomation.com\/zh-hans\/wp-json\/wp\/v2\/media?parent=906287"}],"wp:term":[{"taxonomy":"category","embeddable":true,"href":"https:\/\/www-dev.fagorautomation.com\/zh-hans\/wp-json\/wp\/v2\/categories?post=906287"},{"taxonomy":"post_tag","embeddable":true,"href":"https:\/\/www-dev.fagorautomation.com\/zh-hans\/wp-json\/wp\/v2\/tags?post=906287"}],"curies":[{"name":"wp","href":"https:\/\/api.w.org\/{rel}","templated":true}]}}