{"id":832616,"date":"2021-12-02T09:01:32","date_gmt":"2021-12-02T09:01:32","guid":{"rendered":"https:\/\/www-dev.fagorautomation.com\/services\/repair-service\/"},"modified":"2022-04-27T16:53:52","modified_gmt":"2022-04-27T15:53:52","slug":"servico-de-reparacoes","status":"publish","type":"page","link":"https:\/\/www-dev.fagorautomation.com\/pt-pt\/servicos-oferecidos-por-fagor-automation\/servico-de-reparacoes\/","title":{"rendered":"Servi\u00e7o de repara\u00e7\u00f5es"},"content":{"rendered":"<div id=\"pl-832616\"  class=\"panel-layout\" ><div id=\"pg-832616-0\"  class=\"panel-grid panel-no-style\" ><div id=\"pgc-832616-0-0\"  class=\"panel-grid-cell\" ><div id=\"panel-832616-0-0-0\" class=\"so-panel widget widget_sow-editor panel-first-child\" data-index=\"0\" ><div class=\"panel-widget-style panel-widget-style-for-832616-0-0-0\" ><div\n\t\t\t\n\t\t\tclass=\"so-widget-sow-editor so-widget-sow-editor-base\"\n\t\t\t\n\t\t>\n<div class=\"siteorigin-widget-tinymce textwidget\">\n\t<p>Existem distintas solu\u00e7\u00f5es \u00e0 medida, para que o cliente possa optar, pela que mais se adequa \u00e0s suas necessidades.<\/p>\n<\/div>\n<\/div><\/div><\/div><div id=\"panel-832616-0-0-1\" class=\"so-panel widget widget_sow-features\" data-index=\"1\" ><div class=\"panel-widget-style panel-widget-style-for-832616-0-0-1\" ><div\n\t\t\t\n\t\t\tclass=\"so-widget-sow-features so-widget-sow-features-default-8dee48d37044-832616\"\n\t\t\t\n\t\t><ul\n\tclass=\"sow-features-list\n\tsow-features-responsive\">\n\n\t\t\t<li\n\t\t\tclass=\"sow-features-feature sow-icon-container-position-right\"\n\t\t\tstyle=\"display: flex; flex-direction: row; width: calc(100% - 25px);\"\n\t\t>\n\t\t\t\n\t\t\t\t\t\t<div\t\t\t\tclass=\"sow-icon-container sow-container-square\"\n\t\t\t\tstyle=\"color: ; \"\n\t\t\t\t\n\t\t\t\t\t\t\t>\n\t\t\t\t<span class=\"sow-icon-fontawesome sow-fas\" data-sow-icon=\"&#xf00c;\"\n\t\tstyle=\"font-size: 20px; color: #e1081d\" \n\t\taria-hidden=\"true\"><\/span>\t\t\t<\/div>\n\n\t\t\t<div class=\"textwidget\">\n\t\t\t\t\n\t\t\t\t\n\t\t\t\t\t\t\t\t\t<div class=\"sow-features-feature-text\">\n\t\t\t\t\t<p><strong>Servi\u00e7o de repara\u00e7\u00e3o com or\u00e7amento ou funcional<\/strong>: esta op\u00e7\u00e3o inclui a repara\u00e7\u00e3o, exclusivamente, do elemento ou parte danificada.<\/p>\n\t\t\t\t\t<\/div>\n\t\t\t\t\t\t\t\t<\/div>\n\t\t\t\t\t\t\t\t<\/li>\n\n\t\t\t<li\n\t\t\tclass=\"sow-features-feature sow-icon-container-position-right\"\n\t\t\tstyle=\"display: flex; flex-direction: row; width: calc(100% - 25px);\"\n\t\t>\n\t\t\t\n\t\t\t\t\t\t<div\t\t\t\tclass=\"sow-icon-container sow-container-square\"\n\t\t\t\tstyle=\"color: ; \"\n\t\t\t\t\n\t\t\t\t\t\t\t>\n\t\t\t\t<span class=\"sow-icon-fontawesome sow-fas\" data-sow-icon=\"&#xf00c;\"\n\t\tstyle=\"font-size: 20px; color: #e1081d\" \n\t\taria-hidden=\"true\"><\/span>\t\t\t<\/div>\n\n\t\t\t<div class=\"textwidget\">\n\t\t\t\t\n\t\t\t\t\n\t\t\t\t\t\t\t\t\t<div class=\"sow-features-feature-text\">\n\t\t\t\t\t<p><strong>Servi\u00e7o de repara\u00e7\u00e3o standard ou completo<\/strong>: esta op\u00e7\u00e3o inclui a um custo fixo, \u00e0 repara\u00e7\u00e3o, testes e atualiza\u00e7\u00e3o do equipamento completo.<\/p>\n\t\t\t\t\t<\/div>\n\t\t\t\t\t\t\t\t<\/div>\n\t\t\t\t\t\t\t\t<\/li>\n\n\t\t\t<li\n\t\t\tclass=\"sow-features-feature sow-icon-container-position-right\"\n\t\t\tstyle=\"display: flex; flex-direction: row; width: calc(100% - 25px);\"\n\t\t>\n\t\t\t\n\t\t\t\t\t\t<div\t\t\t\tclass=\"sow-icon-container sow-container-square\"\n\t\t\t\tstyle=\"color: #e1081d; \"\n\t\t\t\t\n\t\t\t\t\t\t\t>\n\t\t\t\t<span class=\"sow-icon-fontawesome sow-fas\" data-sow-icon=\"&#xf00c;\"\n\t\tstyle=\"font-size: 20px; color: #e1081d\" \n\t\taria-hidden=\"true\"><\/span>\t\t\t<\/div>\n\n\t\t\t<div class=\"textwidget\">\n\t\t\t\t\n\t\t\t\t\n\t\t\t\t\t\t\t\t\t<div class=\"sow-features-feature-text\">\n\t\t\t\t\t<p><strong>Servicio multimarca<\/strong>: Reparaci\u00f3n y mantenimiento. M\u00e1quinas el\u00e9ctricas rotativas, servomotores y regulaci\u00f3n electr\u00f3nica.<\/p>\n\t\t\t\t\t<\/div>\n\t\t\t\t\t\t\t\t<\/div>\n\t\t\t\t\t\t\t\t<\/li>\n\n\t<\/ul>\n<\/div><\/div><\/div><div id=\"panel-832616-0-0-2\" class=\"so-panel widget widget_sow-image\" data-index=\"2\" ><div class=\"panel-widget-style panel-widget-style-for-832616-0-0-2\" ><div\n\t\t\t\n\t\t\tclass=\"so-widget-sow-image so-widget-sow-image-default-8b5b6f678277-832616\"\n\t\t\t\n\t\t>\n<div class=\"sow-image-container\">\n\t\t\t<a href=\"https:\/\/www.motorlan.es\/en\/\"\n\t\t\ttarget=\"_blank\" rel=\"noopener noreferrer\" \t\t>\n\t\t\t<img \n\tsrc=\"https:\/\/www-dev.fagorautomation.com\/wp-content\/uploads\/logo-motorlan.jpg\" width=\"194\" height=\"60\" sizes=\"(max-width: 194px) 100vw, 194px\" title=\"Motorlan\" alt=\"Motorlan\" \t\tclass=\"so-widget-image\"\/>\n\t\t\t<\/a><\/div>\n\n<\/div><\/div><\/div><div id=\"panel-832616-0-0-3\" class=\"so-panel widget widget_sow-image panel-last-child\" data-index=\"3\" ><div\n\t\t\t\n\t\t\tclass=\"so-widget-sow-image so-widget-sow-image-default-dbf295114b96-832616\"\n\t\t\t\n\t\t>\n<div class=\"sow-image-container\">\n\t\t<img \n\tsrc=\"https:\/\/www-dev.fagorautomation.com\/wp-content\/uploads\/img-products\/motores-motorlan.jpg\" width=\"800\" height=\"384\" srcset=\"https:\/\/www-dev.fagorautomation.com\/wp-content\/uploads\/img-products\/motores-motorlan.jpg 800w, https:\/\/www-dev.fagorautomation.com\/wp-content\/uploads\/img-products\/motores-motorlan-300x144.jpg 300w, https:\/\/www-dev.fagorautomation.com\/wp-content\/uploads\/img-products\/motores-motorlan-768x369.jpg 768w\" sizes=\"(max-width: 800px) 100vw, 800px\" title=\"Servi\u00e7o de repara\u00e7\u00f5es\" alt=\"Servi\u00e7o de repara\u00e7\u00f5es\" \t\tclass=\"so-widget-image\"\/>\n\t<\/div>\n\n<\/div><\/div><\/div><div id=\"pgc-832616-0-1\"  class=\"panel-grid-cell\" ><div id=\"panel-832616-0-1-0\" class=\"so-panel widget widget_sow-image panel-first-child panel-last-child\" data-index=\"4\" ><div\n\t\t\t\n\t\t\tclass=\"so-widget-sow-image so-widget-sow-image-default-dbf295114b96-832616\"\n\t\t\t\n\t\t>\n<div class=\"sow-image-container\">\n\t\t<img \n\tsrc=\"https:\/\/www-dev.fagorautomation.com\/wp-content\/uploads\/servicio-de-reparacion-fagorautomation.jpg\" width=\"600\" height=\"400\" srcset=\"https:\/\/www-dev.fagorautomation.com\/wp-content\/uploads\/servicio-de-reparacion-fagorautomation.jpg 600w, https:\/\/www-dev.fagorautomation.com\/wp-content\/uploads\/servicio-de-reparacion-fagorautomation-300x200.jpg 300w, https:\/\/www-dev.fagorautomation.com\/wp-content\/uploads\/servicio-de-reparacion-fagorautomation-272x182.jpg 272w\" sizes=\"(max-width: 600px) 100vw, 600px\" title=\"Servi\u00e7o de repara\u00e7\u00f5es\" alt=\"Servi\u00e7o de repara\u00e7\u00f5es\" \t\tclass=\"so-widget-image\"\/>\n\t<\/div>\n\n<\/div><\/div><\/div><\/div><\/div>","protected":false},"excerpt":{"rendered":"<p>Existem distintas solu\u00e7\u00f5es \u00e0 medida, para que o cliente possa optar, pela que mais se &#8230; <a title=\"Servi\u00e7o de repara\u00e7\u00f5es\" class=\"read-more\" href=\"https:\/\/www-dev.fagorautomation.com\/pt-pt\/servicos-oferecidos-por-fagor-automation\/servico-de-reparacoes\/\" aria-label=\"Leia mais sobre Servi\u00e7o de repara\u00e7\u00f5es\"> <\/a><\/p>\n","protected":false},"author":1,"featured_media":0,"parent":832435,"menu_order":0,"comment_status":"closed","ping_status":"closed","template":"servicios.php","meta":{"_acf_changed":false,"footnotes":""},"categories":[1306,1297],"tags":[],"class_list":{"0":"post-832616","1":"page","2":"type-page","3":"status-publish","5":"category-menu-servicios-pt-pt","6":"category-page-servicios-pt-pt"},"acf":[],"wpml_current_locale":"pt_PT","wpml_translations":[{"locale":"en","id":826111,"post_title":"Repair service","href":"https:\/\/www-dev.fagorautomation.com\/en\/services\/repair-service\/"},{"locale":"es_ES","id":218,"post_title":"Servicio de reparaci\u00f3n","href":"https:\/\/www-dev.fagorautomation.com\/es\/servicios\/servicio-de-reparacion\/"},{"locale":"en_US","id":832621,"post_title":"Repair service","href":"https:\/\/www-dev.fagorautomation.com\/en-us\/services\/repair-service\/"},{"locale":"it_IT","id":832622,"post_title":"Servizio di riparazione","href":"https:\/\/www-dev.fagorautomation.com\/it\/servizi\/servizio-di-riparazione\/"},{"locale":"fr_FR","id":832618,"post_title":"Service de r\u00e9paration","href":"https:\/\/www-dev.fagorautomation.com\/fr\/services\/service-de-reparation\/"},{"locale":"pt_BR","id":832615,"post_title":"Servi\u00e7o de repara\u00e7\u00e3o","href":"https:\/\/www-dev.fagorautomation.com\/pt-br\/servicios\/servico-de-reparacao\/"},{"locale":"de_DE","id":832619,"post_title":"Reparaturservice","href":"https:\/\/www-dev.fagorautomation.com\/de\/dienstleistungen-die-fagor-automation-anbietet\/reparaturservice\/"},{"locale":"en_IN","id":832620,"post_title":"Repair service","href":"https:\/\/www-dev.fagorautomation.com\/hi\/services\/repair-service\/"},{"locale":"ja","id":832623,"post_title":"\u4fee\u7406\u30b5\u30fc\u30d3\u30b9","href":"https:\/\/www-dev.fagorautomation.com\/ja\/%e3%82%b5%e3%83%bc%e3%83%93%e3%82%b9\/repair-service\/"},{"locale":"eu_ES","id":832617,"post_title":"Konponketa zerbitzua","href":"https:\/\/www-dev.fagorautomation.com\/eu\/zerbitzuak\/repair-service\/"},{"locale":"zh_CN","id":906324,"post_title":"\u7ef4\u4fee\u670d\u52a1","href":"https:\/\/www-dev.fagorautomation.com\/zh-hans\/%e5%8f%91%e6%a0%bc%e8%87%aa%e5%8a%a8%e5%8c%96%e6%8a%80%e6%9c%af%e6%9c%8d%e5%8a%a1\/%e7%bb%b4%e4%bf%ae%e6%9c%8d%e5%8a%a1\/"}],"_links":{"self":[{"href":"https:\/\/www-dev.fagorautomation.com\/pt-pt\/wp-json\/wp\/v2\/pages\/832616","targetHints":{"allow":["GET"]}}],"collection":[{"href":"https:\/\/www-dev.fagorautomation.com\/pt-pt\/wp-json\/wp\/v2\/pages"}],"about":[{"href":"https:\/\/www-dev.fagorautomation.com\/pt-pt\/wp-json\/wp\/v2\/types\/page"}],"author":[{"embeddable":true,"href":"https:\/\/www-dev.fagorautomation.com\/pt-pt\/wp-json\/wp\/v2\/users\/1"}],"replies":[{"embeddable":true,"href":"https:\/\/www-dev.fagorautomation.com\/pt-pt\/wp-json\/wp\/v2\/comments?post=832616"}],"version-history":[{"count":0,"href":"https:\/\/www-dev.fagorautomation.com\/pt-pt\/wp-json\/wp\/v2\/pages\/832616\/revisions"}],"up":[{"embeddable":true,"href":"https:\/\/www-dev.fagorautomation.com\/pt-pt\/wp-json\/wp\/v2\/pages\/832435"}],"wp:attachment":[{"href":"https:\/\/www-dev.fagorautomation.com\/pt-pt\/wp-json\/wp\/v2\/media?parent=832616"}],"wp:term":[{"taxonomy":"category","embeddable":true,"href":"https:\/\/www-dev.fagorautomation.com\/pt-pt\/wp-json\/wp\/v2\/categories?post=832616"},{"taxonomy":"post_tag","embeddable":true,"href":"https:\/\/www-dev.fagorautomation.com\/pt-pt\/wp-json\/wp\/v2\/tags?post=832616"}],"curies":[{"name":"wp","href":"https:\/\/api.w.org\/{rel}","templated":true}]}}