{"id":832518,"date":"2021-12-02T09:06:34","date_gmt":"2021-12-02T09:06:34","guid":{"rendered":"https:\/\/www-dev.fagorautomation.com\/services\/service-contract-and-warranty-extensions\/"},"modified":"2022-04-21T08:34:41","modified_gmt":"2022-04-21T07:34:41","slug":"contratos-de-servico-e-extensoes-de-garantias","status":"publish","type":"page","link":"https:\/\/www-dev.fagorautomation.com\/pt-pt\/servicos-oferecidos-por-fagor-automation\/contratos-de-servico-e-extensoes-de-garantias\/","title":{"rendered":"Contratos de servi\u00e7o e extens\u00f5es de garantias"},"content":{"rendered":"<div id=\"pl-832518\"  class=\"panel-layout\" ><div id=\"pg-832518-0\"  class=\"panel-grid panel-no-style\" ><div id=\"pgc-832518-0-0\"  class=\"panel-grid-cell\" ><div id=\"panel-832518-0-0-0\" class=\"so-panel widget widget_sow-editor panel-first-child panel-last-child\" data-index=\"0\" ><div\n\t\t\t\n\t\t\tclass=\"so-widget-sow-editor so-widget-sow-editor-base\"\n\t\t\t\n\t\t>\n<div class=\"siteorigin-widget-tinymce textwidget\">\n\t<p>Com os contratos de servi\u00e7o estar\u00e3o <strong>cobertas todas as falhas<\/strong> que possam ocorrer nos equipamentos da Fagor sob contrato(*) por um pre\u00e7o anual a partir de 500\u20ac por m\u00e1quina.<\/p>\n<p>O servi\u00e7o \u00e9 realizado <strong>ao p\u00e9 da m\u00e1quina<\/strong> incluindo: materiais utilizados, m\u00e3o de obra e despesas do t\u00e9cnico.<\/p>\n<p>(*) N\u00e3o s\u00e3o cobertas as falhas por causa alheia ao produto Fagor.<\/p>\n<\/div>\n<\/div><\/div><\/div><div id=\"pgc-832518-0-1\"  class=\"panel-grid-cell\" ><div id=\"panel-832518-0-1-0\" class=\"so-panel widget widget_sow-image panel-first-child panel-last-child\" data-index=\"1\" ><div\n\t\t\t\n\t\t\tclass=\"so-widget-sow-image so-widget-sow-image-default-dbf295114b96-832518\"\n\t\t\t\n\t\t>\n<div class=\"sow-image-container\">\n\t\t<img \n\tsrc=\"https:\/\/www-dev.fagorautomation.com\/wp-content\/uploads\/contratacion-servicios-garantias-1.jpg\" width=\"350\" height=\"202\" srcset=\"https:\/\/www-dev.fagorautomation.com\/wp-content\/uploads\/contratacion-servicios-garantias-1.jpg 350w, https:\/\/www-dev.fagorautomation.com\/wp-content\/uploads\/contratacion-servicios-garantias-1-300x173.jpg 300w\" sizes=\"(max-width: 350px) 100vw, 350px\" title=\"Contratos de servi\u00e7o\" alt=\"Contratos de servi\u00e7o\" \t\tclass=\"so-widget-image\"\/>\n\t<\/div>\n\n<\/div><\/div><\/div><\/div><div id=\"pg-832518-1\"  class=\"panel-grid panel-has-style\" ><div class=\"panel-row-style panel-row-style-for-832518-1\" ><div id=\"pgc-832518-1-0\"  class=\"panel-grid-cell\" ><div id=\"panel-832518-1-0-0\" class=\"so-panel widget widget_sow-headline panel-first-child panel-last-child\" data-index=\"2\" ><div\n\t\t\t\n\t\t\tclass=\"so-widget-sow-headline so-widget-sow-headline-default-77ea9168cb25-832518 so-widget-fittext-wrapper\"\n\t\t\t data-fit-text-compressor=\"0.85\"\n\t\t><div class=\"sow-headline-container \">\n\t\t\t\t\t\t\t<p class=\"sow-headline\">\n\t\t\t\t\t\t Dispon\u00edvel para <b>Fabricantes<\/b> \/ <b>Distribuidores<\/b> \/ <b>Clientes<\/b>,  o contrato de servi\u00e7o ser\u00e1 adequado ao cliente:\t\t\t\t\t\t<\/p>\n\t\t\t\t\t\t\t\t\t\t\t<div class=\"decoration\">\n\t\t\t\t\t\t<div class=\"decoration-inside\"><\/div>\n\t\t\t\t\t<\/div>\n\t\t\t\t\t<\/div>\n<\/div><\/div><\/div><div id=\"pgc-832518-1-1\"  class=\"panel-grid-cell\" ><div id=\"panel-832518-1-1-0\" class=\"so-panel widget widget_sow-features panel-first-child panel-last-child\" data-index=\"3\" ><div\n\t\t\t\n\t\t\tclass=\"so-widget-sow-features so-widget-sow-features-default-f8f2dfd6061f-832518\"\n\t\t\t\n\t\t><ul\n\tclass=\"sow-features-list\n\tsow-features-responsive\">\n\n\t\t\t<li\n\t\t\tclass=\"sow-features-feature sow-icon-container-position-right\"\n\t\t\tstyle=\"display: flex; flex-direction: row; width: calc(100% - 25px);\"\n\t\t>\n\t\t\t\n\t\t\t\t\t\t<div\t\t\t\tclass=\"sow-icon-container sow-container-square\"\n\t\t\t\tstyle=\"color: ; \"\n\t\t\t\t\n\t\t\t\t\t\t\t>\n\t\t\t\t<span class=\"sow-icon-fontawesome sow-fas\" data-sow-icon=\"&#xf00c;\"\n\t\tstyle=\"font-size: 20px; color: #e1081d\" \n\t\taria-hidden=\"true\"><\/span>\t\t\t<\/div>\n\n\t\t\t<div class=\"textwidget\">\n\t\t\t\t\n\t\t\t\t\n\t\t\t\t\t\t\t\t\t<div class=\"sow-features-feature-text\">\n\t\t\t\t\t<p><strong>Fabricantes \/ Distribuidores:<\/strong> Pacote completo da m\u00e1quina, independentemente do destino final da mesma.<\/p>\n\t\t\t\t\t<\/div>\n\t\t\t\t\t\t\t\t<\/div>\n\t\t\t\t\t\t\t\t<\/li>\n\n\t\t\t<li\n\t\t\tclass=\"sow-features-feature sow-icon-container-position-right\"\n\t\t\tstyle=\"display: flex; flex-direction: row; width: calc(100% - 25px);\"\n\t\t>\n\t\t\t\n\t\t\t\t\t\t<div\t\t\t\tclass=\"sow-icon-container sow-container-square\"\n\t\t\t\tstyle=\"color: ; \"\n\t\t\t\t\n\t\t\t\t\t\t\t>\n\t\t\t\t<span class=\"sow-icon-fontawesome sow-fas\" data-sow-icon=\"&#xf00c;\"\n\t\tstyle=\"font-size: 20px; color: #e1081d\" \n\t\taria-hidden=\"true\"><\/span>\t\t\t<\/div>\n\n\t\t\t<div class=\"textwidget\">\n\t\t\t\t\n\t\t\t\t\n\t\t\t\t\t\t\t\t\t<div class=\"sow-features-feature-text\">\n\t\t\t\t\t<p><strong>Clientes:<\/strong> Incluindo, a pedido, aqueles componentes da Fagor sujeitos a contrato: CNC \/ Regula\u00e7\u00e3o \/ Motor \/ Medi\u00e7\u00e3o.<\/p>\n\t\t\t\t\t<\/div>\n\t\t\t\t\t\t\t\t<\/div>\n\t\t\t\t\t\t\t\t<\/li>\n\n\t<\/ul>\n<\/div><\/div><\/div><\/div><\/div><div id=\"pg-832518-2\"  class=\"panel-grid panel-has-style\" ><div class=\"siteorigin-panels-stretch panel-row-style panel-row-style-for-832518-2\" data-stretch-type=\"full\" ><div id=\"pgc-832518-2-0\"  class=\"panel-grid-cell\" ><div id=\"panel-832518-2-0-0\" class=\"so-panel widget widget_sow-headline panel-first-child panel-last-child\" data-index=\"4\" ><div\n\t\t\t\n\t\t\tclass=\"so-widget-sow-headline so-widget-sow-headline-default-a9ae927f0879-832518 so-widget-fittext-wrapper\"\n\t\t\t data-fit-text-compressor=\"0.85\"\n\t\t><div class=\"sow-headline-container \">\n\t\t\t\t\t\t\t<h2 class=\"sow-headline\">\n\t\t\t\t\t\tVantagens adicionais que o contrato de servi\u00e7o proporciona:\t\t\t\t\t\t<\/h2>\n\t\t\t\t\t\t\t\t\t\t\t<div class=\"decoration\">\n\t\t\t\t\t\t<div class=\"decoration-inside\"><\/div>\n\t\t\t\t\t<\/div>\n\t\t\t\t\t<\/div>\n<\/div><\/div><\/div><div id=\"pgc-832518-2-1\"  class=\"panel-grid-cell\" ><div id=\"panel-832518-2-1-0\" class=\"so-panel widget widget_sow-features panel-first-child panel-last-child\" data-index=\"5\" ><div\n\t\t\t\n\t\t\tclass=\"so-widget-sow-features so-widget-sow-features-default-f8f2dfd6061f-832518\"\n\t\t\t\n\t\t><ul\n\tclass=\"sow-features-list\n\tsow-features-responsive\">\n\n\t\t\t<li\n\t\t\tclass=\"sow-features-feature sow-icon-container-position-right\"\n\t\t\tstyle=\"display: flex; flex-direction: row; width: calc(100% - 25px);\"\n\t\t>\n\t\t\t\n\t\t\t\t\t\t<div\t\t\t\tclass=\"sow-icon-container sow-container-square\"\n\t\t\t\tstyle=\"color: ; \"\n\t\t\t\t\n\t\t\t\t\t\t\t>\n\t\t\t\t<span class=\"sow-icon-fontawesome sow-fas\" data-sow-icon=\"&#xf00c;\"\n\t\tstyle=\"font-size: 20px; color: #e1081d\" \n\t\taria-hidden=\"true\"><\/span>\t\t\t<\/div>\n\n\t\t\t<div class=\"textwidget\">\n\t\t\t\t\n\t\t\t\t\n\t\t\t\t\t\t\t\t\t<div class=\"sow-features-feature-text\">\n\t\t\t\t\t<p>Prioridade no tempo de resposta pelo pessoal especializado e pe\u00e7as de reposi\u00e7\u00e3o originais.<\/p>\n\t\t\t\t\t<\/div>\n\t\t\t\t\t\t\t\t<\/div>\n\t\t\t\t\t\t\t\t<\/li>\n\n\t\t\t<li\n\t\t\tclass=\"sow-features-feature sow-icon-container-position-right\"\n\t\t\tstyle=\"display: flex; flex-direction: row; width: calc(100% - 25px);\"\n\t\t>\n\t\t\t\n\t\t\t\t\t\t<div\t\t\t\tclass=\"sow-icon-container sow-container-square\"\n\t\t\t\tstyle=\"color: ; \"\n\t\t\t\t\n\t\t\t\t\t\t\t>\n\t\t\t\t<span class=\"sow-icon-fontawesome sow-fas\" data-sow-icon=\"&#xf00c;\"\n\t\tstyle=\"font-size: 20px; color: #e1081d\" \n\t\taria-hidden=\"true\"><\/span>\t\t\t<\/div>\n\n\t\t\t<div class=\"textwidget\">\n\t\t\t\t\n\t\t\t\t\n\t\t\t\t\t\t\t\t\t<div class=\"sow-features-feature-text\">\n\t\t\t\t\t<p>Servi\u00e7os adicionais inclu\u00eddos: Armazenamento de dados (Datasafe), Telediagn\u00f3stico, etc.<\/p>\n\t\t\t\t\t<\/div>\n\t\t\t\t\t\t\t\t<\/div>\n\t\t\t\t\t\t\t\t<\/li>\n\n\t\t\t<li\n\t\t\tclass=\"sow-features-feature sow-icon-container-position-right\"\n\t\t\tstyle=\"display: flex; flex-direction: row; width: calc(100% - 25px);\"\n\t\t>\n\t\t\t\n\t\t\t\t\t\t<div\t\t\t\tclass=\"sow-icon-container sow-container-square\"\n\t\t\t\tstyle=\"color: ; \"\n\t\t\t\t\n\t\t\t\t\t\t\t>\n\t\t\t\t<span class=\"sow-icon-fontawesome sow-fas\" data-sow-icon=\"&#xf00c;\"\n\t\tstyle=\"font-size: 20px; color: #e1081d\" \n\t\taria-hidden=\"true\"><\/span>\t\t\t<\/div>\n\n\t\t\t<div class=\"textwidget\">\n\t\t\t\t\n\t\t\t\t\n\t\t\t\t\t\t\t\t\t<div class=\"sow-features-feature-text\">\n\t\t\t\t\t<p>Op\u00e7\u00e3o de atualiza\u00e7\u00f5es peri\u00f3dicas de software (updating) dos equipamentos contratados.<\/p>\n\t\t\t\t\t<\/div>\n\t\t\t\t\t\t\t\t<\/div>\n\t\t\t\t\t\t\t\t<\/li>\n\n\t\t\t<li\n\t\t\tclass=\"sow-features-feature sow-icon-container-position-right\"\n\t\t\tstyle=\"display: flex; flex-direction: row; width: calc(100% - 25px);\"\n\t\t>\n\t\t\t\n\t\t\t\t\t\t<div\t\t\t\tclass=\"sow-icon-container sow-container-square\"\n\t\t\t\tstyle=\"color: ; \"\n\t\t\t\t\n\t\t\t\t\t\t\t>\n\t\t\t\t<span class=\"sow-icon-fontawesome sow-fas\" data-sow-icon=\"&#xf00c;\"\n\t\tstyle=\"font-size: 20px; color: #e1081d\" \n\t\taria-hidden=\"true\"><\/span>\t\t\t<\/div>\n\n\t\t\t<div class=\"textwidget\">\n\t\t\t\t\n\t\t\t\t\n\t\t\t\t\t\t\t\t\t<div class=\"sow-features-feature-text\">\n\t\t\t\t\t<p>Descontos em pe\u00e7as de desgaste que devem ser substitu\u00eddas ou pe\u00e7as novas n\u00e3o inclu\u00eddas no contrato.<\/p>\n\t\t\t\t\t<\/div>\n\t\t\t\t\t\t\t\t<\/div>\n\t\t\t\t\t\t\t\t<\/li>\n\n\t\t\t<li\n\t\t\tclass=\"sow-features-feature sow-icon-container-position-right\"\n\t\t\tstyle=\"display: flex; flex-direction: row; width: calc(100% - 25px);\"\n\t\t>\n\t\t\t\n\t\t\t\t\t\t<div\t\t\t\tclass=\"sow-icon-container sow-container-square\"\n\t\t\t\tstyle=\"color: ; \"\n\t\t\t\t\n\t\t\t\t\t\t\t>\n\t\t\t\t<span class=\"sow-icon-fontawesome sow-fas\" data-sow-icon=\"&#xf00c;\"\n\t\tstyle=\"font-size: 20px; color: #e1081d\" \n\t\taria-hidden=\"true\"><\/span>\t\t\t<\/div>\n\n\t\t\t<div class=\"textwidget\">\n\t\t\t\t\n\t\t\t\t\n\t\t\t\t\t\t\t\t\t<div class=\"sow-features-feature-text\">\n\t\t\t\t\t<p>Descontos em servi\u00e7os adicionais preventivos como a termografia.<\/p>\n\t\t\t\t\t<\/div>\n\t\t\t\t\t\t\t\t<\/div>\n\t\t\t\t\t\t\t\t<\/li>\n\n\t\t\t<li\n\t\t\tclass=\"sow-features-feature sow-icon-container-position-right\"\n\t\t\tstyle=\"display: flex; flex-direction: row; width: calc(100% - 25px);\"\n\t\t>\n\t\t\t\n\t\t\t\t\t\t<div\t\t\t\tclass=\"sow-icon-container sow-container-square\"\n\t\t\t\tstyle=\"color: ; \"\n\t\t\t\t\n\t\t\t\t\t\t\t>\n\t\t\t\t<span class=\"sow-icon-fontawesome sow-fas\" data-sow-icon=\"&#xf00c;\"\n\t\tstyle=\"font-size: 20px; color: #e1081d\" \n\t\taria-hidden=\"true\"><\/span>\t\t\t<\/div>\n\n\t\t\t<div class=\"textwidget\">\n\t\t\t\t\n\t\t\t\t\n\t\t\t\t\t\t\t\t\t<div class=\"sow-features-feature-text\">\n\t\t\t\t\t<p>Ofertas nas atualiza\u00e7\u00f5es de hardware dos equipamentos descontinuados (upgrading).<\/p>\n\t\t\t\t\t<\/div>\n\t\t\t\t\t\t\t\t<\/div>\n\t\t\t\t\t\t\t\t<\/li>\n\n\t<\/ul>\n<\/div><\/div><\/div><\/div><\/div><div id=\"pg-832518-3\"  class=\"panel-grid panel-has-style\" ><div class=\"panel-row-style panel-row-style-for-832518-3\" ><div id=\"pgc-832518-3-0\"  class=\"panel-grid-cell\" ><div class=\"panel-cell-style panel-cell-style-for-832518-3-0\" ><div id=\"panel-832518-3-0-0\" class=\"so-panel widget widget_sow-headline panel-first-child panel-last-child\" data-index=\"6\" ><div\n\t\t\t\n\t\t\tclass=\"so-widget-sow-headline so-widget-sow-headline-default-f3221b001303-832518 so-widget-fittext-wrapper\"\n\t\t\t data-fit-text-compressor=\"0.85\"\n\t\t><div class=\"sow-headline-container \">\n\t\t\t\t\t\t\t<h3 class=\"sow-headline\">\n\t\t\t\t\t\tExiste tamb\u00e9m <b>dispon\u00edvel a op\u00e7\u00e3o de extens\u00e3o da garantia padr\u00e3o Fagor<\/b> pelo prazo que o cliente necessite a custos muito competitivos.\t\t\t\t\t\t<\/h3>\n\t\t\t\t\t\t\t\t\t\t\t<div class=\"decoration\">\n\t\t\t\t\t\t<div class=\"decoration-inside\"><\/div>\n\t\t\t\t\t<\/div>\n\t\t\t\t\t<\/div>\n<\/div><\/div><\/div><\/div><div id=\"pgc-832518-3-1\"  class=\"panel-grid-cell\" ><div id=\"panel-832518-3-1-0\" class=\"so-panel widget widget_sow-image panel-first-child panel-last-child\" data-index=\"7\" ><div\n\t\t\t\n\t\t\tclass=\"so-widget-sow-image so-widget-sow-image-default-dbf295114b96-832518\"\n\t\t\t\n\t\t>\n<div class=\"sow-image-container\">\n\t\t<img \n\tsrc=\"https:\/\/www-dev.fagorautomation.com\/wp-content\/uploads\/contratacion-servicios-garantias-2.jpg\" width=\"350\" height=\"202\" srcset=\"https:\/\/www-dev.fagorautomation.com\/wp-content\/uploads\/contratacion-servicios-garantias-2.jpg 350w, https:\/\/www-dev.fagorautomation.com\/wp-content\/uploads\/contratacion-servicios-garantias-2-300x173.jpg 300w\" sizes=\"(max-width: 350px) 100vw, 350px\" title=\"extens\u00f5es de garantias\" alt=\"extens\u00f5es de garantias\" \t\tclass=\"so-widget-image\"\/>\n\t<\/div>\n\n<\/div><\/div><\/div><\/div><\/div><\/div>","protected":false},"excerpt":{"rendered":"<p>Com os contratos de servi\u00e7o estar\u00e3o cobertas todas as falhas que possam ocorrer nos equipamentos &#8230; <a title=\"Contratos de servi\u00e7o e extens\u00f5es de garantias\" class=\"read-more\" href=\"https:\/\/www-dev.fagorautomation.com\/pt-pt\/servicos-oferecidos-por-fagor-automation\/contratos-de-servico-e-extensoes-de-garantias\/\" aria-label=\"Leia mais sobre Contratos de servi\u00e7o e extens\u00f5es de garantias\"> <\/a><\/p>\n","protected":false},"author":1,"featured_media":0,"parent":832435,"menu_order":0,"comment_status":"closed","ping_status":"closed","template":"servicios.php","meta":{"_acf_changed":false,"footnotes":""},"categories":[1306,1297],"tags":[],"class_list":{"0":"post-832518","1":"page","2":"type-page","3":"status-publish","5":"category-menu-servicios-pt-pt","6":"category-page-servicios-pt-pt"},"acf":[],"wpml_current_locale":"pt_PT","wpml_translations":[{"locale":"en","id":825993,"post_title":"Service contract and warranty extensions","href":"https:\/\/www-dev.fagorautomation.com\/en\/services\/service-contract-and-warranty-extensions\/"},{"locale":"es_ES","id":209,"post_title":"Contratos de servicio y ampliaciones de garant\u00edas","href":"https:\/\/www-dev.fagorautomation.com\/es\/servicios\/contratos-de-servicio-y-ampliaciones-de-garantias\/"},{"locale":"en_US","id":832514,"post_title":"Service contract and warranty extensions","href":"https:\/\/www-dev.fagorautomation.com\/en-us\/services\/service-contract-and-warranty-extensions\/"},{"locale":"it_IT","id":832515,"post_title":"Contratti di assistenza ed estensioni di garanzia","href":"https:\/\/www-dev.fagorautomation.com\/it\/servizi\/contratti-di-assistenza-ed-estensioni-di-garanzia\/"},{"locale":"fr_FR","id":832511,"post_title":"Contrats de service et extensions de garantie","href":"https:\/\/www-dev.fagorautomation.com\/fr\/services\/contrats-de-service-et-extensions-de-garantie\/"},{"locale":"pt_BR","id":832517,"post_title":"Contratos de servi\u00e7o e extens\u00f5es de garantias","href":"https:\/\/www-dev.fagorautomation.com\/pt-br\/servicios\/contratos-de-servico-e-extensoes-de-garantias\/"},{"locale":"de_DE","id":832512,"post_title":"Servicevertr\u00e4ge und Gew\u00e4hrleistungsverl\u00e4ngerungen","href":"https:\/\/www-dev.fagorautomation.com\/de\/dienstleistungen-die-fagor-automation-anbietet\/servicevertraege-und-gewaehrleistungsverlaengerungen\/"},{"locale":"en_IN","id":832513,"post_title":"Service contract and warranty extensions","href":"https:\/\/www-dev.fagorautomation.com\/hi\/services\/service-contract-and-warranty-extensions\/"},{"locale":"ja","id":832516,"post_title":"\u4fdd\u5b88\u5951\u7d04\u3068\u4fdd\u8a3c\u306e\u5ef6\u9577","href":"https:\/\/www-dev.fagorautomation.com\/ja\/%e3%82%b5%e3%83%bc%e3%83%93%e3%82%b9\/service-contract-and-warranty-extensions\/"},{"locale":"eu_ES","id":832510,"post_title":"Zerbitzu kontratuak eta bermeak luzatzea","href":"https:\/\/www-dev.fagorautomation.com\/eu\/zerbitzuak\/service-contract-and-warranty-extensions\/"},{"locale":"zh_CN","id":906345,"post_title":"\u670d\u52a1\u5408\u540c\u548c\u4fdd\u4fee\u5ef6\u671f","href":"https:\/\/www-dev.fagorautomation.com\/zh-hans\/%e5%8f%91%e6%a0%bc%e8%87%aa%e5%8a%a8%e5%8c%96%e6%8a%80%e6%9c%af%e6%9c%8d%e5%8a%a1\/%e6%9c%8d%e5%8a%a1%e5%90%88%e5%90%8c%e5%92%8c%e4%bf%9d%e4%bf%ae%e5%bb%b6%e6%9c%9f\/"}],"_links":{"self":[{"href":"https:\/\/www-dev.fagorautomation.com\/pt-pt\/wp-json\/wp\/v2\/pages\/832518","targetHints":{"allow":["GET"]}}],"collection":[{"href":"https:\/\/www-dev.fagorautomation.com\/pt-pt\/wp-json\/wp\/v2\/pages"}],"about":[{"href":"https:\/\/www-dev.fagorautomation.com\/pt-pt\/wp-json\/wp\/v2\/types\/page"}],"author":[{"embeddable":true,"href":"https:\/\/www-dev.fagorautomation.com\/pt-pt\/wp-json\/wp\/v2\/users\/1"}],"replies":[{"embeddable":true,"href":"https:\/\/www-dev.fagorautomation.com\/pt-pt\/wp-json\/wp\/v2\/comments?post=832518"}],"version-history":[{"count":0,"href":"https:\/\/www-dev.fagorautomation.com\/pt-pt\/wp-json\/wp\/v2\/pages\/832518\/revisions"}],"up":[{"embeddable":true,"href":"https:\/\/www-dev.fagorautomation.com\/pt-pt\/wp-json\/wp\/v2\/pages\/832435"}],"wp:attachment":[{"href":"https:\/\/www-dev.fagorautomation.com\/pt-pt\/wp-json\/wp\/v2\/media?parent=832518"}],"wp:term":[{"taxonomy":"category","embeddable":true,"href":"https:\/\/www-dev.fagorautomation.com\/pt-pt\/wp-json\/wp\/v2\/categories?post=832518"},{"taxonomy":"post_tag","embeddable":true,"href":"https:\/\/www-dev.fagorautomation.com\/pt-pt\/wp-json\/wp\/v2\/tags?post=832518"}],"curies":[{"name":"wp","href":"https:\/\/api.w.org\/{rel}","templated":true}]}}