{"id":832453,"date":"2021-12-02T09:14:41","date_gmt":"2021-12-02T08:14:41","guid":{"rendered":"https:\/\/www-dev.fagorautomation.com\/safe-operation-and-export\/"},"modified":"2022-04-21T08:23:16","modified_gmt":"2022-04-21T07:23:16","slug":"manuseio-seguro-e-exportacao-de-produtos","status":"publish","type":"page","link":"https:\/\/www-dev.fagorautomation.com\/pt-pt\/manuseio-seguro-e-exportacao-de-produtos\/","title":{"rendered":"Manuseio seguro e exporta\u00e7\u00e3o de produtos"},"content":{"rendered":"<p><strong>Para o manuseio seguro dos produtos:<\/strong><br \/>\nPor seguran\u00e7a. Leia cuidadosamente os manuais antes de utilizar nossos produtos.<\/p>\n<p><strong>Para a exporta\u00e7\u00e3o de produtos:<\/strong><br \/>\nAlguns produtos fabricados pela FAGOR AUTOMATION, est\u00e3o inclu\u00eddos no anexo I do regulamento UE 1382\/2014. Estes produtos identificam-se com o texto -MDU e necessitam de licen\u00e7a de Exporta\u00e7\u00e3o, dependendo do destino e da utiliza\u00e7\u00e3o.<\/p>\n<p><strong><img loading=\"lazy\" decoding=\"async\" class=\"alignnone wp-image-5669\" title=\"ico_pdf\" src=\"\/wp-content\/themes\/generatepress_child\/img\/ico_pdf.gif\" alt=\"\" width=\"17\" height=\"17\" \/>  <a href=\"\/documents\/manejo-seguro-y-exportacion\/export-permit.pdf\" target=\"_blank\" rel=\"noopener\">Autoriza\u00e7\u00e3o de exporta\u00e7\u00e3o como destino, materiais e uso<\/a><\/strong><\/p>\n<p>&nbsp;<\/p>\n","protected":false},"excerpt":{"rendered":"<p>Para o manuseio seguro dos produtos: Por seguran\u00e7a. Leia cuidadosamente os manuais antes de utilizar &#8230; <a title=\"Manuseio seguro e exporta\u00e7\u00e3o de produtos\" class=\"read-more\" href=\"https:\/\/www-dev.fagorautomation.com\/pt-pt\/manuseio-seguro-e-exportacao-de-produtos\/\" aria-label=\"Leia mais sobre Manuseio seguro e exporta\u00e7\u00e3o de produtos\"> <\/a><\/p>\n","protected":false},"author":1,"featured_media":0,"parent":0,"menu_order":0,"comment_status":"closed","ping_status":"closed","template":"","meta":{"_acf_changed":false,"footnotes":""},"categories":[1334,1286],"tags":[],"class_list":{"0":"post-832453","1":"page","2":"type-page","3":"status-publish","5":"category-menu-empresa-pt-pt","6":"category-page-title-franja-red-pt-pt"},"acf":[],"wpml_current_locale":"pt_PT","wpml_translations":[{"locale":"en","id":825922,"post_title":"Safe Operation and Export","href":"https:\/\/www-dev.fagorautomation.com\/en\/safe-operation-and-export\/"},{"locale":"es_ES","id":204,"post_title":"Manejo seguro y exportaci\u00f3n","href":"https:\/\/www-dev.fagorautomation.com\/es\/manejo-seguro-y-exportacion\/"},{"locale":"en_US","id":832449,"post_title":"Safe Operation and Export","href":"https:\/\/www-dev.fagorautomation.com\/en-us\/safe-operation-and-export\/"},{"locale":"it_IT","id":832450,"post_title":"Utilizzo sicuro e esportazione dei prodotti","href":"https:\/\/www-dev.fagorautomation.com\/it\/utilizzo-sicuro-e-esportazione-dei-prodotti\/"},{"locale":"fr_FR","id":832446,"post_title":"Safe Operation and Export","href":"https:\/\/www-dev.fagorautomation.com\/fr\/safe-operation-and-export\/"},{"locale":"pt_BR","id":832452,"post_title":"Manuseio seguro e exporta\u00e7\u00e3o de produtos","href":"https:\/\/www-dev.fagorautomation.com\/pt-br\/manuseio-seguro-e-exportacao-de-produtos\/"},{"locale":"de_DE","id":832447,"post_title":"Sichere Handhabung und Export der Produkte","href":"https:\/\/www-dev.fagorautomation.com\/de\/sichere-handhabung-und-export-der-produkte\/"},{"locale":"en_IN","id":832448,"post_title":"Safe Operation and Export","href":"https:\/\/www-dev.fagorautomation.com\/hi\/safe-operation-and-export\/"},{"locale":"ja","id":832451,"post_title":"\u5b89\u5168\u306a\u64cd\u4f5c\u3068\u8f38\u51fa","href":"https:\/\/www-dev.fagorautomation.com\/ja\/%e5%ae%89%e5%85%a8%e3%81%aa%e6%93%8d%e4%bd%9c%e3%81%a8%e8%bc%b8%e5%87%ba\/"},{"locale":"eu_ES","id":832445,"post_title":"Produktuen erabilera segurua eta esportazioa","href":"https:\/\/www-dev.fagorautomation.com\/eu\/produktuen-erabilera-segurua-eta-esportazioa\/"}],"_links":{"self":[{"href":"https:\/\/www-dev.fagorautomation.com\/pt-pt\/wp-json\/wp\/v2\/pages\/832453","targetHints":{"allow":["GET"]}}],"collection":[{"href":"https:\/\/www-dev.fagorautomation.com\/pt-pt\/wp-json\/wp\/v2\/pages"}],"about":[{"href":"https:\/\/www-dev.fagorautomation.com\/pt-pt\/wp-json\/wp\/v2\/types\/page"}],"author":[{"embeddable":true,"href":"https:\/\/www-dev.fagorautomation.com\/pt-pt\/wp-json\/wp\/v2\/users\/1"}],"replies":[{"embeddable":true,"href":"https:\/\/www-dev.fagorautomation.com\/pt-pt\/wp-json\/wp\/v2\/comments?post=832453"}],"version-history":[{"count":0,"href":"https:\/\/www-dev.fagorautomation.com\/pt-pt\/wp-json\/wp\/v2\/pages\/832453\/revisions"}],"wp:attachment":[{"href":"https:\/\/www-dev.fagorautomation.com\/pt-pt\/wp-json\/wp\/v2\/media?parent=832453"}],"wp:term":[{"taxonomy":"category","embeddable":true,"href":"https:\/\/www-dev.fagorautomation.com\/pt-pt\/wp-json\/wp\/v2\/categories?post=832453"},{"taxonomy":"post_tag","embeddable":true,"href":"https:\/\/www-dev.fagorautomation.com\/pt-pt\/wp-json\/wp\/v2\/tags?post=832453"}],"curies":[{"name":"wp","href":"https:\/\/api.w.org\/{rel}","templated":true}]}}