{"id":832356,"date":"2021-12-02T13:56:55","date_gmt":"2021-12-02T12:56:55","guid":{"rendered":"https:\/\/www-dev.fagorautomation.com\/other-industries\/"},"modified":"2023-01-04T14:53:37","modified_gmt":"2023-01-04T13:53:37","slug":"outros-setores","status":"publish","type":"page","link":"https:\/\/www-dev.fagorautomation.com\/pt-pt\/outros-setores\/","title":{"rendered":"Sistemas de Capta\u00e7\u00e3o para outros setores"},"content":{"rendered":"<div id=\"pl-832356\"  class=\"panel-layout\" ><div id=\"pg-832356-0\"  class=\"panel-grid panel-no-style\" ><div id=\"pgc-832356-0-0\"  class=\"panel-grid-cell\" ><div id=\"panel-832356-0-0-0\" class=\"so-panel widget widget_sow-editor panel-first-child panel-last-child\" data-index=\"0\" ><div\n\t\t\t\n\t\t\tclass=\"so-widget-sow-editor so-widget-sow-editor-base\"\n\t\t\t\n\t\t>\n<div class=\"siteorigin-widget-tinymce textwidget\">\n\t<div id=\"panel-832309-4-0-1\" class=\"so-panel widget widget_sow-editor panel-last-child\" data-index=\"8\">\n<div class=\"so-widget-sow-editor so-widget-sow-editor-base\">\n<div class=\"siteorigin-widget-tinymce textwidget\">\n<p>Os <strong>sistemas lineares de medida abertos da FAGOR<\/strong> est\u00e3o desenhados para uso em m\u00e1quinas e instala\u00e7\u00f5es que habitualmente requerem grande precis\u00e3o, a grandes velocidades de deslocamento. Aplica\u00e7\u00f5es t\u00edpicas destes sistemas s\u00e3o:<\/p>\n<ul>\n<li>Equipamentos de produ\u00e7\u00e3o e medida na industria de semicondutores.<\/li>\n<li>Maquinas de embalagem de circuitos.<\/li>\n<li>M\u00e1quina-ferramenta de elevada precis\u00e3o.<\/li>\n<li>M\u00e1quinas de medida e compara\u00e7\u00e3o, microscopios de medi\u00e7\u00e3o e outros dispositivos de precis\u00e3o.<\/li>\n<li>Motores Lineares.<\/li>\n<\/ul>\n<\/div>\n<\/div>\n<\/div>\n<\/div>\n<\/div><\/div><\/div><\/div><div id=\"pg-832356-1\"  class=\"panel-grid panel-has-style\" ><div class=\"box-sin siteorigin-panels-stretch panel-row-style panel-row-style-for-832356-1\" data-stretch-type=\"full\" ><div id=\"pgc-832356-1-0\"  class=\"panel-grid-cell\" ><div id=\"panel-832356-1-0-0\" class=\"so-panel widget widget_sow-hero panel-first-child\" data-index=\"1\" ><div class=\"panel-widget-style panel-widget-style-for-832356-1-0-0\" ><div\n\t\t\t\n\t\t\tclass=\"so-widget-sow-hero so-widget-sow-hero-default-e0d70d49d2c6-832356 so-widget-fittext-wrapper\"\n\t\t\t data-fit-text-compressor=\"0.85\"\n\t\t>\t\t\t\t<div class=\"sow-slider-base\" style=\"display: none\" tabindex=\"0\">\n\t\t\t\t\t<ul\n\t\t\t\t\tclass=\"sow-slider-images\"\n\t\t\t\t\tdata-settings=\"{&quot;pagination&quot;:true,&quot;speed&quot;:800,&quot;timeout&quot;:8000,&quot;paused&quot;:true,&quot;pause_on_hover&quot;:false,&quot;swipe&quot;:true,&quot;nav_always_show_desktop&quot;:&quot;&quot;,&quot;nav_always_show_mobile&quot;:&quot;&quot;,&quot;breakpoint&quot;:&quot;780px&quot;,&quot;unmute&quot;:false,&quot;anchor&quot;:null}\"\n\t\t\t\t\tstyle=\"min-height: 250px\"\t\t\t\t\tdata-anchor-id=\"\"\n\t\t\t\t>\t\t<li class=\"sow-slider-image  sow-slider-image-cover\" style=\"visibility: visible;;background-color: #333333;background-image: url(https:\/\/www-dev.fagorautomation.com\/wp-content\/uploads\/img-products\/sis-captacion-sector-semiconduccion.jpg)\" >\n\t\t\t\t\t<div class=\"sow-slider-image-container\">\n\t\t\t<div class=\"sow-slider-image-wrapper\">\n\t\t\t\t<h3>Semicondutores<\/h3>\n\t\t\t<\/div>\n\t\t<\/div>\n\t\t\t\t<\/li>\n\t\t<\/ul>\t\t\t\t<ol class=\"sow-slider-pagination\">\n\t\t\t\t\t\t\t\t\t\t\t<li><a href=\"#\" data-goto=\"0\" aria-label=\"Display slide 1\"><\/a><\/li>\n\t\t\t\t\t\t\t\t\t<\/ol>\n\n\t\t\t\t<div class=\"sow-slide-nav sow-slide-nav-next\">\n\t\t\t\t\t<a href=\"#\" data-goto=\"next\" aria-label=\"Next slide\" data-action=\"next\">\n\t\t\t\t\t\t<em class=\"sow-sld-icon-thin-right\"><\/em>\n\t\t\t\t\t<\/a>\n\t\t\t\t<\/div>\n\n\t\t\t\t<div class=\"sow-slide-nav sow-slide-nav-prev\">\n\t\t\t\t\t<a href=\"#\" data-goto=\"previous\" aria-label=\"Previous slide\" data-action=\"prev\">\n\t\t\t\t\t\t<em class=\"sow-sld-icon-thin-left\"><\/em>\n\t\t\t\t\t<\/a>\n\t\t\t\t<\/div>\n\t\t\t\t<\/div><\/div><\/div><\/div><div id=\"panel-832356-1-0-1\" class=\"so-panel widget widget_sow-editor panel-last-child\" data-index=\"2\" ><div class=\"panel-widget-style panel-widget-style-for-832356-1-0-1\" ><div\n\t\t\t\n\t\t\tclass=\"so-widget-sow-editor so-widget-sow-editor-base\"\n\t\t\t\n\t\t>\n<div class=\"siteorigin-widget-tinymce textwidget\">\n\t<p>O crescente grau de complexidade dos chips e a maior densidade nos embalamentos dos componentes eletr\u00f3nicos, \u00e0s familias de encoders lineares e \u00e2ngulares sem contacto, permitem um controlo suave e preciso dos movimentos a altas velocidades e acelera\u00e7\u00f5es, de equipamentos destinados ao fabrico, verifica\u00e7\u00e3o e controlo de semicondutores e electr\u00f3nica, como podem ser \u201cwire bonding\u201d, \u201cPCB drilling\u201d, analise por raios-x ou controlo de qualidade visual.<\/p>\n<\/div>\n<\/div><\/div><\/div><\/div><div id=\"pgc-832356-1-1\"  class=\"panel-grid-cell\" ><div id=\"panel-832356-1-1-0\" class=\"so-panel widget widget_sow-hero panel-first-child\" data-index=\"3\" ><div class=\"panel-widget-style panel-widget-style-for-832356-1-1-0\" ><div\n\t\t\t\n\t\t\tclass=\"so-widget-sow-hero so-widget-sow-hero-default-e0d70d49d2c6-832356 so-widget-fittext-wrapper\"\n\t\t\t data-fit-text-compressor=\"0.85\"\n\t\t>\t\t\t\t<div class=\"sow-slider-base\" style=\"display: none\" tabindex=\"0\">\n\t\t\t\t\t<ul\n\t\t\t\t\tclass=\"sow-slider-images\"\n\t\t\t\t\tdata-settings=\"{&quot;pagination&quot;:true,&quot;speed&quot;:800,&quot;timeout&quot;:8000,&quot;paused&quot;:true,&quot;pause_on_hover&quot;:false,&quot;swipe&quot;:true,&quot;nav_always_show_desktop&quot;:&quot;&quot;,&quot;nav_always_show_mobile&quot;:&quot;&quot;,&quot;breakpoint&quot;:&quot;780px&quot;,&quot;unmute&quot;:false,&quot;anchor&quot;:null}\"\n\t\t\t\t\tstyle=\"min-height: 250px\"\t\t\t\t\tdata-anchor-id=\"\"\n\t\t\t\t>\t\t<li class=\"sow-slider-image  sow-slider-image-cover\" style=\"visibility: visible;;background-color: #333333\" >\n\t\t\t\t\t<div class=\"sow-slider-image-container\">\n\t\t\t<div class=\"sow-slider-image-wrapper\">\n\t\t\t\t<h3>Grandes instala\u00e7\u00f5es<br \/>\ncient\u00edficas<\/h3>\n\t\t\t<\/div>\n\t\t<\/div>\n\t\t<div class=\"sow-slider-image-overlay sow-slider-image-cover\" style=\"opacity: 0.8;background-image: url(https:\/\/www-dev.fagorautomation.com\/wp-content\/uploads\/img-products\/sis-captacion-sector-ciencia.jpg)\"  ><\/div>\t\t<\/li>\n\t\t<\/ul>\t\t\t\t<ol class=\"sow-slider-pagination\">\n\t\t\t\t\t\t\t\t\t\t\t<li><a href=\"#\" data-goto=\"0\" aria-label=\"Display slide 1\"><\/a><\/li>\n\t\t\t\t\t\t\t\t\t<\/ol>\n\n\t\t\t\t<div class=\"sow-slide-nav sow-slide-nav-next\">\n\t\t\t\t\t<a href=\"#\" data-goto=\"next\" aria-label=\"Next slide\" data-action=\"next\">\n\t\t\t\t\t\t<em class=\"sow-sld-icon-thin-right\"><\/em>\n\t\t\t\t\t<\/a>\n\t\t\t\t<\/div>\n\n\t\t\t\t<div class=\"sow-slide-nav sow-slide-nav-prev\">\n\t\t\t\t\t<a href=\"#\" data-goto=\"previous\" aria-label=\"Previous slide\" data-action=\"prev\">\n\t\t\t\t\t\t<em class=\"sow-sld-icon-thin-left\"><\/em>\n\t\t\t\t\t<\/a>\n\t\t\t\t<\/div>\n\t\t\t\t<\/div><\/div><\/div><\/div><div id=\"panel-832356-1-1-1\" class=\"so-panel widget widget_sow-editor panel-last-child\" data-index=\"4\" ><div class=\"panel-widget-style panel-widget-style-for-832356-1-1-1\" ><div\n\t\t\t\n\t\t\tclass=\"so-widget-sow-editor so-widget-sow-editor-base\"\n\t\t\t\n\t\t>\n<div class=\"siteorigin-widget-tinymce textwidget\">\n\t<p>Desde o estudo do mundo microsc\u00f3pico das part\u00edculas fundamentais, at\u00e9 \u00e0 explora\u00e7\u00e3o do Universo, a gama completa de encoders muito robustos oferecem um controlo fi\u00e1vel e repetibilidade em remoto, de dezenas de equipamentos em Grandes Infraestruturas de Investiga\u00e7\u00e3o (GICs) como podem ser onduladores, difract\u00f3metros ou espectr\u00f3metros.<\/p>\n<\/div>\n<\/div><\/div><\/div><\/div><div id=\"pgc-832356-1-2\"  class=\"panel-grid-cell\" ><div id=\"panel-832356-1-2-0\" class=\"so-panel widget widget_sow-hero panel-first-child\" data-index=\"5\" ><div class=\"panel-widget-style panel-widget-style-for-832356-1-2-0\" ><div\n\t\t\t\n\t\t\tclass=\"so-widget-sow-hero so-widget-sow-hero-default-e0d70d49d2c6-832356 so-widget-fittext-wrapper\"\n\t\t\t data-fit-text-compressor=\"0.85\"\n\t\t>\t\t\t\t<div class=\"sow-slider-base\" style=\"display: none\" tabindex=\"0\">\n\t\t\t\t\t<ul\n\t\t\t\t\tclass=\"sow-slider-images\"\n\t\t\t\t\tdata-settings=\"{&quot;pagination&quot;:true,&quot;speed&quot;:800,&quot;timeout&quot;:8000,&quot;paused&quot;:true,&quot;pause_on_hover&quot;:false,&quot;swipe&quot;:true,&quot;nav_always_show_desktop&quot;:&quot;&quot;,&quot;nav_always_show_mobile&quot;:&quot;&quot;,&quot;breakpoint&quot;:&quot;780px&quot;,&quot;unmute&quot;:false,&quot;anchor&quot;:null}\"\n\t\t\t\t\tstyle=\"min-height: 250px\"\t\t\t\t\tdata-anchor-id=\"\"\n\t\t\t\t>\t\t<li class=\"sow-slider-image  sow-slider-image-cover\" style=\"visibility: visible;;background-color: #333333\" >\n\t\t\t\t\t<div class=\"sow-slider-image-container\">\n\t\t\t<div class=\"sow-slider-image-wrapper\">\n\t\t\t\t<h3>Metrologia<\/h3>\n\t\t\t<\/div>\n\t\t<\/div>\n\t\t<div class=\"sow-slider-image-overlay sow-slider-image-cover\" style=\"opacity: 0.8;background-image: url(https:\/\/www-dev.fagorautomation.com\/wp-content\/uploads\/img-products\/sis-captacion-sector-metrologia.jpg)\"  ><\/div>\t\t<\/li>\n\t\t<\/ul>\t\t\t\t<ol class=\"sow-slider-pagination\">\n\t\t\t\t\t\t\t\t\t\t\t<li><a href=\"#\" data-goto=\"0\" aria-label=\"Display slide 1\"><\/a><\/li>\n\t\t\t\t\t\t\t\t\t<\/ol>\n\n\t\t\t\t<div class=\"sow-slide-nav sow-slide-nav-next\">\n\t\t\t\t\t<a href=\"#\" data-goto=\"next\" aria-label=\"Next slide\" data-action=\"next\">\n\t\t\t\t\t\t<em class=\"sow-sld-icon-thin-right\"><\/em>\n\t\t\t\t\t<\/a>\n\t\t\t\t<\/div>\n\n\t\t\t\t<div class=\"sow-slide-nav sow-slide-nav-prev\">\n\t\t\t\t\t<a href=\"#\" data-goto=\"previous\" aria-label=\"Previous slide\" data-action=\"prev\">\n\t\t\t\t\t\t<em class=\"sow-sld-icon-thin-left\"><\/em>\n\t\t\t\t\t<\/a>\n\t\t\t\t<\/div>\n\t\t\t\t<\/div><\/div><\/div><\/div><div id=\"panel-832356-1-2-1\" class=\"so-panel widget widget_sow-editor panel-last-child\" data-index=\"6\" ><div class=\"panel-widget-style panel-widget-style-for-832356-1-2-1\" ><div\n\t\t\t\n\t\t\tclass=\"so-widget-sow-editor so-widget-sow-editor-base\"\n\t\t\t\n\t\t>\n<div class=\"siteorigin-widget-tinymce textwidget\">\n\t<p>Desde comparadores \u00f3ticos at\u00e9 equipamentos de medi\u00e7\u00e3o tridimensional (CMM), a gama completa de encoders lineares e \u00e2ngulares abertos ou fechados s\u00e3o ideais para aplica\u00e7\u00f5es de metrologia, pela sua f\u00e1cil instala\u00e7\u00e3o, excelentes sinais gerados a partir dos substratos de alta qualidade e um comportamento t\u00e9rmico determinado, que se pode compensar num sistema de controlo minimizando os erros de medida.<\/p>\n<\/div>\n<\/div><\/div><\/div><\/div><div id=\"pgc-832356-1-3\"  class=\"panel-grid-cell\" ><div id=\"panel-832356-1-3-0\" class=\"so-panel widget widget_sow-hero panel-first-child\" data-index=\"7\" ><div class=\"panel-widget-style panel-widget-style-for-832356-1-3-0\" ><div\n\t\t\t\n\t\t\tclass=\"so-widget-sow-hero so-widget-sow-hero-default-e0d70d49d2c6-832356 so-widget-fittext-wrapper\"\n\t\t\t data-fit-text-compressor=\"0.85\"\n\t\t>\t\t\t\t<div class=\"sow-slider-base\" style=\"display: none\" tabindex=\"0\">\n\t\t\t\t\t<ul\n\t\t\t\t\tclass=\"sow-slider-images\"\n\t\t\t\t\tdata-settings=\"{&quot;pagination&quot;:true,&quot;speed&quot;:800,&quot;timeout&quot;:8000,&quot;paused&quot;:true,&quot;pause_on_hover&quot;:false,&quot;swipe&quot;:true,&quot;nav_always_show_desktop&quot;:&quot;&quot;,&quot;nav_always_show_mobile&quot;:&quot;&quot;,&quot;breakpoint&quot;:&quot;780px&quot;,&quot;unmute&quot;:false,&quot;anchor&quot;:null}\"\n\t\t\t\t\tstyle=\"min-height: 250px\"\t\t\t\t\tdata-anchor-id=\"\"\n\t\t\t\t>\t\t<li class=\"sow-slider-image  sow-slider-image-cover\" style=\"visibility: visible;;background-color: #333333\" >\n\t\t\t\t\t<div class=\"sow-slider-image-container\">\n\t\t\t<div class=\"sow-slider-image-wrapper\">\n\t\t\t\t<h3>Fabrico Aditivo<\/h3>\n\t\t\t<\/div>\n\t\t<\/div>\n\t\t<div class=\"sow-slider-image-overlay sow-slider-image-cover\" style=\"opacity: 0.8;background-image: url(https:\/\/www-dev.fagorautomation.com\/wp-content\/uploads\/fabricacion-auditiva-fagorautomation.jpg)\"  ><\/div>\t\t<\/li>\n\t\t<\/ul>\t\t\t\t<ol class=\"sow-slider-pagination\">\n\t\t\t\t\t\t\t\t\t\t\t<li><a href=\"#\" data-goto=\"0\" aria-label=\"Display slide 1\"><\/a><\/li>\n\t\t\t\t\t\t\t\t\t<\/ol>\n\n\t\t\t\t<div class=\"sow-slide-nav sow-slide-nav-next\">\n\t\t\t\t\t<a href=\"#\" data-goto=\"next\" aria-label=\"Next slide\" data-action=\"next\">\n\t\t\t\t\t\t<em class=\"sow-sld-icon-thin-right\"><\/em>\n\t\t\t\t\t<\/a>\n\t\t\t\t<\/div>\n\n\t\t\t\t<div class=\"sow-slide-nav sow-slide-nav-prev\">\n\t\t\t\t\t<a href=\"#\" data-goto=\"previous\" aria-label=\"Previous slide\" data-action=\"prev\">\n\t\t\t\t\t\t<em class=\"sow-sld-icon-thin-left\"><\/em>\n\t\t\t\t\t<\/a>\n\t\t\t\t<\/div>\n\t\t\t\t<\/div><\/div><\/div><\/div><div id=\"panel-832356-1-3-1\" class=\"so-panel widget widget_sow-editor panel-last-child\" data-index=\"8\" ><div class=\"panel-widget-style panel-widget-style-for-832356-1-3-1\" ><div\n\t\t\t\n\t\t\tclass=\"so-widget-sow-editor so-widget-sow-editor-base\"\n\t\t\t\n\t\t>\n<div class=\"siteorigin-widget-tinymce textwidget\">\n\t<p>Seja em equipamentos baseados em pol\u00edmeros, metais, cer\u00e2micos ou biomateriais, a gama de encoders lineares e \u00e2ngulares fechados, extremamente resistentes a contaminantes s\u00f3lidos, permitem o posicionamento preciso das camadas de material, melhorando as toler\u00e2ncias dimensionais e a qualidade das pe\u00e7as fabricadas, por qualquer das diferentes tecnologias de fabrico aditivo como podem ser SLM ou WAAM.<\/p>\n<\/div>\n<\/div><\/div><\/div><\/div><\/div><\/div><div id=\"pg-832356-2\"  class=\"panel-grid panel-has-style\" ><div class=\"siteorigin-panels-stretch panel-row-style panel-row-style-for-832356-2\" data-stretch-type=\"full-stretched\" ><div id=\"pgc-832356-2-0\"  class=\"panel-grid-cell panel-grid-cell-empty\" ><\/div><\/div><\/div><div id=\"pg-832356-3\"  class=\"panel-grid panel-has-style\" ><div class=\"panel-row-style panel-row-style-for-832356-3\" ><div id=\"pgc-832356-3-0\"  class=\"panel-grid-cell\" ><div id=\"panel-832356-3-0-0\" class=\"so-panel widget widget_sow-headline panel-first-child\" data-index=\"9\" ><div class=\"panel-widget-style panel-widget-style-for-832356-3-0-0\" ><div\n\t\t\t\n\t\t\tclass=\"so-widget-sow-headline so-widget-sow-headline-default-2916643c08ac-832356 so-widget-fittext-wrapper\"\n\t\t\t data-fit-text-compressor=\"0.85\"\n\t\t><div class=\"sow-headline-container \">\n\t\t\t\t\t\t\t<h2 class=\"sow-headline\">\n\t\t\t\t\t\tQue setor lhe interessa?\t\t\t\t\t\t<\/h2>\n\t\t\t\t\t\t<\/div>\n<\/div><\/div><\/div><div id=\"panel-832356-3-0-1\" class=\"so-panel widget widget_siteorigin-panels-builder panel-last-child\" data-index=\"10\" ><div class=\"home-productos panel-widget-style panel-widget-style-for-832356-3-0-1\" ><div id=\"pl-w6261056a4b83a\"  class=\"panel-layout\" ><div id=\"pg-w6261056a4b83a-0\"  class=\"panel-grid panel-has-style\" ><div class=\"panel-row-style panel-row-style-for-w6261056a4b83a-0\" ><div id=\"pgc-w6261056a4b83a-0-0\"  class=\"panel-grid-cell\" ><div id=\"panel-w6261056a4b83a-0-0-0\" class=\"so-panel widget widget_sow-tabs panel-first-child panel-last-child\" data-index=\"0\" ><div class=\"tabs-productos panel-widget-style panel-widget-style-for-w6261056a4b83a-0-0-0\" ><div\n\t\t\t\n\t\t\tclass=\"so-widget-sow-tabs so-widget-sow-tabs-default-f8b399c32fbb\"\n\t\t\t\n\t\t><div class=\"sow-tabs\">\n\t<div class=\"sow-tabs-tab-container\" role=\"tablist\">\n\t\t\t<div\n\t\t\tclass=\"sow-tabs-tab\n\t\t\t sow-tabs-tab-selected\t\t\t\"\n\t\t\trole=\"tab\"\n\t\t\tdata-anchor-id=\"semicondutores\"\n\t\t\taria-selected=\"true\"\n\t\t\ttabindex=\"0\"\n\t\t>\n\t\t\t<div class=\"sow-tabs-title sow-tabs-title-icon-left\">\n\t\t\t\t\t\t\t\tSemicondutores\t\t\t\t\t\t\t<\/div>\n\t\t<\/div>\n\t\t\t<div\n\t\t\tclass=\"sow-tabs-tab\n\t\t\t\t\t\t\"\n\t\t\trole=\"tab\"\n\t\t\tdata-anchor-id=\"grandes-instalacoes-cientificas\"\n\t\t\taria-selected=\"false\"\n\t\t\ttabindex=\"0\"\n\t\t>\n\t\t\t<div class=\"sow-tabs-title sow-tabs-title-icon-left\">\n\t\t\t\t\t\t\t\tGrandes instala\u00e7\u00f5es cient\u00edficas\t\t\t\t\t\t\t<\/div>\n\t\t<\/div>\n\t\t\t<div\n\t\t\tclass=\"sow-tabs-tab\n\t\t\t\t\t\t\"\n\t\t\trole=\"tab\"\n\t\t\tdata-anchor-id=\"metrologia\"\n\t\t\taria-selected=\"false\"\n\t\t\ttabindex=\"0\"\n\t\t>\n\t\t\t<div class=\"sow-tabs-title sow-tabs-title-icon-left\">\n\t\t\t\t\t\t\t\tMetrolog\u00eda\t\t\t\t\t\t\t<\/div>\n\t\t<\/div>\n\t\t\t<div\n\t\t\tclass=\"sow-tabs-tab\n\t\t\t\t\t\t\"\n\t\t\trole=\"tab\"\n\t\t\tdata-anchor-id=\"fabrico-aditivo\"\n\t\t\taria-selected=\"false\"\n\t\t\ttabindex=\"0\"\n\t\t>\n\t\t\t<div class=\"sow-tabs-title sow-tabs-title-icon-left\">\n\t\t\t\t\t\t\t\tFabrico aditivo\t\t\t\t\t\t\t<\/div>\n\t\t<\/div>\n\t\t<\/div>\n\n\t<div class=\"sow-tabs-panel-container\">\n\t\t\t<div class=\"sow-tabs-panel\">\n\t\t\t<div\n\t\t\t\tclass=\"sow-tabs-panel-content\"\n\t\t\t\trole=\"tabpanel\"\n\t\t\t\taria-hidden=\"false\"\n\t\t\t>\n\t\t\t\t<p>[wp_show_posts id=\"827124\"]<\/p>\n\t\t\t<\/div>\n\t\t<\/div>\n\t\t\t<div class=\"sow-tabs-panel\">\n\t\t\t<div\n\t\t\t\tclass=\"sow-tabs-panel-content\"\n\t\t\t\trole=\"tabpanel\"\n\t\t\t\taria-hidden=\"true\"\n\t\t\t>\n\t\t\t\t<p>[wp_show_posts id=\"827124\"]<\/p>\n\t\t\t<\/div>\n\t\t<\/div>\n\t\t\t<div class=\"sow-tabs-panel\">\n\t\t\t<div\n\t\t\t\tclass=\"sow-tabs-panel-content\"\n\t\t\t\trole=\"tabpanel\"\n\t\t\t\taria-hidden=\"true\"\n\t\t\t>\n\t\t\t\t<p>[wp_show_posts id=\"827124\"]<\/p>\n\t\t\t<\/div>\n\t\t<\/div>\n\t\t\t<div class=\"sow-tabs-panel\">\n\t\t\t<div\n\t\t\t\tclass=\"sow-tabs-panel-content\"\n\t\t\t\trole=\"tabpanel\"\n\t\t\t\taria-hidden=\"true\"\n\t\t\t>\n\t\t\t\t<p>[wp_show_posts id=\"827124\"]<\/p>\n\t\t\t<\/div>\n\t\t<\/div>\n\t\t<\/div>\n<\/div>\n<\/div><\/div><\/div><\/div><\/div><\/div><\/div><\/div><\/div><\/div><\/div><\/div><\/div>","protected":false},"excerpt":{"rendered":"<p>Os sistemas lineares de medida abertos da FAGOR est\u00e3o desenhados para uso em m\u00e1quinas e &#8230; <a title=\"Sistemas de Capta\u00e7\u00e3o para outros setores\" class=\"read-more\" href=\"https:\/\/www-dev.fagorautomation.com\/pt-pt\/outros-setores\/\" aria-label=\"Leia mais sobre Sistemas de Capta\u00e7\u00e3o para outros setores\"> <\/a><\/p>\n","protected":false},"author":1,"featured_media":0,"parent":0,"menu_order":0,"comment_status":"closed","ping_status":"closed","template":"","meta":{"_acf_changed":false,"footnotes":""},"categories":[1339],"tags":[],"class_list":{"0":"post-832356","1":"page","2":"type-page","3":"status-publish","5":"category-menu-captacion-pt-pt"},"acf":[],"wpml_current_locale":"pt_PT","wpml_translations":[{"locale":"en","id":825831,"post_title":"Feedback Systems for other industries","href":"https:\/\/www-dev.fagorautomation.com\/en\/other-industries\/"},{"locale":"es_ES","id":383,"post_title":"Sistemas de Captaci\u00f3n para otros sectores","href":"https:\/\/www-dev.fagorautomation.com\/es\/otros-sectores\/"},{"locale":"en_US","id":832375,"post_title":"Feedback Systems for other industries","href":"https:\/\/www-dev.fagorautomation.com\/en-us\/other-industries\/"},{"locale":"it_IT","id":832376,"post_title":"Sistemi di feedback per altri settori","href":"https:\/\/www-dev.fagorautomation.com\/it\/altri-settori\/"},{"locale":"fr_FR","id":832358,"post_title":"Syst\u00e8mes de mesure pour d'autres industries","href":"https:\/\/www-dev.fagorautomation.com\/fr\/autres-industries\/"},{"locale":"pt_BR","id":832378,"post_title":"Sistemas de Medi\u00e7\u00e3o para outros setores","href":"https:\/\/www-dev.fagorautomation.com\/pt-br\/outros-setores\/"},{"locale":"de_DE","id":832359,"post_title":"Messsysteme f\u00fcr andere Maschinen","href":"https:\/\/www-dev.fagorautomation.com\/de\/andere-maschine\/"},{"locale":"en_IN","id":832360,"post_title":"Feedback Systems for other industries","href":"https:\/\/www-dev.fagorautomation.com\/hi\/other-industries\/"},{"locale":"ja","id":832377,"post_title":"\u4ed6\u306e\u696d\u754c\u5411\u3051\u306e\u30d5\u30a3\u30fc\u30c9\u30d0\u30c3\u30af \u30b7\u30b9\u30c6\u30e0","href":"https:\/\/www-dev.fagorautomation.com\/ja\/other-industries\/"},{"locale":"eu_ES","id":832357,"post_title":"Beste sektore batzuetarako atzitze sistemak","href":"https:\/\/www-dev.fagorautomation.com\/eu\/other-industries\/"},{"locale":"zh_CN","id":906295,"post_title":"\u53cd\u9988\u7cfb\u7edf\u7528\u4e8e\u5176\u4ed6\u884c\u4e1a","href":"https:\/\/www-dev.fagorautomation.com\/zh-hans\/%e5%8f%8d%e9%a6%88%e7%b3%bb%e7%bb%9f%e7%94%a8%e4%ba%8e%e5%85%b6%e4%bb%96%e8%a1%8c%e4%b8%9a\/"}],"_links":{"self":[{"href":"https:\/\/www-dev.fagorautomation.com\/pt-pt\/wp-json\/wp\/v2\/pages\/832356","targetHints":{"allow":["GET"]}}],"collection":[{"href":"https:\/\/www-dev.fagorautomation.com\/pt-pt\/wp-json\/wp\/v2\/pages"}],"about":[{"href":"https:\/\/www-dev.fagorautomation.com\/pt-pt\/wp-json\/wp\/v2\/types\/page"}],"author":[{"embeddable":true,"href":"https:\/\/www-dev.fagorautomation.com\/pt-pt\/wp-json\/wp\/v2\/users\/1"}],"replies":[{"embeddable":true,"href":"https:\/\/www-dev.fagorautomation.com\/pt-pt\/wp-json\/wp\/v2\/comments?post=832356"}],"version-history":[{"count":0,"href":"https:\/\/www-dev.fagorautomation.com\/pt-pt\/wp-json\/wp\/v2\/pages\/832356\/revisions"}],"wp:attachment":[{"href":"https:\/\/www-dev.fagorautomation.com\/pt-pt\/wp-json\/wp\/v2\/media?parent=832356"}],"wp:term":[{"taxonomy":"category","embeddable":true,"href":"https:\/\/www-dev.fagorautomation.com\/pt-pt\/wp-json\/wp\/v2\/categories?post=832356"},{"taxonomy":"post_tag","embeddable":true,"href":"https:\/\/www-dev.fagorautomation.com\/pt-pt\/wp-json\/wp\/v2\/tags?post=832356"}],"curies":[{"name":"wp","href":"https:\/\/api.w.org\/{rel}","templated":true}]}}