{"id":832226,"date":"2022-01-31T15:53:59","date_gmt":"2022-01-31T14:53:59","guid":{"rendered":"https:\/\/www-dev.fagorautomation.com\/technical-services\/"},"modified":"2022-04-29T15:10:41","modified_gmt":"2022-04-29T14:10:41","slug":"servico-tecnico","status":"publish","type":"page","link":"https:\/\/www-dev.fagorautomation.com\/pt-pt\/servicos-oferecidos-por-fagor-automation\/servico-tecnico\/","title":{"rendered":"Servi\u00e7o t\u00e9cnico"},"content":{"rendered":"<div id=\"pl-832226\"  class=\"panel-layout\" ><div id=\"pg-832226-0\"  class=\"panel-grid panel-no-style\" ><div id=\"pgc-832226-0-0\"  class=\"panel-grid-cell\" ><div id=\"panel-832226-0-0-0\" class=\"so-panel widget widget_sow-editor panel-first-child panel-last-child\" data-index=\"0\" ><div\n\t\t\t\n\t\t\tclass=\"so-widget-sow-editor so-widget-sow-editor-base\"\n\t\t\t\n\t\t>\n<div class=\"siteorigin-widget-tinymce textwidget\">\n\t<p>A Fagor ampliou os limites do conceito de Assist\u00eancia T\u00e9cnica. Atribui import\u00e2ncia crescente<strong> ao binomio Cliente \u2013 Servi\u00e7o com objetivos claros de aumentar o desempenho e agregar mais valor \u00e0s m\u00e1quinas ao longo de todo o seu ciclo de vida,<\/strong> fazendo uso de conceitos como o TCO (Total Cost of Ownership), no qual o valor total de uma m\u00e1quina \u00e9 calculado n\u00e3o somente pelo seu pr\u00f3prio valor de aquisi\u00e7\u00e3o, mas tamb\u00e9m pelos servi\u00e7os associados a ela durante toda a sua vida \u00fatil.<\/p>\n<p>Para atingir este objetivo, a Fagor oferece servi\u00e7os adaptados \u00e0s necessidades dos clientes, e s\u00e3o orientados para a otimiza\u00e7\u00e3o da produ\u00e7\u00e3o ou \u00e0 extens\u00e3o da vida \u00fatil dos ativos.<\/p>\n<\/div>\n<\/div><\/div><\/div><\/div><div id=\"pg-832226-1\"  class=\"panel-grid panel-has-style\" ><div class=\"botonera panel-row-style panel-row-style-for-832226-1\" ><div id=\"pgc-832226-1-0\"  class=\"panel-grid-cell\" ><div id=\"panel-832226-1-0-0\" class=\"so-panel widget widget_sow-features panel-first-child panel-last-child\" data-index=\"1\" ><div class=\"contacto-iconos panel-widget-style panel-widget-style-for-832226-1-0-0\" ><div\n\t\t\t\n\t\t\tclass=\"so-widget-sow-features so-widget-sow-features-default-73d7c9d64f0f-832226\"\n\t\t\t\n\t\t><ul\n\tclass=\"sow-features-list\n\tsow-features-responsive\">\n\n\t\t\t<li\n\t\t\tclass=\"sow-features-feature sow-icon-container-position-top\"\n\t\t\tstyle=\"display: flex; flex-direction: column; width: calc(25% - 25px);\"\n\t\t>\n\t\t\t\t\t\t\t<a\n\t\t\t\t\thref=\"https:\/\/www-dev.fagorautomation.com\/pt-pt\/servicos-oferecidos-por-fagor-automation\/assistencia-tecnica\/\"\n\t\t\t\t\t\t\t\t\t\tclass=\"sow-features-feature-linked-column\"\n\t\t\t\t>\n\t\t\t\t\t<span class=\"so-sr-only\">\n\t\t\t\t\t\t\t\t\t\t\t<\/span>\n\t\t\t\t<\/a>\n\t\t\t\n\t\t\t\t\t\t<a\t\t\t\tclass=\"sow-icon-container sow-container-round\"\n\t\t\t\tstyle=\"color: #ffffff; \"\n\t\t\t\t\n\t\t\t\t\t\t\t\t\thref=\"https:\/\/www-dev.fagorautomation.com\/pt-pt\/servicos-oferecidos-por-fagor-automation\/assistencia-tecnica\/\"\n\t\t\t\t\t\t\t\t>\n\t\t\t\t\t\t\t\t\t\t<div class=\"sow-icon-image\" style=\"background-image: url(https:\/\/www-dev.fagorautomation.com\/wp-content\/uploads\/asistencia-tecnica.png); font-size: 50px\"><\/div>\n\t\t\t\t\t\t\t\t\t<\/a>\n\n\t\t\t<div class=\"textwidget\">\n\t\t\t\t\n\t\t\t\t\t\t\t\t\t<h2 class=\"sow-features-feature-title\">\n\t\t\t\t\t\tAssist\u00eancia t\u00e9cnica\t\t\t\t\t<\/h2>\n\t\t\t\t\n\t\t\t\t\t\t\t<\/div>\n\t\t\t\t\t\t\t\t<\/li>\n\n\t\t\t<li\n\t\t\tclass=\"sow-features-feature sow-icon-container-position-top\"\n\t\t\tstyle=\"display: flex; flex-direction: column; width: calc(25% - 25px);\"\n\t\t>\n\t\t\t\t\t\t\t<a\n\t\t\t\t\thref=\"https:\/\/www-dev.fagorautomation.com\/pt-pt\/servicos-oferecidos-por-fagor-automation\/servico-de-reparacoes\/\"\n\t\t\t\t\t\t\t\t\t\tclass=\"sow-features-feature-linked-column\"\n\t\t\t\t>\n\t\t\t\t\t<span class=\"so-sr-only\">\n\t\t\t\t\t\t\t\t\t\t\t<\/span>\n\t\t\t\t<\/a>\n\t\t\t\n\t\t\t\t\t\t<a\t\t\t\tclass=\"sow-icon-container sow-container-round\"\n\t\t\t\tstyle=\"color: #ffffff; \"\n\t\t\t\t\n\t\t\t\t\t\t\t\t\thref=\"https:\/\/www-dev.fagorautomation.com\/pt-pt\/servicos-oferecidos-por-fagor-automation\/servico-de-reparacoes\/\"\n\t\t\t\t\t\t\t\t>\n\t\t\t\t\t\t\t\t\t\t<div class=\"sow-icon-image\" style=\"background-image: url(https:\/\/www-dev.fagorautomation.com\/wp-content\/uploads\/servicio-reparacion.png); font-size: 50px\"><\/div>\n\t\t\t\t\t\t\t\t\t<\/a>\n\n\t\t\t<div class=\"textwidget\">\n\t\t\t\t\n\t\t\t\t\t\t\t\t\t<h2 class=\"sow-features-feature-title\">\n\t\t\t\t\t\tServi\u00e7o de repara\u00e7\u00f5es\t\t\t\t\t<\/h2>\n\t\t\t\t\n\t\t\t\t\t\t\t<\/div>\n\t\t\t\t\t\t\t\t<\/li>\n\n\t\t\t<li\n\t\t\tclass=\"sow-features-feature sow-icon-container-position-top\"\n\t\t\tstyle=\"display: flex; flex-direction: column; width: calc(25% - 25px);\"\n\t\t>\n\t\t\t\t\t\t\t<a\n\t\t\t\t\thref=\"https:\/\/www-dev.fagorautomation.com\/pt-pt\/servicos-oferecidos-por-fagor-automation\/pecas-intercambios\/\"\n\t\t\t\t\t\t\t\t\t\tclass=\"sow-features-feature-linked-column\"\n\t\t\t\t>\n\t\t\t\t\t<span class=\"so-sr-only\">\n\t\t\t\t\t\t\t\t\t\t\t<\/span>\n\t\t\t\t<\/a>\n\t\t\t\n\t\t\t\t\t\t<a\t\t\t\tclass=\"sow-icon-container sow-container-round\"\n\t\t\t\tstyle=\"color: #ffffff; \"\n\t\t\t\t\n\t\t\t\t\t\t\t\t\thref=\"https:\/\/www-dev.fagorautomation.com\/pt-pt\/servicos-oferecidos-por-fagor-automation\/pecas-intercambios\/\"\n\t\t\t\t\t\t\t\t>\n\t\t\t\t\t\t\t\t\t\t<div class=\"sow-icon-image\" style=\"background-image: url(https:\/\/www-dev.fagorautomation.com\/wp-content\/uploads\/solicitud-repuestos.png); font-size: 50px\"><\/div>\n\t\t\t\t\t\t\t\t\t<\/a>\n\n\t\t\t<div class=\"textwidget\">\n\t\t\t\t\n\t\t\t\t\t\t\t\t\t<h2 class=\"sow-features-feature-title\">\n\t\t\t\t\t\tPe\u00e7as \/ interc\u00e2mbios\t\t\t\t\t<\/h2>\n\t\t\t\t\n\t\t\t\t\t\t\t<\/div>\n\t\t\t\t\t\t\t\t<\/li>\n\n\t\t\t<li\n\t\t\tclass=\"sow-features-feature sow-icon-container-position-top\"\n\t\t\tstyle=\"display: flex; flex-direction: column; width: calc(25% - 25px);\"\n\t\t>\n\t\t\t\t\t\t\t<a\n\t\t\t\t\thref=\"https:\/\/www-dev.fagorautomation.com\/pt-pt\/servicos-oferecidos-por-fagor-automation\/atualizacao-e-reconversoes-upgrade-retrofit\/\"\n\t\t\t\t\t\t\t\t\t\tclass=\"sow-features-feature-linked-column\"\n\t\t\t\t>\n\t\t\t\t\t<span class=\"so-sr-only\">\n\t\t\t\t\t\t\t\t\t\t\t<\/span>\n\t\t\t\t<\/a>\n\t\t\t\n\t\t\t\t\t\t<a\t\t\t\tclass=\"sow-icon-container sow-container-round\"\n\t\t\t\tstyle=\"color: #ffffff; \"\n\t\t\t\t\n\t\t\t\t\t\t\t\t\thref=\"https:\/\/www-dev.fagorautomation.com\/pt-pt\/servicos-oferecidos-por-fagor-automation\/atualizacao-e-reconversoes-upgrade-retrofit\/\"\n\t\t\t\t\t\t\t\t>\n\t\t\t\t\t\t\t\t\t\t<div class=\"sow-icon-image\" style=\"background-image: url(https:\/\/www-dev.fagorautomation.com\/wp-content\/uploads\/actualizacion-reconversion.png); font-size: 50px\"><\/div>\n\t\t\t\t\t\t\t\t\t<\/a>\n\n\t\t\t<div class=\"textwidget\">\n\t\t\t\t\n\t\t\t\t\t\t\t\t\t<h2 class=\"sow-features-feature-title\">\n\t\t\t\t\t\tAtualiza\u00e7\u00e3o e reconvers\u00f5es<br \/> (Upgrade \/ Retrofit)\t\t\t\t\t<\/h2>\n\t\t\t\t\n\t\t\t\t\t\t\t<\/div>\n\t\t\t\t\t\t\t\t<\/li>\n\n\t<\/ul>\n<\/div><\/div><\/div><\/div><\/div><\/div><div id=\"pg-832226-2\"  class=\"panel-grid panel-has-style\" ><div class=\"lsow-dark-bg siteorigin-panels-stretch panel-row-style panel-row-style-for-832226-2\" data-stretch-type=\"full-stretched\" ><div id=\"pgc-832226-2-0\"  class=\"panel-grid-cell\" ><div id=\"panel-832226-2-0-0\" class=\"so-panel widget widget_sow-image panel-first-child panel-last-child\" data-index=\"2\" ><div\n\t\t\t\n\t\t\tclass=\"so-widget-sow-image so-widget-sow-image-default-334eeca80698-832226\"\n\t\t\t\n\t\t>\n<div class=\"sow-image-container\">\n\t\t<img \n\tsrc=\"https:\/\/www-dev.fagorautomation.com\/wp-content\/uploads\/servicio-tecnico-1.jpg\" width=\"700\" height=\"380\" srcset=\"https:\/\/www-dev.fagorautomation.com\/wp-content\/uploads\/servicio-tecnico-1.jpg 700w, https:\/\/www-dev.fagorautomation.com\/wp-content\/uploads\/servicio-tecnico-1-300x163.jpg 300w\" sizes=\"(max-width: 700px) 100vw, 700px\" alt=\"\" \t\tclass=\"so-widget-image\"\/>\n\t<\/div>\n\n<\/div><\/div><\/div><div id=\"pgc-832226-2-1\"  class=\"panel-grid-cell\" ><div id=\"panel-832226-2-1-0\" class=\"so-panel widget widget_sow-image panel-first-child panel-last-child\" data-index=\"3\" ><div\n\t\t\t\n\t\t\tclass=\"so-widget-sow-image so-widget-sow-image-default-dbf295114b96-832226\"\n\t\t\t\n\t\t>\n<div class=\"sow-image-container\">\n\t\t<img \n\tsrc=\"https:\/\/www-dev.fagorautomation.com\/wp-content\/uploads\/argazkia-zerbitzu-teknikoak-txikiagpa.jpg\" width=\"700\" height=\"380\" srcset=\"https:\/\/www-dev.fagorautomation.com\/wp-content\/uploads\/argazkia-zerbitzu-teknikoak-txikiagpa.jpg 700w, https:\/\/www-dev.fagorautomation.com\/wp-content\/uploads\/argazkia-zerbitzu-teknikoak-txikiagpa-300x163.jpg 300w\" sizes=\"(max-width: 700px) 100vw, 700px\" title=\"Argazkia zerbitzu teknikoak txikiagpa\" alt=\"\" \t\tclass=\"so-widget-image\"\/>\n\t<\/div>\n\n<\/div><\/div><\/div><div id=\"pgc-832226-2-2\"  class=\"panel-grid-cell\" ><div id=\"panel-832226-2-2-0\" class=\"so-panel widget widget_sow-image panel-first-child panel-last-child\" data-index=\"4\" ><div\n\t\t\t\n\t\t\tclass=\"so-widget-sow-image so-widget-sow-image-default-dbf295114b96-832226\"\n\t\t\t\n\t\t>\n<div class=\"sow-image-container\">\n\t\t<img \n\tsrc=\"https:\/\/www-dev.fagorautomation.com\/wp-content\/uploads\/servicio-tecnico-3.jpg\" width=\"700\" height=\"380\" srcset=\"https:\/\/www-dev.fagorautomation.com\/wp-content\/uploads\/servicio-tecnico-3.jpg 700w, https:\/\/www-dev.fagorautomation.com\/wp-content\/uploads\/servicio-tecnico-3-300x163.jpg 300w\" sizes=\"(max-width: 700px) 100vw, 700px\" alt=\"\" \t\tclass=\"so-widget-image\"\/>\n\t<\/div>\n\n<\/div><\/div><\/div><\/div><\/div><div id=\"pg-832226-3\"  class=\"panel-grid panel-has-style\" ><div class=\"empresa-section04 siteorigin-panels-stretch panel-row-style panel-row-style-for-832226-3\" data-stretch-type=\"full\" ><div id=\"pgc-832226-3-0\"  class=\"panel-grid-cell\" ><div id=\"panel-832226-3-0-0\" class=\"so-panel widget widget_siteorigin-panels-builder panel-first-child panel-last-child\" data-index=\"5\" ><div id=\"pl-w6261142135113\"  class=\"panel-layout\" ><div id=\"pg-w6261142135113-0\"  class=\"panel-grid panel-has-style\" ><div class=\"panel-row-style panel-row-style-for-w6261142135113-0\" ><div id=\"pgc-w6261142135113-0-0\"  class=\"panel-grid-cell\" ><div id=\"panel-w6261142135113-0-0-0\" class=\"so-panel widget widget_sow-headline panel-first-child panel-last-child\" data-index=\"0\" ><div\n\t\t\t\n\t\t\tclass=\"so-widget-sow-headline so-widget-sow-headline-default-a65ec30188d8 so-widget-fittext-wrapper\"\n\t\t\t data-fit-text-compressor=\"0.85\"\n\t\t><div class=\"sow-headline-container \">\n\t\t\t\t\t\t\t<h2 class=\"sow-headline\">\n\t\t\t\t\t\tContacte connosco\t\t\t\t\t\t<\/h2>\n\t\t\t\t\t\t\t\t\t\t\t\t<p class=\"sow-sub-headline\">\n\t\t\t\t\t\tEscreva-nos e entraremos em contacto logo que poss\u00edvel...\t\t\t\t\t\t<\/p>\n\t\t\t\t\t\t<\/div>\n<\/div><\/div><\/div><div id=\"pgc-w6261142135113-0-1\"  class=\"panel-grid-cell\" ><div class=\"panel-cell-style panel-cell-style-for-w6261142135113-0-1\" ><div id=\"panel-w6261142135113-0-1-0\" class=\"so-panel widget widget_sow-headline panel-first-child\" data-index=\"1\" ><div\n\t\t\t\n\t\t\tclass=\"so-widget-sow-headline so-widget-sow-headline-default-8720af314afd so-widget-fittext-wrapper\"\n\t\t\t data-fit-text-compressor=\"0.85\"\n\t\t><div class=\"sow-headline-container \">\n\t\t\t\t\t\t\t<h3 class=\"sow-headline\">\n\t\t\t\t\t\tOs seus dados:\t\t\t\t\t\t<\/h3>\n\t\t\t\t\t\t<\/div>\n<\/div><\/div><div id=\"panel-w6261142135113-0-1-1\" class=\"so-panel widget widget_sow-editor panel-last-child\" data-index=\"2\" ><div class=\"panel-widget-style panel-widget-style-for-w6261142135113-0-1-1\" ><div\n\t\t\t\n\t\t\tclass=\"so-widget-sow-editor so-widget-sow-editor-base\"\n\t\t\t\n\t\t>\n<div class=\"siteorigin-widget-tinymce textwidget\">\n\t\n<div class=\"wpcf7 no-js\" id=\"wpcf7-f838081-o1\" lang=\"en\" dir=\"ltr\" data-wpcf7-id=\"838081\">\n<div class=\"screen-reader-response\"><p role=\"status\" aria-live=\"polite\" aria-atomic=\"true\"><\/p> <ul><\/ul><\/div>\n<form action=\"\/pt-pt\/wp-json\/wp\/v2\/pages\/832226#wpcf7-f838081-o1\" method=\"post\" class=\"wpcf7-form init wpcf7-acceptance-as-validation\" aria-label=\"Formul\u00e1rio de contacto\" novalidate=\"novalidate\" data-status=\"init\">\n<fieldset class=\"hidden-fields-container\"><input type=\"hidden\" name=\"_wpcf7\" value=\"838081\" \/><input type=\"hidden\" name=\"_wpcf7_version\" value=\"6.1.5\" \/><input type=\"hidden\" name=\"_wpcf7_locale\" value=\"en\" \/><input type=\"hidden\" name=\"_wpcf7_unit_tag\" value=\"wpcf7-f838081-o1\" \/><input type=\"hidden\" name=\"_wpcf7_container_post\" value=\"0\" \/><input type=\"hidden\" name=\"_wpcf7_posted_data_hash\" value=\"\" \/>\n<\/fieldset>\n<div class=\"form-empresa\">\n\t<h3>Os seus dados:\n\t<\/h3>\n\t<p><label><span class=\"wpcf7-form-control-wrap\" data-name=\"your-name\"><input size=\"40\" maxlength=\"400\" class=\"wpcf7-form-control wpcf7-text wpcf7-validates-as-required\" aria-required=\"true\" aria-invalid=\"false\" placeholder=\"Nome\" value=\"\" type=\"text\" name=\"your-name\" \/><\/span> <\/label>\n\t<\/p>\n\t<p><label><span class=\"wpcf7-form-control-wrap\" data-name=\"your-email\"><input size=\"40\" maxlength=\"400\" class=\"wpcf7-form-control wpcf7-email wpcf7-validates-as-required wpcf7-text wpcf7-validates-as-email\" aria-required=\"true\" aria-invalid=\"false\" placeholder=\"E-mail\" value=\"\" type=\"email\" name=\"your-email\" \/><\/span> <\/label>\n\t<\/p>\n\t<p><label><span class=\"wpcf7-form-control-wrap\" data-name=\"acceptance-84\"><span class=\"wpcf7-form-control wpcf7-acceptance\"><span class=\"wpcf7-list-item\"><input type=\"checkbox\" name=\"acceptance-84\" value=\"1\" aria-invalid=\"false\" \/><\/span><\/span><\/span> Li e aceito as <a href=\"\/pt-pt\/aviso-legal\/\" target=\"_blank\" style=\"color:#efefef;\">Condi\u00e7\u00f5es de Uso<\/a> e <a href=\"\/pt-pt\/politica-de-privacidade\/\" target=\"_blank\" style=\"color:#efefef;\">Pol\u00edtica de Privacidade<\/a>.<\/label>\n\t<\/p>\n\t<p style=\"margin-bottom: 7px;\">[recaptcha]\n\t<\/p>\n\t<p><input class=\"wpcf7-form-control wpcf7-submit has-spinner submit-empresa\" type=\"submit\" value=\"Contacte \u2192\" \/>\n\t<\/p>\n<\/div><div class=\"wpcf7-response-output\" aria-hidden=\"true\"><\/div>\n<\/form>\n<\/div>\n\n<\/div>\n<\/div><\/div><\/div><\/div><\/div><\/div><\/div><\/div><\/div><\/div><\/div><\/div><\/div>","protected":false},"excerpt":{"rendered":"<p>A Fagor ampliou os limites do conceito de Assist\u00eancia T\u00e9cnica. Atribui import\u00e2ncia crescente ao binomio &#8230; <a title=\"Servi\u00e7o t\u00e9cnico\" class=\"read-more\" href=\"https:\/\/www-dev.fagorautomation.com\/pt-pt\/servicos-oferecidos-por-fagor-automation\/servico-tecnico\/\" aria-label=\"Leia mais sobre Servi\u00e7o t\u00e9cnico\"> <\/a><\/p>\n","protected":false},"author":1,"featured_media":0,"parent":832435,"menu_order":0,"comment_status":"closed","ping_status":"closed","template":"","meta":{"_acf_changed":false,"footnotes":""},"categories":[1306],"tags":[],"class_list":{"0":"post-832226","1":"page","2":"type-page","3":"status-publish","5":"category-menu-servicios-pt-pt"},"acf":[],"wpml_current_locale":"pt_PT","wpml_translations":[{"locale":"en","id":825697,"post_title":"Technical Services","href":"https:\/\/www-dev.fagorautomation.com\/en\/services\/technical-services\/"},{"locale":"es_ES","id":283236,"post_title":"Servicio t\u00e9cnico","href":"https:\/\/www-dev.fagorautomation.com\/es\/servicios\/servicio-tecnico\/"},{"locale":"en_US","id":832231,"post_title":"Technical Services","href":"https:\/\/www-dev.fagorautomation.com\/en-us\/services\/technical-services\/"},{"locale":"it_IT","id":832232,"post_title":"Servizi tecnici","href":"https:\/\/www-dev.fagorautomation.com\/it\/servizi\/servizi-tecnici\/"},{"locale":"fr_FR","id":832228,"post_title":"Service technique","href":"https:\/\/www-dev.fagorautomation.com\/fr\/services\/service-technique\/"},{"locale":"pt_BR","id":832234,"post_title":"Servi\u00e7o t\u00e9cnico","href":"https:\/\/www-dev.fagorautomation.com\/pt-br\/servicios\/servico-tecnico\/"},{"locale":"de_DE","id":832229,"post_title":"Technischer Service","href":"https:\/\/www-dev.fagorautomation.com\/de\/dienstleistungen-die-fagor-automation-anbietet\/technischer-service\/"},{"locale":"en_IN","id":832230,"post_title":"Technical Services","href":"https:\/\/www-dev.fagorautomation.com\/hi\/services\/technical-services\/"},{"locale":"ja","id":832233,"post_title":"\u6280\u8853\u30b5\u30fc\u30d3\u30b9","href":"https:\/\/www-dev.fagorautomation.com\/ja\/%e3%82%b5%e3%83%bc%e3%83%93%e3%82%b9\/technical-services\/"},{"locale":"eu_ES","id":832227,"post_title":"Zerbitzu teknikoa","href":"https:\/\/www-dev.fagorautomation.com\/eu\/zerbitzuak\/technical-services\/"},{"locale":"zh_CN","id":906317,"post_title":"\u6280\u672f\u670d\u52a1","href":"https:\/\/www-dev.fagorautomation.com\/zh-hans\/%e5%8f%91%e6%a0%bc%e8%87%aa%e5%8a%a8%e5%8c%96%e6%8a%80%e6%9c%af%e6%9c%8d%e5%8a%a1\/%e6%8a%80%e6%9c%af%e6%9c%8d%e5%8a%a1\/"}],"_links":{"self":[{"href":"https:\/\/www-dev.fagorautomation.com\/pt-pt\/wp-json\/wp\/v2\/pages\/832226","targetHints":{"allow":["GET"]}}],"collection":[{"href":"https:\/\/www-dev.fagorautomation.com\/pt-pt\/wp-json\/wp\/v2\/pages"}],"about":[{"href":"https:\/\/www-dev.fagorautomation.com\/pt-pt\/wp-json\/wp\/v2\/types\/page"}],"author":[{"embeddable":true,"href":"https:\/\/www-dev.fagorautomation.com\/pt-pt\/wp-json\/wp\/v2\/users\/1"}],"replies":[{"embeddable":true,"href":"https:\/\/www-dev.fagorautomation.com\/pt-pt\/wp-json\/wp\/v2\/comments?post=832226"}],"version-history":[{"count":0,"href":"https:\/\/www-dev.fagorautomation.com\/pt-pt\/wp-json\/wp\/v2\/pages\/832226\/revisions"}],"up":[{"embeddable":true,"href":"https:\/\/www-dev.fagorautomation.com\/pt-pt\/wp-json\/wp\/v2\/pages\/832435"}],"wp:attachment":[{"href":"https:\/\/www-dev.fagorautomation.com\/pt-pt\/wp-json\/wp\/v2\/media?parent=832226"}],"wp:term":[{"taxonomy":"category","embeddable":true,"href":"https:\/\/www-dev.fagorautomation.com\/pt-pt\/wp-json\/wp\/v2\/categories?post=832226"},{"taxonomy":"post_tag","embeddable":true,"href":"https:\/\/www-dev.fagorautomation.com\/pt-pt\/wp-json\/wp\/v2\/tags?post=832226"}],"curies":[{"name":"wp","href":"https:\/\/api.w.org\/{rel}","templated":true}]}}