{"id":17187,"date":"2021-12-10T10:12:30","date_gmt":"2021-12-10T10:12:30","guid":{"rendered":"https:\/\/www-dev.fagorautomation.com\/cookies-policy\/"},"modified":"2022-06-06T13:18:16","modified_gmt":"2022-06-06T12:18:16","slug":"politica-de-cookies","status":"publish","type":"page","link":"https:\/\/www-dev.fagorautomation.com\/pt-pt\/politica-de-cookies\/","title":{"rendered":"Pol\u00edtica de cookies"},"content":{"rendered":"<p>En nuestra web utilizamos cookies para mejorar tu experiencia de usuario. Si navegas por nuestro sitio web, estar\u00e1s aceptando el uso de las cookies en las condiciones establecidas en la presente Pol\u00edtica de Cookies. Esta pol\u00edtica puede ser actualizada, por lo que te invitamos a revisarla de forma regular.<\/p>\n<p><strong>\u00bfQu\u00e9 son y para qu\u00e9 sirven las cookies?<\/strong><\/p>\n<p>Las Cookies son peque\u00f1os archivos que se instalan en el ordenador o en el dispositivo durante el recorrido por las p\u00e1ginas web\/aplicaciones para mantener un registro de tus preferencias y recordarlas cuando vuelva a visitarnos. El objetivo es facilitar el uso y la navegaci\u00f3n de los usuarios.<\/p>\n<p><strong>\u00bfC\u00f3mo utilizamos las cookies?<\/strong><\/p>\n<p>Navegar por esta web supone que se puedan instalar los siguientes tipos de cookies:<\/p>\n<p><strong><i>Cookies imprescindibles:<\/i><\/strong><\/p>\n<p>Son estrictamente necesarias para el funcionamiento de un sitio web. Sin ellas, un sitio web no puede funcionar correctamente. Por ese motivo, no solicitamos su consentimiento expl\u00edcito respecto a estas cookies.<\/p>\n<p><strong><i>Cookies funcionales:<\/i><\/strong><\/p>\n<p>Sirven para mejorar la funcionalidad del sitio web. Se trata, por ejemplo, de cookies que recuerdan el contenido que has visualizado anteriormente en este sitio web o la direcci\u00f3n de correo electr\u00f3nico y la contrase\u00f1a proporcionadas durante el registro en una visita anterior.<\/p>\n<p><strong><i>Cookies anal\u00edticas propias o de terceros (__utma, __utmb, __utmc, __utmz):<\/i><\/strong><\/p>\n<p>Nos facilitan informaci\u00f3n estad\u00edstica sobre el uso que los usuarios realizan del portal. Estas cookies no permiten identificar al usuario, puesto que la informaci\u00f3n que recogen es an\u00f3nima y ser\u00e1 utilizada \u00fanicamente para mejora de las p\u00e1ginas y de navegaci\u00f3n por el portal, estad\u00edsticas de uso, velocidad de las b\u00fasquedas, medici\u00f3n de la actividad del sitio web, etc. Esta web utiliza la herramienta gratuita de an\u00e1lisis web Google Analytics. Si quieres m\u00e1s informaci\u00f3n puedes encontrarla aqu\u00ed:<a href=\"https:\/\/developers.google.com\/analytics\/devguides\/collection\/analyticsjs\/cookie-usage\" target=\"_blank\" rel=\"nofollow noopener\">&#8220;Uso de las cookies de Google Analytics en los sitios web&#8221;<\/a><\/p>\n<p><strong>\u00bfC\u00f3mo puede evitar que se instalen las cookies?<\/strong><\/p>\n<p>Puedes permitir, bloquear o eliminar las cookies instaladas en tu equipo mediante la configuraci\u00f3n de las opciones de su navegador de internet. En el caso en que las bloquees, es posible que ciertos servicios que necesitan su uso no est\u00e9n disponibles. A continuaci\u00f3n te ofrecemos enlaces en los que encontrar\u00e1s informaci\u00f3n sobre c\u00f3mo puede activar sus preferencias en los principales navegadores:<\/p>\n<p>Cookies Firefox: <a href=\"https:\/\/support.mozilla.org\/es\/kb\/habilitar-y-deshabilitar-cookies-sitios-web-rastrear-preferencias\" target=\"_blank\" rel=\"nofollow noopener\">&#8220;Habilitar y deshabilitar cookies en Firefox&#8221;<\/a><br \/>\nCookies Chrome: <a href=\"https:\/\/support.google.com\/chrome\/answer\/95647?co=GENIE.Platform%3DDesktop&amp;hl=es\" target=\"_blank\" rel=\"noopener\">&#8220;Borrar, habilitar y administrar cookies en Chrome&#8221;<\/a><br \/>\nCookies IExplorer: <a href=\"https:\/\/support.microsoft.com\/es-es\/help\/17442\/windows-internet-explorer-delete-manage-cookies\" target=\"_blank\" rel=\"nofollow noopener\">&#8220;Eliminar y administrar cookies en IE&#8221;<\/a><br \/>\nCookies Safari:<a href=\"https:\/\/support.apple.com\/pt-pt\/guide\/safari\/sfri11471\/mac\" target=\"_blank\" rel=\"nofollow noopener\">&#8220;Safari para Mac: Gestionar cookies y datos de sitios web con Safari&#8221;<\/a><br \/>\nCookies Opera: <a href=\"http:\/\/help.opera.com\/Windows\/11.50\/es-ES\/cookies.html\" target=\"_blank\" rel=\"nofollow noopener\">&#8220;Gestionar cookies en el navegador Opera&#8221;<\/a><\/p>\n<p>&nbsp;<\/p>\n","protected":false},"excerpt":{"rendered":"<p>En nuestra web utilizamos cookies para mejorar tu experiencia de usuario. Si navegas por nuestro &#8230; <a title=\"Pol\u00edtica de cookies\" class=\"read-more\" href=\"https:\/\/www-dev.fagorautomation.com\/pt-pt\/politica-de-cookies\/\" aria-label=\"Leia mais sobre Pol\u00edtica de cookies\"> <\/a><\/p>\n","protected":false},"author":1,"featured_media":0,"parent":0,"menu_order":0,"comment_status":"closed","ping_status":"closed","template":"","meta":{"_acf_changed":false,"footnotes":""},"categories":[1286,1558],"tags":[],"class_list":{"0":"post-17187","1":"page","2":"type-page","3":"status-publish","5":"category-page-title-franja-red-pt-pt","6":"category-sin-footer-breadcrumb-pt-pt"},"acf":[],"wpml_current_locale":"pt_PT","wpml_translations":[{"locale":"en","id":17177,"post_title":"Cookies Policy","href":"https:\/\/www-dev.fagorautomation.com\/en\/cookies-policy\/"},{"locale":"es_ES","id":17169,"post_title":"Pol\u00edtica de cookies","href":"https:\/\/www-dev.fagorautomation.com\/es\/politica-de-cookies\/"},{"locale":"en_US","id":17183,"post_title":"Cookies Policy","href":"https:\/\/www-dev.fagorautomation.com\/en-us\/cookies-policy\/"},{"locale":"it_IT","id":17184,"post_title":"Gestione dei Cookie","href":"https:\/\/www-dev.fagorautomation.com\/it\/gestione-dei-cookie\/"},{"locale":"fr_FR","id":17180,"post_title":"Politique en mati\u00e8re de cookies","href":"https:\/\/www-dev.fagorautomation.com\/fr\/politique-en-matiere-de-cookies\/"},{"locale":"pt_BR","id":17186,"post_title":"Pol\u00edtica de cookies","href":"https:\/\/www-dev.fagorautomation.com\/pt-br\/politica-de-cookies\/"},{"locale":"de_DE","id":17181,"post_title":"Cookie-Richtlinie","href":"https:\/\/www-dev.fagorautomation.com\/de\/cookie-richtlinie\/"},{"locale":"en_IN","id":17182,"post_title":"Cookies Policy","href":"https:\/\/www-dev.fagorautomation.com\/hi\/cookies-policy\/"},{"locale":"ja","id":17185,"post_title":"\u30af\u30c3\u30ad\u30fc\u30dd\u30ea\u30b7\u30fc","href":"https:\/\/www-dev.fagorautomation.com\/ja\/%e3%82%af%e3%83%83%e3%82%ad%e3%83%bc%e3%83%9d%e3%83%aa%e3%82%b7%e3%83%bc\/"},{"locale":"eu_ES","id":17171,"post_title":"Cookien politika","href":"https:\/\/www-dev.fagorautomation.com\/eu\/cookien-politika\/"}],"_links":{"self":[{"href":"https:\/\/www-dev.fagorautomation.com\/pt-pt\/wp-json\/wp\/v2\/pages\/17187","targetHints":{"allow":["GET"]}}],"collection":[{"href":"https:\/\/www-dev.fagorautomation.com\/pt-pt\/wp-json\/wp\/v2\/pages"}],"about":[{"href":"https:\/\/www-dev.fagorautomation.com\/pt-pt\/wp-json\/wp\/v2\/types\/page"}],"author":[{"embeddable":true,"href":"https:\/\/www-dev.fagorautomation.com\/pt-pt\/wp-json\/wp\/v2\/users\/1"}],"replies":[{"embeddable":true,"href":"https:\/\/www-dev.fagorautomation.com\/pt-pt\/wp-json\/wp\/v2\/comments?post=17187"}],"version-history":[{"count":0,"href":"https:\/\/www-dev.fagorautomation.com\/pt-pt\/wp-json\/wp\/v2\/pages\/17187\/revisions"}],"wp:attachment":[{"href":"https:\/\/www-dev.fagorautomation.com\/pt-pt\/wp-json\/wp\/v2\/media?parent=17187"}],"wp:term":[{"taxonomy":"category","embeddable":true,"href":"https:\/\/www-dev.fagorautomation.com\/pt-pt\/wp-json\/wp\/v2\/categories?post=17187"},{"taxonomy":"post_tag","embeddable":true,"href":"https:\/\/www-dev.fagorautomation.com\/pt-pt\/wp-json\/wp\/v2\/tags?post=17187"}],"curies":[{"name":"wp","href":"https:\/\/api.w.org\/{rel}","templated":true}]}}