{"id":17113,"date":"2021-12-10T08:20:08","date_gmt":"2021-12-10T08:20:08","guid":{"rendered":"https:\/\/www-dev.fagorautomation.com\/aviso-legal\/"},"modified":"2022-04-25T20:09:54","modified_gmt":"2022-04-25T19:09:54","slug":"aviso-legal","status":"publish","type":"page","link":"https:\/\/www-dev.fagorautomation.com\/pt-br\/aviso-legal\/","title":{"rendered":"Aviso legal"},"content":{"rendered":"<p>Os direitos de propriedade intelectual do site <strong>fagorautomation.com<\/strong> e dos diferentes elementos nele contidos s\u00e3o de titularidade de Fagor Automation Sociedad Cooperativa.<\/p>\n<p>Os textos, normativa e em geral qualquer informa\u00e7\u00e3o contida nas p\u00e1ginas deste site t\u00eam car\u00e1ter meramente informativo, pelo qual sugerimos comprove a vig\u00eancia e exatid\u00e3o dos dados nas fontes oficiais correspondentes.<\/p>\n<p>Fagor Automation Sociedad Cooperativa se reserva o direito de realizar modifica\u00e7\u00f5es no site sem pr\u00e9vio aviso, com o objetivo de atualizar, corrigir, modificar, acrescentar ou eliminar os conte\u00fados do site ou do seu desenho.<\/p>\n<p>Fagor Automation Sociedad Cooperativa n\u00e3o garante a inexist\u00eancia de erros no acesso ao site, no seu conte\u00fado, nem que este se encontre oportunamente atualizado, mas desenvolver\u00e1 os esfor\u00e7os necess\u00e1rios para evit\u00e1-los e, neste caso, repar\u00e1-los ou atualiz\u00e1-los no mais curto espa\u00e7o de tempo poss\u00edvel.<\/p>\n<p>Tanto o acesso ao site, como o uso que possa ser feito da informa\u00e7\u00e3o contida no mesmo, s\u00e3o de exclusiva responsabilidade de quem o realiza. Fagor Automation Sociedad Cooperativa n\u00e3o responder\u00e1 por nenhuma conseq\u00fc\u00eancia, dano ou preju\u00edzo que possa derivar-se do referido acesso ou uso de informa\u00e7\u00e3o, com exce\u00e7\u00e3o de todas aquelas atua\u00e7\u00f5es que resultem da aplica\u00e7\u00e3o das disposi\u00e7\u00f5es legais \u00e0s quais deva submeter-se no rigoroso exerc\u00edcio de sua compet\u00eancia.<\/p>\n<p>&nbsp;<\/p>\n","protected":false},"excerpt":{"rendered":"<p>Os direitos de propriedade intelectual do site fagorautomation.com e dos diferentes elementos nele contidos s\u00e3o &#8230; <a title=\"Aviso legal\" class=\"read-more\" href=\"https:\/\/www-dev.fagorautomation.com\/pt-br\/aviso-legal\/\" aria-label=\"Read more about Aviso legal\"> <\/a><\/p>\n","protected":false},"author":1,"featured_media":0,"parent":0,"menu_order":0,"comment_status":"closed","ping_status":"closed","template":"","meta":{"_acf_changed":false,"footnotes":""},"categories":[398],"tags":[],"class_list":{"0":"post-17113","1":"page","2":"type-page","3":"status-publish","5":"category-page-title-franja-red-pt-br"},"acf":[],"wpml_current_locale":"pt_BR","wpml_translations":[{"locale":"en","id":17106,"post_title":"Legal disclaimer","href":"https:\/\/www-dev.fagorautomation.com\/en\/legal-disclaimer\/"},{"locale":"es_ES","id":17088,"post_title":"Aviso legal","href":"https:\/\/www-dev.fagorautomation.com\/es\/aviso-legal\/"},{"locale":"en_US","id":17110,"post_title":"Legal disclaimer","href":"https:\/\/www-dev.fagorautomation.com\/en-us\/legal-disclaimer\/"},{"locale":"it_IT","id":17111,"post_title":"Informazioni legali","href":"https:\/\/www-dev.fagorautomation.com\/it\/informazioni-legali\/"},{"locale":"fr_FR","id":17107,"post_title":"Avis juridique","href":"https:\/\/www-dev.fagorautomation.com\/fr\/avis-juridique\/"},{"locale":"pt_PT","id":17114,"post_title":"Aviso legal","href":"https:\/\/www-dev.fagorautomation.com\/pt-pt\/aviso-legal\/"},{"locale":"de_DE","id":17108,"post_title":"Impressum","href":"https:\/\/www-dev.fagorautomation.com\/de\/impressum\/"},{"locale":"en_IN","id":17109,"post_title":"Legal disclaimer","href":"https:\/\/www-dev.fagorautomation.com\/hi\/legal-disclaimer\/"},{"locale":"ja","id":17112,"post_title":"\u6cd5\u7684\u901a\u77e5","href":"https:\/\/www-dev.fagorautomation.com\/ja\/%e6%b3%95%e7%9a%84%e9%80%9a%e7%9f%a5\/"},{"locale":"eu_ES","id":17105,"post_title":"Lege Oharra","href":"https:\/\/www-dev.fagorautomation.com\/eu\/lege-oharra\/"},{"locale":"zh_CN","id":909806,"post_title":"Legal disclaimer","href":"https:\/\/www-dev.fagorautomation.com\/zh-hans\/legal-disclaimer\/"}],"_links":{"self":[{"href":"https:\/\/www-dev.fagorautomation.com\/pt-br\/wp-json\/wp\/v2\/pages\/17113","targetHints":{"allow":["GET"]}}],"collection":[{"href":"https:\/\/www-dev.fagorautomation.com\/pt-br\/wp-json\/wp\/v2\/pages"}],"about":[{"href":"https:\/\/www-dev.fagorautomation.com\/pt-br\/wp-json\/wp\/v2\/types\/page"}],"author":[{"embeddable":true,"href":"https:\/\/www-dev.fagorautomation.com\/pt-br\/wp-json\/wp\/v2\/users\/1"}],"replies":[{"embeddable":true,"href":"https:\/\/www-dev.fagorautomation.com\/pt-br\/wp-json\/wp\/v2\/comments?post=17113"}],"version-history":[{"count":0,"href":"https:\/\/www-dev.fagorautomation.com\/pt-br\/wp-json\/wp\/v2\/pages\/17113\/revisions"}],"wp:attachment":[{"href":"https:\/\/www-dev.fagorautomation.com\/pt-br\/wp-json\/wp\/v2\/media?parent=17113"}],"wp:term":[{"taxonomy":"category","embeddable":true,"href":"https:\/\/www-dev.fagorautomation.com\/pt-br\/wp-json\/wp\/v2\/categories?post=17113"},{"taxonomy":"post_tag","embeddable":true,"href":"https:\/\/www-dev.fagorautomation.com\/pt-br\/wp-json\/wp\/v2\/tags?post=17113"}],"curies":[{"name":"wp","href":"https:\/\/api.w.org\/{rel}","templated":true}]}}