{"id":832298,"date":"2022-01-31T15:20:43","date_gmt":"2022-01-31T14:20:43","guid":{"rendered":"https:\/\/www-dev.fagorautomation.com\/conventional-machines\/"},"modified":"2022-11-04T08:04:30","modified_gmt":"2022-11-04T07:04:30","slug":"conventional-machines","status":"publish","type":"page","link":"https:\/\/www-dev.fagorautomation.com\/ja\/machine-tools\/conventional-machines\/","title":{"rendered":"\u6c4e\u7528\u6a5f\u5411\u3051\u30d5\u30a3\u30fc\u30c9\u30d0\u30c3\u30af\u30b7\u30b9\u30c6\u30e0"},"content":{"rendered":"<div id=\"pl-832298\"  class=\"panel-layout\" ><div id=\"pg-832298-0\"  class=\"panel-grid panel-no-style\" ><div id=\"pgc-832298-0-0\"  class=\"panel-grid-cell\" ><div id=\"panel-832298-0-0-0\" class=\"so-panel widget widget_sow-headline panel-first-child\" data-index=\"0\" ><div\n\t\t\t\n\t\t\tclass=\"so-widget-sow-headline so-widget-sow-headline-default-4568b5a8e866-832298 so-widget-fittext-wrapper\"\n\t\t\t data-fit-text-compressor=\"0.85\"\n\t\t><div class=\"sow-headline-container \">\n\t\t\t\t\t\t\t<h2 class=\"sow-headline\">\n\t\t\t\t\t\t\u6a19\u6e96\u30ec\u30f3\u30b8\u306e\u30ea\u30cb\u30a2\u304a\u3088\u3073\u30ed\u30fc\u30bf\u30ea\u30fc\u30a8\u30f3\u30b3\u30fc\u30c0\t\t\t\t\t\t<\/h2>\n\t\t\t\t\t\t<\/div>\n<\/div><\/div><div id=\"panel-832298-0-0-1\" class=\"so-panel widget widget_sow-editor panel-last-child\" data-index=\"1\" ><div\n\t\t\t\n\t\t\tclass=\"so-widget-sow-editor so-widget-sow-editor-base\"\n\t\t\t\n\t\t>\n<div class=\"siteorigin-widget-tinymce textwidget\">\n\t<p>\u30a4\u30f3\u30af\u30ea\u30e1\u30f3\u30bf\u30eb\u30a8\u30f3\u30b3\u30fc\u30c0\u306e\u7a2e\u985e<\/p>\n<ul>\n<li><strong>\u30ea\u30cb\u30a2\u30a8\u30f3\u30b3\u30fc\u30c0:<\/strong> \u6700\u5927 120 m\/min \u306e\u9001\u308a\u901f\u5ea6\u3068\u6700\u5927 10 g \u306e\u8010\u632f\u52d5\u6027\u3092\u5fc5\u8981\u3068\u3059\u308b\u3001\u30d5\u30e9\u30a4\u30b9\u52a0\u5de5\u3001\u7814\u524a\u3001\u65cb\u76e4\u3001\u30dc\u30fc\u30ea\u30f3\u30b0 \u30df\u30eb \u30a2\u30d7\u30ea\u30b1\u30fc\u30b7\u30e7\u30f3\u306b\u6700\u9069\u3067\u3059\u3002<\/li>\n<li><strong>\u30ed\u30fc\u30bf\u30ea\u30fc\u30a8\u30f3\u30b3\u30fc\u30c0\u30fc:<\/strong> \u30dc\u30fc\u30eb\u30cd\u30b8\u306a\u3069\u306e\u6a5f\u68b0\u88c5\u7f6e\u306b\u63a5\u7d9a\u3055\u308c\u3066\u3044\u308b\u5834\u5408\u3001\u56de\u8ee2\u904b\u52d5\u3001\u89d2\u901f\u5ea6\u3001\u304a\u3088\u3073\u76f4\u7dda\u904b\u52d5\u306e\u6e2c\u5b9a\u30bb\u30f3\u30b5\u30fc\u3068\u3057\u3066\u4f7f\u7528\u3055\u308c\u307e\u3059\u3002 \u307e\u305f\u3001\u3055\u307e\u3056\u307e\u306a\u30bf\u30a4\u30d7\u306e\u5de5\u4f5c\u6a5f\u68b0\u3084\u30ed\u30dc\u30c3\u30c8\u7528\u9014\u306b\u3082\u4f7f\u7528\u3055\u308c\u3066\u3044\u307e\u3059\u3002<\/li>\n<\/ul>\n<p>&nbsp;<\/p>\n<p>\u6e2c\u5b9a\u65b9\u6cd5<br \/>\nFagor Automation \u306f\u3001\u30a4\u30f3\u30af\u30ea\u30e1\u30f3\u30bf\u30eb \u30a8\u30f3\u30b3\u30fc\u30c0\u30fc\u3067 2 \u3064\u306e\u6e2c\u5b9a\u65b9\u6cd5\u3092\u4f7f\u7528\u3057\u307e\u3059\u3002<\/p>\n<ul>\n<li><strong>\u76ee\u76db\u308a\u4ed8\u304d\u30ac\u30e9\u30b9:<\/strong> \u6e2c\u5b9a\u9577\u304c\u6700\u5927 3,040 mm \u306e\u30ea\u30cb\u30a2 \u30a8\u30f3\u30b3\u30fc\u30c0\u30fc\u3068\u30ed\u30fc\u30bf\u30ea\u30fc \u30a8\u30f3\u30b3\u30fc\u30c0\u30fc\u3002<\/li>\n<li><strong>\u76ee\u76db\u308a\u4ed8\u304d\u30b9\u30c1\u30fc\u30eb:<\/strong> \u6e2c\u5b9a\u9577\u304c 3,040 mm \u3092\u8d85\u3048\u308b\u30ea\u30cb\u30a2\u30a8\u30f3\u30b3\u30fc\u30c0\u3002<\/li>\n<\/ul>\n<\/div>\n<\/div><\/div><\/div><div id=\"pgc-832298-0-1\"  class=\"panel-grid-cell\" ><div id=\"panel-832298-0-1-0\" class=\"so-panel widget widget_sow-hero panel-first-child panel-last-child\" data-index=\"2\" ><div class=\"box-red panel-widget-style panel-widget-style-for-832298-0-1-0\" ><div\n\t\t\t\n\t\t\tclass=\"so-widget-sow-hero so-widget-sow-hero-default-38c473f4014a-832298 so-widget-fittext-wrapper\"\n\t\t\t data-fit-text-compressor=\"0.85\"\n\t\t>\t\t\t\t<div class=\"sow-slider-base\" style=\"display: none\" tabindex=\"0\">\n\t\t\t\t\t<ul\n\t\t\t\t\tclass=\"sow-slider-images\"\n\t\t\t\t\tdata-settings=\"{&quot;pagination&quot;:true,&quot;speed&quot;:800,&quot;timeout&quot;:8000,&quot;paused&quot;:true,&quot;pause_on_hover&quot;:false,&quot;swipe&quot;:false,&quot;nav_always_show_desktop&quot;:&quot;&quot;,&quot;nav_always_show_mobile&quot;:&quot;&quot;,&quot;breakpoint&quot;:&quot;780px&quot;,&quot;unmute&quot;:false,&quot;anchor&quot;:null}\"\n\t\t\t\t\tstyle=\"min-height: 300px\"\t\t\t\t\tdata-anchor-id=\"\"\n\t\t\t\t>\t\t<li class=\"sow-slider-image  sow-slider-image-cover\" style=\"visibility: visible;;background-color: #333333;cursor: pointer;\" data-url=\"{&quot;url&quot;:&quot;https:\\\/\\\/www-dev.fagorautomation.com\\\/ja\\\/%E6%BA%96%E3%83%A2%E3%83%87%E3%83%AB%E3%81%AE%E3%83%AA%E3%83%8B%E3%82%A2%E3%82%B9%E3%82%B1%E3%83%BC%E3%83%AB%E3%81%A8%E3%83%AD%E3%83%BC%E3%82%BF%E3%83%AA%E3%83%BC%E3%82%A8%E3%83%B3%E3%82%B3%E3%83%BC\\\/&quot;,&quot;new_window&quot;:false}\" >\n\t\t\t\t\t<div class=\"sow-slider-image-container\">\n\t\t\t<div class=\"sow-slider-image-wrapper\">\n\t\t\t\t<h3>\u6a19\u6e96\u30ec\u30f3\u30b8\u306e\u30ea\u30cb\u30a2\u304a\u3088\u3073\u30ed\u30fc\u30bf\u30ea\u30fc\u30a8\u30f3\u30b3\u30fc\u30c0<\/h3>\n<div class=\"sow-hero-buttons\" ><div\n\t\t\t\n\t\t\tclass=\"so-widget-sow-button so-widget-sow-button-wire-50c6b2a946db\"\n\t\t\t\n\t\t><div class=\"ow-button-base ow-button-align-center\"\n>\n\t\t\t<a\n\t\t\t\t\thref=\"https:\/\/www-dev.fagorautomation.com\/ja\/%E6%BA%96%E3%83%A2%E3%83%87%E3%83%AB%E3%81%AE%E3%83%AA%E3%83%8B%E3%82%A2%E3%82%B9%E3%82%B1%E3%83%BC%E3%83%AB%E3%81%A8%E3%83%AD%E3%83%BC%E3%82%BF%E3%83%AA%E3%83%BC%E3%82%A8%E3%83%B3%E3%82%B3%E3%83%BC\/\"\n\t\t\t\t\tclass=\"sowb-button ow-icon-placement-left ow-button-hover\" \t>\n\t\t<span>\n\t\t\t\n\t\t\t\u8a73\u3057\u3044\u60c5\u5831\t\t<\/span>\n\t\t\t<\/a>\n\t<\/div>\n<\/div><\/div>\n\t\t\t<\/div>\n\t\t<\/div>\n\t\t<div class=\"sow-slider-image-overlay sow-slider-image-cover\" style=\"opacity: 0.6;background-image: url(\/wp-content\/uploads\/img-products\/encoders-gama-standard.jpg)\"  ><\/div>\t\t<\/li>\n\t\t<\/ul>\t\t\t\t<ol class=\"sow-slider-pagination\">\n\t\t\t\t\t\t\t\t\t\t\t<li><a href=\"#\" data-goto=\"0\" aria-label=\"Display slide 1\"><\/a><\/li>\n\t\t\t\t\t\t\t\t\t<\/ol>\n\n\t\t\t\t<div class=\"sow-slide-nav sow-slide-nav-next\">\n\t\t\t\t\t<a href=\"#\" data-goto=\"next\" aria-label=\"Next slide\" data-action=\"next\">\n\t\t\t\t\t\t<em class=\"sow-sld-icon-thin-right\"><\/em>\n\t\t\t\t\t<\/a>\n\t\t\t\t<\/div>\n\n\t\t\t\t<div class=\"sow-slide-nav sow-slide-nav-prev\">\n\t\t\t\t\t<a href=\"#\" data-goto=\"previous\" aria-label=\"Previous slide\" data-action=\"prev\">\n\t\t\t\t\t\t<em class=\"sow-sld-icon-thin-left\"><\/em>\n\t\t\t\t\t<\/a>\n\t\t\t\t<\/div>\n\t\t\t\t<\/div><\/div><\/div><\/div><\/div><\/div><div id=\"pg-832298-1\"  class=\"panel-grid panel-has-style\" ><div class=\"siteorigin-panels-stretch panel-row-style panel-row-style-for-832298-1\" id=\"dro\" data-stretch-type=\"full\" ><div id=\"pgc-832298-1-0\"  class=\"panel-grid-cell\" ><div id=\"panel-832298-1-0-0\" class=\"so-panel widget widget_sow-headline panel-first-child\" data-index=\"3\" ><div\n\t\t\t\n\t\t\tclass=\"so-widget-sow-headline so-widget-sow-headline-default-4568b5a8e866-832298 so-widget-fittext-wrapper\"\n\t\t\t data-fit-text-compressor=\"0.85\"\n\t\t><div class=\"sow-headline-container \">\n\t\t\t\t\t\t\t<h2 class=\"sow-headline\">\n\t\t\t\t\t\t \u30c7\u30b8\u30bf\u30eb\u8868\u793a\u30b7\u30b9\u30c6\u30e0\t\t\t\t\t\t<\/h2>\n\t\t\t\t\t\t<\/div>\n<\/div><\/div><div id=\"panel-832298-1-0-1\" class=\"so-panel widget widget_siteorigin-panels-builder\" data-index=\"4\" ><div id=\"pl-w6364b97e02f15\"  class=\"panel-layout\" ><div id=\"pg-w6364b97e02f15-0\"  class=\"panel-grid panel-no-style\" ><div id=\"pgc-w6364b97e02f15-0-0\"  class=\"panel-grid-cell\" ><div id=\"panel-w6364b97e02f15-0-0-0\" class=\"so-panel widget widget_sow-editor panel-first-child panel-last-child\" data-index=\"0\" ><div class=\"panel-widget-style panel-widget-style-for-w6364b97e02f15-0-0-0\" ><div\n\t\t\t\n\t\t\tclass=\"so-widget-sow-editor so-widget-sow-editor-base\"\n\t\t\t\n\t\t>\n<div class=\"siteorigin-widget-tinymce textwidget\">\n\t<p>Fagor Automation \u306e\u30c7\u30b8\u30bf\u30eb\u8868\u793a\u5668\u306f\u3001\u30d5\u30e9\u30a4\u30b9\u76e4\u3001\u65cb\u76e4\u3001\u30dc\u30fc\u30ea\u30f3\u30b0 \u30df\u30eb\u3001EDM \u30de\u30b7\u30f3\u3001\u30b0\u30e9\u30a4\u30f3\u30c0\u30fc\u306e\u6027\u80fd\u3092\u6700\u9069\u5316\u3059\u308b\u3088\u3046\u306b\u8a2d\u8a08\u3055\u308c\u305f\u9ad8\u5ea6\u306a\u6a5f\u80fd\u3092\u3054\u63d0\u4f9b\u3057\u307e\u3059\u3002<\/p>\n<p>\u91cd\u8981\u306a\u6a5f\u80fd\u3092\u5099\u3048\u305f Fagor \u306e Innova DRO \u30b7\u30ea\u30fc\u30ba:<\/p>\n<\/div>\n<\/div><\/div><\/div><\/div><div id=\"pgc-w6364b97e02f15-0-1\"  class=\"panel-grid-cell\" ><div id=\"panel-w6364b97e02f15-0-1-0\" class=\"so-panel widget widget_sow-editor panel-first-child panel-last-child\" data-index=\"1\" ><div\n\t\t\t\n\t\t\tclass=\"so-widget-sow-editor so-widget-sow-editor-base\"\n\t\t\t\n\t\t>\n<div class=\"siteorigin-widget-tinymce textwidget\">\n\t<ul>\n<li>\u6700\u59274\u8ef8\u306e\u65cb\u76e4\u3001\u30d5\u30e9\u30a4\u30b9\u76e4\u3001\u4e2d\u3050\u308a\u76e4\u7528\u30015.7\u30a4\u30f3\u30c1TFT\u30e2\u30cb\u30bf\u30fc\u4ed8\u304d\u3002<\/li>\n<li>\u6700\u5927 3 \u8ef8\u306e EDM \u30de\u30b7\u30f3\u304a\u3088\u3073\u30b0\u30e9\u30a4\u30f3\u30c0\u30fc\u7528\u3001LED \u30c7\u30a3\u30b9\u30d7\u30ec\u30a4\u4ed8\u304d\u3002<\/li>\n<li>\u30d1\u30fc\u30c8\u30d7\u30ed\u30b0\u30e9\u30df\u30f3\u30b0\u6a5f\u80fd\u3002<\/li>\n<li>\u8868\u9762\u4e00\u5b9a\u901f\u5ea6\u6a5f\u80fd\u3002<\/li>\n<li>\u30d7\u30ed\u30b0\u30e9\u30df\u30f3\u30b0\u3068\u30b7\u30df\u30e5\u30ec\u30fc\u30b7\u30e7\u30f3\u306e\u305f\u3081\u306e 3D \u30b0\u30e9\u30d5\u30a3\u30c3\u30af\u652f\u63f4\u3002<\/li>\n<li>\u76f4\u611f\u7684\u306a\u64cd\u4f5c\u6027\u3002<\/li>\n<li>\u3069\u306e\u89d2\u5ea6\u304b\u3089\u898b\u3066\u3082\u6700\u9069\u3002<\/li>\n<li>\u30c7\u30fc\u30bf\u4fdd\u5b58\u306e\u305f\u3081\u306eUSB \u63a5\u7d9a\u6a5f\u80fd\u3002<\/li>\n<li>\u8ef8\u30d7\u30ea\u30bb\u30c3\u30c8\u6a5f\u80fd\u3002<\/li>\n<li>\u7c21\u5358\u306a\u30bb\u30c3\u30c8\u30a2\u30c3\u30d7\u6a5f\u80fd\u3068\u81ea\u52d5\u96fb\u6e90\u30aa\u30d5\u6a5f\u80fd\u3002<\/li>\n<li>\u5bf8\u6cd5\u306fmm\u3068inch\u3002<\/li>\n<\/ul>\n<p>Fagor Automation \u306f\u3001\u30a2\u30d7\u30ea\u30b1\u30fc\u30b7\u30e7\u30f3\u306e\u30a4\u30f3\u30b9\u30c8\u30fc\u30eb\u3068\u30bb\u30c3\u30c8\u30a2\u30c3\u30d7\u306b\u95a2\u3059\u308b\u6280\u8853\u30b5\u30dd\u30fc\u30c8\u3068\u30b5\u30fc\u30d3\u30b9\u3092\u304a\u5ba2\u69d8\u306b\u5fa1\u63d0\u4f9b\u3057\u307e\u3059\u3002<\/p>\n<\/div>\n<\/div><\/div><\/div><\/div><\/div><\/div><div id=\"panel-832298-1-0-2\" class=\"so-panel widget widget_siteorigin-panels-builder panel-last-child\" data-index=\"5\" ><div id=\"pl-w6322fb2bcb838\"  class=\"panel-layout\" ><div id=\"pg-w6322fb2bcb838-0\"  class=\"panel-grid panel-has-style\" ><div class=\"box-red panel-row-style panel-row-style-for-w6322fb2bcb838-0\" ><div id=\"pgc-w6322fb2bcb838-0-0\"  class=\"panel-grid-cell\" ><div id=\"panel-w6322fb2bcb838-0-0-0\" class=\"so-panel widget widget_sow-hero panel-first-child panel-last-child\" data-index=\"0\" ><div\n\t\t\t\n\t\t\tclass=\"so-widget-sow-hero so-widget-sow-hero-default-ae8cd30196bc so-widget-fittext-wrapper\"\n\t\t\t data-fit-text-compressor=\"0.85\"\n\t\t>\t\t\t\t<div class=\"sow-slider-base\" style=\"display: none\" tabindex=\"0\">\n\t\t\t\t\t<ul\n\t\t\t\t\tclass=\"sow-slider-images\"\n\t\t\t\t\tdata-settings=\"{&quot;pagination&quot;:true,&quot;speed&quot;:800,&quot;timeout&quot;:8000,&quot;paused&quot;:true,&quot;pause_on_hover&quot;:false,&quot;swipe&quot;:false,&quot;nav_always_show_desktop&quot;:&quot;&quot;,&quot;nav_always_show_mobile&quot;:&quot;&quot;,&quot;breakpoint&quot;:&quot;780px&quot;,&quot;unmute&quot;:false,&quot;anchor&quot;:null}\"\n\t\t\t\t\tstyle=\"min-height: 450px\"\t\t\t\t\tdata-anchor-id=\"\"\n\t\t\t\t>\t\t<li class=\"sow-slider-image  sow-slider-image-cover\" style=\"visibility: visible;;background-color: #333333;cursor: pointer;\" data-url=\"{&quot;url&quot;:&quot;https:\\\/\\\/www-dev.fagorautomation.com\\\/ja\\\/%E6%97%8B%E7%9B%A4%E7%94%A8dro\\\/&quot;,&quot;new_window&quot;:false}\" >\n\t\t\t\t\t<div class=\"sow-slider-image-container\">\n\t\t\t<div class=\"sow-slider-image-wrapper\">\n\t\t\t\t<h3>\u65cb\u76e4\u7528DRO<\/h3>\n\t\t\t<\/div>\n\t\t<\/div>\n\t\t<div class=\"sow-slider-image-overlay sow-slider-image-cover\" style=\"opacity: 0.65;background-image: url(https:\/\/www-dev.fagorautomation.com\/wp-content\/uploads\/dro_sistemas_visualizacion_torno.jpg)\"  ><\/div>\t\t<\/li>\n\t\t<\/ul>\t\t\t\t<ol class=\"sow-slider-pagination\">\n\t\t\t\t\t\t\t\t\t\t\t<li><a href=\"#\" data-goto=\"0\" aria-label=\"Display slide 1\"><\/a><\/li>\n\t\t\t\t\t\t\t\t\t<\/ol>\n\n\t\t\t\t<div class=\"sow-slide-nav sow-slide-nav-next\">\n\t\t\t\t\t<a href=\"#\" data-goto=\"next\" aria-label=\"Next slide\" data-action=\"next\">\n\t\t\t\t\t\t<em class=\"sow-sld-icon-thin-right\"><\/em>\n\t\t\t\t\t<\/a>\n\t\t\t\t<\/div>\n\n\t\t\t\t<div class=\"sow-slide-nav sow-slide-nav-prev\">\n\t\t\t\t\t<a href=\"#\" data-goto=\"previous\" aria-label=\"Previous slide\" data-action=\"prev\">\n\t\t\t\t\t\t<em class=\"sow-sld-icon-thin-left\"><\/em>\n\t\t\t\t\t<\/a>\n\t\t\t\t<\/div>\n\t\t\t\t<\/div><\/div><\/div><\/div><div id=\"pgc-w6322fb2bcb838-0-1\"  class=\"panel-grid-cell\" ><div id=\"panel-w6322fb2bcb838-0-1-0\" class=\"so-panel widget widget_sow-hero panel-first-child panel-last-child\" data-index=\"1\" ><div\n\t\t\t\n\t\t\tclass=\"so-widget-sow-hero so-widget-sow-hero-default-ae8cd30196bc so-widget-fittext-wrapper\"\n\t\t\t data-fit-text-compressor=\"0.85\"\n\t\t>\t\t\t\t<div class=\"sow-slider-base\" style=\"display: none\" tabindex=\"0\">\n\t\t\t\t\t<ul\n\t\t\t\t\tclass=\"sow-slider-images\"\n\t\t\t\t\tdata-settings=\"{&quot;pagination&quot;:true,&quot;speed&quot;:800,&quot;timeout&quot;:8000,&quot;paused&quot;:true,&quot;pause_on_hover&quot;:false,&quot;swipe&quot;:false,&quot;nav_always_show_desktop&quot;:&quot;&quot;,&quot;nav_always_show_mobile&quot;:&quot;&quot;,&quot;breakpoint&quot;:&quot;780px&quot;,&quot;unmute&quot;:false,&quot;anchor&quot;:null}\"\n\t\t\t\t\tstyle=\"min-height: 450px\"\t\t\t\t\tdata-anchor-id=\"\"\n\t\t\t\t>\t\t<li class=\"sow-slider-image  sow-slider-image-cover\" style=\"visibility: visible;;background-color: #333333;cursor: pointer;\" data-url=\"{&quot;url&quot;:&quot;https:\\\/\\\/www-dev.fagorautomation.com\\\/ja\\\/%E3%83%95%E3%83%A9%E3%82%A4%E3%82%B9%E7%9B%A4%E3%81%8A%E3%82%88%E3%81%B3%E3%83%9C%E3%83%BC%E3%83%AA%E3%83%B3%E3%82%B0%E3%83%9F%E3%83%AB%E3%81%AEdro\\\/&quot;,&quot;new_window&quot;:false}\" >\n\t\t\t\t\t<div class=\"sow-slider-image-container\">\n\t\t\t<div class=\"sow-slider-image-wrapper\">\n\t\t\t\t<h3>\u30d5\u30e9\u30a4\u30b9\u76e4\u304a\u3088\u3073\u30dc\u30fc\u30ea\u30f3\u30b0\u30df\u30eb\u306eDRO<\/h3>\n\t\t\t<\/div>\n\t\t<\/div>\n\t\t<div class=\"sow-slider-image-overlay sow-slider-image-cover\" style=\"opacity: 0.65;background-image: url(https:\/\/www-dev.fagorautomation.com\/wp-content\/uploads\/dro_sistemas_visualizacion_fresadora.jpg)\"  ><\/div>\t\t<\/li>\n\t\t<\/ul>\t\t\t\t<ol class=\"sow-slider-pagination\">\n\t\t\t\t\t\t\t\t\t\t\t<li><a href=\"#\" data-goto=\"0\" aria-label=\"Display slide 1\"><\/a><\/li>\n\t\t\t\t\t\t\t\t\t<\/ol>\n\n\t\t\t\t<div class=\"sow-slide-nav sow-slide-nav-next\">\n\t\t\t\t\t<a href=\"#\" data-goto=\"next\" aria-label=\"Next slide\" data-action=\"next\">\n\t\t\t\t\t\t<em class=\"sow-sld-icon-thin-right\"><\/em>\n\t\t\t\t\t<\/a>\n\t\t\t\t<\/div>\n\n\t\t\t\t<div class=\"sow-slide-nav sow-slide-nav-prev\">\n\t\t\t\t\t<a href=\"#\" data-goto=\"previous\" aria-label=\"Previous slide\" data-action=\"prev\">\n\t\t\t\t\t\t<em class=\"sow-sld-icon-thin-left\"><\/em>\n\t\t\t\t\t<\/a>\n\t\t\t\t<\/div>\n\t\t\t\t<\/div><\/div><\/div><\/div><div id=\"pgc-w6322fb2bcb838-0-2\"  class=\"panel-grid-cell\" ><div id=\"panel-w6322fb2bcb838-0-2-0\" class=\"so-panel widget widget_sow-hero panel-first-child panel-last-child\" data-index=\"2\" ><div\n\t\t\t\n\t\t\tclass=\"so-widget-sow-hero so-widget-sow-hero-default-ae8cd30196bc so-widget-fittext-wrapper\"\n\t\t\t data-fit-text-compressor=\"0.85\"\n\t\t>\t\t\t\t<div class=\"sow-slider-base\" style=\"display: none\" tabindex=\"0\">\n\t\t\t\t\t<ul\n\t\t\t\t\tclass=\"sow-slider-images\"\n\t\t\t\t\tdata-settings=\"{&quot;pagination&quot;:true,&quot;speed&quot;:800,&quot;timeout&quot;:8000,&quot;paused&quot;:true,&quot;pause_on_hover&quot;:false,&quot;swipe&quot;:false,&quot;nav_always_show_desktop&quot;:&quot;&quot;,&quot;nav_always_show_mobile&quot;:&quot;&quot;,&quot;breakpoint&quot;:&quot;780px&quot;,&quot;unmute&quot;:false,&quot;anchor&quot;:null}\"\n\t\t\t\t\tstyle=\"min-height: 450px\"\t\t\t\t\tdata-anchor-id=\"\"\n\t\t\t\t>\t\t<li class=\"sow-slider-image  sow-slider-image-cover\" style=\"visibility: visible;;background-color: #333333;cursor: pointer;\" data-url=\"{&quot;url&quot;:&quot;https:\\\/\\\/www-dev.fagorautomation.com\\\/ja\\\/%E6%B1%8E%E7%94%A8%E3%82%A2%E3%83%97%E3%83%AA%E3%82%B1%E3%83%BC%E3%82%B7%E3%83%A7%E3%83%B3%E7%94%A8dro\\\/&quot;,&quot;new_window&quot;:false}\" >\n\t\t\t\t\t<div class=\"sow-slider-image-container\">\n\t\t\t<div class=\"sow-slider-image-wrapper\">\n\t\t\t\t<h3>\u6c4e\u7528\u30a2\u30d7\u30ea\u30b1\u30fc\u30b7\u30e7\u30f3\u7528DRO<\/h3>\n\t\t\t<\/div>\n\t\t<\/div>\n\t\t<div class=\"sow-slider-image-overlay sow-slider-image-cover\" style=\"opacity: 0.67;background-image: url(https:\/\/www-dev.fagorautomation.com\/wp-content\/uploads\/dro_sistemas_visualizacion_otras_aplicaciones-3.jpg)\"  ><\/div>\t\t<\/li>\n\t\t<\/ul>\t\t\t\t<ol class=\"sow-slider-pagination\">\n\t\t\t\t\t\t\t\t\t\t\t<li><a href=\"#\" data-goto=\"0\" aria-label=\"Display slide 1\"><\/a><\/li>\n\t\t\t\t\t\t\t\t\t<\/ol>\n\n\t\t\t\t<div class=\"sow-slide-nav sow-slide-nav-next\">\n\t\t\t\t\t<a href=\"#\" data-goto=\"next\" aria-label=\"Next slide\" data-action=\"next\">\n\t\t\t\t\t\t<em class=\"sow-sld-icon-thin-right\"><\/em>\n\t\t\t\t\t<\/a>\n\t\t\t\t<\/div>\n\n\t\t\t\t<div class=\"sow-slide-nav sow-slide-nav-prev\">\n\t\t\t\t\t<a href=\"#\" data-goto=\"previous\" aria-label=\"Previous slide\" data-action=\"prev\">\n\t\t\t\t\t\t<em class=\"sow-sld-icon-thin-left\"><\/em>\n\t\t\t\t\t<\/a>\n\t\t\t\t<\/div>\n\t\t\t\t<\/div><\/div><\/div><\/div><div id=\"pgc-w6322fb2bcb838-0-3\"  class=\"panel-grid-cell\" ><div id=\"panel-w6322fb2bcb838-0-3-0\" class=\"so-panel widget widget_sow-hero panel-first-child panel-last-child\" data-index=\"3\" ><div\n\t\t\t\n\t\t\tclass=\"so-widget-sow-hero so-widget-sow-hero-default-ae8cd30196bc so-widget-fittext-wrapper\"\n\t\t\t data-fit-text-compressor=\"0.85\"\n\t\t>\t\t\t\t<div class=\"sow-slider-base\" style=\"display: none\" tabindex=\"0\">\n\t\t\t\t\t<ul\n\t\t\t\t\tclass=\"sow-slider-images\"\n\t\t\t\t\tdata-settings=\"{&quot;pagination&quot;:true,&quot;speed&quot;:800,&quot;timeout&quot;:8000,&quot;paused&quot;:true,&quot;pause_on_hover&quot;:false,&quot;swipe&quot;:false,&quot;nav_always_show_desktop&quot;:&quot;&quot;,&quot;nav_always_show_mobile&quot;:&quot;&quot;,&quot;breakpoint&quot;:&quot;780px&quot;,&quot;unmute&quot;:false,&quot;anchor&quot;:null}\"\n\t\t\t\t\tstyle=\"min-height: 450px\"\t\t\t\t\tdata-anchor-id=\"\"\n\t\t\t\t>\t\t<li class=\"sow-slider-image  sow-slider-image-cover\" style=\"visibility: visible;;background-color: #333333;cursor: pointer;\" data-url=\"{&quot;url&quot;:&quot;https:\\\/\\\/www-dev.fagorautomation.com\\\/ja\\\/edm%E3%81%AE%E3%81%9F%E3%82%81%E3%81%AEdro\\\/&quot;,&quot;new_window&quot;:false}\" >\n\t\t\t\t\t<div class=\"sow-slider-image-container\">\n\t\t\t<div class=\"sow-slider-image-wrapper\">\n\t\t\t\t<h3>EDM\u306e\u305f\u3081\u306eDRO<\/h3>\n\t\t\t<\/div>\n\t\t<\/div>\n\t\t<div class=\"sow-slider-image-overlay sow-slider-image-cover\" style=\"opacity: 0.67;background-image: url(https:\/\/www-dev.fagorautomation.com\/wp-content\/uploads\/dro_sistemas_visualizacion_electroerosion.jpg)\"  ><\/div>\t\t<\/li>\n\t\t<\/ul>\t\t\t\t<ol class=\"sow-slider-pagination\">\n\t\t\t\t\t\t\t\t\t\t\t<li><a href=\"#\" data-goto=\"0\" aria-label=\"Display slide 1\"><\/a><\/li>\n\t\t\t\t\t\t\t\t\t<\/ol>\n\n\t\t\t\t<div class=\"sow-slide-nav sow-slide-nav-next\">\n\t\t\t\t\t<a href=\"#\" data-goto=\"next\" aria-label=\"Next slide\" data-action=\"next\">\n\t\t\t\t\t\t<em class=\"sow-sld-icon-thin-right\"><\/em>\n\t\t\t\t\t<\/a>\n\t\t\t\t<\/div>\n\n\t\t\t\t<div class=\"sow-slide-nav sow-slide-nav-prev\">\n\t\t\t\t\t<a href=\"#\" data-goto=\"previous\" aria-label=\"Previous slide\" data-action=\"prev\">\n\t\t\t\t\t\t<em class=\"sow-sld-icon-thin-left\"><\/em>\n\t\t\t\t\t<\/a>\n\t\t\t\t<\/div>\n\t\t\t\t<\/div><\/div><\/div><\/div><\/div><\/div><\/div><\/div><\/div><\/div><\/div><\/div>","protected":false},"excerpt":{"rendered":"<p>\u30a4\u30f3\u30af\u30ea\u30e1\u30f3\u30bf\u30eb\u30a8\u30f3\u30b3\u30fc\u30c0\u306e\u7a2e &#8230; <a title=\"\u6c4e\u7528\u6a5f\u5411\u3051\u30d5\u30a3\u30fc\u30c9\u30d0\u30c3\u30af\u30b7\u30b9\u30c6\u30e0\" class=\"read-more\" href=\"https:\/\/www-dev.fagorautomation.com\/ja\/machine-tools\/conventional-machines\/\" aria-label=\"\u6c4e\u7528\u6a5f\u5411\u3051\u30d5\u30a3\u30fc\u30c9\u30d0\u30c3\u30af\u30b7\u30b9\u30c6\u30e0 \u306b\u3064\u3044\u3066\u3055\u3089\u306b\u8aad\u3080\"> <\/a><\/p>\n","protected":false},"author":1,"featured_media":0,"parent":832386,"menu_order":0,"comment_status":"closed","ping_status":"closed","template":"","meta":{"_acf_changed":false,"footnotes":""},"categories":[1337],"tags":[],"class_list":{"0":"post-832298","1":"page","2":"type-page","3":"status-publish","5":"category-menu-captacion-ja"},"acf":[],"wpml_current_locale":"ja","wpml_translations":[{"locale":"en","id":825772,"post_title":"Feedback Systems for conventional machines","href":"https:\/\/www-dev.fagorautomation.com\/en\/machine-tools\/conventional-machines\/"},{"locale":"es_ES","id":283180,"post_title":"Sistemas de Captaci\u00f3n para m\u00e1quina manual","href":"https:\/\/www-dev.fagorautomation.com\/es\/maquina-herramienta\/maquina-manual\/"},{"locale":"en_US","id":832296,"post_title":"Feedback Systems for conventional machines","href":"https:\/\/www-dev.fagorautomation.com\/en-us\/machine-tools\/conventional-machines\/"},{"locale":"it_IT","id":832297,"post_title":"Feedback Systems per macchine convenzionali","href":"https:\/\/www-dev.fagorautomation.com\/it\/macchine-utensili\/macchine-convenzionali\/"},{"locale":"fr_FR","id":832293,"post_title":"Syst\u00e8mes de mesure pour machines conventionnelles","href":"https:\/\/www-dev.fagorautomation.com\/fr\/machines-outils\/machines-conventionnelles\/"},{"locale":"pt_BR","id":832299,"post_title":"Sistemas de Medi\u00e7\u00e3o para m\u00e1quina convencional","href":"https:\/\/www-dev.fagorautomation.com\/pt-br\/maquina-ferramenta\/maquina-convencional\/"},{"locale":"pt_PT","id":832291,"post_title":"Sistemas de Capta\u00e7\u00e3o para m\u00e1quina convencional","href":"https:\/\/www-dev.fagorautomation.com\/pt-pt\/sistemas-de-captacao-para-maquina-ferramenta\/maquina-convencional\/"},{"locale":"de_DE","id":832294,"post_title":"Messsysteme f\u00fcr konventionelle Werkzeugmaschinen","href":"https:\/\/www-dev.fagorautomation.com\/de\/messsysteme-fuer-werkzeugmaschinen\/konventionelle-werkzeugmaschinen\/"},{"locale":"en_IN","id":832295,"post_title":"Feedback Systems for conventional machines","href":"https:\/\/www-dev.fagorautomation.com\/hi\/machine-tools\/conventional-machines\/"},{"locale":"eu_ES","id":832292,"post_title":"Eskuzko makinarako atzitze sistemak","href":"https:\/\/www-dev.fagorautomation.com\/eu\/makina-erremintarako-atzitze-sistemak\/conventional-machines\/"},{"locale":"zh_CN","id":906291,"post_title":"\u53cd\u9988\u7cfb\u7edf\u7528\u4e8e\u666e\u901a\u673a\u5e8a","href":"https:\/\/www-dev.fagorautomation.com\/zh-hans\/%e7%94%a8%e4%ba%8e%e6%99%ae%e9%80%9a%e6%9c%ba%e5%ba%8a%e7%9a%84%e5%8f%8d%e9%a6%88%e7%b3%bb%e7%bb%9f\/maquina-manual\/"}],"_links":{"self":[{"href":"https:\/\/www-dev.fagorautomation.com\/ja\/wp-json\/wp\/v2\/pages\/832298","targetHints":{"allow":["GET"]}}],"collection":[{"href":"https:\/\/www-dev.fagorautomation.com\/ja\/wp-json\/wp\/v2\/pages"}],"about":[{"href":"https:\/\/www-dev.fagorautomation.com\/ja\/wp-json\/wp\/v2\/types\/page"}],"author":[{"embeddable":true,"href":"https:\/\/www-dev.fagorautomation.com\/ja\/wp-json\/wp\/v2\/users\/1"}],"replies":[{"embeddable":true,"href":"https:\/\/www-dev.fagorautomation.com\/ja\/wp-json\/wp\/v2\/comments?post=832298"}],"version-history":[{"count":0,"href":"https:\/\/www-dev.fagorautomation.com\/ja\/wp-json\/wp\/v2\/pages\/832298\/revisions"}],"up":[{"embeddable":true,"href":"https:\/\/www-dev.fagorautomation.com\/ja\/wp-json\/wp\/v2\/pages\/832386"}],"wp:attachment":[{"href":"https:\/\/www-dev.fagorautomation.com\/ja\/wp-json\/wp\/v2\/media?parent=832298"}],"wp:term":[{"taxonomy":"category","embeddable":true,"href":"https:\/\/www-dev.fagorautomation.com\/ja\/wp-json\/wp\/v2\/categories?post=832298"},{"taxonomy":"post_tag","embeddable":true,"href":"https:\/\/www-dev.fagorautomation.com\/ja\/wp-json\/wp\/v2\/tags?post=832298"}],"curies":[{"name":"wp","href":"https:\/\/api.w.org\/{rel}","templated":true}]}}