{"id":832297,"date":"2022-01-31T15:20:43","date_gmt":"2022-01-31T14:20:43","guid":{"rendered":"https:\/\/www-dev.fagorautomation.com\/conventional-machines\/"},"modified":"2022-05-02T17:57:56","modified_gmt":"2022-05-02T16:57:56","slug":"macchine-convenzionali","status":"publish","type":"page","link":"https:\/\/www-dev.fagorautomation.com\/it\/macchine-utensili\/macchine-convenzionali\/","title":{"rendered":"Feedback Systems per macchine convenzionali"},"content":{"rendered":"<div id=\"pl-832297\"  class=\"panel-layout\" ><div id=\"pg-832297-0\"  class=\"panel-grid panel-no-style\" ><div id=\"pgc-832297-0-0\"  class=\"panel-grid-cell\" ><div id=\"panel-832297-0-0-0\" class=\"so-panel widget widget_sow-headline panel-first-child\" data-index=\"0\" ><div\n\t\t\t\n\t\t\tclass=\"so-widget-sow-headline so-widget-sow-headline-default-4568b5a8e866-832297 so-widget-fittext-wrapper\"\n\t\t\t data-fit-text-compressor=\"0.85\"\n\t\t><div class=\"sow-headline-container \">\n\t\t\t\t\t\t\t<h2 class=\"sow-headline\">\n\t\t\t\t\t\tEncoder lineari e rotativi gamma standard\t\t\t\t\t\t<\/h2>\n\t\t\t\t\t\t<\/div>\n<\/div><\/div><div id=\"panel-832297-0-0-1\" class=\"so-panel widget widget_sow-editor panel-last-child\" data-index=\"1\" ><div\n\t\t\t\n\t\t\tclass=\"so-widget-sow-editor so-widget-sow-editor-base\"\n\t\t\t\n\t\t>\n<div class=\"siteorigin-widget-tinymce textwidget\">\n\t<p><span class=\"title_red\">Tipologia degli encoder incrementali<\/span><\/p>\n<ul>\n<li><strong>Encoder lineare:<\/strong> Adatto per applicazioni su fresatrici, foratrici, torni e rettifiche con velocit\u00e0 di spostamento fino a 120 m\/min e livelli di vibrazioni fino a 10 g.<\/li>\n<li><strong>Encoder rotativo:<\/strong> Si utilizza come rilevatore di posizione per movimenti rotatori, velocit\u00e0 angolari ed inoltre per movimenti lineari quando sono utilizzati uniti a dispositivi meccanici come le viti per il movimento degli assi. Vengono utilizzati su Macchine Utensili, macchine per la lavorazione del legno, robot, manipolatori, ecc.<\/li>\n<\/ul>\n<p><span class=\"title_red\">Metodo di misura<\/span><br \/>\nFagor Automation utilizza due sistemi di misura nei propri encoder incrementali:<\/p>\n<ul>\n<li><strong>Acciaio graduato:<\/strong> Per encoder lineari fino a 3040 mm di corsa di misura e per encoder rotativo.<\/li>\n<li><strong>Acero graduado:<\/strong> Per encoder lineari superiori a 3040 mm di corsa di misura.<\/li>\n<\/ul>\n<\/div>\n<\/div><\/div><\/div><div id=\"pgc-832297-0-1\"  class=\"panel-grid-cell\" ><div id=\"panel-832297-0-1-0\" class=\"so-panel widget widget_sow-hero panel-first-child panel-last-child\" data-index=\"2\" ><div class=\"box-red panel-widget-style panel-widget-style-for-832297-0-1-0\" ><div\n\t\t\t\n\t\t\tclass=\"so-widget-sow-hero so-widget-sow-hero-default-38c473f4014a-832297 so-widget-fittext-wrapper\"\n\t\t\t data-fit-text-compressor=\"0.85\"\n\t\t>\t\t\t\t<div class=\"sow-slider-base\" style=\"display: none\" tabindex=\"0\">\n\t\t\t\t\t<ul\n\t\t\t\t\tclass=\"sow-slider-images\"\n\t\t\t\t\tdata-settings=\"{&quot;pagination&quot;:true,&quot;speed&quot;:800,&quot;timeout&quot;:8000,&quot;paused&quot;:true,&quot;pause_on_hover&quot;:false,&quot;swipe&quot;:false,&quot;nav_always_show_desktop&quot;:&quot;&quot;,&quot;nav_always_show_mobile&quot;:&quot;&quot;,&quot;breakpoint&quot;:&quot;780px&quot;,&quot;unmute&quot;:false,&quot;anchor&quot;:null}\"\n\t\t\t\t\tstyle=\"min-height: 300px\"\t\t\t\t\tdata-anchor-id=\"\"\n\t\t\t\t>\t\t<li class=\"sow-slider-image  sow-slider-image-cover\" style=\"visibility: visible;;background-color: #333333;cursor: pointer;\" data-url=\"{&quot;url&quot;:&quot;https:\\\/\\\/www-dev.fagorautomation.com\\\/it\\\/sistemi-di-misura\\\/encoder-lineari-e-rotativi-gamma-standard\\\/&quot;,&quot;new_window&quot;:false}\" >\n\t\t\t\t\t<div class=\"sow-slider-image-container\">\n\t\t\t<div class=\"sow-slider-image-wrapper\">\n\t\t\t\t<h3>Encoder lineari e rotativi gamma standard<\/h3>\n<div class=\"sow-hero-buttons\" ><div\n\t\t\t\n\t\t\tclass=\"so-widget-sow-button so-widget-sow-button-wire-50c6b2a946db\"\n\t\t\t\n\t\t><div class=\"ow-button-base ow-button-align-center\"\n>\n\t\t\t<a\n\t\t\t\t\thref=\"https:\/\/www-dev.fagorautomation.com\/it\/sistemi-di-misura\/encoder-lineari-e-rotativi-gamma-standard\/\"\n\t\t\t\t\tclass=\"sowb-button ow-icon-placement-left ow-button-hover\" \t>\n\t\t<span>\n\t\t\t\n\t\t\t+ informazioni\t\t<\/span>\n\t\t\t<\/a>\n\t<\/div>\n<\/div><\/div>\n\t\t\t<\/div>\n\t\t<\/div>\n\t\t<div class=\"sow-slider-image-overlay sow-slider-image-cover\" style=\"opacity: 0.6;background-image: url(https:\/\/www-dev.fagorautomation.com\/wp-content\/uploads\/img-products\/encoders-gama-standard.jpg)\"  ><\/div>\t\t<\/li>\n\t\t<\/ul>\t\t\t\t<ol class=\"sow-slider-pagination\">\n\t\t\t\t\t\t\t\t\t\t\t<li><a href=\"#\" data-goto=\"0\" aria-label=\"Display slide 1\"><\/a><\/li>\n\t\t\t\t\t\t\t\t\t<\/ol>\n\n\t\t\t\t<div class=\"sow-slide-nav sow-slide-nav-next\">\n\t\t\t\t\t<a href=\"#\" data-goto=\"next\" aria-label=\"Next slide\" data-action=\"next\">\n\t\t\t\t\t\t<em class=\"sow-sld-icon-thin-right\"><\/em>\n\t\t\t\t\t<\/a>\n\t\t\t\t<\/div>\n\n\t\t\t\t<div class=\"sow-slide-nav sow-slide-nav-prev\">\n\t\t\t\t\t<a href=\"#\" data-goto=\"previous\" aria-label=\"Previous slide\" data-action=\"prev\">\n\t\t\t\t\t\t<em class=\"sow-sld-icon-thin-left\"><\/em>\n\t\t\t\t\t<\/a>\n\t\t\t\t<\/div>\n\t\t\t\t<\/div><\/div><\/div><\/div><\/div><\/div><div id=\"pg-832297-1\"  class=\"panel-grid panel-has-style\" ><div class=\"siteorigin-panels-stretch panel-row-style panel-row-style-for-832297-1\" id=\"dro\" data-stretch-type=\"full\" ><div id=\"pgc-832297-1-0\"  class=\"panel-grid-cell\" ><div id=\"panel-832297-1-0-0\" class=\"so-panel widget widget_sow-headline panel-first-child\" data-index=\"3\" ><div\n\t\t\t\n\t\t\tclass=\"so-widget-sow-headline so-widget-sow-headline-default-4568b5a8e866-832297 so-widget-fittext-wrapper\"\n\t\t\t data-fit-text-compressor=\"0.85\"\n\t\t><div class=\"sow-headline-container \">\n\t\t\t\t\t\t\t<h2 class=\"sow-headline\">\n\t\t\t\t\t\tVisualizzatori di Quote\t\t\t\t\t\t<\/h2>\n\t\t\t\t\t\t<\/div>\n<\/div><\/div><div id=\"panel-832297-1-0-1\" class=\"so-panel widget widget_siteorigin-panels-builder\" data-index=\"4\" ><div id=\"pl-w62700d94ede99\"  class=\"panel-layout\" ><div id=\"pg-w62700d94ede99-0\"  class=\"panel-grid panel-no-style\" ><div id=\"pgc-w62700d94ede99-0-0\"  class=\"panel-grid-cell\" ><div id=\"panel-w62700d94ede99-0-0-0\" class=\"so-panel widget widget_sow-editor panel-first-child panel-last-child\" data-index=\"0\" ><div class=\"panel-widget-style panel-widget-style-for-w62700d94ede99-0-0-0\" ><div\n\t\t\t\n\t\t\tclass=\"so-widget-sow-editor so-widget-sow-editor-base\"\n\t\t\t\n\t\t>\n<div class=\"siteorigin-widget-tinymce textwidget\">\n\t<p>Fagor Automation produce visualizzatori con <strong>caratteristiche avanzate progettati per ottimizzare le prestazioni delle fresatrici<\/strong>, torni, alesatrici, elettroerosioni e rettifiche.<\/p>\n<p><strong>La serie Innova dei Visualizzatori Fagor<\/strong> \u00e8 fornita di prestazioni elevate. Tra cui:<\/p>\n<\/div>\n<\/div><\/div><\/div><\/div><div id=\"pgc-w62700d94ede99-0-1\"  class=\"panel-grid-cell\" ><div id=\"panel-w62700d94ede99-0-1-0\" class=\"so-panel widget widget_sow-editor panel-first-child panel-last-child\" data-index=\"1\" ><div\n\t\t\t\n\t\t\tclass=\"so-widget-sow-editor so-widget-sow-editor-base\"\n\t\t\t\n\t\t>\n<div class=\"siteorigin-widget-tinymce textwidget\">\n\t<ul>\n<li>Uno schermo TFT da 5,7 pollici per i torni, fresatrici e alesatrici, fino a quattro assi con<\/li>\n<li>Per elettroerosioni e rettifiche, fino a 3 assi con display a LED.<\/li>\n<li>Programma pezzo.<\/li>\n<li>Velocit\u00e0 di Taglio Costante.<\/li>\n<li>Grafico di aiuto alla programmazione e simulazione in 3D.<\/li>\n<li>Operazioni intuitive.<\/li>\n<li>Ottima visibilit\u00e0 da qualsiasi angolazione.<\/li>\n<li>Ingresso USB per la copia dei dati.<\/li>\n<li>Preselezione degli assi.<\/li>\n<li>Facile messa a punto e autospegnimento.<\/li>\n<li>Misurazioni in mm. e pollici.<\/li>\n<\/ul>\n<p>Fagor Automation offre ai propri clienti un supporto tecnico e di servizio per l\u2019installazione e messa a punto.<\/p>\n<\/div>\n<\/div><\/div><\/div><\/div><\/div><\/div><div id=\"panel-832297-1-0-2\" class=\"so-panel widget widget_siteorigin-panels-builder panel-last-child\" data-index=\"5\" ><div id=\"pl-w62700d94ee248\"  class=\"panel-layout\" ><div id=\"pg-w62700d94ee248-0\"  class=\"panel-grid panel-has-style\" ><div class=\"box-red panel-row-style panel-row-style-for-w62700d94ee248-0\" ><div id=\"pgc-w62700d94ee248-0-0\"  class=\"panel-grid-cell\" ><div id=\"panel-w62700d94ee248-0-0-0\" class=\"so-panel widget widget_sow-hero panel-first-child panel-last-child\" data-index=\"0\" ><div\n\t\t\t\n\t\t\tclass=\"so-widget-sow-hero so-widget-sow-hero-default-ae8cd30196bc so-widget-fittext-wrapper\"\n\t\t\t data-fit-text-compressor=\"0.85\"\n\t\t>\t\t\t\t<div class=\"sow-slider-base\" style=\"display: none\" tabindex=\"0\">\n\t\t\t\t\t<ul\n\t\t\t\t\tclass=\"sow-slider-images\"\n\t\t\t\t\tdata-settings=\"{&quot;pagination&quot;:true,&quot;speed&quot;:800,&quot;timeout&quot;:8000,&quot;paused&quot;:true,&quot;pause_on_hover&quot;:false,&quot;swipe&quot;:false,&quot;nav_always_show_desktop&quot;:&quot;&quot;,&quot;nav_always_show_mobile&quot;:&quot;&quot;,&quot;breakpoint&quot;:&quot;780px&quot;,&quot;unmute&quot;:false,&quot;anchor&quot;:null}\"\n\t\t\t\t\tstyle=\"min-height: 450px\"\t\t\t\t\tdata-anchor-id=\"\"\n\t\t\t\t>\t\t<li class=\"sow-slider-image  sow-slider-image-cover\" style=\"visibility: visible;;background-color: #333333;cursor: pointer;\" data-url=\"{&quot;url&quot;:&quot;https:\\\/\\\/www-dev.fagorautomation.com\\\/it\\\/dros-per-torni\\\/&quot;,&quot;new_window&quot;:false}\" >\n\t\t\t\t\t<div class=\"sow-slider-image-container\">\n\t\t\t<div class=\"sow-slider-image-wrapper\">\n\t\t\t\t<h3>Torni<\/h3>\n\t\t\t<\/div>\n\t\t<\/div>\n\t\t<div class=\"sow-slider-image-overlay sow-slider-image-cover\" style=\"opacity: 0.65;background-image: url(https:\/\/www-dev.fagorautomation.com\/wp-content\/uploads\/dro_sistemas_visualizacion_torno.jpg)\"  ><\/div>\t\t<\/li>\n\t\t<\/ul>\t\t\t\t<ol class=\"sow-slider-pagination\">\n\t\t\t\t\t\t\t\t\t\t\t<li><a href=\"#\" data-goto=\"0\" aria-label=\"Display slide 1\"><\/a><\/li>\n\t\t\t\t\t\t\t\t\t<\/ol>\n\n\t\t\t\t<div class=\"sow-slide-nav sow-slide-nav-next\">\n\t\t\t\t\t<a href=\"#\" data-goto=\"next\" aria-label=\"Next slide\" data-action=\"next\">\n\t\t\t\t\t\t<em class=\"sow-sld-icon-thin-right\"><\/em>\n\t\t\t\t\t<\/a>\n\t\t\t\t<\/div>\n\n\t\t\t\t<div class=\"sow-slide-nav sow-slide-nav-prev\">\n\t\t\t\t\t<a href=\"#\" data-goto=\"previous\" aria-label=\"Previous slide\" data-action=\"prev\">\n\t\t\t\t\t\t<em class=\"sow-sld-icon-thin-left\"><\/em>\n\t\t\t\t\t<\/a>\n\t\t\t\t<\/div>\n\t\t\t\t<\/div><\/div><\/div><\/div><div id=\"pgc-w62700d94ee248-0-1\"  class=\"panel-grid-cell\" ><div id=\"panel-w62700d94ee248-0-1-0\" class=\"so-panel widget widget_sow-hero panel-first-child panel-last-child\" data-index=\"1\" ><div\n\t\t\t\n\t\t\tclass=\"so-widget-sow-hero so-widget-sow-hero-default-ae8cd30196bc so-widget-fittext-wrapper\"\n\t\t\t data-fit-text-compressor=\"0.85\"\n\t\t>\t\t\t\t<div class=\"sow-slider-base\" style=\"display: none\" tabindex=\"0\">\n\t\t\t\t\t<ul\n\t\t\t\t\tclass=\"sow-slider-images\"\n\t\t\t\t\tdata-settings=\"{&quot;pagination&quot;:true,&quot;speed&quot;:800,&quot;timeout&quot;:8000,&quot;paused&quot;:true,&quot;pause_on_hover&quot;:false,&quot;swipe&quot;:false,&quot;nav_always_show_desktop&quot;:&quot;&quot;,&quot;nav_always_show_mobile&quot;:&quot;&quot;,&quot;breakpoint&quot;:&quot;780px&quot;,&quot;unmute&quot;:false,&quot;anchor&quot;:null}\"\n\t\t\t\t\tstyle=\"min-height: 450px\"\t\t\t\t\tdata-anchor-id=\"\"\n\t\t\t\t>\t\t<li class=\"sow-slider-image  sow-slider-image-cover\" style=\"visibility: visible;;background-color: #333333;cursor: pointer;\" data-url=\"{&quot;url&quot;:&quot;https:\\\/\\\/www-dev.fagorautomation.com\\\/it\\\/dros-per-fresatrici-e-alesatrici\\\/&quot;,&quot;new_window&quot;:false}\" >\n\t\t\t\t\t<div class=\"sow-slider-image-container\">\n\t\t\t<div class=\"sow-slider-image-wrapper\">\n\t\t\t\t<h3>Fresatrici e Alesatrici<\/h3>\n\t\t\t<\/div>\n\t\t<\/div>\n\t\t<div class=\"sow-slider-image-overlay sow-slider-image-cover\" style=\"opacity: 0.65;background-image: url(https:\/\/www-dev.fagorautomation.com\/wp-content\/uploads\/dro_sistemas_visualizacion_fresadora.jpg)\"  ><\/div>\t\t<\/li>\n\t\t<\/ul>\t\t\t\t<ol class=\"sow-slider-pagination\">\n\t\t\t\t\t\t\t\t\t\t\t<li><a href=\"#\" data-goto=\"0\" aria-label=\"Display slide 1\"><\/a><\/li>\n\t\t\t\t\t\t\t\t\t<\/ol>\n\n\t\t\t\t<div class=\"sow-slide-nav sow-slide-nav-next\">\n\t\t\t\t\t<a href=\"#\" data-goto=\"next\" aria-label=\"Next slide\" data-action=\"next\">\n\t\t\t\t\t\t<em class=\"sow-sld-icon-thin-right\"><\/em>\n\t\t\t\t\t<\/a>\n\t\t\t\t<\/div>\n\n\t\t\t\t<div class=\"sow-slide-nav sow-slide-nav-prev\">\n\t\t\t\t\t<a href=\"#\" data-goto=\"previous\" aria-label=\"Previous slide\" data-action=\"prev\">\n\t\t\t\t\t\t<em class=\"sow-sld-icon-thin-left\"><\/em>\n\t\t\t\t\t<\/a>\n\t\t\t\t<\/div>\n\t\t\t\t<\/div><\/div><\/div><\/div><div id=\"pgc-w62700d94ee248-0-2\"  class=\"panel-grid-cell\" ><div id=\"panel-w62700d94ee248-0-2-0\" class=\"so-panel widget widget_sow-hero panel-first-child panel-last-child\" data-index=\"2\" ><div\n\t\t\t\n\t\t\tclass=\"so-widget-sow-hero so-widget-sow-hero-default-ae8cd30196bc so-widget-fittext-wrapper\"\n\t\t\t data-fit-text-compressor=\"0.85\"\n\t\t>\t\t\t\t<div class=\"sow-slider-base\" style=\"display: none\" tabindex=\"0\">\n\t\t\t\t\t<ul\n\t\t\t\t\tclass=\"sow-slider-images\"\n\t\t\t\t\tdata-settings=\"{&quot;pagination&quot;:true,&quot;speed&quot;:800,&quot;timeout&quot;:8000,&quot;paused&quot;:true,&quot;pause_on_hover&quot;:false,&quot;swipe&quot;:false,&quot;nav_always_show_desktop&quot;:&quot;&quot;,&quot;nav_always_show_mobile&quot;:&quot;&quot;,&quot;breakpoint&quot;:&quot;780px&quot;,&quot;unmute&quot;:false,&quot;anchor&quot;:null}\"\n\t\t\t\t\tstyle=\"min-height: 450px\"\t\t\t\t\tdata-anchor-id=\"\"\n\t\t\t\t>\t\t<li class=\"sow-slider-image  sow-slider-image-cover\" style=\"visibility: visible;;background-color: #333333;cursor: pointer;\" data-url=\"{&quot;url&quot;:&quot;https:\\\/\\\/www-dev.fagorautomation.com\\\/it\\\/dros-per-altre-applicazioni\\\/&quot;,&quot;new_window&quot;:false}\" >\n\t\t\t\t\t<div class=\"sow-slider-image-container\">\n\t\t\t<div class=\"sow-slider-image-wrapper\">\n\t\t\t\t<h3>Altre Applicazioni<\/h3>\n\t\t\t<\/div>\n\t\t<\/div>\n\t\t<div class=\"sow-slider-image-overlay sow-slider-image-cover\" style=\"opacity: 0.67;background-image: url(https:\/\/www-dev.fagorautomation.com\/wp-content\/uploads\/dro_sistemas_visualizacion_otras_aplicaciones-3.jpg)\"  ><\/div>\t\t<\/li>\n\t\t<\/ul>\t\t\t\t<ol class=\"sow-slider-pagination\">\n\t\t\t\t\t\t\t\t\t\t\t<li><a href=\"#\" data-goto=\"0\" aria-label=\"Display slide 1\"><\/a><\/li>\n\t\t\t\t\t\t\t\t\t<\/ol>\n\n\t\t\t\t<div class=\"sow-slide-nav sow-slide-nav-next\">\n\t\t\t\t\t<a href=\"#\" data-goto=\"next\" aria-label=\"Next slide\" data-action=\"next\">\n\t\t\t\t\t\t<em class=\"sow-sld-icon-thin-right\"><\/em>\n\t\t\t\t\t<\/a>\n\t\t\t\t<\/div>\n\n\t\t\t\t<div class=\"sow-slide-nav sow-slide-nav-prev\">\n\t\t\t\t\t<a href=\"#\" data-goto=\"previous\" aria-label=\"Previous slide\" data-action=\"prev\">\n\t\t\t\t\t\t<em class=\"sow-sld-icon-thin-left\"><\/em>\n\t\t\t\t\t<\/a>\n\t\t\t\t<\/div>\n\t\t\t\t<\/div><\/div><\/div><\/div><div id=\"pgc-w62700d94ee248-0-3\"  class=\"panel-grid-cell\" ><div id=\"panel-w62700d94ee248-0-3-0\" class=\"so-panel widget widget_sow-hero panel-first-child panel-last-child\" data-index=\"3\" ><div\n\t\t\t\n\t\t\tclass=\"so-widget-sow-hero so-widget-sow-hero-default-ae8cd30196bc so-widget-fittext-wrapper\"\n\t\t\t data-fit-text-compressor=\"0.85\"\n\t\t>\t\t\t\t<div class=\"sow-slider-base\" style=\"display: none\" tabindex=\"0\">\n\t\t\t\t\t<ul\n\t\t\t\t\tclass=\"sow-slider-images\"\n\t\t\t\t\tdata-settings=\"{&quot;pagination&quot;:true,&quot;speed&quot;:800,&quot;timeout&quot;:8000,&quot;paused&quot;:true,&quot;pause_on_hover&quot;:false,&quot;swipe&quot;:false,&quot;nav_always_show_desktop&quot;:&quot;&quot;,&quot;nav_always_show_mobile&quot;:&quot;&quot;,&quot;breakpoint&quot;:&quot;780px&quot;,&quot;unmute&quot;:false,&quot;anchor&quot;:null}\"\n\t\t\t\t\tstyle=\"min-height: 450px\"\t\t\t\t\tdata-anchor-id=\"\"\n\t\t\t\t>\t\t<li class=\"sow-slider-image  sow-slider-image-cover\" style=\"visibility: visible;;background-color: #333333;cursor: pointer;\" data-url=\"{&quot;url&quot;:&quot;https:\\\/\\\/www-dev.fagorautomation.com\\\/it\\\/dros-per-edm\\\/&quot;,&quot;new_window&quot;:false}\" >\n\t\t\t\t\t<div class=\"sow-slider-image-container\">\n\t\t\t<div class=\"sow-slider-image-wrapper\">\n\t\t\t\t<h3>Elettroerosione<\/h3>\n\t\t\t<\/div>\n\t\t<\/div>\n\t\t<div class=\"sow-slider-image-overlay sow-slider-image-cover\" style=\"opacity: 0.67;background-image: url(https:\/\/www-dev.fagorautomation.com\/wp-content\/uploads\/dro_sistemas_visualizacion_electroerosion.jpg)\"  ><\/div>\t\t<\/li>\n\t\t<\/ul>\t\t\t\t<ol class=\"sow-slider-pagination\">\n\t\t\t\t\t\t\t\t\t\t\t<li><a href=\"#\" data-goto=\"0\" aria-label=\"Display slide 1\"><\/a><\/li>\n\t\t\t\t\t\t\t\t\t<\/ol>\n\n\t\t\t\t<div class=\"sow-slide-nav sow-slide-nav-next\">\n\t\t\t\t\t<a href=\"#\" data-goto=\"next\" aria-label=\"Next slide\" data-action=\"next\">\n\t\t\t\t\t\t<em class=\"sow-sld-icon-thin-right\"><\/em>\n\t\t\t\t\t<\/a>\n\t\t\t\t<\/div>\n\n\t\t\t\t<div class=\"sow-slide-nav sow-slide-nav-prev\">\n\t\t\t\t\t<a href=\"#\" data-goto=\"previous\" aria-label=\"Previous slide\" data-action=\"prev\">\n\t\t\t\t\t\t<em class=\"sow-sld-icon-thin-left\"><\/em>\n\t\t\t\t\t<\/a>\n\t\t\t\t<\/div>\n\t\t\t\t<\/div><\/div><\/div><\/div><\/div><\/div><\/div><\/div><\/div><\/div><\/div><\/div>","protected":false},"excerpt":{"rendered":"<p>Tipologia degli encoder incrementali Encoder lineare: Adatto per applicazioni su fresatrici, foratrici, torni e rettifiche &#8230; <a title=\"Feedback Systems per macchine convenzionali\" class=\"read-more\" href=\"https:\/\/www-dev.fagorautomation.com\/it\/macchine-utensili\/macchine-convenzionali\/\" aria-label=\"Per saperne di pi\u00f9 su Feedback Systems per macchine convenzionali\"> <\/a><\/p>\n","protected":false},"author":1,"featured_media":0,"parent":832385,"menu_order":0,"comment_status":"closed","ping_status":"closed","template":"","meta":{"_acf_changed":false,"footnotes":""},"categories":[1336],"tags":[],"class_list":{"0":"post-832297","1":"page","2":"type-page","3":"status-publish","5":"category-menu-captacion-it"},"acf":[],"wpml_current_locale":"it_IT","wpml_translations":[{"locale":"en","id":825772,"post_title":"Feedback Systems for conventional machines","href":"https:\/\/www-dev.fagorautomation.com\/en\/machine-tools\/conventional-machines\/"},{"locale":"es_ES","id":283180,"post_title":"Sistemas de Captaci\u00f3n para m\u00e1quina manual","href":"https:\/\/www-dev.fagorautomation.com\/es\/maquina-herramienta\/maquina-manual\/"},{"locale":"en_US","id":832296,"post_title":"Feedback Systems for conventional machines","href":"https:\/\/www-dev.fagorautomation.com\/en-us\/machine-tools\/conventional-machines\/"},{"locale":"fr_FR","id":832293,"post_title":"Syst\u00e8mes de mesure pour machines conventionnelles","href":"https:\/\/www-dev.fagorautomation.com\/fr\/machines-outils\/machines-conventionnelles\/"},{"locale":"pt_BR","id":832299,"post_title":"Sistemas de Medi\u00e7\u00e3o para m\u00e1quina convencional","href":"https:\/\/www-dev.fagorautomation.com\/pt-br\/maquina-ferramenta\/maquina-convencional\/"},{"locale":"pt_PT","id":832291,"post_title":"Sistemas de Capta\u00e7\u00e3o para m\u00e1quina convencional","href":"https:\/\/www-dev.fagorautomation.com\/pt-pt\/sistemas-de-captacao-para-maquina-ferramenta\/maquina-convencional\/"},{"locale":"de_DE","id":832294,"post_title":"Messsysteme f\u00fcr konventionelle Werkzeugmaschinen","href":"https:\/\/www-dev.fagorautomation.com\/de\/messsysteme-fuer-werkzeugmaschinen\/konventionelle-werkzeugmaschinen\/"},{"locale":"en_IN","id":832295,"post_title":"Feedback Systems for conventional machines","href":"https:\/\/www-dev.fagorautomation.com\/hi\/machine-tools\/conventional-machines\/"},{"locale":"ja","id":832298,"post_title":"\u6c4e\u7528\u6a5f\u5411\u3051\u30d5\u30a3\u30fc\u30c9\u30d0\u30c3\u30af\u30b7\u30b9\u30c6\u30e0","href":"https:\/\/www-dev.fagorautomation.com\/ja\/machine-tools\/conventional-machines\/"},{"locale":"eu_ES","id":832292,"post_title":"Eskuzko makinarako atzitze sistemak","href":"https:\/\/www-dev.fagorautomation.com\/eu\/makina-erremintarako-atzitze-sistemak\/conventional-machines\/"},{"locale":"zh_CN","id":906291,"post_title":"\u53cd\u9988\u7cfb\u7edf\u7528\u4e8e\u666e\u901a\u673a\u5e8a","href":"https:\/\/www-dev.fagorautomation.com\/zh-hans\/%e7%94%a8%e4%ba%8e%e6%99%ae%e9%80%9a%e6%9c%ba%e5%ba%8a%e7%9a%84%e5%8f%8d%e9%a6%88%e7%b3%bb%e7%bb%9f\/maquina-manual\/"}],"_links":{"self":[{"href":"https:\/\/www-dev.fagorautomation.com\/it\/wp-json\/wp\/v2\/pages\/832297","targetHints":{"allow":["GET"]}}],"collection":[{"href":"https:\/\/www-dev.fagorautomation.com\/it\/wp-json\/wp\/v2\/pages"}],"about":[{"href":"https:\/\/www-dev.fagorautomation.com\/it\/wp-json\/wp\/v2\/types\/page"}],"author":[{"embeddable":true,"href":"https:\/\/www-dev.fagorautomation.com\/it\/wp-json\/wp\/v2\/users\/1"}],"replies":[{"embeddable":true,"href":"https:\/\/www-dev.fagorautomation.com\/it\/wp-json\/wp\/v2\/comments?post=832297"}],"version-history":[{"count":0,"href":"https:\/\/www-dev.fagorautomation.com\/it\/wp-json\/wp\/v2\/pages\/832297\/revisions"}],"up":[{"embeddable":true,"href":"https:\/\/www-dev.fagorautomation.com\/it\/wp-json\/wp\/v2\/pages\/832385"}],"wp:attachment":[{"href":"https:\/\/www-dev.fagorautomation.com\/it\/wp-json\/wp\/v2\/media?parent=832297"}],"wp:term":[{"taxonomy":"category","embeddable":true,"href":"https:\/\/www-dev.fagorautomation.com\/it\/wp-json\/wp\/v2\/categories?post=832297"},{"taxonomy":"post_tag","embeddable":true,"href":"https:\/\/www-dev.fagorautomation.com\/it\/wp-json\/wp\/v2\/tags?post=832297"}],"curies":[{"name":"wp","href":"https:\/\/api.w.org\/{rel}","templated":true}]}}