{"id":17121,"date":"2021-12-10T08:19:11","date_gmt":"2021-12-10T08:19:11","guid":{"rendered":"https:\/\/www-dev.fagorautomation.com\/politica-de-privacidad\/"},"modified":"2022-04-13T16:40:48","modified_gmt":"2022-04-13T15:40:48","slug":"politica-sulla-riservatezza","status":"publish","type":"page","link":"https:\/\/www-dev.fagorautomation.com\/it\/politica-sulla-riservatezza\/","title":{"rendered":"Politica sulla riservatezza"},"content":{"rendered":"<p>In conformit\u00e0 con le disposizioni della normativa vigente in materia di protezione dei dati e legge 34\/2002, dell&#8217;11 luglio, sui servizi della societ\u00e0 dell&#8217;informazione e del commercio elettronico (LSSI) FAGOR AUTOMATION S. COOP. (di seguito, &#8220;FAGOR&#8221;) informa gli utenti della propria Informativa sulla privacy, in modo che possano decidere liberamente e volontariamente se desiderano fornire i dati personali che potrebbero essere richiesti al momento dell&#8217;iscrizione o della registrazione di alcuni dei Servizi offerti.<\/p>\n<p><strong>RISERVATEZZA NEL TRATTAMENTO AUTOMATIZZATO DEI DATI PERSONALI<br \/>\n<\/strong>I dati personali raccolti attraverso il sito web saranno trattati segretamente e confidenzialmente.<\/p>\n<p>Attraverso il sito web FAGOR, non vengono raccolti dati personali, n\u00e9 vengono trasferiti a terzi, a loro insaputa.<\/p>\n<p><strong>RESPONSABILE DEL TRATTAMENTO<br \/>\n<\/strong>Il responsabile del trattamento \u00e8 FAGOR AUTOMATION, S.COOP., con sede a San Andres Auzoa, 19, 20500 Arrasate-Mondrag\u00f3n (Gipuzkoa) e NIF F20071114.<\/p>\n<p>Puoi contattarci chiamando il 943 039 800 o e-mail <a href=\"mailto:info@fagorautomation.es\">info@fagorautomation.es<\/a>.<\/p>\n<p><strong>SCOPO DELLA RACCOLTA E TRATTAMENTO AUTOMATIZZATO DEI DATI PERSONALI<br \/>\n<\/strong>FAGOR si impegna a non utilizzare i dati personali oggetto del trattamento per scopi incompatibili con quelli per i quali gli stessi sono stati raccolti.<\/p>\n<ul>\n<li><strong>Contatto<br \/>\n<\/strong>I dati personali forniti tramite il modulo \u201cContatto\u201d non sono registrati in alcun file o database, ma sono utilizzati al solo scopo di rispondere alla richiesta dell\u2019Utente.<\/li>\n<\/ul>\n<ul>\n<li><strong>Prodotti<br \/>\n<\/strong>I dati personali forniti tramite il modulo \u201cProdotti\u201d non sono registrati in alcun file o database, ma sono utilizzati al solo scopo di rispondere alla richiesta dell\u2019Utente.<\/li>\n<\/ul>\n<ul>\n<li><strong>Servizi<br \/>\n<\/strong>I dati personali forniti tramite i moduli disponibili nella sezione \u201cServizi\u201d sono registrati in File o Database, allo scopo di gestione, amministrazione, fornitura, espansione e miglioramento dei servizi offerti da Fagor sul suo sito web.<\/li>\n<\/ul>\n<ul>\n<li><strong>Download<br \/>\n<\/strong>I dati forniti nel registro come Utente nella sezione \u201cDownload\u201d sono registrati in File o Database, allo scopo di gestione, amministrazione, fornitura, espansione e miglioramento dei servizi offerti da Fagor sul suo sito web.<\/li>\n<\/ul>\n<ul>\n<li><strong>Newsletter<br \/>\n<\/strong>I dati forniti nella registrazione dell&#8217;abbonamento alla Newsletter sono registrati in File o Database, allo scopo di invio tramite mezzi elettronici di notizie, informazioni commerciali o pubblicitarie sui prodotti e servizi offerti da Fagor.<\/li>\n<\/ul>\n<ul>\n<li><strong>Invio CV<br \/>\n<\/strong>I dati forniti nel Curriculum Vitae, cos\u00ec come il documento stesso, sono registrati in File o Database, per i soli utilizzi necessari alla selezione del personale.<\/li>\n<\/ul>\n<p><strong>CONSENSO AL TRATTAMENTO DATI<br \/>\n<\/strong>I dati personali saranno trattati con il consenso dell\u2019Utente, secondo modalit\u00e0 e termini qui esposti.<\/p>\n<p><strong>DESTINATARI<br \/>\n<\/strong>FAGOR non trasferir\u00e0 i dati personali a terzi.<\/p>\n<p>Allo stesso modo, i trasferimenti internazionali di dati non saranno effettuati a terzi al di fuori dell&#8217;Unione Europea.<\/p>\n<p>FAGOR specifica che terze parti che, nell&#8217;ambito della fornitura di servizi a Fagor, possano aver accesso ai dati personali, hanno a loro volta sottoscritto gli opportuni contratti per garantire il rispetto delle norme sulla protezione dei dati.<\/p>\n<p><strong>CATEGORIE E TIPOLOGIE DEI DATI TRATTATI<br \/>\n<\/strong>Los datos de car\u00e1cter personal que recabaremos son los siguientes datos identificativos:<\/p>\n<ul>\n<li>Cognome e nome<\/li>\n<li>Indirizzo<\/li>\n<li>Curriculum Vitae<\/li>\n<li>Email e telefono di contatto.<\/li>\n<\/ul>\n<p>I dati raccolti sono necessari per gli scopi descritti nella sezione precedente.<\/p>\n<p><strong>DURATA DELLA CONSERVAZIONE DEI DATI PERSONALI<br \/>\n<\/strong>I dati saranno mantenuti il tempo minimo necessario per la corretta fornitura del servizio offerto, nonch\u00e9 per soddisfare le responsabilit\u00e0 che possono derivare da esso e qualsiasi altro requisito legale.<\/p>\n<p>In caso di invio di CV, i dati saranno conservati per tutto il tempo necessario alla procedura di selezione e, in ogni caso, per un periodo di 2 anni. Fatto salvo il termine, la parte interessata ricever\u00e0 una comunicazione annuale con richiesta di aggiornamento dei propri dati. In caso di mancato aggiornamento, FAGOR proceder\u00e0 alla cancellazione dei dati in questione, dopo il periodo di 2 anni.<\/p>\n<p>Nel caso di utilizzo dei dati per invio della newsletter, questi saranno conservati fino a espressa ed esplicita volont\u00e0 di interrompere la ricezione di tali comunicazioni da parte dell\u2019Utente.<\/p>\n<p><strong>DIRITTI DELL\u2019UTENTE IN RELAZIONI AI SUOI DATI PERSONALI<br \/>\n<\/strong>Gli Utenti possono esercitare i loro diritti di accesso, rettifica, cancellazione e opposizione. Hanno anche il diritto di revocare il consenso in ogni momento. \u00c8 possibile esercitare i suddetti diritti scrivendo una lettera in tal senso, indicando il proprio nome e cognome e allegando copia di documento di identit\u00e0 valido a:<\/p>\n<p>Fagor Automation S. Coop.<br \/>\nB\u00ba San Andres 19, Apdo 144<br \/>\n20500 Arrasate-Mondragon<br \/>\nGipuzkoa<\/p>\n<p>Nel caso in cui si ritenga che FAGOR non rispetti i regolamenti, si ha il diritto di presentare un reclamo all&#8217;autorit\u00e0 competente.<\/p>\n<p><strong>SECUREZZA DEL TRATTAMENTO, PROCESSAMENTO INFORMATICO E CUSTODIA DEI DATI<br \/>\n<\/strong>FAGOR ha adottato le misure tecniche e organizzative necessarie per prevenire la perdita, l&#8217;abuso, l&#8217;alterazione, l&#8217;accesso non autorizzato e il furto dei dati personali forniti, tenendo conto dello stato della tecnologia, dei costi di applicazione, della natura, della portata, del contesto e della fine del trattamento, nonch\u00e9 i rischi delle variabili di probabilit\u00e0 e gravit\u00e0 per i loro diritti e le loro libert\u00e0. Nonostante ci\u00f2, l&#8217;Utente deve essere consapevole che le misure di sicurezza su Internet non sono inespugnabili.<\/p>\n<p>In ogni caso, le misure di sicurezza applicate da FAGOR includono:<\/p>\n<ul>\n<li>la capacit\u00e0 di garantire la riservatezza, l&#8217;integrit\u00e0, la disponibilit\u00e0 dei sistemi e dei servizi di trattamento;<\/li>\n<li>la capacit\u00e0 di ripristinare rapidamente la disponibilit\u00e0 e l&#8217;accesso ai dati personali in caso di incidente fisico o tecnico;<\/li>\n<li>un processo di verifica e valutazione periodiche dell&#8217;efficacia delle misure tecniche e organizzative per garantire la sicurezza del trattamento.<\/li>\n<\/ul>\n<p><strong>RECESSO DELL\u2019ISCRIZIONE AL SERVIZIO DI NEWSLETTER<br \/>\n<\/strong>L&#8217;Utente ha il diritto di revocare in qualsiasi momento il consenso dato per l&#8217;invio di comunicazioni commerciali notificando alla FAGOR che non desidera continuare a riceverli. Per questo, l&#8217;Utente pu\u00f2 revocare il proprio consenso inviando una e-mail all&#8217;indirizzo <a href=\"mailto:komunikazioa@fagorautomation.es\">komunikazioa@fagorautomation.es<\/a>, indicando &#8220;RECESSO&#8221; nell&#8217;oggetto o facendo clic sul collegamento incluso in ciascuna comunicazione commerciale.<\/p>\n<p><strong>LINK \/ COLLEGAMENTI<br \/>\n<\/strong>L&#8217;informativa sulla privacy di cui sopra \u00e8 applicabile alla pagina web di FAGOR e non \u00e8 garantita nel caso in cui l&#8217;accesso avvenga tramite collegamenti al nostro sito provenienti da altri siti Web esterni.<\/p>\n","protected":false},"excerpt":{"rendered":"<p>In conformit\u00e0 con le disposizioni della normativa vigente in materia di protezione dei dati e &#8230; <a title=\"Politica sulla riservatezza\" class=\"read-more\" href=\"https:\/\/www-dev.fagorautomation.com\/it\/politica-sulla-riservatezza\/\" aria-label=\"Per saperne di pi\u00f9 su Politica sulla riservatezza\"> <\/a><\/p>\n","protected":false},"author":1,"featured_media":0,"parent":0,"menu_order":0,"comment_status":"closed","ping_status":"closed","template":"","meta":{"_acf_changed":false,"footnotes":""},"categories":[1289],"tags":[],"class_list":{"0":"post-17121","1":"page","2":"type-page","3":"status-publish","5":"category-page-title-franja-red-it"},"acf":[],"wpml_current_locale":"it_IT","wpml_translations":[{"locale":"en","id":17116,"post_title":"Privacy policy","href":"https:\/\/www-dev.fagorautomation.com\/en\/privacy-policy\/"},{"locale":"es_ES","id":17086,"post_title":"Pol\u00edtica de privacidad","href":"https:\/\/www-dev.fagorautomation.com\/es\/politica-de-privacidad\/"},{"locale":"en_US","id":17120,"post_title":"Privacy policy","href":"https:\/\/www-dev.fagorautomation.com\/en-us\/privacy-policy\/"},{"locale":"fr_FR","id":17117,"post_title":"Politique de confidentialit\u00e9","href":"https:\/\/www-dev.fagorautomation.com\/fr\/politique-de-confidentialite\/"},{"locale":"pt_BR","id":17123,"post_title":"Pol\u00edtica de privacidade","href":"https:\/\/www-dev.fagorautomation.com\/pt-br\/politica-de-privacidade\/"},{"locale":"pt_PT","id":17124,"post_title":"Pol\u00edtica de privacidade","href":"https:\/\/www-dev.fagorautomation.com\/pt-pt\/politica-de-privacidade\/"},{"locale":"de_DE","id":17118,"post_title":"Datenschutz","href":"https:\/\/www-dev.fagorautomation.com\/de\/datenschutz\/"},{"locale":"en_IN","id":17119,"post_title":"Privacy policy","href":"https:\/\/www-dev.fagorautomation.com\/hi\/privacy-policy\/"},{"locale":"ja","id":17122,"post_title":"\u30d7\u30e9\u30a4\u30d9\u30fc\u30c8\u30dd\u30ea\u30b7\u30fc","href":"https:\/\/www-dev.fagorautomation.com\/ja\/%e3%83%97%e3%83%a9%e3%82%a4%e3%83%99%e3%83%bc%e3%83%88%e3%83%9d%e3%83%aa%e3%82%b7%e3%83%bc\/"},{"locale":"eu_ES","id":17115,"post_title":"Pribatasun politika","href":"https:\/\/www-dev.fagorautomation.com\/eu\/pribatasun-politika\/"},{"locale":"zh_CN","id":909807,"post_title":"Privacy policy","href":"https:\/\/www-dev.fagorautomation.com\/zh-hans\/privacy-policy\/"}],"_links":{"self":[{"href":"https:\/\/www-dev.fagorautomation.com\/it\/wp-json\/wp\/v2\/pages\/17121","targetHints":{"allow":["GET"]}}],"collection":[{"href":"https:\/\/www-dev.fagorautomation.com\/it\/wp-json\/wp\/v2\/pages"}],"about":[{"href":"https:\/\/www-dev.fagorautomation.com\/it\/wp-json\/wp\/v2\/types\/page"}],"author":[{"embeddable":true,"href":"https:\/\/www-dev.fagorautomation.com\/it\/wp-json\/wp\/v2\/users\/1"}],"replies":[{"embeddable":true,"href":"https:\/\/www-dev.fagorautomation.com\/it\/wp-json\/wp\/v2\/comments?post=17121"}],"version-history":[{"count":0,"href":"https:\/\/www-dev.fagorautomation.com\/it\/wp-json\/wp\/v2\/pages\/17121\/revisions"}],"wp:attachment":[{"href":"https:\/\/www-dev.fagorautomation.com\/it\/wp-json\/wp\/v2\/media?parent=17121"}],"wp:term":[{"taxonomy":"category","embeddable":true,"href":"https:\/\/www-dev.fagorautomation.com\/it\/wp-json\/wp\/v2\/categories?post=17121"},{"taxonomy":"post_tag","embeddable":true,"href":"https:\/\/www-dev.fagorautomation.com\/it\/wp-json\/wp\/v2\/tags?post=17121"}],"curies":[{"name":"wp","href":"https:\/\/api.w.org\/{rel}","templated":true}]}}