{"id":832632,"date":"2021-12-02T09:01:13","date_gmt":"2021-12-02T09:01:13","guid":{"rendered":"https:\/\/www-dev.fagorautomation.com\/services\/technical-assistance\/"},"modified":"2022-04-20T14:25:18","modified_gmt":"2022-04-20T13:25:18","slug":"assistance-technique","status":"publish","type":"page","link":"https:\/\/www-dev.fagorautomation.com\/fr\/services\/assistance-technique\/","title":{"rendered":"Assistance technique"},"content":{"rendered":"<div id=\"pl-832632\"  class=\"panel-layout\" ><div id=\"pg-832632-0\"  class=\"panel-grid panel-has-style\" ><div class=\"panel-row-style panel-row-style-for-832632-0\" ><div id=\"pgc-832632-0-0\"  class=\"panel-grid-cell\" ><div class=\"panel-cell-style panel-cell-style-for-832632-0-0\" ><div id=\"panel-832632-0-0-0\" class=\"so-panel widget widget_sow-headline panel-first-child panel-last-child\" data-index=\"0\" ><div\n\t\t\t\n\t\t\tclass=\"so-widget-sow-headline so-widget-sow-headline-default-5194b77dbc3c-832632 so-widget-fittext-wrapper\"\n\t\t\t data-fit-text-compressor=\"0.85\"\n\t\t><div class=\"sow-headline-container \">\n\t\t\t\t\t\t\t<h2 class=\"sow-headline\">\n\t\t\t\t\t\tContactez notre <br \/>service technique.\t\t\t\t\t\t<\/h2>\n\t\t\t\t\t\t\t\t\t\t\t\t<p class=\"sow-sub-headline\">\n\t\t\t\t\t\tAssistance machine sur site ou \u00e0 distance par du personnel sp\u00e9cialis\u00e9\t\t\t\t\t\t<\/p>\n\t\t\t\t\t\t<\/div>\n<\/div><\/div><\/div><\/div><div id=\"pgc-832632-0-1\"  class=\"panel-grid-cell\" ><div id=\"panel-832632-0-1-0\" class=\"so-panel widget widget_sow-image panel-first-child panel-last-child\" data-index=\"1\" ><div\n\t\t\t\n\t\t\tclass=\"so-widget-sow-image so-widget-sow-image-default-dbf295114b96-832632\"\n\t\t\t\n\t\t>\n<div class=\"sow-image-container\">\n\t\t<img \n\tsrc=\"https:\/\/www-dev.fagorautomation.com\/wp-content\/uploads\/asistencia-tecnica-fagorautomation.jpg\" width=\"600\" height=\"400\" srcset=\"https:\/\/www-dev.fagorautomation.com\/wp-content\/uploads\/asistencia-tecnica-fagorautomation.jpg 600w, https:\/\/www-dev.fagorautomation.com\/wp-content\/uploads\/asistencia-tecnica-fagorautomation-300x200.jpg 300w, https:\/\/www-dev.fagorautomation.com\/wp-content\/uploads\/asistencia-tecnica-fagorautomation-272x182.jpg 272w\" sizes=\"(max-width: 600px) 100vw, 600px\" title=\"Technical assistance Fagor Automation\" alt=\"Technical assistance Fagor Automation\" \t\tclass=\"so-widget-image\"\/>\n\t<\/div>\n\n<\/div><\/div><\/div><\/div><\/div><div id=\"pg-832632-1\"  class=\"panel-grid panel-no-style\" ><div id=\"pgc-832632-1-0\"  class=\"panel-grid-cell\" ><div id=\"panel-832632-1-0-0\" class=\"so-panel widget widget_siteorigin-panels-builder panel-first-child panel-last-child\" data-index=\"2\" ><div id=\"pl-w6260091c822d2\"  class=\"panel-layout\" ><div id=\"pg-w6260091c822d2-0\"  class=\"panel-grid panel-no-style\" ><div id=\"pgc-w6260091c822d2-0-0\"  class=\"panel-grid-cell\" ><div id=\"panel-w6260091c822d2-0-0-0\" class=\"so-panel widget widget_sow-editor panel-first-child panel-last-child\" data-index=\"0\" ><div\n\t\t\t\n\t\t\tclass=\"so-widget-sow-editor so-widget-sow-editor-base\"\n\t\t\t\n\t\t><h3 class=\"widget-title\">Contact details:<\/h3>\n<div class=\"siteorigin-widget-tinymce textwidget\">\n\t<p><strong>Si\u00e8ge social<\/strong>: <a href=\"tel:+34943795047\">+34 943 79 50 47<\/a><br \/>\n<strong>Motorlan<\/strong>: <a href=\"tel:+34943011350\">+34 943 01 13 50<\/a><br \/>\n<strong>Catalogne<\/strong>: <a href=\"tel:+34934744375\">+34 934 74 43 75<\/a><br \/>\nCourrier \u00e9lectronique: service@fagorautomation.es<br \/>\nCourrier \u00e9lectronique: motorlan@fagorautomation.es<\/p>\n<p><strong>Heures d'ouverture:<\/strong><br \/>\nDu Lundi au Vendredi:<\/p>\n<ul>\n<li>8:30 \u2013 13:00<\/li>\n<li>14:00 \u2013 17:30<\/li>\n<\/ul>\n<\/div>\n<\/div><\/div><\/div><\/div><\/div><\/div><\/div><div id=\"pgc-832632-1-1\"  class=\"panel-grid-cell\" ><div id=\"panel-832632-1-1-0\" class=\"so-panel widget widget_sow-editor panel-first-child\" data-index=\"3\" ><div\n\t\t\t\n\t\t\tclass=\"so-widget-sow-editor so-widget-sow-editor-base\"\n\t\t\t\n\t\t>\n<div class=\"siteorigin-widget-tinymce textwidget\">\n\t<p>Assistance sur site ou \u00e0 distance par du personnel sp\u00e9cialis\u00e9 pour : la mise en route, le r\u00e9glage et l'optimisation, l'am\u00e9lioration des \u00e9quipements et des performances, la r\u00e9paration, le diagnostic des pannes, etc.<\/p>\n<\/div>\n<\/div><\/div><div id=\"panel-832632-1-1-1\" class=\"so-panel widget widget_sow-features panel-last-child\" data-index=\"4\" ><div\n\t\t\t\n\t\t\tclass=\"so-widget-sow-features so-widget-sow-features-default-8dee48d37044-832632\"\n\t\t\t\n\t\t><ul\n\tclass=\"sow-features-list\n\tsow-features-responsive\">\n\n\t\t\t<li\n\t\t\tclass=\"sow-features-feature sow-icon-container-position-right\"\n\t\t\tstyle=\"display: flex; flex-direction: row; width: calc(100% - 25px);\"\n\t\t>\n\t\t\t\n\t\t\t\t\t\t<div\t\t\t\tclass=\"sow-icon-container sow-container-square\"\n\t\t\t\tstyle=\"color: ; \"\n\t\t\t\t\n\t\t\t\t\t\t\t>\n\t\t\t\t<span class=\"sow-icon-fontawesome sow-fas\" data-sow-icon=\"&#xf00c;\"\n\t\tstyle=\"font-size: 20px; color: #e1081d\" \n\t\taria-hidden=\"true\"><\/span>\t\t\t<\/div>\n\n\t\t\t<div class=\"textwidget\">\n\t\t\t\t\n\t\t\t\t\n\t\t\t\t\t\t\t\t\t<div class=\"sow-features-feature-text\">\n\t\t\t\t\t<p><strong>Assistance sur site<\/strong>: Nos techniciens de service se rendent dans vos locaux pour effectuer les services pr\u00e9vus dans le contrat.<\/p>\n\t\t\t\t\t<\/div>\n\t\t\t\t\t\t\t\t<\/div>\n\t\t\t\t\t\t\t\t<\/li>\n\n\t\t\t<li\n\t\t\tclass=\"sow-features-feature sow-icon-container-position-right\"\n\t\t\tstyle=\"display: flex; flex-direction: row; width: calc(100% - 25px);\"\n\t\t>\n\t\t\t\n\t\t\t\t\t\t<div\t\t\t\tclass=\"sow-icon-container sow-container-square\"\n\t\t\t\tstyle=\"color: ; \"\n\t\t\t\t\n\t\t\t\t\t\t\t>\n\t\t\t\t<span class=\"sow-icon-fontawesome sow-fas\" data-sow-icon=\"&#xf00c;\"\n\t\tstyle=\"font-size: 20px; color: #e1081d\" \n\t\taria-hidden=\"true\"><\/span>\t\t\t<\/div>\n\n\t\t\t<div class=\"textwidget\">\n\t\t\t\t\n\t\t\t\t\n\t\t\t\t\t\t\t\t\t<div class=\"sow-features-feature-text\">\n\t\t\t\t\t<p><strong>Assistance \u00e0 distance<\/strong>: Ce service est accessible si la machine est \u00e9quip\u00e9e des moyens n\u00e9cessaires pour se connecter directement avec le bureau de Fagor et obtenir un diagnostic pr\u00e9cis.<\/p>\n\t\t\t\t\t<\/div>\n\t\t\t\t\t\t\t\t<\/div>\n\t\t\t\t\t\t\t\t<\/li>\n\n\t\t\t<li\n\t\t\tclass=\"sow-features-feature sow-icon-container-position-right\"\n\t\t\tstyle=\"display: flex; flex-direction: row; width: calc(100% - 25px);\"\n\t\t>\n\t\t\t\n\t\t\t\t\t\t<div\t\t\t\tclass=\"sow-icon-container sow-container-square\"\n\t\t\t\tstyle=\"color: ; \"\n\t\t\t\t\n\t\t\t\t\t\t\t>\n\t\t\t\t<span class=\"sow-icon-fontawesome sow-fas\" data-sow-icon=\"&#xf00c;\"\n\t\tstyle=\"font-size: 20px; color: #e1081d\" \n\t\taria-hidden=\"true\"><\/span>\t\t\t<\/div>\n\n\t\t\t<div class=\"textwidget\">\n\t\t\t\t\n\t\t\t\t\n\t\t\t\t\t\t\t\t\t<div class=\"sow-features-feature-text\">\n\t\t\t\t\t<p><strong>Assistance \u00e0 distance garantie 24 heures sur 24 et gratuite:<br \/>\n<\/strong>pour les clients ayant souscrit un <a href=\"https:\/\/www-dev.fagorautomation.com\/fr\/services\/contrats-de-service-et-extensions-de-garantie\/\">contrat de service.<\/a><\/p>\n\t\t\t\t\t<\/div>\n\t\t\t\t\t\t\t\t<\/div>\n\t\t\t\t\t\t\t\t<\/li>\n\n\t<\/ul>\n<\/div><\/div><\/div><\/div><\/div>","protected":false},"excerpt":{"rendered":"<p>Assistance sur site ou \u00e0 distance par du personnel sp\u00e9cialis\u00e9 pour : la mise en &#8230; <a title=\"Assistance technique\" class=\"read-more\" href=\"https:\/\/www-dev.fagorautomation.com\/fr\/services\/assistance-technique\/\" aria-label=\"En savoir plus sur Assistance technique\"> <\/a><\/p>\n","protected":false},"author":1,"featured_media":0,"parent":832437,"menu_order":0,"comment_status":"closed","ping_status":"closed","template":"servicios.php","meta":{"_acf_changed":false,"footnotes":""},"categories":[1311,1302],"tags":[],"class_list":{"0":"post-832632","1":"page","2":"type-page","3":"status-publish","5":"category-menu-servicios-fr","6":"category-page-servicios-fr"},"acf":[],"wpml_current_locale":"fr_FR","wpml_translations":[{"locale":"en","id":826127,"post_title":"Technical assistance","href":"https:\/\/www-dev.fagorautomation.com\/en\/services\/technical-assistance\/"},{"locale":"es_ES","id":219,"post_title":"Asistencia t\u00e9cnica","href":"https:\/\/www-dev.fagorautomation.com\/es\/servicios\/asistencia-tecnica\/"},{"locale":"en_US","id":832635,"post_title":"Technical assistance","href":"https:\/\/www-dev.fagorautomation.com\/en-us\/services\/technical-assistance\/"},{"locale":"it_IT","id":832636,"post_title":"Assistenza tecnica","href":"https:\/\/www-dev.fagorautomation.com\/it\/servizi\/assistenza-tecnica\/"},{"locale":"pt_BR","id":832638,"post_title":"Assist\u00eancia t\u00e9cnica","href":"https:\/\/www-dev.fagorautomation.com\/pt-br\/servicios\/assistencia-tecnica\/"},{"locale":"pt_PT","id":832630,"post_title":"Assist\u00eancia t\u00e9cnica","href":"https:\/\/www-dev.fagorautomation.com\/pt-pt\/servicos-oferecidos-por-fagor-automation\/assistencia-tecnica\/"},{"locale":"de_DE","id":832633,"post_title":"Assistance technique","href":"https:\/\/www-dev.fagorautomation.com\/de\/dienstleistungen-die-fagor-automation-anbietet\/technische-unterstuetzung\/"},{"locale":"en_IN","id":832634,"post_title":"Technical assistance","href":"https:\/\/www-dev.fagorautomation.com\/hi\/services\/technical-assistance\/"},{"locale":"ja","id":832637,"post_title":"\u6280\u8853\u652f\u63f4","href":"https:\/\/www-dev.fagorautomation.com\/ja\/%e3%82%b5%e3%83%bc%e3%83%93%e3%82%b9\/technical-assistance\/"},{"locale":"eu_ES","id":832631,"post_title":"Laguntza teknikoa","href":"https:\/\/www-dev.fagorautomation.com\/eu\/zerbitzuak\/technical-assistance\/"},{"locale":"zh_CN","id":906320,"post_title":"\u6280\u672f\u652f\u6301","href":"https:\/\/www-dev.fagorautomation.com\/zh-hans\/%e5%8f%91%e6%a0%bc%e8%87%aa%e5%8a%a8%e5%8c%96%e6%8a%80%e6%9c%af%e6%9c%8d%e5%8a%a1\/%e6%8a%80%e6%9c%af%e6%94%af%e6%8c%81\/"}],"_links":{"self":[{"href":"https:\/\/www-dev.fagorautomation.com\/fr\/wp-json\/wp\/v2\/pages\/832632","targetHints":{"allow":["GET"]}}],"collection":[{"href":"https:\/\/www-dev.fagorautomation.com\/fr\/wp-json\/wp\/v2\/pages"}],"about":[{"href":"https:\/\/www-dev.fagorautomation.com\/fr\/wp-json\/wp\/v2\/types\/page"}],"author":[{"embeddable":true,"href":"https:\/\/www-dev.fagorautomation.com\/fr\/wp-json\/wp\/v2\/users\/1"}],"replies":[{"embeddable":true,"href":"https:\/\/www-dev.fagorautomation.com\/fr\/wp-json\/wp\/v2\/comments?post=832632"}],"version-history":[{"count":0,"href":"https:\/\/www-dev.fagorautomation.com\/fr\/wp-json\/wp\/v2\/pages\/832632\/revisions"}],"up":[{"embeddable":true,"href":"https:\/\/www-dev.fagorautomation.com\/fr\/wp-json\/wp\/v2\/pages\/832437"}],"wp:attachment":[{"href":"https:\/\/www-dev.fagorautomation.com\/fr\/wp-json\/wp\/v2\/media?parent=832632"}],"wp:term":[{"taxonomy":"category","embeddable":true,"href":"https:\/\/www-dev.fagorautomation.com\/fr\/wp-json\/wp\/v2\/categories?post=832632"},{"taxonomy":"post_tag","embeddable":true,"href":"https:\/\/www-dev.fagorautomation.com\/fr\/wp-json\/wp\/v2\/tags?post=832632"}],"curies":[{"name":"wp","href":"https:\/\/api.w.org\/{rel}","templated":true}]}}