{"id":832576,"date":"2021-12-02T09:03:21","date_gmt":"2021-12-02T09:03:21","guid":{"rendered":"https:\/\/www-dev.fagorautomation.com\/services\/upgrade-and-retrofits-upgrade-retrofit\/"},"modified":"2022-04-20T14:08:29","modified_gmt":"2022-04-20T13:08:29","slug":"mise-a-niveau-et-retrofits-upgrade-retrofit","status":"publish","type":"page","link":"https:\/\/www-dev.fagorautomation.com\/fr\/services\/mise-a-niveau-et-retrofits-upgrade-retrofit\/","title":{"rendered":"Mise \u00e0 niveau et r\u00e9trofits (Upgrade \/ Retrofit)"},"content":{"rendered":"<div id=\"pl-832576\"  class=\"panel-layout\" ><div id=\"pg-832576-0\"  class=\"panel-grid panel-no-style\" ><div id=\"pgc-832576-0-0\"  class=\"panel-grid-cell\" ><div id=\"panel-832576-0-0-0\" class=\"so-panel widget widget_sow-editor panel-first-child\" data-index=\"0\" ><div\n\t\t\t\n\t\t\tclass=\"so-widget-sow-editor so-widget-sow-editor-base\"\n\t\t\t\n\t\t>\n<div class=\"siteorigin-widget-tinymce textwidget\">\n\t<p>Fagor Automation vous aide \u00e0 tirer le meilleur parti de votre investissement tout au long de sa dur\u00e9e de vie, en le rendant plus rentable, plus rapide, plus fiable, plus facile \u00e0 utiliser et \u00e0 programmer.<\/p>\n<\/div>\n<\/div><\/div><div id=\"panel-832576-0-0-1\" class=\"so-panel widget widget_sow-features panel-last-child\" data-index=\"1\" ><div\n\t\t\t\n\t\t\tclass=\"so-widget-sow-features so-widget-sow-features-default-471311f58d43-832576\"\n\t\t\t\n\t\t><ul\n\tclass=\"sow-features-list\n\tsow-features-responsive\">\n\n\t\t\t<li\n\t\t\tclass=\"sow-features-feature sow-icon-container-position-right\"\n\t\t\tstyle=\"display: flex; flex-direction: row; width: calc(100% - 25px);\"\n\t\t>\n\t\t\t\n\t\t\t\t\t\t<div\t\t\t\tclass=\"sow-icon-container sow-container-square\"\n\t\t\t\tstyle=\"color: ; \"\n\t\t\t\t\n\t\t\t\t\t\t\t>\n\t\t\t\t<span class=\"sow-icon-fontawesome sow-fas\" data-sow-icon=\"&#xf00c;\"\n\t\tstyle=\"font-size: 20px; color: #e1081d\" \n\t\taria-hidden=\"true\"><\/span>\t\t\t<\/div>\n\n\t\t\t<div class=\"textwidget\">\n\t\t\t\t\n\t\t\t\t\n\t\t\t\t\t\t\t\t\t<div class=\"sow-features-feature-text\">\n\t\t\t\t\t<p>Maximisez la productivit\u00e9 de vos machines.<\/p>\n\t\t\t\t\t<\/div>\n\t\t\t\t\t\t\t\t<\/div>\n\t\t\t\t\t\t\t\t<\/li>\n\n\t\t\t<li\n\t\t\tclass=\"sow-features-feature sow-icon-container-position-right\"\n\t\t\tstyle=\"display: flex; flex-direction: row; width: calc(100% - 25px);\"\n\t\t>\n\t\t\t\n\t\t\t\t\t\t<div\t\t\t\tclass=\"sow-icon-container sow-container-square\"\n\t\t\t\tstyle=\"color: ; \"\n\t\t\t\t\n\t\t\t\t\t\t\t>\n\t\t\t\t<span class=\"sow-icon-fontawesome sow-fas\" data-sow-icon=\"&#xf00c;\"\n\t\tstyle=\"font-size: 20px; color: #e1081d\" \n\t\taria-hidden=\"true\"><\/span>\t\t\t<\/div>\n\n\t\t\t<div class=\"textwidget\">\n\t\t\t\t\n\t\t\t\t\n\t\t\t\t\t\t\t\t\t<div class=\"sow-features-feature-text\">\n\t\t\t\t\t<p>Am\u00e9liorez l'efficacit\u00e9.<\/p>\n\t\t\t\t\t<\/div>\n\t\t\t\t\t\t\t\t<\/div>\n\t\t\t\t\t\t\t\t<\/li>\n\n\t\t\t<li\n\t\t\tclass=\"sow-features-feature sow-icon-container-position-right\"\n\t\t\tstyle=\"display: flex; flex-direction: row; width: calc(100% - 25px);\"\n\t\t>\n\t\t\t\n\t\t\t\t\t\t<div\t\t\t\tclass=\"sow-icon-container sow-container-square\"\n\t\t\t\tstyle=\"color: ; \"\n\t\t\t\t\n\t\t\t\t\t\t\t>\n\t\t\t\t<span class=\"sow-icon-fontawesome sow-fas\" data-sow-icon=\"&#xf00c;\"\n\t\tstyle=\"font-size: 20px; color: #e1081d\" \n\t\taria-hidden=\"true\"><\/span>\t\t\t<\/div>\n\n\t\t\t<div class=\"textwidget\">\n\t\t\t\t\n\t\t\t\t\n\t\t\t\t\t\t\t\t\t<div class=\"sow-features-feature-text\">\n\t\t\t\t\t<p>Augmentez la fiabilit\u00e9.<\/p>\n\t\t\t\t\t<\/div>\n\t\t\t\t\t\t\t\t<\/div>\n\t\t\t\t\t\t\t\t<\/li>\n\n\t\t\t<li\n\t\t\tclass=\"sow-features-feature sow-icon-container-position-right\"\n\t\t\tstyle=\"display: flex; flex-direction: row; width: calc(100% - 25px);\"\n\t\t>\n\t\t\t\n\t\t\t\t\t\t<div\t\t\t\tclass=\"sow-icon-container sow-container-square\"\n\t\t\t\tstyle=\"color: ; \"\n\t\t\t\t\n\t\t\t\t\t\t\t>\n\t\t\t\t<span class=\"sow-icon-fontawesome sow-fas\" data-sow-icon=\"&#xf00c;\"\n\t\tstyle=\"font-size: 20px; color: #e1081d\" \n\t\taria-hidden=\"true\"><\/span>\t\t\t<\/div>\n\n\t\t\t<div class=\"textwidget\">\n\t\t\t\t\n\t\t\t\t\n\t\t\t\t\t\t\t\t\t<div class=\"sow-features-feature-text\">\n\t\t\t\t\t<p>Moderniser les \u00e9quipements et l'environnement de travail.<\/p>\n\t\t\t\t\t<\/div>\n\t\t\t\t\t\t\t\t<\/div>\n\t\t\t\t\t\t\t\t<\/li>\n\n\t\t\t<li\n\t\t\tclass=\"sow-features-feature sow-icon-container-position-right\"\n\t\t\tstyle=\"display: flex; flex-direction: row; width: calc(100% - 25px);\"\n\t\t>\n\t\t\t\n\t\t\t\t\t\t<div\t\t\t\tclass=\"sow-icon-container sow-container-square\"\n\t\t\t\tstyle=\"color: ; \"\n\t\t\t\t\n\t\t\t\t\t\t\t>\n\t\t\t\t<span class=\"sow-icon-fontawesome sow-fas\" data-sow-icon=\"&#xf00c;\"\n\t\tstyle=\"font-size: 20px; color: #e1081d\" \n\t\taria-hidden=\"true\"><\/span>\t\t\t<\/div>\n\n\t\t\t<div class=\"textwidget\">\n\t\t\t\t\n\t\t\t\t\n\t\t\t\t\t\t\t\t\t<div class=\"sow-features-feature-text\">\n\t\t\t\t\t<p>R\u00e9duire les co\u00fbts de maintenance.<\/p>\n\t\t\t\t\t<\/div>\n\t\t\t\t\t\t\t\t<\/div>\n\t\t\t\t\t\t\t\t<\/li>\n\n\t<\/ul>\n<\/div><\/div><\/div><div id=\"pgc-832576-0-1\"  class=\"panel-grid-cell\" ><div id=\"panel-832576-0-1-0\" class=\"so-panel widget widget_sow-image panel-first-child panel-last-child\" data-index=\"2\" ><div\n\t\t\t\n\t\t\tclass=\"so-widget-sow-image so-widget-sow-image-default-dbf295114b96-832576\"\n\t\t\t\n\t\t>\n<div class=\"sow-image-container\">\n\t\t<img \n\tsrc=\"https:\/\/www-dev.fagorautomation.com\/wp-content\/uploads\/actualizacion-reconversion-3-2.jpg\" width=\"350\" height=\"202\" srcset=\"https:\/\/www-dev.fagorautomation.com\/wp-content\/uploads\/actualizacion-reconversion-3-2.jpg 350w, https:\/\/www-dev.fagorautomation.com\/wp-content\/uploads\/actualizacion-reconversion-3-2-300x173.jpg 300w\" sizes=\"(max-width: 350px) 100vw, 350px\" title=\"Upgrade and Retrofits (Upgrade \/ Retrofit)\" alt=\"Upgrade and Retrofits (Upgrade \/ Retrofit)\" \t\tclass=\"so-widget-image\"\/>\n\t<\/div>\n\n<\/div><\/div><\/div><\/div><div id=\"pg-832576-1\"  class=\"panel-grid panel-no-style\" ><div id=\"pgc-832576-1-0\"  class=\"panel-grid-cell\" ><div id=\"panel-832576-1-0-0\" class=\"so-panel widget widget_sow-editor panel-first-child\" data-index=\"3\" ><div\n\t\t\t\n\t\t\tclass=\"so-widget-sow-editor so-widget-sow-editor-base\"\n\t\t\t\n\t\t>\n<div class=\"siteorigin-widget-tinymce textwidget\">\n\t<p>Contactez le fabricant de la machine ou directement Fagor Automation pour:<\/p>\n<\/div>\n<\/div><\/div><div id=\"panel-832576-1-0-1\" class=\"so-panel widget widget_sow-features panel-last-child\" data-index=\"4\" ><div\n\t\t\t\n\t\t\tclass=\"so-widget-sow-features so-widget-sow-features-default-471311f58d43-832576\"\n\t\t\t\n\t\t><ul\n\tclass=\"sow-features-list\n\tsow-features-responsive\">\n\n\t\t\t<li\n\t\t\tclass=\"sow-features-feature sow-icon-container-position-right\"\n\t\t\tstyle=\"display: flex; flex-direction: row; width: calc(100% - 25px);\"\n\t\t>\n\t\t\t\n\t\t\t\t\t\t<div\t\t\t\tclass=\"sow-icon-container sow-container-square\"\n\t\t\t\tstyle=\"color: ; \"\n\t\t\t\t\n\t\t\t\t\t\t\t>\n\t\t\t\t<span class=\"sow-icon-fontawesome sow-fas\" data-sow-icon=\"&#xf00c;\"\n\t\tstyle=\"font-size: 20px; color: #e1081d\" \n\t\taria-hidden=\"true\"><\/span>\t\t\t<\/div>\n\n\t\t\t<div class=\"textwidget\">\n\t\t\t\t\n\t\t\t\t\n\t\t\t\t\t\t\t\t\t<div class=\"sow-features-feature-text\">\n\t\t\t\t\t<p>R\u00e9trofits - r\u00e9trofits de machines<\/p>\n\t\t\t\t\t<\/div>\n\t\t\t\t\t\t\t\t<\/div>\n\t\t\t\t\t\t\t\t<\/li>\n\n\t\t\t<li\n\t\t\tclass=\"sow-features-feature sow-icon-container-position-right\"\n\t\t\tstyle=\"display: flex; flex-direction: row; width: calc(100% - 25px);\"\n\t\t>\n\t\t\t\n\t\t\t\t\t\t<div\t\t\t\tclass=\"sow-icon-container sow-container-square\"\n\t\t\t\tstyle=\"color: ; \"\n\t\t\t\t\n\t\t\t\t\t\t\t>\n\t\t\t\t<span class=\"sow-icon-fontawesome sow-fas\" data-sow-icon=\"&#xf00c;\"\n\t\tstyle=\"font-size: 20px; color: #e1081d\" \n\t\taria-hidden=\"true\"><\/span>\t\t\t<\/div>\n\n\t\t\t<div class=\"textwidget\">\n\t\t\t\t\n\t\t\t\t\n\t\t\t\t\t\t\t\t\t<div class=\"sow-features-feature-text\">\n\t\t\t\t\t<p>Mises \u00e0 niveau d'\u00e9quipements CNC<\/p>\n\t\t\t\t\t<\/div>\n\t\t\t\t\t\t\t\t<\/div>\n\t\t\t\t\t\t\t\t<\/li>\n\n\t\t\t<li\n\t\t\tclass=\"sow-features-feature sow-icon-container-position-right\"\n\t\t\tstyle=\"display: flex; flex-direction: row; width: calc(100% - 25px);\"\n\t\t>\n\t\t\t\n\t\t\t\t\t\t<div\t\t\t\tclass=\"sow-icon-container sow-container-square\"\n\t\t\t\tstyle=\"color: ; \"\n\t\t\t\t\n\t\t\t\t\t\t\t>\n\t\t\t\t<span class=\"sow-icon-fontawesome sow-fas\" data-sow-icon=\"&#xf00c;\"\n\t\tstyle=\"font-size: 20px; color: #e1081d\" \n\t\taria-hidden=\"true\"><\/span>\t\t\t<\/div>\n\n\t\t\t<div class=\"textwidget\">\n\t\t\t\t\n\t\t\t\t\n\t\t\t\t\t\t\t\t\t<div class=\"sow-features-feature-text\">\n\t\t\t\t\t<p>R\u00e9vision et optimisation des machines<\/p>\n\t\t\t\t\t<\/div>\n\t\t\t\t\t\t\t\t<\/div>\n\t\t\t\t\t\t\t\t<\/li>\n\n\t<\/ul>\n<\/div><\/div><\/div><div id=\"pgc-832576-1-1\"  class=\"panel-grid-cell\" ><div id=\"panel-832576-1-1-0\" class=\"so-panel widget widget_sow-image panel-first-child panel-last-child\" data-index=\"5\" ><div\n\t\t\t\n\t\t\tclass=\"so-widget-sow-image so-widget-sow-image-default-dbf295114b96-832576\"\n\t\t\t\n\t\t>\n<div class=\"sow-image-container\">\n\t\t<img \n\tsrc=\"https:\/\/www-dev.fagorautomation.com\/wp-content\/uploads\/revision-maquina-2-3.jpg\" width=\"350\" height=\"202\" srcset=\"https:\/\/www-dev.fagorautomation.com\/wp-content\/uploads\/revision-maquina-2-3.jpg 350w, https:\/\/www-dev.fagorautomation.com\/wp-content\/uploads\/revision-maquina-2-3-300x173.jpg 300w\" sizes=\"(max-width: 350px) 100vw, 350px\" title=\"Actualizaci\u00f3n y reconversiones (Upgrade \/ Retrofit)\" alt=\"Actualizaci\u00f3n y reconversiones (Upgrade \/ Retrofit)\" \t\tclass=\"so-widget-image\"\/>\n\t<\/div>\n\n<\/div><\/div><\/div><\/div><div id=\"pg-832576-2\"  class=\"panel-grid panel-no-style\" ><div id=\"pgc-832576-2-0\"  class=\"panel-grid-cell\" ><div id=\"panel-832576-2-0-0\" class=\"so-panel widget widget_sow-editor panel-first-child panel-last-child\" data-index=\"6\" ><div\n\t\t\t\n\t\t\tclass=\"so-widget-sow-editor so-widget-sow-editor-base\"\n\t\t\t\n\t\t><h3 class=\"widget-title\">R\u00e9vision et optimisation de la machine<\/h3>\n<div class=\"siteorigin-widget-tinymce textwidget\">\n\t<ul>\n \t<li><strong>Oscilloscope<\/strong>: outil d'aide au r\u00e9glage des axes.<\/li>\n \t<li><strong>Finetune<\/strong>: R\u00e9glage automatique qui r\u00e9alise une optimisation automatique des diff\u00e9rentes boucles de contr\u00f4le de la machine pour obtenir un usinage avec la qualit\u00e9 et les performances maximales exig\u00e9es par le client.<\/li>\n \t<li><strong>Test de circularit\u00e9<\/strong>: fonctionnalit\u00e9 permettant d'am\u00e9liorer le comportement des axes dans les inversions de mouvement.<\/li>\n \t<li><strong>Diagramme de Bode<\/strong>: Option permettant de conna\u00eetre la r\u00e9ponse en fr\u00e9quence de la machine et de filtrer les vibrations.<\/li>\n \t<li><a href=\"\/fr\/services\/calibrage-laser\/\"><strong>Calibrage laser<\/strong><\/a>: Alignement pr\u00e9cis et r\u00e9glage exact des axes de la machine pour une performance optimale de la machine.<\/li>\n \t<li><strong>Compensation volum\u00e9trique<\/strong>: Obtenez une pr\u00e9cision maximale en contr\u00f4lant le travail de la machine en trois dimensions et en compensant automatiquement ces d\u00e9ficiences pour obtenir la pi\u00e8ce avec la pr\u00e9cision et la tol\u00e9rance souhait\u00e9es.<\/li>\n \t<li><strong>Datasafe<\/strong>: Solution de sauvegarde de tous les param\u00e8tres de configuration de la machine, qui sera \u00e0 votre disposition en cas de besoin.<\/li>\n<\/ul><\/div>\n<\/div><\/div><\/div><\/div><\/div>","protected":false},"excerpt":{"rendered":"<p>Fagor Automation vous aide \u00e0 tirer le meilleur parti de votre investissement tout au long &#8230; <a title=\"Mise \u00e0 niveau et r\u00e9trofits (Upgrade \/ Retrofit)\" class=\"read-more\" href=\"https:\/\/www-dev.fagorautomation.com\/fr\/services\/mise-a-niveau-et-retrofits-upgrade-retrofit\/\" aria-label=\"En savoir plus sur Mise \u00e0 niveau et r\u00e9trofits (Upgrade \/ Retrofit)\"> <\/a><\/p>\n","protected":false},"author":1,"featured_media":0,"parent":832437,"menu_order":0,"comment_status":"closed","ping_status":"closed","template":"servicios.php","meta":{"_acf_changed":false,"footnotes":""},"categories":[1311,1302],"tags":[],"class_list":{"0":"post-832576","1":"page","2":"type-page","3":"status-publish","5":"category-menu-servicios-fr","6":"category-page-servicios-fr"},"acf":[],"wpml_current_locale":"fr_FR","wpml_translations":[{"locale":"en","id":826068,"post_title":"Upgrade and Retrofits (Upgrade \/ Retrofit)","href":"https:\/\/www-dev.fagorautomation.com\/en\/services\/upgrade-and-retrofits-upgrade-retrofit\/"},{"locale":"es_ES","id":214,"post_title":"Actualizaci\u00f3n y reconversiones (Upgrade \/ Retrofit)","href":"https:\/\/www-dev.fagorautomation.com\/es\/servicios\/actualizacion-y-reconversiones-upgrade-retrofit\/"},{"locale":"en_US","id":832579,"post_title":"Upgrade and Retrofits (Upgrade \/ Retrofit)","href":"https:\/\/www-dev.fagorautomation.com\/en-us\/services\/upgrade-and-retrofits-upgrade-retrofit\/"},{"locale":"it_IT","id":832580,"post_title":"Upgrade e retrofit (Aggiornamento \/ Retrofit)","href":"https:\/\/www-dev.fagorautomation.com\/it\/servizi\/upgrade-e-retrofit-aggiornamento-retrofit\/"},{"locale":"pt_BR","id":832582,"post_title":"Atualiza\u00e7\u00e3o e reconvers\u00f5es (Upgrade \/ Retrofit)","href":"https:\/\/www-dev.fagorautomation.com\/pt-br\/servicios\/atualizacao-e-reconversoes-upgrade-retrofit\/"},{"locale":"pt_PT","id":832583,"post_title":"Atualiza\u00e7\u00e3o e reconvers\u00f5es (Upgrade \/ Retrofit)","href":"https:\/\/www-dev.fagorautomation.com\/pt-pt\/servicos-oferecidos-por-fagor-automation\/atualizacao-e-reconversoes-upgrade-retrofit\/"},{"locale":"de_DE","id":832577,"post_title":"Upgrades und Nachr\u00fcstungen (Upgrade \/ Retrofit)","href":"https:\/\/www-dev.fagorautomation.com\/de\/dienstleistungen-die-fagor-automation-anbietet\/upgrades-und-nachruestungen-upgrade-retrofit\/"},{"locale":"en_IN","id":832578,"post_title":"Upgrade and Retrofits (Upgrade \/ Retrofit)","href":"https:\/\/www-dev.fagorautomation.com\/hi\/services\/upgrade-and-retrofits-upgrade-retrofit\/"},{"locale":"ja","id":832581,"post_title":"\u30a2\u30c3\u30d7\u30b0\u30ec\u30fc\u30c9\u3068\u30ec\u30c8\u30ed\u30d5\u30a3\u30c3\u30c8 (\u30a2\u30c3\u30d7\u30b0\u30ec\u30fc\u30c9\/\u30ec\u30c8\u30ed\u30d5\u30a3\u30c3\u30c8)","href":"https:\/\/www-dev.fagorautomation.com\/ja\/%e3%82%b5%e3%83%bc%e3%83%93%e3%82%b9\/upgrade-and-retrofits-upgrade-retrofit\/"},{"locale":"eu_ES","id":832575,"post_title":"Eguneratzea eta birmoldaketak (Upgrade \/ Retrofit)","href":"https:\/\/www-dev.fagorautomation.com\/eu\/zerbitzuak\/upgrade-and-retrofits-upgrade-retrofit\/"},{"locale":"zh_CN","id":906332,"post_title":"\u5347\u7ea7\u548c\u6539\u9020","href":"https:\/\/www-dev.fagorautomation.com\/zh-hans\/%e5%8f%91%e6%a0%bc%e8%87%aa%e5%8a%a8%e5%8c%96%e6%8a%80%e6%9c%af%e6%9c%8d%e5%8a%a1\/%e5%8d%87%e7%ba%a7%e5%92%8c%e6%94%b9%e9%80%a0\/"}],"_links":{"self":[{"href":"https:\/\/www-dev.fagorautomation.com\/fr\/wp-json\/wp\/v2\/pages\/832576","targetHints":{"allow":["GET"]}}],"collection":[{"href":"https:\/\/www-dev.fagorautomation.com\/fr\/wp-json\/wp\/v2\/pages"}],"about":[{"href":"https:\/\/www-dev.fagorautomation.com\/fr\/wp-json\/wp\/v2\/types\/page"}],"author":[{"embeddable":true,"href":"https:\/\/www-dev.fagorautomation.com\/fr\/wp-json\/wp\/v2\/users\/1"}],"replies":[{"embeddable":true,"href":"https:\/\/www-dev.fagorautomation.com\/fr\/wp-json\/wp\/v2\/comments?post=832576"}],"version-history":[{"count":0,"href":"https:\/\/www-dev.fagorautomation.com\/fr\/wp-json\/wp\/v2\/pages\/832576\/revisions"}],"up":[{"embeddable":true,"href":"https:\/\/www-dev.fagorautomation.com\/fr\/wp-json\/wp\/v2\/pages\/832437"}],"wp:attachment":[{"href":"https:\/\/www-dev.fagorautomation.com\/fr\/wp-json\/wp\/v2\/media?parent=832576"}],"wp:term":[{"taxonomy":"category","embeddable":true,"href":"https:\/\/www-dev.fagorautomation.com\/fr\/wp-json\/wp\/v2\/categories?post=832576"},{"taxonomy":"post_tag","embeddable":true,"href":"https:\/\/www-dev.fagorautomation.com\/fr\/wp-json\/wp\/v2\/tags?post=832576"}],"curies":[{"name":"wp","href":"https:\/\/api.w.org\/{rel}","templated":true}]}}