{"id":832502,"date":"2021-12-02T09:07:05","date_gmt":"2021-12-02T09:07:05","guid":{"rendered":"https:\/\/www-dev.fagorautomation.com\/services\/product-registration\/"},"modified":"2023-12-13T12:35:10","modified_gmt":"2023-12-13T10:35:10","slug":"enregistrement-du-produit","status":"publish","type":"page","link":"https:\/\/www-dev.fagorautomation.com\/fr\/services\/enregistrement-du-produit\/","title":{"rendered":"Enregistrement du produit"},"content":{"rendered":"<div id=\"pl-832502\"  class=\"panel-layout\" ><div id=\"pg-832502-0\"  class=\"panel-grid panel-no-style\" ><div id=\"pgc-832502-0-0\"  class=\"panel-grid-cell\" ><div class=\"panel-cell-style panel-cell-style-for-832502-0-0\" ><div id=\"panel-832502-0-0-0\" class=\"so-panel widget widget_sow-headline panel-first-child\" data-index=\"0\" ><div\n\t\t\t\n\t\t\tclass=\"so-widget-sow-headline so-widget-sow-headline-default-e3c9635be92f-832502 so-widget-fittext-wrapper\"\n\t\t\t data-fit-text-compressor=\"0.85\"\n\t\t><div class=\"sow-headline-container \">\n\t\t\t\t\t\t\t<h2 class=\"sow-headline\">\n\t\t\t\t\t\tL'enregistrement de votre produit nous permet d'am\u00e9liorer notre service apr\u00e8s-vente.\t\t\t\t\t\t<\/h2>\n\t\t\t\t\t\t<\/div>\n<\/div><\/div><div id=\"panel-832502-0-0-1\" class=\"so-panel widget widget_sow-image\" data-index=\"1\" ><div\n\t\t\t\n\t\t\tclass=\"so-widget-sow-image so-widget-sow-image-default-dbf295114b96-832502\"\n\t\t\t\n\t\t>\n<div class=\"sow-image-container\">\n\t\t<img \n\tsrc=\"https:\/\/www-dev.fagorautomation.com\/wp-content\/uploads\/registro-producto-1.jpg\" width=\"350\" height=\"202\" srcset=\"https:\/\/www-dev.fagorautomation.com\/wp-content\/uploads\/registro-producto-1.jpg 350w, https:\/\/www-dev.fagorautomation.com\/wp-content\/uploads\/registro-producto-1-300x173.jpg 300w\" sizes=\"(max-width: 350px) 100vw, 350px\" title=\"Enregistrement du produit\" alt=\"Registro de producto\" \t\tclass=\"so-widget-image\"\/>\n\t<\/div>\n\n<\/div><\/div><div id=\"panel-832502-0-0-2\" class=\"so-panel widget widget_sow-features panel-last-child\" data-index=\"2\" ><div\n\t\t\t\n\t\t\tclass=\"so-widget-sow-features so-widget-sow-features-default-8dee48d37044-832502\"\n\t\t\t\n\t\t><ul\n\tclass=\"sow-features-list\n\tsow-features-responsive\">\n\n\t\t\t<li\n\t\t\tclass=\"sow-features-feature sow-icon-container-position-right\"\n\t\t\tstyle=\"display: flex; flex-direction: row; width: calc(100% - 25px);\"\n\t\t>\n\t\t\t\n\t\t\t\t\t\t<div\t\t\t\tclass=\"sow-icon-container sow-container-square\"\n\t\t\t\tstyle=\"color: ; \"\n\t\t\t\t\n\t\t\t\t\t\t\t>\n\t\t\t\t<span class=\"sow-icon-fontawesome sow-fas\" data-sow-icon=\"&#xf00c;\"\n\t\tstyle=\"font-size: 20px; color: #e1081d\" \n\t\taria-hidden=\"true\"><\/span>\t\t\t<\/div>\n\n\t\t\t<div class=\"textwidget\">\n\t\t\t\t\n\t\t\t\t\n\t\t\t\t\t\t\t\t\t<div class=\"sow-features-feature-text\">\n\t\t\t\t\t<p><strong>Assistance plus directe, agile et efficace<\/strong> de nos techniciens de service.<\/p>\n\t\t\t\t\t<\/div>\n\t\t\t\t\t\t\t\t<\/div>\n\t\t\t\t\t\t\t\t<\/li>\n\n\t\t\t<li\n\t\t\tclass=\"sow-features-feature sow-icon-container-position-right\"\n\t\t\tstyle=\"display: flex; flex-direction: row; width: calc(100% - 25px);\"\n\t\t>\n\t\t\t\n\t\t\t\t\t\t<div\t\t\t\tclass=\"sow-icon-container sow-container-square\"\n\t\t\t\tstyle=\"color: ; \"\n\t\t\t\t\n\t\t\t\t\t\t\t>\n\t\t\t\t<span class=\"sow-icon-fontawesome sow-fas\" data-sow-icon=\"&#xf00c;\"\n\t\tstyle=\"font-size: 20px; color: #e1081d\" \n\t\taria-hidden=\"true\"><\/span>\t\t\t<\/div>\n\n\t\t\t<div class=\"textwidget\">\n\t\t\t\t\n\t\t\t\t\n\t\t\t\t\t\t\t\t\t<div class=\"sow-features-feature-text\">\n\t\t\t\t\t<p>Offre personnalis\u00e9e pour votre machine: <strong>optimisation et r\u00e9glage, pi\u00e8ces d\u00e9tach\u00e9es, r\u00e9parations, \u00e9changes...<\/strong><\/p>\n<p><\/p>\n\t\t\t\t\t<\/div>\n\t\t\t\t\t\t\t\t<\/div>\n\t\t\t\t\t\t\t\t<\/li>\n\n\t\t\t<li\n\t\t\tclass=\"sow-features-feature sow-icon-container-position-right\"\n\t\t\tstyle=\"display: flex; flex-direction: row; width: calc(100% - 25px);\"\n\t\t>\n\t\t\t\n\t\t\t\t\t\t<div\t\t\t\tclass=\"sow-icon-container sow-container-square\"\n\t\t\t\tstyle=\"color: ; \"\n\t\t\t\t\n\t\t\t\t\t\t\t>\n\t\t\t\t<span class=\"sow-icon-fontawesome sow-fas\" data-sow-icon=\"&#xf00c;\"\n\t\tstyle=\"font-size: 20px; color: #e1081d\" \n\t\taria-hidden=\"true\"><\/span>\t\t\t<\/div>\n\n\t\t\t<div class=\"textwidget\">\n\t\t\t\t\n\t\t\t\t\n\t\t\t\t\t\t\t\t\t<div class=\"sow-features-feature-text\">\n\t\t\t\t\t<p><strong>Contrats de service KM0 tout compris<\/strong> avec des avantages pour l'enregistrement de produits neufs ou d'occasion.<\/p>\n\t\t\t\t\t<\/div>\n\t\t\t\t\t\t\t\t<\/div>\n\t\t\t\t\t\t\t\t<\/li>\n\n\t\t\t<li\n\t\t\tclass=\"sow-features-feature sow-icon-container-position-right\"\n\t\t\tstyle=\"display: flex; flex-direction: row; width: calc(100% - 25px);\"\n\t\t>\n\t\t\t\n\t\t\t\t\t\t<div\t\t\t\tclass=\"sow-icon-container sow-container-square\"\n\t\t\t\tstyle=\"color: ; \"\n\t\t\t\t\n\t\t\t\t\t\t\t>\n\t\t\t\t<span class=\"sow-icon-fontawesome sow-fas\" data-sow-icon=\"&#xf00c;\"\n\t\tstyle=\"font-size: 20px; color: #e1081d\" \n\t\taria-hidden=\"true\"><\/span>\t\t\t<\/div>\n\n\t\t\t<div class=\"textwidget\">\n\t\t\t\t\n\t\t\t\t\n\t\t\t\t\t\t\t\t\t<div class=\"sow-features-feature-text\">\n\t\t\t\t\t<p><strong>Des avantages pour des services suppl\u00e9mentaires<\/strong> tels que : mises \u00e0 jour, mises \u00e0 niveau, nouvelles fonctionnalit\u00e9s de vos produits, formation personnalis\u00e9e, etc<\/p>\n\t\t\t\t\t<\/div>\n\t\t\t\t\t\t\t\t<\/div>\n\t\t\t\t\t\t\t\t<\/li>\n\n\t<\/ul>\n<\/div><\/div><\/div><\/div><div id=\"pgc-832502-0-1\"  class=\"panel-grid-cell\" ><div id=\"panel-832502-0-1-0\" class=\"widget_text so-panel widget widget_custom_html panel-first-child panel-last-child\" data-index=\"3\" ><div class=\"textwidget custom-html-widget\"><div id=\"app\"><\/div><\/div><\/div><\/div><\/div><\/div>","protected":false},"excerpt":{"rendered":"<p>L&rsquo;enregistrement de votre produit nous permet d&rsquo;am\u00e9liorer notre service apr\u00e8s-vente. Assistance plus directe, agile et &#8230; <a title=\"Enregistrement du produit\" class=\"read-more\" href=\"https:\/\/www-dev.fagorautomation.com\/fr\/services\/enregistrement-du-produit\/\" aria-label=\"En savoir plus sur Enregistrement du produit\"> <\/a><\/p>\n","protected":false},"author":1,"featured_media":0,"parent":832437,"menu_order":0,"comment_status":"closed","ping_status":"closed","template":"","meta":{"_acf_changed":false,"footnotes":""},"categories":[1311,1302],"tags":[],"class_list":{"0":"post-832502","1":"page","2":"type-page","3":"status-publish","5":"category-menu-servicios-fr","6":"category-page-servicios-fr"},"acf":[],"wpml_current_locale":"fr_FR","wpml_translations":[{"locale":"en","id":825977,"post_title":"Product registration","href":"https:\/\/www-dev.fagorautomation.com\/en\/services\/product-registration\/"},{"locale":"es_ES","id":208,"post_title":"Registro de producto","href":"https:\/\/www-dev.fagorautomation.com\/es\/servicios\/registro-de-producto\/"},{"locale":"en_US","id":832505,"post_title":"Product registration","href":"https:\/\/www-dev.fagorautomation.com\/en-us\/services\/product-registration\/"},{"locale":"it_IT","id":832506,"post_title":"Registrazione del prodotto","href":"https:\/\/www-dev.fagorautomation.com\/it\/servizi\/registrazione-del-prodotto\/"},{"locale":"pt_BR","id":832508,"post_title":"Registro do producto","href":"https:\/\/www-dev.fagorautomation.com\/pt-br\/servicios\/registro-do-producto\/"},{"locale":"pt_PT","id":832500,"post_title":"Registo de produto","href":"https:\/\/www-dev.fagorautomation.com\/pt-pt\/servicos-oferecidos-por-fagor-automation\/registo-de-produto\/"},{"locale":"de_DE","id":832503,"post_title":"Produktregistrierung","href":"https:\/\/www-dev.fagorautomation.com\/de\/dienstleistungen-die-fagor-automation-anbietet\/produktregistrierung\/"},{"locale":"en_IN","id":832504,"post_title":"Product registration","href":"https:\/\/www-dev.fagorautomation.com\/hi\/services\/product-registration\/"},{"locale":"ja","id":832507,"post_title":"\u88fd\u54c1\u767b\u9332","href":"https:\/\/www-dev.fagorautomation.com\/ja\/%e3%82%b5%e3%83%bc%e3%83%93%e3%82%b9\/product-registration\/"},{"locale":"eu_ES","id":832501,"post_title":"Produktuaren erregistroa","href":"https:\/\/www-dev.fagorautomation.com\/eu\/zerbitzuak\/product-registration\/"},{"locale":"zh_CN","id":906349,"post_title":"\u4ea7\u54c1\u6ce8\u518c","href":"https:\/\/www-dev.fagorautomation.com\/zh-hans\/%e5%8f%91%e6%a0%bc%e8%87%aa%e5%8a%a8%e5%8c%96%e6%8a%80%e6%9c%af%e6%9c%8d%e5%8a%a1\/%e4%ba%a7%e5%93%81%e6%b3%a8%e5%86%8c\/"}],"_links":{"self":[{"href":"https:\/\/www-dev.fagorautomation.com\/fr\/wp-json\/wp\/v2\/pages\/832502","targetHints":{"allow":["GET"]}}],"collection":[{"href":"https:\/\/www-dev.fagorautomation.com\/fr\/wp-json\/wp\/v2\/pages"}],"about":[{"href":"https:\/\/www-dev.fagorautomation.com\/fr\/wp-json\/wp\/v2\/types\/page"}],"author":[{"embeddable":true,"href":"https:\/\/www-dev.fagorautomation.com\/fr\/wp-json\/wp\/v2\/users\/1"}],"replies":[{"embeddable":true,"href":"https:\/\/www-dev.fagorautomation.com\/fr\/wp-json\/wp\/v2\/comments?post=832502"}],"version-history":[{"count":0,"href":"https:\/\/www-dev.fagorautomation.com\/fr\/wp-json\/wp\/v2\/pages\/832502\/revisions"}],"up":[{"embeddable":true,"href":"https:\/\/www-dev.fagorautomation.com\/fr\/wp-json\/wp\/v2\/pages\/832437"}],"wp:attachment":[{"href":"https:\/\/www-dev.fagorautomation.com\/fr\/wp-json\/wp\/v2\/media?parent=832502"}],"wp:term":[{"taxonomy":"category","embeddable":true,"href":"https:\/\/www-dev.fagorautomation.com\/fr\/wp-json\/wp\/v2\/categories?post=832502"},{"taxonomy":"post_tag","embeddable":true,"href":"https:\/\/www-dev.fagorautomation.com\/fr\/wp-json\/wp\/v2\/tags?post=832502"}],"curies":[{"name":"wp","href":"https:\/\/api.w.org\/{rel}","templated":true}]}}