{"id":832437,"date":"2021-12-02T11:17:09","date_gmt":"2021-12-02T10:17:09","guid":{"rendered":"https:\/\/www-dev.fagorautomation.com\/services\/"},"modified":"2022-09-02T12:30:35","modified_gmt":"2022-09-02T11:30:35","slug":"services","status":"publish","type":"page","link":"https:\/\/www-dev.fagorautomation.com\/fr\/services\/","title":{"rendered":"Services offerts par Fagor Automation"},"content":{"rendered":"<div id=\"pl-832437\"  class=\"panel-layout\" ><div id=\"pg-832437-0\"  class=\"panel-grid panel-has-style\" ><div class=\"empresa-section04 siteorigin-panels-stretch panel-row-style panel-row-style-for-832437-0\" data-stretch-type=\"full\" ><div id=\"pgc-832437-0-0\"  class=\"panel-grid-cell\" ><div id=\"panel-832437-0-0-0\" class=\"so-panel widget widget_sow-headline panel-first-child\" data-index=\"0\" ><div\n\t\t\t\n\t\t\tclass=\"so-widget-sow-headline so-widget-sow-headline-default-9f844e00e29f-832437 so-widget-fittext-wrapper\"\n\t\t\t data-fit-text-compressor=\"0.85\"\n\t\t><div class=\"sow-headline-container \">\n\t\t\t\t\t\t\t<h2 class=\"sow-headline\">\n\t\t\t\t\t\tServicio T\u00e9cnico\t\t\t\t\t\t<\/h2>\n\t\t\t\t\t\t\t\t\t\t\t\t<p class=\"sow-sub-headline\">\n\t\t\t\t\t\tDisponemos de unos servicios a medida<br \/>seg\u00fan las necesidades del cliente\t\t\t\t\t\t<\/p>\n\t\t\t\t\t\t<\/div>\n<\/div><\/div><div id=\"panel-832437-0-0-1\" class=\"so-panel widget widget_sow-button panel-last-child\" data-index=\"1\" ><div\n\t\t\t\n\t\t\tclass=\"so-widget-sow-button so-widget-sow-button-flat-58ce6558773b-832437\"\n\t\t\t\n\t\t><div class=\"ow-button-base ow-button-align-left\"\n>\n\t\t\t<a\n\t\t\t\t\thref=\"https:\/\/www-dev.fagorautomation.com\/es\/servicios\/servicio-tecnico\/\"\n\t\t\t\t\tclass=\"sowb-button ow-icon-placement-left ow-button-hover\" \t>\n\t\t<span>\n\t\t\t\n\t\t\t+info\t\t<\/span>\n\t\t\t<\/a>\n\t<\/div>\n<\/div><\/div><\/div><\/div><\/div><div id=\"pg-832437-1\"  class=\"panel-grid panel-has-style\" ><div class=\"panel-row-style panel-row-style-for-832437-1\" ><div id=\"pgc-832437-1-0\"  class=\"panel-grid-cell\" ><div id=\"panel-832437-1-0-0\" class=\"so-panel widget widget_sow-image panel-first-child panel-last-child\" data-index=\"2\" ><div\n\t\t\t\n\t\t\tclass=\"so-widget-sow-image so-widget-sow-image-default-8b5b6f678277-832437\"\n\t\t\t\n\t\t>\n<div class=\"sow-image-container\">\n\t\t<img \n\tsrc=\"https:\/\/www-dev.fagorautomation.com\/wp-content\/uploads\/fagor-digital-suite-fondo-4.gif\" width=\"800\" height=\"437\" sizes=\"(max-width: 800px) 100vw, 800px\" alt=\"Fagor Digital Suite\" \t\tclass=\"so-widget-image\"\/>\n\t<\/div>\n\n<\/div><\/div><\/div><div id=\"pgc-832437-1-1\"  class=\"panel-grid-cell\" ><div id=\"panel-832437-1-1-0\" class=\"so-panel widget widget_sow-headline panel-first-child\" data-index=\"3\" ><div class=\"panel-widget-style panel-widget-style-for-832437-1-1-0\" ><div\n\t\t\t\n\t\t\tclass=\"so-widget-sow-headline so-widget-sow-headline-default-42786725ea7d-832437\"\n\t\t\t\n\t\t><div class=\"sow-headline-container \">\n\t\t\t\t\t\t\t<h2 class=\"sow-headline\">\n\t\t\t\t\t\tFagor Digital Suite\t\t\t\t\t\t<\/h2>\n\t\t\t\t\t\t\t\t\t\t\t\t<p class=\"sow-sub-headline\">\n\t\t\t\t\t\tSoluci\u00f3n de digitalizaci\u00f3n de Fagor que posibilita conectar las m\u00e1quinas con el resto de sistemas productivos y de gesti\u00f3n\t\t\t\t\t\t<\/p>\n\t\t\t\t\t\t<\/div>\n<\/div><\/div><\/div><div id=\"panel-832437-1-1-1\" class=\"so-panel widget widget_sow-button panel-last-child\" data-index=\"4\" ><div class=\"panel-widget-style panel-widget-style-for-832437-1-1-1\" ><div\n\t\t\t\n\t\t\tclass=\"so-widget-sow-button so-widget-sow-button-flat-d0c80c877a0b-832437\"\n\t\t\t\n\t\t><div class=\"ow-button-base ow-button-align-left\"\n>\n\t\t\t<a\n\t\t\t\t\thref=\"https:\/\/www-dev.fagorautomation.com\/es\/fagor-digital-suite\/\"\n\t\t\t\t\tclass=\"sowb-button ow-icon-placement-left ow-button-hover\" \t>\n\t\t<span>\n\t\t\t\n\t\t\tDecision making made simple\t\t<\/span>\n\t\t\t<\/a>\n\t<\/div>\n<\/div><\/div><\/div><\/div><\/div><\/div><div id=\"pg-832437-2\"  class=\"panel-grid panel-has-style\" ><div class=\"section-boxgrey siteorigin-panels-stretch panel-row-style panel-row-style-for-832437-2\" data-stretch-type=\"full-stretched\" ><div id=\"pgc-832437-2-0\"  class=\"panel-grid-cell\" ><div id=\"panel-832437-2-0-0\" class=\"so-panel widget widget_sow-hero panel-first-child panel-last-child\" data-index=\"5\" ><div class=\"panel-widget-style panel-widget-style-for-832437-2-0-0\" ><div\n\t\t\t\n\t\t\tclass=\"so-widget-sow-hero so-widget-sow-hero-default-849cdd6328ed-832437 so-widget-fittext-wrapper\"\n\t\t\t data-fit-text-compressor=\"0.85\"\n\t\t>\t\t\t\t<div class=\"sow-slider-base\" style=\"display: none\" tabindex=\"0\">\n\t\t\t\t\t<ul\n\t\t\t\t\tclass=\"sow-slider-images\"\n\t\t\t\t\tdata-settings=\"{&quot;pagination&quot;:true,&quot;speed&quot;:800,&quot;timeout&quot;:8000,&quot;paused&quot;:true,&quot;pause_on_hover&quot;:false,&quot;swipe&quot;:false,&quot;nav_always_show_desktop&quot;:&quot;&quot;,&quot;nav_always_show_mobile&quot;:&quot;&quot;,&quot;breakpoint&quot;:&quot;780px&quot;,&quot;unmute&quot;:false,&quot;anchor&quot;:null}\"\n\t\t\t\t\tstyle=\"min-height: 270px\"\t\t\t\t\tdata-anchor-id=\"\"\n\t\t\t\t>\t\t<li class=\"sow-slider-image\" style=\"visibility: visible;;background-color: #dde2e5\" >\n\t\t\t\t\t<div class=\"sow-slider-image-container\">\n\t\t\t<div class=\"sow-slider-image-wrapper\">\n\t\t\t\t<h2>Contratos de servicio<br \/>\ny ampliaci\u00f3n de garant\u00eda standard<\/h2>\n<div class=\"sow-hero-buttons\" ><div\n\t\t\t\n\t\t\tclass=\"so-widget-sow-button so-widget-sow-button-flat-1bcd563946f2\"\n\t\t\t\n\t\t><div class=\"ow-button-base ow-button-align-center\"\n>\n\t\t\t<a\n\t\t\t\t\thref=\"https:\/\/www-dev.fagorautomation.com\/es\/servicios\/contratos-de-servicio-y-ampliaciones-de-garantias\/\"\n\t\t\t\t\tclass=\"sowb-button ow-icon-placement-left ow-button-hover\" \t>\n\t\t<span>\n\t\t\t\n\t\t\t+ d'infos\t\t<\/span>\n\t\t\t<\/a>\n\t<\/div>\n<\/div><\/div>\n\t\t\t<\/div>\n\t\t<\/div>\n\t\t\t\t<\/li>\n\t\t<\/ul>\t\t\t\t<ol class=\"sow-slider-pagination\">\n\t\t\t\t\t\t\t\t\t\t\t<li><a href=\"#\" data-goto=\"0\" aria-label=\"Display slide 1\"><\/a><\/li>\n\t\t\t\t\t\t\t\t\t<\/ol>\n\n\t\t\t\t<div class=\"sow-slide-nav sow-slide-nav-next\">\n\t\t\t\t\t<a href=\"#\" data-goto=\"next\" aria-label=\"Next slide\" data-action=\"next\">\n\t\t\t\t\t\t<em class=\"sow-sld-icon-thin-right\"><\/em>\n\t\t\t\t\t<\/a>\n\t\t\t\t<\/div>\n\n\t\t\t\t<div class=\"sow-slide-nav sow-slide-nav-prev\">\n\t\t\t\t\t<a href=\"#\" data-goto=\"previous\" aria-label=\"Previous slide\" data-action=\"prev\">\n\t\t\t\t\t\t<em class=\"sow-sld-icon-thin-left\"><\/em>\n\t\t\t\t\t<\/a>\n\t\t\t\t<\/div>\n\t\t\t\t<\/div><\/div><\/div><\/div><\/div><div id=\"pgc-832437-2-1\"  class=\"panel-grid-cell\" ><div id=\"panel-832437-2-1-0\" class=\"so-panel widget widget_sow-hero panel-first-child panel-last-child\" data-index=\"6\" ><div class=\"panel-widget-style panel-widget-style-for-832437-2-1-0\" ><div\n\t\t\t\n\t\t\tclass=\"so-widget-sow-hero so-widget-sow-hero-default-849cdd6328ed-832437 so-widget-fittext-wrapper\"\n\t\t\t data-fit-text-compressor=\"0.85\"\n\t\t>\t\t\t\t<div class=\"sow-slider-base\" style=\"display: none\" tabindex=\"0\">\n\t\t\t\t\t<ul\n\t\t\t\t\tclass=\"sow-slider-images\"\n\t\t\t\t\tdata-settings=\"{&quot;pagination&quot;:true,&quot;speed&quot;:800,&quot;timeout&quot;:8000,&quot;paused&quot;:true,&quot;pause_on_hover&quot;:false,&quot;swipe&quot;:false,&quot;nav_always_show_desktop&quot;:&quot;&quot;,&quot;nav_always_show_mobile&quot;:&quot;&quot;,&quot;breakpoint&quot;:&quot;780px&quot;,&quot;unmute&quot;:false,&quot;anchor&quot;:null}\"\n\t\t\t\t\tstyle=\"min-height: 270px\"\t\t\t\t\tdata-anchor-id=\"\"\n\t\t\t\t>\t\t<li class=\"sow-slider-image  sow-slider-image-cover\" style=\"visibility: visible;;background-color: #d5dade;background-image: url(https:\/\/www-dev.fagorautomation.com\/wp-content\/uploads\/fondo-cap-2-3.jpg)\" >\n\t\t\t\t\t<div class=\"sow-slider-image-container\">\n\t\t\t<div class=\"sow-slider-image-wrapper\">\n\t\t\t\t<h2>Registro de producto<\/h2>\n<p>Registrar tu producto nos permite mejorar nuestro servicio post venta<\/p>\n<div class=\"sow-hero-buttons\" ><div\n\t\t\t\n\t\t\tclass=\"so-widget-sow-button so-widget-sow-button-flat-1bcd563946f2\"\n\t\t\t\n\t\t><div class=\"ow-button-base ow-button-align-center\"\n>\n\t\t\t<a\n\t\t\t\t\thref=\"https:\/\/www-dev.fagorautomation.com\/es\/servicios\/registro-de-producto\/\"\n\t\t\t\t\tclass=\"sowb-button ow-icon-placement-left ow-button-hover\" \t>\n\t\t<span>\n\t\t\t\n\t\t\t+ d'infos\t\t<\/span>\n\t\t\t<\/a>\n\t<\/div>\n<\/div><\/div>\n\t\t\t<\/div>\n\t\t<\/div>\n\t\t\t\t<\/li>\n\t\t<\/ul>\t\t\t\t<ol class=\"sow-slider-pagination\">\n\t\t\t\t\t\t\t\t\t\t\t<li><a href=\"#\" data-goto=\"0\" aria-label=\"Display slide 1\"><\/a><\/li>\n\t\t\t\t\t\t\t\t\t<\/ol>\n\n\t\t\t\t<div class=\"sow-slide-nav sow-slide-nav-next\">\n\t\t\t\t\t<a href=\"#\" data-goto=\"next\" aria-label=\"Next slide\" data-action=\"next\">\n\t\t\t\t\t\t<em class=\"sow-sld-icon-thin-right\"><\/em>\n\t\t\t\t\t<\/a>\n\t\t\t\t<\/div>\n\n\t\t\t\t<div class=\"sow-slide-nav sow-slide-nav-prev\">\n\t\t\t\t\t<a href=\"#\" data-goto=\"previous\" aria-label=\"Previous slide\" data-action=\"prev\">\n\t\t\t\t\t\t<em class=\"sow-sld-icon-thin-left\"><\/em>\n\t\t\t\t\t<\/a>\n\t\t\t\t<\/div>\n\t\t\t\t<\/div><\/div><\/div><\/div><\/div><\/div><\/div><div id=\"pg-832437-3\"  class=\"panel-grid panel-has-style\" ><div class=\"empresa-section04 siteorigin-panels-stretch panel-row-style panel-row-style-for-832437-3\" data-stretch-type=\"full\" ><div id=\"pgc-832437-3-0\"  class=\"panel-grid-cell\" ><div id=\"panel-832437-3-0-0\" class=\"so-panel widget widget_sow-headline panel-first-child\" data-index=\"7\" ><div\n\t\t\t\n\t\t\tclass=\"so-widget-sow-headline so-widget-sow-headline-default-c321c7c89ea8-832437 so-widget-fittext-wrapper\"\n\t\t\t data-fit-text-compressor=\"0.85\"\n\t\t><div class=\"sow-headline-container \">\n\t\t\t\t\t\t\t<h2 class=\"sow-headline\">\n\t\t\t\t\t\tFormaci\u00f3n\t\t\t\t\t\t<\/h2>\n\t\t\t\t\t\t\t\t\t\t\t\t<p class=\"sow-sub-headline\">\n\t\t\t\t\t\tS\u00e1cale el m\u00e1ximo rendimiento a tu m\u00e1quina\t\t\t\t\t\t<\/p>\n\t\t\t\t\t\t<\/div>\n<\/div><\/div><div id=\"panel-832437-3-0-1\" class=\"so-panel widget widget_sow-editor\" data-index=\"8\" ><div class=\"panel-widget-style panel-widget-style-for-832437-3-0-1\" ><div\n\t\t\t\n\t\t\tclass=\"so-widget-sow-editor so-widget-sow-editor-base\"\n\t\t\t\n\t\t>\n<div class=\"siteorigin-widget-tinymce textwidget\">\n\t<p>Ofrecemos gran variedad de cursos, que te permitir\u00e1n<br \/>\ndesarrollar tus capacidades y aumentar el rendimiento<br \/>\nde tus m\u00e1quinas.<\/p>\n<\/div>\n<\/div><\/div><\/div><div id=\"panel-832437-3-0-2\" class=\"so-panel widget widget_sow-button panel-last-child\" data-index=\"9\" ><div\n\t\t\t\n\t\t\tclass=\"so-widget-sow-button so-widget-sow-button-flat-58ce6558773b-832437\"\n\t\t\t\n\t\t><div class=\"ow-button-base ow-button-align-left\"\n>\n\t\t\t<a\n\t\t\t\t\thref=\"https:\/\/www-dev.fagorautomation.com\/es\/servicios\/formacion\/\"\n\t\t\t\t\tclass=\"sowb-button ow-icon-placement-left ow-button-hover\" \t>\n\t\t<span>\n\t\t\t\n\t\t\t+info\t\t<\/span>\n\t\t\t<\/a>\n\t<\/div>\n<\/div><\/div><\/div><\/div><\/div><\/div>","protected":false},"excerpt":{"rendered":"<p>Servicio T\u00e9cnico Disponemos de unos servicios a medidaseg\u00fan las necesidades del cliente +info Fagor Digital &#8230; <a title=\"Services offerts par Fagor Automation\" class=\"read-more\" href=\"https:\/\/www-dev.fagorautomation.com\/fr\/services\/\" aria-label=\"En savoir plus sur Services offerts par Fagor Automation\"> <\/a><\/p>\n","protected":false},"author":1,"featured_media":0,"parent":0,"menu_order":0,"comment_status":"closed","ping_status":"closed","template":"","meta":{"_acf_changed":false,"footnotes":""},"categories":[1311],"tags":[],"class_list":{"0":"post-832437","1":"page","2":"type-page","3":"status-publish","5":"category-menu-servicios-fr"},"acf":[],"wpml_current_locale":"fr_FR","wpml_translations":[{"locale":"en","id":825906,"post_title":"Services offered by Fagor Automation","href":"https:\/\/www-dev.fagorautomation.com\/en\/services\/"},{"locale":"es_ES","id":267,"post_title":"Servicios ofrecidos por Fagor Automation","href":"https:\/\/www-dev.fagorautomation.com\/es\/servicios\/"},{"locale":"en_US","id":832440,"post_title":"Services offered by Fagor Automation","href":"https:\/\/www-dev.fagorautomation.com\/en-us\/services\/"},{"locale":"it_IT","id":832441,"post_title":"Servizi offerti da Fagor Automation","href":"https:\/\/www-dev.fagorautomation.com\/it\/servizi\/"},{"locale":"pt_BR","id":832443,"post_title":"Servicios ofrecidos por Fagor Automation","href":"https:\/\/www-dev.fagorautomation.com\/pt-br\/servicios\/"},{"locale":"pt_PT","id":832435,"post_title":"Servi\u00e7os oferecidos por Fagor Automation","href":"https:\/\/www-dev.fagorautomation.com\/pt-pt\/servicos-oferecidos-por-fagor-automation\/"},{"locale":"de_DE","id":832438,"post_title":"Dienstleistungen die Fagor Automation anbietet","href":"https:\/\/www-dev.fagorautomation.com\/de\/dienstleistungen-die-fagor-automation-anbietet\/"},{"locale":"en_IN","id":832439,"post_title":"Services offered by Fagor Automation","href":"https:\/\/www-dev.fagorautomation.com\/hi\/services\/"},{"locale":"ja","id":832442,"post_title":"\u30b5\u30fc\u30d3\u30b9\u306f\u30d5\u30a1\u30b4\u30fc\u30eb\u30fb\u30aa\u30fc\u30c8\u30e1\u30fc\u30b7\u30e7\u30f3\u306b\u3088\u308a\u5b9f\u65bd\u3055\u308c\u307e\u3059\u3002","href":"https:\/\/www-dev.fagorautomation.com\/ja\/%e3%82%b5%e3%83%bc%e3%83%93%e3%82%b9\/"},{"locale":"eu_ES","id":832436,"post_title":"Fagor Automationek eskainitako zerbitzuak","href":"https:\/\/www-dev.fagorautomation.com\/eu\/zerbitzuak\/"},{"locale":"zh_CN","id":906311,"post_title":"\u53d1\u683c\u81ea\u52a8\u5316\u6280\u672f\u670d\u52a1","href":"https:\/\/www-dev.fagorautomation.com\/zh-hans\/%e5%8f%91%e6%a0%bc%e8%87%aa%e5%8a%a8%e5%8c%96%e6%8a%80%e6%9c%af%e6%9c%8d%e5%8a%a1\/"}],"_links":{"self":[{"href":"https:\/\/www-dev.fagorautomation.com\/fr\/wp-json\/wp\/v2\/pages\/832437","targetHints":{"allow":["GET"]}}],"collection":[{"href":"https:\/\/www-dev.fagorautomation.com\/fr\/wp-json\/wp\/v2\/pages"}],"about":[{"href":"https:\/\/www-dev.fagorautomation.com\/fr\/wp-json\/wp\/v2\/types\/page"}],"author":[{"embeddable":true,"href":"https:\/\/www-dev.fagorautomation.com\/fr\/wp-json\/wp\/v2\/users\/1"}],"replies":[{"embeddable":true,"href":"https:\/\/www-dev.fagorautomation.com\/fr\/wp-json\/wp\/v2\/comments?post=832437"}],"version-history":[{"count":0,"href":"https:\/\/www-dev.fagorautomation.com\/fr\/wp-json\/wp\/v2\/pages\/832437\/revisions"}],"wp:attachment":[{"href":"https:\/\/www-dev.fagorautomation.com\/fr\/wp-json\/wp\/v2\/media?parent=832437"}],"wp:term":[{"taxonomy":"category","embeddable":true,"href":"https:\/\/www-dev.fagorautomation.com\/fr\/wp-json\/wp\/v2\/categories?post=832437"},{"taxonomy":"post_tag","embeddable":true,"href":"https:\/\/www-dev.fagorautomation.com\/fr\/wp-json\/wp\/v2\/tags?post=832437"}],"curies":[{"name":"wp","href":"https:\/\/api.w.org\/{rel}","templated":true}]}}