{"id":832358,"date":"2021-12-02T13:56:55","date_gmt":"2021-12-02T12:56:55","guid":{"rendered":"https:\/\/www-dev.fagorautomation.com\/other-industries\/"},"modified":"2023-01-04T14:45:05","modified_gmt":"2023-01-04T13:45:05","slug":"autres-industries","status":"publish","type":"page","link":"https:\/\/www-dev.fagorautomation.com\/fr\/autres-industries\/","title":{"rendered":"Syst\u00e8mes de mesure pour d&rsquo;autres industries"},"content":{"rendered":"<div id=\"pl-832358\"  class=\"panel-layout\" ><div id=\"pg-832358-0\"  class=\"panel-grid panel-no-style\" ><div id=\"pgc-832358-0-0\"  class=\"panel-grid-cell\" ><div id=\"panel-832358-0-0-0\" class=\"so-panel widget widget_sow-editor panel-first-child panel-last-child\" data-index=\"0\" ><div\n\t\t\t\n\t\t\tclass=\"so-widget-sow-editor so-widget-sow-editor-base\"\n\t\t\t\n\t\t>\n<div class=\"siteorigin-widget-tinymce textwidget\">\n\t<div id=\"panel-832302-4-0-1\" class=\"so-panel widget widget_sow-editor panel-last-child\" data-index=\"8\">\n<div class=\"so-widget-sow-editor so-widget-sow-editor-base\">\n<div class=\"siteorigin-widget-tinymce textwidget\">\n<p>Les <strong>syst\u00e8mes de mesure lin\u00e9aire ouverts<\/strong> de FAGOR sont con\u00e7us pour \u00eatre utilis\u00e9s dans des machines et des syst\u00e8mes qui exigent une grande pr\u00e9cision \u00e0 des vitesses de d\u00e9placement \u00e9lev\u00e9es. Les applications typiques de ces syst\u00e8mes sont :<\/p>\n<ul>\n<li>Les \u00e9quipements de production et de mesure dans l'industrie des semi-conducteurs.<\/li>\n<li>Machines d'assemblage de circuits.<\/li>\n<li>Machines-outils de tr\u00e8s haute pr\u00e9cision.<\/li>\n<li>Machines de mesure et de comparaison, microscopes de mesure et autres dispositifs de pr\u00e9cision<\/li>\n<li>Moteurs lin\u00e9aires.<\/li>\n<\/ul>\n<\/div>\n<\/div>\n<\/div>\n<\/div>\n<\/div><\/div><\/div><\/div><div id=\"pg-832358-1\"  class=\"panel-grid panel-has-style\" ><div class=\"box-sin siteorigin-panels-stretch panel-row-style panel-row-style-for-832358-1\" data-stretch-type=\"full\" ><div id=\"pgc-832358-1-0\"  class=\"panel-grid-cell\" ><div id=\"panel-832358-1-0-0\" class=\"so-panel widget widget_sow-hero panel-first-child\" data-index=\"1\" ><div class=\"panel-widget-style panel-widget-style-for-832358-1-0-0\" ><div\n\t\t\t\n\t\t\tclass=\"so-widget-sow-hero so-widget-sow-hero-default-e0d70d49d2c6-832358 so-widget-fittext-wrapper\"\n\t\t\t data-fit-text-compressor=\"0.85\"\n\t\t>\t\t\t\t<div class=\"sow-slider-base\" style=\"display: none\" tabindex=\"0\">\n\t\t\t\t\t<ul\n\t\t\t\t\tclass=\"sow-slider-images\"\n\t\t\t\t\tdata-settings=\"{&quot;pagination&quot;:true,&quot;speed&quot;:800,&quot;timeout&quot;:8000,&quot;paused&quot;:true,&quot;pause_on_hover&quot;:false,&quot;swipe&quot;:true,&quot;nav_always_show_desktop&quot;:&quot;&quot;,&quot;nav_always_show_mobile&quot;:&quot;&quot;,&quot;breakpoint&quot;:&quot;780px&quot;,&quot;unmute&quot;:false,&quot;anchor&quot;:null}\"\n\t\t\t\t\tstyle=\"min-height: 250px\"\t\t\t\t\tdata-anchor-id=\"\"\n\t\t\t\t>\t\t<li class=\"sow-slider-image  sow-slider-image-cover\" style=\"visibility: visible;;background-color: #333333;background-image: url(https:\/\/www-dev.fagorautomation.com\/wp-content\/uploads\/img-products\/sis-captacion-sector-semiconduccion.jpg)\" >\n\t\t\t\t\t<div class=\"sow-slider-image-container\">\n\t\t\t<div class=\"sow-slider-image-wrapper\">\n\t\t\t\t<h3>Semi-conducteurs<\/h3>\t\t\t<\/div>\n\t\t<\/div>\n\t\t\t\t<\/li>\n\t\t<\/ul>\t\t\t\t<ol class=\"sow-slider-pagination\">\n\t\t\t\t\t\t\t\t\t\t\t<li><a href=\"#\" data-goto=\"0\" aria-label=\"Display slide 1\"><\/a><\/li>\n\t\t\t\t\t\t\t\t\t<\/ol>\n\n\t\t\t\t<div class=\"sow-slide-nav sow-slide-nav-next\">\n\t\t\t\t\t<a href=\"#\" data-goto=\"next\" aria-label=\"Next slide\" data-action=\"next\">\n\t\t\t\t\t\t<em class=\"sow-sld-icon-thin-right\"><\/em>\n\t\t\t\t\t<\/a>\n\t\t\t\t<\/div>\n\n\t\t\t\t<div class=\"sow-slide-nav sow-slide-nav-prev\">\n\t\t\t\t\t<a href=\"#\" data-goto=\"previous\" aria-label=\"Previous slide\" data-action=\"prev\">\n\t\t\t\t\t\t<em class=\"sow-sld-icon-thin-left\"><\/em>\n\t\t\t\t\t<\/a>\n\t\t\t\t<\/div>\n\t\t\t\t<\/div><\/div><\/div><\/div><div id=\"panel-832358-1-0-1\" class=\"so-panel widget widget_sow-editor panel-last-child\" data-index=\"2\" ><div class=\"panel-widget-style panel-widget-style-for-832358-1-0-1\" ><div\n\t\t\t\n\t\t\tclass=\"so-widget-sow-editor so-widget-sow-editor-base\"\n\t\t\t\n\t\t>\n<div class=\"siteorigin-widget-tinymce textwidget\">\n\t<p>Avec un degr\u00e9 croissant de complexit\u00e9 des puces et un conditionnement plus dense des composants \u00e9lectroniques, les familles de codeurs lin\u00e9aires et angulaires sans contact permettent un contr\u00f4le fluide et pr\u00e9cis des mouvements \u00e0 des vitesses et acc\u00e9l\u00e9rations \u00e9lev\u00e9es des \u00e9quipements de fabrication, de v\u00e9rification et de contr\u00f4le des semi-conducteurs et de l'\u00e9lectronique, tels que le soudage des fils, le per\u00e7age des circuits imprim\u00e9s, l'analyse aux rayons X ou le contr\u00f4le visuel de la qualit\u00e9.<\/p>\n<\/div>\n<\/div><\/div><\/div><\/div><div id=\"pgc-832358-1-1\"  class=\"panel-grid-cell\" ><div id=\"panel-832358-1-1-0\" class=\"so-panel widget widget_sow-hero panel-first-child\" data-index=\"3\" ><div class=\"panel-widget-style panel-widget-style-for-832358-1-1-0\" ><div\n\t\t\t\n\t\t\tclass=\"so-widget-sow-hero so-widget-sow-hero-default-e0d70d49d2c6-832358 so-widget-fittext-wrapper\"\n\t\t\t data-fit-text-compressor=\"0.85\"\n\t\t>\t\t\t\t<div class=\"sow-slider-base\" style=\"display: none\" tabindex=\"0\">\n\t\t\t\t\t<ul\n\t\t\t\t\tclass=\"sow-slider-images\"\n\t\t\t\t\tdata-settings=\"{&quot;pagination&quot;:true,&quot;speed&quot;:800,&quot;timeout&quot;:8000,&quot;paused&quot;:true,&quot;pause_on_hover&quot;:false,&quot;swipe&quot;:true,&quot;nav_always_show_desktop&quot;:&quot;&quot;,&quot;nav_always_show_mobile&quot;:&quot;&quot;,&quot;breakpoint&quot;:&quot;780px&quot;,&quot;unmute&quot;:false,&quot;anchor&quot;:null}\"\n\t\t\t\t\tstyle=\"min-height: 250px\"\t\t\t\t\tdata-anchor-id=\"\"\n\t\t\t\t>\t\t<li class=\"sow-slider-image  sow-slider-image-cover\" style=\"visibility: visible;;background-color: #333333\" >\n\t\t\t\t\t<div class=\"sow-slider-image-container\">\n\t\t\t<div class=\"sow-slider-image-wrapper\">\n\t\t\t\t<h3>Grandes infrastructures\nscientifiques<\/h3>\t\t\t<\/div>\n\t\t<\/div>\n\t\t<div class=\"sow-slider-image-overlay sow-slider-image-cover\" style=\"opacity: 0.8;background-image: url(https:\/\/www-dev.fagorautomation.com\/wp-content\/uploads\/img-products\/sis-captacion-sector-ciencia.jpg)\"  ><\/div>\t\t<\/li>\n\t\t<\/ul>\t\t\t\t<ol class=\"sow-slider-pagination\">\n\t\t\t\t\t\t\t\t\t\t\t<li><a href=\"#\" data-goto=\"0\" aria-label=\"Display slide 1\"><\/a><\/li>\n\t\t\t\t\t\t\t\t\t<\/ol>\n\n\t\t\t\t<div class=\"sow-slide-nav sow-slide-nav-next\">\n\t\t\t\t\t<a href=\"#\" data-goto=\"next\" aria-label=\"Next slide\" data-action=\"next\">\n\t\t\t\t\t\t<em class=\"sow-sld-icon-thin-right\"><\/em>\n\t\t\t\t\t<\/a>\n\t\t\t\t<\/div>\n\n\t\t\t\t<div class=\"sow-slide-nav sow-slide-nav-prev\">\n\t\t\t\t\t<a href=\"#\" data-goto=\"previous\" aria-label=\"Previous slide\" data-action=\"prev\">\n\t\t\t\t\t\t<em class=\"sow-sld-icon-thin-left\"><\/em>\n\t\t\t\t\t<\/a>\n\t\t\t\t<\/div>\n\t\t\t\t<\/div><\/div><\/div><\/div><div id=\"panel-832358-1-1-1\" class=\"so-panel widget widget_sow-editor panel-last-child\" data-index=\"4\" ><div class=\"panel-widget-style panel-widget-style-for-832358-1-1-1\" ><div\n\t\t\t\n\t\t\tclass=\"so-widget-sow-editor so-widget-sow-editor-base\"\n\t\t\t\n\t\t>\n<div class=\"siteorigin-widget-tinymce textwidget\">\n\t<p>De l'\u00e9tude du monde microscopique des particules fondamentales \u00e0 l'exploration de l'Univers, la gamme compl\u00e8te de codeurs tr\u00e8s robustes offre un contr\u00f4le \u00e0 distance fiable et r\u00e9p\u00e9table de dizaines d'\u00e9quipements dans les grandes infrastructures de recherche (GIRs) tels que les onduleurs, les diffractom\u00e8tres ou les spectrom\u00e8tres.<\/p>\n<\/div>\n<\/div><\/div><\/div><\/div><div id=\"pgc-832358-1-2\"  class=\"panel-grid-cell\" ><div id=\"panel-832358-1-2-0\" class=\"so-panel widget widget_sow-hero panel-first-child\" data-index=\"5\" ><div class=\"panel-widget-style panel-widget-style-for-832358-1-2-0\" ><div\n\t\t\t\n\t\t\tclass=\"so-widget-sow-hero so-widget-sow-hero-default-e0d70d49d2c6-832358 so-widget-fittext-wrapper\"\n\t\t\t data-fit-text-compressor=\"0.85\"\n\t\t>\t\t\t\t<div class=\"sow-slider-base\" style=\"display: none\" tabindex=\"0\">\n\t\t\t\t\t<ul\n\t\t\t\t\tclass=\"sow-slider-images\"\n\t\t\t\t\tdata-settings=\"{&quot;pagination&quot;:true,&quot;speed&quot;:800,&quot;timeout&quot;:8000,&quot;paused&quot;:true,&quot;pause_on_hover&quot;:false,&quot;swipe&quot;:true,&quot;nav_always_show_desktop&quot;:&quot;&quot;,&quot;nav_always_show_mobile&quot;:&quot;&quot;,&quot;breakpoint&quot;:&quot;780px&quot;,&quot;unmute&quot;:false,&quot;anchor&quot;:null}\"\n\t\t\t\t\tstyle=\"min-height: 250px\"\t\t\t\t\tdata-anchor-id=\"\"\n\t\t\t\t>\t\t<li class=\"sow-slider-image  sow-slider-image-cover\" style=\"visibility: visible;;background-color: #333333\" >\n\t\t\t\t\t<div class=\"sow-slider-image-container\">\n\t\t\t<div class=\"sow-slider-image-wrapper\">\n\t\t\t\t<h3>M\u00e9trologie<\/h3>\t\t\t<\/div>\n\t\t<\/div>\n\t\t<div class=\"sow-slider-image-overlay sow-slider-image-cover\" style=\"opacity: 0.8;background-image: url(https:\/\/www-dev.fagorautomation.com\/wp-content\/uploads\/img-products\/sis-captacion-sector-metrologia.jpg)\"  ><\/div>\t\t<\/li>\n\t\t<\/ul>\t\t\t\t<ol class=\"sow-slider-pagination\">\n\t\t\t\t\t\t\t\t\t\t\t<li><a href=\"#\" data-goto=\"0\" aria-label=\"Display slide 1\"><\/a><\/li>\n\t\t\t\t\t\t\t\t\t<\/ol>\n\n\t\t\t\t<div class=\"sow-slide-nav sow-slide-nav-next\">\n\t\t\t\t\t<a href=\"#\" data-goto=\"next\" aria-label=\"Next slide\" data-action=\"next\">\n\t\t\t\t\t\t<em class=\"sow-sld-icon-thin-right\"><\/em>\n\t\t\t\t\t<\/a>\n\t\t\t\t<\/div>\n\n\t\t\t\t<div class=\"sow-slide-nav sow-slide-nav-prev\">\n\t\t\t\t\t<a href=\"#\" data-goto=\"previous\" aria-label=\"Previous slide\" data-action=\"prev\">\n\t\t\t\t\t\t<em class=\"sow-sld-icon-thin-left\"><\/em>\n\t\t\t\t\t<\/a>\n\t\t\t\t<\/div>\n\t\t\t\t<\/div><\/div><\/div><\/div><div id=\"panel-832358-1-2-1\" class=\"so-panel widget widget_sow-editor panel-last-child\" data-index=\"6\" ><div class=\"panel-widget-style panel-widget-style-for-832358-1-2-1\" ><div\n\t\t\t\n\t\t\tclass=\"so-widget-sow-editor so-widget-sow-editor-base\"\n\t\t\t\n\t\t>\n<div class=\"siteorigin-widget-tinymce textwidget\">\n\t<p>Des comparateurs optiques aux \u00e9quipements de mesure tridimensionnelle (CMM), la gamme compl\u00e8te de codeurs lin\u00e9aires et angulaires ouverts ou ferm\u00e9s est id\u00e9ale pour les applications de m\u00e9trologie en raison de leur installation facile, des excellents signaux g\u00e9n\u00e9r\u00e9s par des substrats de haute qualit\u00e9 et du comportement thermique d\u00e9termin\u00e9 qui peut \u00eatre compens\u00e9 dans le syst\u00e8me de contr\u00f4le, minimisant ainsi les erreurs de mesure.<\/p>\n<\/div>\n<\/div><\/div><\/div><\/div><div id=\"pgc-832358-1-3\"  class=\"panel-grid-cell\" ><div id=\"panel-832358-1-3-0\" class=\"so-panel widget widget_sow-hero panel-first-child\" data-index=\"7\" ><div class=\"panel-widget-style panel-widget-style-for-832358-1-3-0\" ><div\n\t\t\t\n\t\t\tclass=\"so-widget-sow-hero so-widget-sow-hero-default-e0d70d49d2c6-832358 so-widget-fittext-wrapper\"\n\t\t\t data-fit-text-compressor=\"0.85\"\n\t\t>\t\t\t\t<div class=\"sow-slider-base\" style=\"display: none\" tabindex=\"0\">\n\t\t\t\t\t<ul\n\t\t\t\t\tclass=\"sow-slider-images\"\n\t\t\t\t\tdata-settings=\"{&quot;pagination&quot;:true,&quot;speed&quot;:800,&quot;timeout&quot;:8000,&quot;paused&quot;:true,&quot;pause_on_hover&quot;:false,&quot;swipe&quot;:true,&quot;nav_always_show_desktop&quot;:&quot;&quot;,&quot;nav_always_show_mobile&quot;:&quot;&quot;,&quot;breakpoint&quot;:&quot;780px&quot;,&quot;unmute&quot;:false,&quot;anchor&quot;:null}\"\n\t\t\t\t\tstyle=\"min-height: 250px\"\t\t\t\t\tdata-anchor-id=\"\"\n\t\t\t\t>\t\t<li class=\"sow-slider-image  sow-slider-image-cover\" style=\"visibility: visible;;background-color: #333333\" >\n\t\t\t\t\t<div class=\"sow-slider-image-container\">\n\t\t\t<div class=\"sow-slider-image-wrapper\">\n\t\t\t\t<h3>Fabrication additive<\/h3>\t\t\t<\/div>\n\t\t<\/div>\n\t\t<div class=\"sow-slider-image-overlay sow-slider-image-cover\" style=\"opacity: 0.8;background-image: url(https:\/\/www-dev.fagorautomation.com\/wp-content\/uploads\/fabricacion-auditiva-fagorautomation.jpg)\"  ><\/div>\t\t<\/li>\n\t\t<\/ul>\t\t\t\t<ol class=\"sow-slider-pagination\">\n\t\t\t\t\t\t\t\t\t\t\t<li><a href=\"#\" data-goto=\"0\" aria-label=\"Display slide 1\"><\/a><\/li>\n\t\t\t\t\t\t\t\t\t<\/ol>\n\n\t\t\t\t<div class=\"sow-slide-nav sow-slide-nav-next\">\n\t\t\t\t\t<a href=\"#\" data-goto=\"next\" aria-label=\"Next slide\" data-action=\"next\">\n\t\t\t\t\t\t<em class=\"sow-sld-icon-thin-right\"><\/em>\n\t\t\t\t\t<\/a>\n\t\t\t\t<\/div>\n\n\t\t\t\t<div class=\"sow-slide-nav sow-slide-nav-prev\">\n\t\t\t\t\t<a href=\"#\" data-goto=\"previous\" aria-label=\"Previous slide\" data-action=\"prev\">\n\t\t\t\t\t\t<em class=\"sow-sld-icon-thin-left\"><\/em>\n\t\t\t\t\t<\/a>\n\t\t\t\t<\/div>\n\t\t\t\t<\/div><\/div><\/div><\/div><div id=\"panel-832358-1-3-1\" class=\"so-panel widget widget_sow-editor panel-last-child\" data-index=\"8\" ><div class=\"panel-widget-style panel-widget-style-for-832358-1-3-1\" ><div\n\t\t\t\n\t\t\tclass=\"so-widget-sow-editor so-widget-sow-editor-base\"\n\t\t\t\n\t\t>\n<div class=\"siteorigin-widget-tinymce textwidget\">\n\t<p>Que ce soit dans des \u00e9quipements \u00e0 base de polym\u00e8res, de m\u00e9taux, de c\u00e9ramiques ou de biomat\u00e9riaux, la gamme de codeurs lin\u00e9aires et angulaires ferm\u00e9s tr\u00e8s r\u00e9sistants aux contaminants solides, permet un positionnement pr\u00e9cis des couches de mat\u00e9riaux am\u00e9liorant les tol\u00e9rances dimensionnelles et la qualit\u00e9 des pi\u00e8ces fabriqu\u00e9es par l'une ou l'autre des diff\u00e9rentes technologies de fabrication additive telles que SLM ou WAAM.<\/p>\n<\/div>\n<\/div><\/div><\/div><\/div><\/div><\/div><div id=\"pg-832358-2\"  class=\"panel-grid panel-has-style\" ><div class=\"siteorigin-panels-stretch panel-row-style panel-row-style-for-832358-2\" data-stretch-type=\"full-stretched\" ><div id=\"pgc-832358-2-0\"  class=\"panel-grid-cell panel-grid-cell-empty\" ><\/div><\/div><\/div><div id=\"pg-832358-3\"  class=\"panel-grid panel-has-style\" ><div class=\"panel-row-style panel-row-style-for-832358-3\" ><div id=\"pgc-832358-3-0\"  class=\"panel-grid-cell\" ><div id=\"panel-832358-3-0-0\" class=\"so-panel widget widget_sow-headline panel-first-child\" data-index=\"9\" ><div class=\"panel-widget-style panel-widget-style-for-832358-3-0-0\" ><div\n\t\t\t\n\t\t\tclass=\"so-widget-sow-headline so-widget-sow-headline-default-2916643c08ac-832358 so-widget-fittext-wrapper\"\n\t\t\t data-fit-text-compressor=\"0.85\"\n\t\t><div class=\"sow-headline-container \">\n\t\t\t\t\t\t\t<h2 class=\"sow-headline\">\n\t\t\t\t\t\tWhat industry are you interested in?\t\t\t\t\t\t<\/h2>\n\t\t\t\t\t\t<\/div>\n<\/div><\/div><\/div><div id=\"panel-832358-3-0-1\" class=\"so-panel widget widget_siteorigin-panels-builder panel-last-child\" data-index=\"10\" ><div class=\"home-productos panel-widget-style panel-widget-style-for-832358-3-0-1\" ><div id=\"pl-w6260135898ecb\"  class=\"panel-layout\" ><div id=\"pg-w6260135898ecb-0\"  class=\"panel-grid panel-has-style\" ><div class=\"panel-row-style panel-row-style-for-w6260135898ecb-0\" ><div id=\"pgc-w6260135898ecb-0-0\"  class=\"panel-grid-cell\" ><div id=\"panel-w6260135898ecb-0-0-0\" class=\"so-panel widget widget_sow-tabs panel-first-child panel-last-child\" data-index=\"0\" ><div class=\"tabs-productos panel-widget-style panel-widget-style-for-w6260135898ecb-0-0-0\" ><div\n\t\t\t\n\t\t\tclass=\"so-widget-sow-tabs so-widget-sow-tabs-default-f8b399c32fbb\"\n\t\t\t\n\t\t><div class=\"sow-tabs\">\n\t<div class=\"sow-tabs-tab-container\" role=\"tablist\">\n\t\t\t<div\n\t\t\tclass=\"sow-tabs-tab\n\t\t\t sow-tabs-tab-selected\t\t\t\"\n\t\t\trole=\"tab\"\n\t\t\tdata-anchor-id=\"semi-conducteurs\"\n\t\t\taria-selected=\"true\"\n\t\t\ttabindex=\"0\"\n\t\t>\n\t\t\t<div class=\"sow-tabs-title sow-tabs-title-icon-left\">\n\t\t\t\t\t\t\t\tSemi-conducteurs\t\t\t\t\t\t\t<\/div>\n\t\t<\/div>\n\t\t\t<div\n\t\t\tclass=\"sow-tabs-tab\n\t\t\t\t\t\t\"\n\t\t\trole=\"tab\"\n\t\t\tdata-anchor-id=\"grandes-infrastructures-scientifiques\"\n\t\t\taria-selected=\"false\"\n\t\t\ttabindex=\"0\"\n\t\t>\n\t\t\t<div class=\"sow-tabs-title sow-tabs-title-icon-left\">\n\t\t\t\t\t\t\t\tGrandes infrastructures scientifiques\t\t\t\t\t\t\t<\/div>\n\t\t<\/div>\n\t\t\t<div\n\t\t\tclass=\"sow-tabs-tab\n\t\t\t\t\t\t\"\n\t\t\trole=\"tab\"\n\t\t\tdata-anchor-id=\"metrologie\"\n\t\t\taria-selected=\"false\"\n\t\t\ttabindex=\"0\"\n\t\t>\n\t\t\t<div class=\"sow-tabs-title sow-tabs-title-icon-left\">\n\t\t\t\t\t\t\t\tM\u00e9trologie\t\t\t\t\t\t\t<\/div>\n\t\t<\/div>\n\t\t\t<div\n\t\t\tclass=\"sow-tabs-tab\n\t\t\t\t\t\t\"\n\t\t\trole=\"tab\"\n\t\t\tdata-anchor-id=\"fabrication-additive\"\n\t\t\taria-selected=\"false\"\n\t\t\ttabindex=\"0\"\n\t\t>\n\t\t\t<div class=\"sow-tabs-title sow-tabs-title-icon-left\">\n\t\t\t\t\t\t\t\tFabrication additive\t\t\t\t\t\t\t<\/div>\n\t\t<\/div>\n\t\t<\/div>\n\n\t<div class=\"sow-tabs-panel-container\">\n\t\t\t<div class=\"sow-tabs-panel\">\n\t\t\t<div\n\t\t\t\tclass=\"sow-tabs-panel-content\"\n\t\t\t\trole=\"tabpanel\"\n\t\t\t\taria-hidden=\"false\"\n\t\t\t>\n\t\t\t\t<p>[wp_show_posts id=\"837971\"]<\/p>\n\t\t\t<\/div>\n\t\t<\/div>\n\t\t\t<div class=\"sow-tabs-panel\">\n\t\t\t<div\n\t\t\t\tclass=\"sow-tabs-panel-content\"\n\t\t\t\trole=\"tabpanel\"\n\t\t\t\taria-hidden=\"true\"\n\t\t\t>\n\t\t\t\t<p>[wp_show_posts id=\"837971\"]<\/p>\n\t\t\t<\/div>\n\t\t<\/div>\n\t\t\t<div class=\"sow-tabs-panel\">\n\t\t\t<div\n\t\t\t\tclass=\"sow-tabs-panel-content\"\n\t\t\t\trole=\"tabpanel\"\n\t\t\t\taria-hidden=\"true\"\n\t\t\t>\n\t\t\t\t<p>[wp_show_posts id=\"837971\"]<\/p>\n\t\t\t<\/div>\n\t\t<\/div>\n\t\t\t<div class=\"sow-tabs-panel\">\n\t\t\t<div\n\t\t\t\tclass=\"sow-tabs-panel-content\"\n\t\t\t\trole=\"tabpanel\"\n\t\t\t\taria-hidden=\"true\"\n\t\t\t>\n\t\t\t\t<p>[wp_show_posts id=\"837971\"]<\/p>\n\t\t\t<\/div>\n\t\t<\/div>\n\t\t<\/div>\n<\/div>\n<\/div><\/div><\/div><\/div><\/div><\/div><\/div><\/div><\/div><\/div><\/div><\/div><\/div>","protected":false},"excerpt":{"rendered":"<p>Les syst\u00e8mes de mesure lin\u00e9aire ouverts de FAGOR sont con\u00e7us pour \u00eatre utilis\u00e9s dans des &#8230; <a title=\"Syst\u00e8mes de mesure pour d&rsquo;autres industries\" class=\"read-more\" href=\"https:\/\/www-dev.fagorautomation.com\/fr\/autres-industries\/\" aria-label=\"En savoir plus sur Syst\u00e8mes de mesure pour d&rsquo;autres industries\"> <\/a><\/p>\n","protected":false},"author":1,"featured_media":0,"parent":0,"menu_order":0,"comment_status":"closed","ping_status":"closed","template":"","meta":{"_acf_changed":false,"footnotes":""},"categories":[1343],"tags":[],"class_list":{"0":"post-832358","1":"page","2":"type-page","3":"status-publish","5":"category-menu-captacion-fr"},"acf":[],"wpml_current_locale":"fr_FR","wpml_translations":[{"locale":"en","id":825831,"post_title":"Feedback Systems for other industries","href":"https:\/\/www-dev.fagorautomation.com\/en\/other-industries\/"},{"locale":"es_ES","id":383,"post_title":"Sistemas de Captaci\u00f3n para otros sectores","href":"https:\/\/www-dev.fagorautomation.com\/es\/otros-sectores\/"},{"locale":"en_US","id":832375,"post_title":"Feedback Systems for other industries","href":"https:\/\/www-dev.fagorautomation.com\/en-us\/other-industries\/"},{"locale":"it_IT","id":832376,"post_title":"Sistemi di feedback per altri settori","href":"https:\/\/www-dev.fagorautomation.com\/it\/altri-settori\/"},{"locale":"pt_BR","id":832378,"post_title":"Sistemas de Medi\u00e7\u00e3o para outros setores","href":"https:\/\/www-dev.fagorautomation.com\/pt-br\/outros-setores\/"},{"locale":"pt_PT","id":832356,"post_title":"Sistemas de Capta\u00e7\u00e3o para outros setores","href":"https:\/\/www-dev.fagorautomation.com\/pt-pt\/outros-setores\/"},{"locale":"de_DE","id":832359,"post_title":"Messsysteme f\u00fcr andere Maschinen","href":"https:\/\/www-dev.fagorautomation.com\/de\/andere-maschine\/"},{"locale":"en_IN","id":832360,"post_title":"Feedback Systems for other industries","href":"https:\/\/www-dev.fagorautomation.com\/hi\/other-industries\/"},{"locale":"ja","id":832377,"post_title":"\u4ed6\u306e\u696d\u754c\u5411\u3051\u306e\u30d5\u30a3\u30fc\u30c9\u30d0\u30c3\u30af \u30b7\u30b9\u30c6\u30e0","href":"https:\/\/www-dev.fagorautomation.com\/ja\/other-industries\/"},{"locale":"eu_ES","id":832357,"post_title":"Beste sektore batzuetarako atzitze sistemak","href":"https:\/\/www-dev.fagorautomation.com\/eu\/other-industries\/"},{"locale":"zh_CN","id":906295,"post_title":"\u53cd\u9988\u7cfb\u7edf\u7528\u4e8e\u5176\u4ed6\u884c\u4e1a","href":"https:\/\/www-dev.fagorautomation.com\/zh-hans\/%e5%8f%8d%e9%a6%88%e7%b3%bb%e7%bb%9f%e7%94%a8%e4%ba%8e%e5%85%b6%e4%bb%96%e8%a1%8c%e4%b8%9a\/"}],"_links":{"self":[{"href":"https:\/\/www-dev.fagorautomation.com\/fr\/wp-json\/wp\/v2\/pages\/832358","targetHints":{"allow":["GET"]}}],"collection":[{"href":"https:\/\/www-dev.fagorautomation.com\/fr\/wp-json\/wp\/v2\/pages"}],"about":[{"href":"https:\/\/www-dev.fagorautomation.com\/fr\/wp-json\/wp\/v2\/types\/page"}],"author":[{"embeddable":true,"href":"https:\/\/www-dev.fagorautomation.com\/fr\/wp-json\/wp\/v2\/users\/1"}],"replies":[{"embeddable":true,"href":"https:\/\/www-dev.fagorautomation.com\/fr\/wp-json\/wp\/v2\/comments?post=832358"}],"version-history":[{"count":0,"href":"https:\/\/www-dev.fagorautomation.com\/fr\/wp-json\/wp\/v2\/pages\/832358\/revisions"}],"wp:attachment":[{"href":"https:\/\/www-dev.fagorautomation.com\/fr\/wp-json\/wp\/v2\/media?parent=832358"}],"wp:term":[{"taxonomy":"category","embeddable":true,"href":"https:\/\/www-dev.fagorautomation.com\/fr\/wp-json\/wp\/v2\/categories?post=832358"},{"taxonomy":"post_tag","embeddable":true,"href":"https:\/\/www-dev.fagorautomation.com\/fr\/wp-json\/wp\/v2\/tags?post=832358"}],"curies":[{"name":"wp","href":"https:\/\/api.w.org\/{rel}","templated":true}]}}