{"id":832316,"date":"2022-01-31T10:23:21","date_gmt":"2022-01-31T10:23:21","guid":{"rendered":"https:\/\/www-dev.fagorautomation.com\/spare-parts-exchanges\/"},"modified":"2022-04-20T14:14:30","modified_gmt":"2022-04-20T13:14:30","slug":"pieces-de-rechange-echanges","status":"publish","type":"page","link":"https:\/\/www-dev.fagorautomation.com\/fr\/services\/pieces-de-rechange-echanges\/","title":{"rendered":"Pi\u00e8ces de rechange \/ \u00e9changes"},"content":{"rendered":"<div id=\"pl-832316\"  class=\"panel-layout\" ><div id=\"pg-832316-0\"  class=\"panel-grid panel-no-style\" ><div id=\"pgc-832316-0-0\"  class=\"panel-grid-cell\" ><div id=\"panel-832316-0-0-0\" class=\"so-panel widget widget_sow-headline panel-first-child panel-last-child\" data-index=\"0\" ><div\n\t\t\t\n\t\t\tclass=\"so-widget-sow-headline so-widget-sow-headline-default-d5f8de5f879a-832316 so-widget-fittext-wrapper\"\n\t\t\t data-fit-text-compressor=\"0.85\"\n\t\t><div class=\"sow-headline-container \">\n\t\t\t\t\t\t\t<h2 class=\"sow-headline\">\n\t\t\t\t\t\tDemande de pi\u00e8ces de rechange\t\t\t\t\t\t<\/h2>\n\t\t\t\t\t\t<\/div>\n<\/div><\/div><\/div><\/div><div id=\"pg-832316-1\"  class=\"panel-grid panel-no-style\" ><div id=\"pgc-832316-1-0\"  class=\"panel-grid-cell\" ><div id=\"panel-832316-1-0-0\" class=\"so-panel widget widget_sow-editor panel-first-child panel-last-child\" data-index=\"1\" ><div\n\t\t\t\n\t\t\tclass=\"so-widget-sow-editor so-widget-sow-editor-base\"\n\t\t\t\n\t\t>\n<div class=\"siteorigin-widget-tinymce textwidget\">\n\t<p>Fagor vous fournit les <strong>pi\u00e8ces de rechange originales<\/strong> n\u00e9cessaires pour r\u00e9pondre \u00e0 vos besoins. Les d\u00e9lais de livraison peuvent \u00eatre aussi rapides que vous le souhaitez, avec des exp\u00e9ditions m\u00eame en moins de <strong>24 heures<\/strong>. Demandez votre pi\u00e8ce de rechange et vous recevrez une r\u00e9ponse confirmant le prix et le d\u00e9lai de livraison de votre demande.<\/p>\n<\/div>\n<\/div><\/div><\/div><div id=\"pgc-832316-1-1\"  class=\"panel-grid-cell\" ><div id=\"panel-832316-1-1-0\" class=\"so-panel widget widget_sow-image panel-first-child\" data-index=\"2\" ><div class=\"panel-widget-style panel-widget-style-for-832316-1-1-0\" ><div\n\t\t\t\n\t\t\tclass=\"so-widget-sow-image so-widget-sow-image-default-15be6fc1a39e-832316\"\n\t\t\t\n\t\t>\n<div class=\"sow-image-container\">\n\t\t\t<a href=\"https:\/\/www.motorlan.es\/en\/\"\n\t\t\ttarget=\"_blank\" rel=\"noopener noreferrer\" \t\t>\n\t\t\t<img \n\tsrc=\"https:\/\/www-dev.fagorautomation.com\/wp-content\/uploads\/logo-motorlan.jpg\" width=\"194\" height=\"60\" sizes=\"(max-width: 194px) 100vw, 194px\" title=\"Motorlan. R\u00e9paration et entretien de moteurs \u00e9lectriques\" alt=\"Motorlan. R\u00e9paration et entretien de moteurs \u00e9lectriques\" \t\tclass=\"so-widget-image\"\/>\n\t\t\t<\/a><\/div>\n\n<\/div><\/div><\/div><div id=\"panel-832316-1-1-1\" class=\"so-panel widget widget_sow-features panel-last-child\" data-index=\"3\" ><div\n\t\t\t\n\t\t\tclass=\"so-widget-sow-features so-widget-sow-features-default-471311f58d43-832316\"\n\t\t\t\n\t\t><ul\n\tclass=\"sow-features-list\n\tsow-features-responsive\">\n\n\t\t\t<li\n\t\t\tclass=\"sow-features-feature sow-icon-container-position-right\"\n\t\t\tstyle=\"display: flex; flex-direction: row; width: calc(100% - 25px);\"\n\t\t>\n\t\t\t\n\t\t\t\t\t\t<div\t\t\t\tclass=\"sow-icon-container sow-container-square\"\n\t\t\t\tstyle=\"color: ; \"\n\t\t\t\t\n\t\t\t\t\t\t\t>\n\t\t\t\t<span class=\"sow-icon-fontawesome sow-fas\" data-sow-icon=\"&#xf00c;\"\n\t\tstyle=\"font-size: 20px; color: #e1081d\" \n\t\taria-hidden=\"true\"><\/span>\t\t\t<\/div>\n\n\t\t\t<div class=\"textwidget\">\n\t\t\t\t\n\t\t\t\t\n\t\t\t\t\t\t\t\t\t<div class=\"sow-features-feature-text\">\n\t\t\t\t\t<p><strong>Motorlan<\/strong> vous propose une large gamme de pi\u00e8ces de rechange multimarques pour moteurs \u00e9lectriques<br \/>\npour moteurs \u00e9lectriques DC et AC, r\u00e9gulateurs et servomoteurs avec une garantie compl\u00e8te.<\/p>\n\t\t\t\t\t<\/div>\n\t\t\t\t\t\t\t\t<\/div>\n\t\t\t\t\t\t\t\t<\/li>\n\n\t<\/ul>\n<\/div><\/div><\/div><\/div><div id=\"pg-832316-2\"  class=\"panel-grid panel-has-style\" ><div class=\"siteorigin-panels-stretch panel-row-style panel-row-style-for-832316-2\" data-stretch-type=\"full\" ><div id=\"pgc-832316-2-0\"  class=\"panel-grid-cell\" ><div id=\"panel-832316-2-0-0\" class=\"so-panel widget widget_sow-image panel-first-child panel-last-child\" data-index=\"4\" ><div\n\t\t\t\n\t\t\tclass=\"so-widget-sow-image so-widget-sow-image-default-8b5b6f678277-832316\"\n\t\t\t\n\t\t>\n<div class=\"sow-image-container\">\n\t\t<img \n\tsrc=\"https:\/\/www-dev.fagorautomation.com\/wp-content\/uploads\/repuestos-varios-motorlan.jpg\" width=\"1414\" height=\"270\" srcset=\"https:\/\/www-dev.fagorautomation.com\/wp-content\/uploads\/repuestos-varios-motorlan.jpg 1414w, https:\/\/www-dev.fagorautomation.com\/wp-content\/uploads\/repuestos-varios-motorlan-300x57.jpg 300w, https:\/\/www-dev.fagorautomation.com\/wp-content\/uploads\/repuestos-varios-motorlan-1024x196.jpg 1024w, https:\/\/www-dev.fagorautomation.com\/wp-content\/uploads\/repuestos-varios-motorlan-768x147.jpg 768w\" sizes=\"(max-width: 1414px) 100vw, 1414px\" title=\"Service d&#039;\u00e9change\" alt=\"Service d&#039;\u00e9change\" \t\tclass=\"so-widget-image\"\/>\n\t<\/div>\n\n<\/div><\/div><\/div><\/div><\/div><div id=\"pg-832316-3\"  class=\"panel-grid panel-no-style\" ><div id=\"pgc-832316-3-0\"  class=\"panel-grid-cell\" ><div id=\"panel-832316-3-0-0\" class=\"so-panel widget widget_sow-headline panel-first-child\" data-index=\"5\" ><div\n\t\t\t\n\t\t\tclass=\"so-widget-sow-headline so-widget-sow-headline-default-3ae2de84b947-832316 so-widget-fittext-wrapper\"\n\t\t\t data-fit-text-compressor=\"0.85\"\n\t\t><div class=\"sow-headline-container \">\n\t\t\t\t\t\t\t<h2 class=\"sow-headline\">\n\t\t\t\t\t\tService d'\u00e9change\t\t\t\t\t\t<\/h2>\n\t\t\t\t\t\t<\/div>\n<\/div><\/div><div id=\"panel-832316-3-0-1\" class=\"so-panel widget widget_sow-editor panel-last-child\" data-index=\"6\" ><div\n\t\t\t\n\t\t\tclass=\"so-widget-sow-editor so-widget-sow-editor-base\"\n\t\t\t\n\t\t>\n<div class=\"siteorigin-widget-tinymce textwidget\">\n\t<p>En cas d'incident ou de panne, <strong>Fagor fournit un \u00e9change ou un \u00e9quipement de remplacement, \u00e9gal ou \u00e9quivalent \u00e0 l'\u00e9l\u00e9ment endommag\u00e9 pour le m\u00eame co\u00fbt qu'une r\u00e9paration standard<\/strong> avec le seul engagement de la part du client de retourner l'\u00e9l\u00e9ment endommag\u00e9 qui deviendra propri\u00e9t\u00e9 de Fagor.<\/p>\n<p>Elle propose \u00e9galement le transfert temporaire d'un \u00e9quipement de diagnostic qui, s'il n'est pas \u00e0 l'origine de la panne, peut \u00eatre restitu\u00e9 \u00e0 un co\u00fbt tr\u00e8s faible pour son utilisation temporaire.<\/p>\n<\/div>\n<\/div><\/div><\/div><div id=\"pgc-832316-3-1\"  class=\"panel-grid-cell\" ><div id=\"panel-832316-3-1-0\" class=\"so-panel widget widget_sow-image panel-first-child panel-last-child\" data-index=\"7\" ><div\n\t\t\t\n\t\t\tclass=\"so-widget-sow-image so-widget-sow-image-default-dbf295114b96-832316\"\n\t\t\t\n\t\t>\n<div class=\"sow-image-container\">\n\t\t<img \n\tsrc=\"https:\/\/www-dev.fagorautomation.com\/wp-content\/uploads\/repuestos-intercambios-fagorautomation.jpg\" width=\"600\" height=\"400\" srcset=\"https:\/\/www-dev.fagorautomation.com\/wp-content\/uploads\/repuestos-intercambios-fagorautomation.jpg 600w, https:\/\/www-dev.fagorautomation.com\/wp-content\/uploads\/repuestos-intercambios-fagorautomation-300x200.jpg 300w, https:\/\/www-dev.fagorautomation.com\/wp-content\/uploads\/repuestos-intercambios-fagorautomation-272x182.jpg 272w\" sizes=\"(max-width: 600px) 100vw, 600px\" title=\"Spare parts \/ exchanges\" alt=\"Spare parts \/ exchanges\" \t\tclass=\"so-widget-image\"\/>\n\t<\/div>\n\n<\/div><\/div><\/div><\/div><\/div>","protected":false},"excerpt":{"rendered":"<p>Fagor vous fournit les pi\u00e8ces de rechange originales n\u00e9cessaires pour r\u00e9pondre \u00e0 vos besoins. Les &#8230; <a title=\"Pi\u00e8ces de rechange \/ \u00e9changes\" class=\"read-more\" href=\"https:\/\/www-dev.fagorautomation.com\/fr\/services\/pieces-de-rechange-echanges\/\" aria-label=\"En savoir plus sur Pi\u00e8ces de rechange \/ \u00e9changes\"> <\/a><\/p>\n","protected":false},"author":1,"featured_media":0,"parent":832437,"menu_order":0,"comment_status":"closed","ping_status":"closed","template":"servicios.php","meta":{"_acf_changed":false,"footnotes":""},"categories":[1311,1302],"tags":[],"class_list":{"0":"post-832316","1":"page","2":"type-page","3":"status-publish","5":"category-menu-servicios-fr","6":"category-page-servicios-fr"},"acf":[],"wpml_current_locale":"fr_FR","wpml_translations":[{"locale":"en","id":825799,"post_title":"Spare parts \/ exchanges","href":"https:\/\/www-dev.fagorautomation.com\/en\/services\/spare-parts-exchanges\/"},{"locale":"es_ES","id":282863,"post_title":"Repuestos \/ intercambios","href":"https:\/\/www-dev.fagorautomation.com\/es\/servicios\/repuestos-intercambios\/"},{"locale":"en_US","id":832319,"post_title":"Spare parts \/ exchanges","href":"https:\/\/www-dev.fagorautomation.com\/en-us\/services\/spare-parts-exchanges\/"},{"locale":"it_IT","id":832311,"post_title":"Parti di ricmbio \/ ricambi","href":"https:\/\/www-dev.fagorautomation.com\/it\/servizi\/parti-di-ricmbio-ricambi\/"},{"locale":"pt_BR","id":832313,"post_title":"Pe\u00e7as \/ interc\u00e2mbios","href":"https:\/\/www-dev.fagorautomation.com\/pt-br\/servicios\/pecas-intercambios\/"},{"locale":"pt_PT","id":832314,"post_title":"Pe\u00e7as \/ interc\u00e2mbios","href":"https:\/\/www-dev.fagorautomation.com\/pt-pt\/servicos-oferecidos-por-fagor-automation\/pecas-intercambios\/"},{"locale":"de_DE","id":832317,"post_title":"Ersatzteile \/ Austausch","href":"https:\/\/www-dev.fagorautomation.com\/de\/dienstleistungen-die-fagor-automation-anbietet\/ersatzteile-austausch\/"},{"locale":"en_IN","id":832318,"post_title":"Spare parts \/ exchanges","href":"https:\/\/www-dev.fagorautomation.com\/hi\/services\/spare-parts-exchanges\/"},{"locale":"ja","id":832312,"post_title":"\u4e88\u5099\u54c1 \/ \u4ea4\u63db","href":"https:\/\/www-dev.fagorautomation.com\/ja\/%e3%82%b5%e3%83%bc%e3%83%93%e3%82%b9\/spare-parts-exchanges\/"},{"locale":"eu_ES","id":832315,"post_title":"Ordezko piezak \/ Trukeak","href":"https:\/\/www-dev.fagorautomation.com\/eu\/zerbitzuak\/spare-parts-exchanges\/"},{"locale":"zh_CN","id":906328,"post_title":"\u5907\u4ef6\/\u66f4\u6362","href":"https:\/\/www-dev.fagorautomation.com\/zh-hans\/%e5%8f%91%e6%a0%bc%e8%87%aa%e5%8a%a8%e5%8c%96%e6%8a%80%e6%9c%af%e6%9c%8d%e5%8a%a1\/%e5%a4%87%e4%bb%b6-%e6%9b%b4%e6%8d%a2\/"}],"_links":{"self":[{"href":"https:\/\/www-dev.fagorautomation.com\/fr\/wp-json\/wp\/v2\/pages\/832316","targetHints":{"allow":["GET"]}}],"collection":[{"href":"https:\/\/www-dev.fagorautomation.com\/fr\/wp-json\/wp\/v2\/pages"}],"about":[{"href":"https:\/\/www-dev.fagorautomation.com\/fr\/wp-json\/wp\/v2\/types\/page"}],"author":[{"embeddable":true,"href":"https:\/\/www-dev.fagorautomation.com\/fr\/wp-json\/wp\/v2\/users\/1"}],"replies":[{"embeddable":true,"href":"https:\/\/www-dev.fagorautomation.com\/fr\/wp-json\/wp\/v2\/comments?post=832316"}],"version-history":[{"count":0,"href":"https:\/\/www-dev.fagorautomation.com\/fr\/wp-json\/wp\/v2\/pages\/832316\/revisions"}],"up":[{"embeddable":true,"href":"https:\/\/www-dev.fagorautomation.com\/fr\/wp-json\/wp\/v2\/pages\/832437"}],"wp:attachment":[{"href":"https:\/\/www-dev.fagorautomation.com\/fr\/wp-json\/wp\/v2\/media?parent=832316"}],"wp:term":[{"taxonomy":"category","embeddable":true,"href":"https:\/\/www-dev.fagorautomation.com\/fr\/wp-json\/wp\/v2\/categories?post=832316"},{"taxonomy":"post_tag","embeddable":true,"href":"https:\/\/www-dev.fagorautomation.com\/fr\/wp-json\/wp\/v2\/tags?post=832316"}],"curies":[{"name":"wp","href":"https:\/\/api.w.org\/{rel}","templated":true}]}}