{"id":17117,"date":"2021-12-10T08:19:11","date_gmt":"2021-12-10T08:19:11","guid":{"rendered":"https:\/\/www-dev.fagorautomation.com\/politica-de-privacidad\/"},"modified":"2022-04-13T13:38:32","modified_gmt":"2022-04-13T12:38:32","slug":"politique-de-confidentialite","status":"publish","type":"page","link":"https:\/\/www-dev.fagorautomation.com\/fr\/politique-de-confidentialite\/","title":{"rendered":"Politique de confidentialit\u00e9"},"content":{"rendered":"<p>Conform\u00e9ment \u00e0 la l\u00e9gislation en vigueur sur la protection des donn\u00e9es et \u00e0 la loi 34\/2002 du 11 juillet sur les services de la soci\u00e9t\u00e9 de l&rsquo;information et le commerce \u00e9lectronique (LSSI), FAGOR AUTOMATION, S. Coop. (ci-apr\u00e8s \u00ab\u00a0FAGOR\u00a0\u00bb) informe ses utilisateurs de la Politique de Confidentialit\u00e9, afin qu&rsquo;ils puissent d\u00e9cider librement et volontairement s&rsquo;ils souhaitent fournir leurs donn\u00e9es personnelles qui peuvent \u00eatre requises lors de l&rsquo;inscription ou pendant l&rsquo;enregistrement de certains des Services propos\u00e9s.<\/p>\n<p><strong>CONFIDENTIALIT\u00c9 DANS LE TRAITEMENT AUTOMATIQUE DES DONN\u00c9ES PERSONNELLES<br \/>\n<\/strong>Toutes les donn\u00e9es personnelles collect\u00e9es via le site seront g\u00e9r\u00e9es de mani\u00e8re confidentielle.<\/p>\n<p>Le site Internet de FAGOR ne collecte pas de donn\u00e9es personnelles et ne les transmet pas \u00e0 des tiers sans votre consentement.<\/p>\n<p><strong>GESTIONNAIRE DE DONN\u00c9ES<br \/>\n<\/strong>Le responsable de la gestion des donn\u00e9es est FAGOR AUTOMATION, S.COOP., soci\u00e9t\u00e9 enregistr\u00e9e au 19 San Andr\u00e9s Auzoa, 20500 Arrasate-Mondrag\u00f3n (Gipuzkoa), avec le num\u00e9ro d&rsquo;identification fiscale (NIF) F20071114.<\/p>\n<p>Vous pouvez nous contacter en appelant le +(34)943.039.800 ou en envoyant un email \u00e0 : <a href=\"mailto:info@fagorautomation.es\">info@fagorautomation.es<\/a>.<\/p>\n<p><strong>OBJECTIF DE LA COLLECTE ET DU TRAITEMENT AUTOMATIQUE DES DONN\u00c9ES PERSONNELLES<br \/>\n<\/strong>FAGOR, s&rsquo;engage \u00e0 ne pas utiliser les donn\u00e9es personnelles \u00e0 des fins autres que celles pour lesquelles elles ont \u00e9t\u00e9 collect\u00e9es.<\/p>\n<ul>\n<li><strong>Contact<br \/>\n<\/strong>Aucune des donn\u00e9es personnelles fournies via le formulaire mis \u00e0 disposition dans la section Contact ne seront enregistr\u00e9e dans quelque fichier ou base de donn\u00e9es que ce soit, elles sont collect\u00e9es uniquement dans le but de r\u00e9pondre \u00e0 une demande.<\/li>\n<\/ul>\n<ul>\n<li><strong>Produits<br \/>\n<\/strong>Aucune des donn\u00e9es personnelles fournies via les formulaires mis \u00e0 disposition dans les diff\u00e9rentes sections Produits de la soci\u00e9t\u00e9 ne seront enregistr\u00e9es dans quelque fichier ou base de donn\u00e9es que ce soit, elles sont collect\u00e9es uniquement dans le but de r\u00e9pondre \u00e0 une demande.<\/li>\n<\/ul>\n<ul>\n<li><strong>Services<br \/>\n<\/strong>Toutes les donn\u00e9es personnelles fournies via les formulaires mis \u00e0 disposition dans la section Services seront enregistr\u00e9es dans des fichiers ou des bases de donn\u00e9es, dont le seul but est la gestion, l&rsquo;administration, la fourniture, l&rsquo;extension et l&rsquo;am\u00e9lioration des services propos\u00e9s par FAGOR sur son site.<\/li>\n<\/ul>\n<ul>\n<li><strong>T\u00e9l\u00e9chargements<br \/>\n<\/strong>Toutes les donn\u00e9es fournies dans le registre des utilisateurs de la section T\u00e9l\u00e9chargements seront enregistr\u00e9es dans des fichiers ou des bases de donn\u00e9es, dont le seul but est la gestion, l&rsquo;administration, la fourniture, l&rsquo;extension et l&rsquo;am\u00e9lioration des services propos\u00e9s par FAGOR sur son site.<\/li>\n<\/ul>\n<ul>\n<li><strong>Newsletter<br \/>\n<\/strong>Toutes les donn\u00e9es fournies lors de l\u2019inscription \u00e0 la Newsletter seront enregistr\u00e9es dans des fichiers ou des bases de donn\u00e9es, dont le seul but est de transmettre des nouvelles, des informations commerciales ou publicitaires, par voie \u00e9lectronique sur les produits et les services propos\u00e9s par FAGOR.<\/li>\n<\/ul>\n<ul>\n<li><strong>Envoi de CV<br \/>\n<\/strong>Toutes les donn\u00e9es fournies dans la pr\u00e9sentation d\u2019un Curriculum Vitae, ainsi que le document lui-m\u00eame, seront enregistr\u00e9es dans des fichiers ou des bases de donn\u00e9es, dont le seul but est la s\u00e9lection du personnel.<\/li>\n<\/ul>\n<p><strong>DEMANDE DE TRAITEMENT<br \/>\n<\/strong>Les donn\u00e9es personnelles seront g\u00e9r\u00e9es avec votre consentement, qui est bas\u00e9 sur le traitement expliqu\u00e9 dans ce document.<\/p>\n<p><strong>DESTINATAIRES<br \/>\n<\/strong>FAGOR ne transf\u00e9rera pas de donn\u00e9es personnelles \u00e0 des tiers non li\u00e9s.<\/p>\n<p>En outre, les transferts internationaux de donn\u00e9es ne seront pas effectu\u00e9s vers des tiers en dehors de l&rsquo;Union Europ\u00e9enne.<\/p>\n<p>Les tiers, dans le cadre de la fourniture de services \u00e0 FAGOR, ne pourront avoir acc\u00e8s aux donn\u00e9es personnelles, qu\u2019apr\u00e8s avoir sign\u00e9 les contrats de prestation de services correspondants et s\u2019\u00eatre engag\u00e9s \u00e0 respecter la r\u00e9glementation sur la protection des donn\u00e9es.<\/p>\n<p><strong>CAT\u00c9GORIES ET CLASSIFICATION DES DONN\u00c9ES TRAIT\u00c9ES<br \/>\n<\/strong>Les seules donn\u00e9es personnelles que nous recueillons seront les donn\u00e9es d&rsquo;identification suivantes :<\/p>\n<ul>\n<li>Nom(s) et Pr\u00e9nom(s)<\/li>\n<li>Adresse<\/li>\n<li>Curriculum Vitae<\/li>\n<li>Email et num\u00e9ro de t\u00e9l\u00e9phone.<\/li>\n<\/ul>\n<p>Les donn\u00e9es collect\u00e9es sont n\u00e9cessaires aux fins d\u00e9crites dans la section pr\u00e9c\u00e9dente.<\/p>\n<p><strong>P\u00c9RIODE DE CONSERVATION DES DONN\u00c9ES PERSONNELLES<br \/>\n<\/strong>Vos donn\u00e9es seront stock\u00e9es pendant le temps minimum n\u00e9cessaire \u00e0 la bonne prestation du service propos\u00e9, ainsi que pour satisfaire aux obligations qui peuvent en d\u00e9couler et de toute autre exigence l\u00e9gale.<\/p>\n<p>Lors de l&rsquo;envoi d&rsquo;un CV, les donn\u00e9es seront stock\u00e9es pour la dur\u00e9e du processus de s\u00e9lection et, dans tous les cas, pour une p\u00e9riode de 2 ans. Nonobstant la p\u00e9riode pr\u00e9c\u00e9dente, l&rsquo;int\u00e9ress\u00e9 recevra un rappel annuel demandant la mise \u00e0 jour de ses donn\u00e9es. Chaque fois que ces donn\u00e9es ne sont pas mises \u00e0 jour, FAGOR proc\u00e9dera \u00e0 la suppression des donn\u00e9es en question apr\u00e8s la p\u00e9riode de 2 ans.<\/p>\n<p>En cas d&rsquo;utilisation des donn\u00e9es de l&rsquo;Utilisateur pour la r\u00e9ception de la Newsletter, les donn\u00e9es correspondantes seront conserv\u00e9es jusqu&rsquo;\u00e0 ce qu&rsquo;il y ait le d\u00e9sir expr\u00e8s de ne plus recevoir ces notifications.<\/p>\n<p><strong>DROITS DE L&rsquo;UTILISATEUR CONCERNANT LES DONN\u00c9ES PERSONNELLES<br \/>\n<\/strong>Les utilisateurs peuvent exercer leurs droits d&rsquo;acc\u00e8s, de rectification, d&rsquo;annulation et d&rsquo;opposition. Ils ont, de plus, le droit de retirer leur consentement \u00e0 tout moment.<\/p>\n<p>Vous pouvez exercer vos droits mentionn\u00e9s ci-dessus en \u00e9crivant une lettre pr\u00e9cisant ce sujet, en indiquant vos nom et pr\u00e9nom(s), et en joignant une copie de votre carte nationale d&rsquo;identit\u00e9 (CNI), ou similaire, \u00e0 :<\/p>\n<p>Fagor Automation S. Coop.<br \/>\nB\u00ba San Andres 19, Apdo 144<br \/>\n20500 Arrasate-Mondragon<br \/>\nGipuzkoa<\/p>\n<p>Si jamais vous consid\u00e9rez que FAGOR ne respecte pas la l\u00e9gislation, vous avez le droit de d\u00e9poser une r\u00e9clamation aupr\u00e8s de l&rsquo;autorit\u00e9 comp\u00e9tente.<\/p>\n<p><strong>SECURITE DANS LE TRAITEMENT, DANS LE TRAITEMENT INFORMATIQUE ET LE STOCKAGE DES DONNEES<br \/>\n<\/strong>FAGOR a adopt\u00e9 les moyens techniques et organisationnels n\u00e9cessaires pour pr\u00e9venir la perte, la mauvaise utilisation, l&rsquo;alt\u00e9ration, l&rsquo;acc\u00e8s non autoris\u00e9 et le vol des donn\u00e9es personnelles fournies, sur la base de l&rsquo;\u00e9tat actuel de la technologie, des co\u00fbts d&rsquo;application, de la nature, de la port\u00e9e, du contexte et du but du traitement, mais aussi de toute probabilit\u00e9 et gravit\u00e9 de ces risques pouvant entraver leurs droits et libert\u00e9s. Cependant, les utilisateurs doivent \u00eatre conscients que les mesures de s\u00e9curit\u00e9 Internet ne sont pas invuln\u00e9rables.<\/p>\n<p>Dans tous les cas, les mesures de s\u00e9curit\u00e9 appliqu\u00e9es par FAGOR assurent et couvrent :<\/p>\n<ul>\n<li>La garantie permanente de la confidentialit\u00e9, de l&rsquo;int\u00e9grit\u00e9, de la disponibilit\u00e9 et de la r\u00e9silience des services et syst\u00e8mes de traitement,<\/li>\n<li>Le r\u00e9tablissement rapide de la disponibilit\u00e9 et de l&rsquo;acc\u00e8s aux donn\u00e9es personnelles, en cas d&rsquo;incident physique ou technique,<\/li>\n<li>Un processus pour tester, appr\u00e9cier et \u00e9valuer r\u00e9guli\u00e8rement l&rsquo;efficacit\u00e9 des mesures techniques et organisationnelles qui permettent d\u2019assurer la s\u00e9curit\u00e9 du traitement des donn\u00e9es.<\/li>\n<\/ul>\n<p><strong>ABONNEMENT AU SERVICE NEWSLETTER<br \/>\n<\/strong>A tout moment, l&rsquo;Utilisateur a le droit de r\u00e9voquer le consentement donn\u00e9 pour envoyer des notifications commerciales, en informant FAGOR qu&rsquo;il ne souhaite plus continuer \u00e0 recevoir de telles notifications commerciales. En cons\u00e9quence, l&rsquo;utilisateur peut r\u00e9voquer son consentement en envoyant un courrier \u00e9lectronique \u00e0 : komunikazioa@fagorautomation.es, en indiquant \u00ab\u00a0UNSUBSCRIBE\u00a0\u00bb dans le sujet, ou en cliquant sur le lien inclus dans chaque annonce commerciale.<\/p>\n<p><strong>LIENS<br \/>\n<\/strong>Cette politique de confidentialit\u00e9 s&rsquo;applique \u00e0 cette page Web, propri\u00e9t\u00e9 de FAGOR, et ne garantit pas l&rsquo;acc\u00e8s \u00e0 ce site via des liens ou l\u2019utilisation de liens de ce site vers d&rsquo;autres.<\/p>\n","protected":false},"excerpt":{"rendered":"<p>Conform\u00e9ment \u00e0 la l\u00e9gislation en vigueur sur la protection des donn\u00e9es et \u00e0 la loi &#8230; <a title=\"Politique de confidentialit\u00e9\" class=\"read-more\" href=\"https:\/\/www-dev.fagorautomation.com\/fr\/politique-de-confidentialite\/\" aria-label=\"En savoir plus sur Politique de confidentialit\u00e9\"> <\/a><\/p>\n","protected":false},"author":1,"featured_media":0,"parent":0,"menu_order":0,"comment_status":"closed","ping_status":"closed","template":"","meta":{"_acf_changed":false,"footnotes":""},"categories":[1283,1536],"tags":[],"class_list":{"0":"post-17117","1":"page","2":"type-page","3":"status-publish","5":"category-page-title-franja-red-fr","6":"category-sin-footer-breadcrumb-fr"},"acf":[],"wpml_current_locale":"fr_FR","wpml_translations":[{"locale":"en","id":17116,"post_title":"Privacy policy","href":"https:\/\/www-dev.fagorautomation.com\/en\/privacy-policy\/"},{"locale":"es_ES","id":17086,"post_title":"Pol\u00edtica de privacidad","href":"https:\/\/www-dev.fagorautomation.com\/es\/politica-de-privacidad\/"},{"locale":"en_US","id":17120,"post_title":"Privacy policy","href":"https:\/\/www-dev.fagorautomation.com\/en-us\/privacy-policy\/"},{"locale":"it_IT","id":17121,"post_title":"Politica sulla riservatezza","href":"https:\/\/www-dev.fagorautomation.com\/it\/politica-sulla-riservatezza\/"},{"locale":"pt_BR","id":17123,"post_title":"Pol\u00edtica de privacidade","href":"https:\/\/www-dev.fagorautomation.com\/pt-br\/politica-de-privacidade\/"},{"locale":"pt_PT","id":17124,"post_title":"Pol\u00edtica de privacidade","href":"https:\/\/www-dev.fagorautomation.com\/pt-pt\/politica-de-privacidade\/"},{"locale":"de_DE","id":17118,"post_title":"Datenschutz","href":"https:\/\/www-dev.fagorautomation.com\/de\/datenschutz\/"},{"locale":"en_IN","id":17119,"post_title":"Privacy policy","href":"https:\/\/www-dev.fagorautomation.com\/hi\/privacy-policy\/"},{"locale":"ja","id":17122,"post_title":"\u30d7\u30e9\u30a4\u30d9\u30fc\u30c8\u30dd\u30ea\u30b7\u30fc","href":"https:\/\/www-dev.fagorautomation.com\/ja\/%e3%83%97%e3%83%a9%e3%82%a4%e3%83%99%e3%83%bc%e3%83%88%e3%83%9d%e3%83%aa%e3%82%b7%e3%83%bc\/"},{"locale":"eu_ES","id":17115,"post_title":"Pribatasun politika","href":"https:\/\/www-dev.fagorautomation.com\/eu\/pribatasun-politika\/"},{"locale":"zh_CN","id":909807,"post_title":"Privacy policy","href":"https:\/\/www-dev.fagorautomation.com\/zh-hans\/privacy-policy\/"}],"_links":{"self":[{"href":"https:\/\/www-dev.fagorautomation.com\/fr\/wp-json\/wp\/v2\/pages\/17117","targetHints":{"allow":["GET"]}}],"collection":[{"href":"https:\/\/www-dev.fagorautomation.com\/fr\/wp-json\/wp\/v2\/pages"}],"about":[{"href":"https:\/\/www-dev.fagorautomation.com\/fr\/wp-json\/wp\/v2\/types\/page"}],"author":[{"embeddable":true,"href":"https:\/\/www-dev.fagorautomation.com\/fr\/wp-json\/wp\/v2\/users\/1"}],"replies":[{"embeddable":true,"href":"https:\/\/www-dev.fagorautomation.com\/fr\/wp-json\/wp\/v2\/comments?post=17117"}],"version-history":[{"count":0,"href":"https:\/\/www-dev.fagorautomation.com\/fr\/wp-json\/wp\/v2\/pages\/17117\/revisions"}],"wp:attachment":[{"href":"https:\/\/www-dev.fagorautomation.com\/fr\/wp-json\/wp\/v2\/media?parent=17117"}],"wp:term":[{"taxonomy":"category","embeddable":true,"href":"https:\/\/www-dev.fagorautomation.com\/fr\/wp-json\/wp\/v2\/categories?post=17117"},{"taxonomy":"post_tag","embeddable":true,"href":"https:\/\/www-dev.fagorautomation.com\/fr\/wp-json\/wp\/v2\/tags?post=17117"}],"curies":[{"name":"wp","href":"https:\/\/api.w.org\/{rel}","templated":true}]}}