{"id":17107,"date":"2021-12-10T08:20:08","date_gmt":"2021-12-10T08:20:08","guid":{"rendered":"https:\/\/www-dev.fagorautomation.com\/aviso-legal\/"},"modified":"2022-05-12T07:51:13","modified_gmt":"2022-05-12T06:51:13","slug":"avis-juridique","status":"publish","type":"page","link":"https:\/\/www-dev.fagorautomation.com\/fr\/avis-juridique\/","title":{"rendered":"Avis juridique"},"content":{"rendered":"<p>Les droits de propri\u00e9t\u00e9 intellectuelle du site fagorautomation.com et des diff\u00e9rents \u00e9l\u00e9ments de son contenu sont la propri\u00e9t\u00e9 de Fagor Automation Sociedad Cooperativa.<\/p>\n<p>Les textes, normative et en g\u00e9n\u00e9ral toute information contenue dans les pages de ce site sont donn\u00e9s \u00e0 titre purement informatif, par cons\u00e9quent nous sugg\u00e9rons de v\u00e9rifier l\u00b4utilisation et l\u00b4exactitude des donn\u00e9es dans les sources officielles correspondantes.<\/p>\n<p>Fagor Automation Sociedad Cooperativa se r\u00e9serve le droit de r\u00e9aliser de modifications sur le site sans pr\u00e9avis, afin d\u00b4en actualiser, corriger, ajouter ou supprimer le contenu et\/ou la conception.<br \/>\nFagor Automation Sociedad Cooperativa ne garantit pas l\u00b4absence d\u00b4erreurs lors de l\u00b4acc\u00e8s au site, ni dans son contenu, ni que celui\u2013ci est ad\u00e9quatement actualis\u00e9, m\u00eame si elle met tout en \u0153uvre pour les \u00e9viter et le cas \u00e9ch\u00e9ant y rem\u00e9dier ou proc\u00e9der aux actualisations dans les meilleurs d\u00e9lais possibles.<\/p>\n<p>L\u00b4acc\u00e8s au site ainsi que l\u00b4utilisation de l\u00b4information qu\u00b4il contient sont sous la responsabilit\u00e9 exclusive de l\u00b4utilisateur. Fagor Automation Sociedad Cooperativa ne r\u00e9pondra d\u00b4aucun dommage, pr\u00e9judice ou cons\u00e9quence quelconque pouvant d\u00e9couler de cet acc\u00e8s ou de l\u00b4utilisation de l\u00b4information du site, \u00e0 l\u00b4exception de toutes les actions d\u00e9coulant de l\u00b4application des dispositions l\u00e9gales auxquelles elle doit se soumettre dans l\u00b4exercice strict de ses comp\u00e9tences.<\/p>\n<p>&nbsp;<\/p>\n","protected":false},"excerpt":{"rendered":"<p>Les droits de propri\u00e9t\u00e9 intellectuelle du site fagorautomation.com et des diff\u00e9rents \u00e9l\u00e9ments de son contenu &#8230; <a title=\"Avis juridique\" class=\"read-more\" href=\"https:\/\/www-dev.fagorautomation.com\/fr\/avis-juridique\/\" aria-label=\"En savoir plus sur Avis juridique\"> <\/a><\/p>\n","protected":false},"author":1,"featured_media":0,"parent":0,"menu_order":0,"comment_status":"closed","ping_status":"closed","template":"","meta":{"_acf_changed":false,"footnotes":""},"categories":[1283],"tags":[],"class_list":{"0":"post-17107","1":"page","2":"type-page","3":"status-publish","5":"category-page-title-franja-red-fr"},"acf":[],"wpml_current_locale":"fr_FR","wpml_translations":[{"locale":"en","id":17106,"post_title":"Legal disclaimer","href":"https:\/\/www-dev.fagorautomation.com\/en\/legal-disclaimer\/"},{"locale":"es_ES","id":17088,"post_title":"Aviso legal","href":"https:\/\/www-dev.fagorautomation.com\/es\/aviso-legal\/"},{"locale":"en_US","id":17110,"post_title":"Legal disclaimer","href":"https:\/\/www-dev.fagorautomation.com\/en-us\/legal-disclaimer\/"},{"locale":"it_IT","id":17111,"post_title":"Informazioni legali","href":"https:\/\/www-dev.fagorautomation.com\/it\/informazioni-legali\/"},{"locale":"pt_BR","id":17113,"post_title":"Aviso legal","href":"https:\/\/www-dev.fagorautomation.com\/pt-br\/aviso-legal\/"},{"locale":"pt_PT","id":17114,"post_title":"Aviso legal","href":"https:\/\/www-dev.fagorautomation.com\/pt-pt\/aviso-legal\/"},{"locale":"de_DE","id":17108,"post_title":"Impressum","href":"https:\/\/www-dev.fagorautomation.com\/de\/impressum\/"},{"locale":"en_IN","id":17109,"post_title":"Legal disclaimer","href":"https:\/\/www-dev.fagorautomation.com\/hi\/legal-disclaimer\/"},{"locale":"ja","id":17112,"post_title":"\u6cd5\u7684\u901a\u77e5","href":"https:\/\/www-dev.fagorautomation.com\/ja\/%e6%b3%95%e7%9a%84%e9%80%9a%e7%9f%a5\/"},{"locale":"eu_ES","id":17105,"post_title":"Lege Oharra","href":"https:\/\/www-dev.fagorautomation.com\/eu\/lege-oharra\/"},{"locale":"zh_CN","id":909806,"post_title":"Legal disclaimer","href":"https:\/\/www-dev.fagorautomation.com\/zh-hans\/legal-disclaimer\/"}],"_links":{"self":[{"href":"https:\/\/www-dev.fagorautomation.com\/fr\/wp-json\/wp\/v2\/pages\/17107","targetHints":{"allow":["GET"]}}],"collection":[{"href":"https:\/\/www-dev.fagorautomation.com\/fr\/wp-json\/wp\/v2\/pages"}],"about":[{"href":"https:\/\/www-dev.fagorautomation.com\/fr\/wp-json\/wp\/v2\/types\/page"}],"author":[{"embeddable":true,"href":"https:\/\/www-dev.fagorautomation.com\/fr\/wp-json\/wp\/v2\/users\/1"}],"replies":[{"embeddable":true,"href":"https:\/\/www-dev.fagorautomation.com\/fr\/wp-json\/wp\/v2\/comments?post=17107"}],"version-history":[{"count":0,"href":"https:\/\/www-dev.fagorautomation.com\/fr\/wp-json\/wp\/v2\/pages\/17107\/revisions"}],"wp:attachment":[{"href":"https:\/\/www-dev.fagorautomation.com\/fr\/wp-json\/wp\/v2\/media?parent=17107"}],"wp:term":[{"taxonomy":"category","embeddable":true,"href":"https:\/\/www-dev.fagorautomation.com\/fr\/wp-json\/wp\/v2\/categories?post=17107"},{"taxonomy":"post_tag","embeddable":true,"href":"https:\/\/www-dev.fagorautomation.com\/fr\/wp-json\/wp\/v2\/tags?post=17107"}],"curies":[{"name":"wp","href":"https:\/\/api.w.org\/{rel}","templated":true}]}}