{"id":832301,"date":"2022-01-31T15:19:12","date_gmt":"2022-01-31T14:19:12","guid":{"rendered":"https:\/\/www-dev.fagorautomation.com\/for-cnc-machines\/"},"modified":"2023-01-18T11:28:59","modified_gmt":"2023-01-18T10:28:59","slug":"cnc-makinetarako-atzitze-sistemak","status":"publish","type":"page","link":"https:\/\/www-dev.fagorautomation.com\/eu\/makina-erremintarako-atzitze-sistemak\/cnc-makinetarako-atzitze-sistemak\/","title":{"rendered":"CNC makinetarako Atzitze sistemak"},"content":{"rendered":"<div id=\"pl-832301\"  class=\"panel-layout\" ><div id=\"pg-832301-0\"  class=\"panel-grid panel-has-style\" ><div class=\"siteorigin-panels-stretch panel-row-style panel-row-style-for-832301-0\" id=\"harroketa-bidezko-makina\" data-stretch-type=\"full\" ><div id=\"pgc-832301-0-0\"  class=\"panel-grid-cell\" ><div id=\"panel-832301-0-0-0\" class=\"so-panel widget widget_sow-headline panel-first-child panel-last-child\" data-index=\"0\" ><div\n\t\t\t\n\t\t\tclass=\"so-widget-sow-headline so-widget-sow-headline-default-b8e9c88e289b-832301 so-widget-fittext-wrapper\"\n\t\t\t data-fit-text-compressor=\"0.85\"\n\t\t><div class=\"sow-headline-container \">\n\t\t\t\t\t\t\t<h2 class=\"sow-headline\">\n\t\t\t\t\t\tHarroketa bidezko makina\t\t\t\t\t\t<\/h2>\n\t\t\t\t\t\t<\/div>\n<\/div><\/div><\/div><\/div><\/div><div id=\"pg-832301-1\"  class=\"panel-grid panel-no-style\" ><div id=\"pgc-832301-1-0\"  class=\"panel-grid-cell\" ><div id=\"panel-832301-1-0-0\" class=\"so-panel widget widget_sow-editor panel-first-child panel-last-child\" data-index=\"1\" ><div\n\t\t\t\n\t\t\tclass=\"so-widget-sow-editor so-widget-sow-editor-base\"\n\t\t\t\n\t\t>\n<div class=\"siteorigin-widget-tinymce textwidget\">\n\t<p><span class=\"title_red\">Enkoder linealak<\/span><br \/>\nFagor Automationek bi neurketa metodo erabiltzen ditu bere enkoder lineal absolutuetan:<\/p>\n<ul>\n<li><strong>Kristal graduatua: <\/strong>3040 mm-ko neurketa tarterainoko enkoder linealetarako.<\/li>\n<li><strong>Altzairu graduatua:<\/strong> 3040 mm-tik gorako neurketa tarteko enkoder linealetarako.<\/li>\n<\/ul>\n<p>&nbsp;<\/p>\n<p><span class=\"title_red\">Enkoder angeluarrak eta birakariak<\/span><br \/>\nFagor Automationek kristal graduatuko neruketa metodoa erabiltzen du enkoder angeluarretan eta birakarietan.<\/p>\n<\/div>\n<\/div><\/div><\/div><div id=\"pgc-832301-1-1\"  class=\"panel-grid-cell\" ><div id=\"panel-832301-1-1-0\" class=\"so-panel widget widget_sow-editor panel-first-child panel-last-child\" data-index=\"2\" ><div\n\t\t\t\n\t\t\tclass=\"so-widget-sow-editor so-widget-sow-editor-base\"\n\t\t\t\n\t\t>\n<div class=\"siteorigin-widget-tinymce textwidget\">\n\t<p><strong>Bi graduazio<\/strong> derberdin dituzte:<\/p>\n<ul>\n<li><strong>Graduazio inkrementala:<\/strong> seinale inkrementalak sortzeko erabiltzen da. Seinale digital hutsak erabiltzen dituzten sistemen kasuan, buru irakurlean bertan zenbatzen dira eta, bestela, 1 Vpp-ko irteera analogikoko seinaleak sortzen dituzte.<\/li>\n<li><strong>Graduazio absolutua:<\/strong> kode bitar bat da, sekuentzia berezi jakin bat duena eta enkoderraren ibilbide osoan zehar errepikatzea ekiditen duena.<\/li>\n<\/ul>\n<\/div>\n<\/div><\/div><\/div><\/div><div id=\"pg-832301-2\"  class=\"panel-grid panel-has-style\" ><div class=\"box-red panel-row-style panel-row-style-for-832301-2\" ><div id=\"pgc-832301-2-0\"  class=\"panel-grid-cell\" ><div id=\"panel-832301-2-0-0\" class=\"so-panel widget widget_sow-hero panel-first-child panel-last-child\" data-index=\"3\" ><div\n\t\t\t\n\t\t\tclass=\"so-widget-sow-hero so-widget-sow-hero-default-50cfe91061d3-832301 so-widget-fittext-wrapper\"\n\t\t\t data-fit-text-compressor=\"0.85\"\n\t\t>\t\t\t\t<div class=\"sow-slider-base\" style=\"display: none\" tabindex=\"0\">\n\t\t\t\t\t<ul\n\t\t\t\t\tclass=\"sow-slider-images\"\n\t\t\t\t\tdata-settings=\"{&quot;pagination&quot;:true,&quot;speed&quot;:800,&quot;timeout&quot;:8000,&quot;paused&quot;:true,&quot;pause_on_hover&quot;:false,&quot;swipe&quot;:false,&quot;nav_always_show_desktop&quot;:&quot;&quot;,&quot;nav_always_show_mobile&quot;:&quot;&quot;,&quot;breakpoint&quot;:&quot;780px&quot;,&quot;unmute&quot;:false,&quot;anchor&quot;:null}\"\n\t\t\t\t\tstyle=\"min-height: 300px\"\t\t\t\t\tdata-anchor-id=\"\"\n\t\t\t\t>\t\t<li class=\"sow-slider-image  sow-slider-image-cover\" style=\"visibility: visible;;background-color: #333333;cursor: pointer;\" data-url=\"{&quot;url&quot;:&quot;https:\\\/\\\/www-dev.fagorautomation.com\\\/eu\\\/atzitze-sistemak\\\/gama-altuko-enkoder-absolutuak\\\/&quot;,&quot;new_window&quot;:false}\" >\n\t\t\t\t\t<div class=\"sow-slider-image-container\">\n\t\t\t<div class=\"sow-slider-image-wrapper\">\n\t\t\t\t<h3> Gama altuko enkoder absolutuak <\/h3>\n<div class=\"sow-hero-buttons\" ><div\n\t\t\t\n\t\t\tclass=\"so-widget-sow-button so-widget-sow-button-wire-404df729a651\"\n\t\t\t\n\t\t><div class=\"ow-button-base ow-button-align-center\"\n>\n\t\t\t<a\n\t\t\t\t\thref=\"https:\/\/www-dev.fagorautomation.com\/eu\/atzitze-sistemak\/gama-altuko-enkoder-absolutuak\/\"\n\t\t\t\t\tclass=\"sowb-button ow-icon-placement-left ow-button-hover\" \t>\n\t\t<span>\n\t\t\t\n\t\t\tinfo+\t\t<\/span>\n\t\t\t<\/a>\n\t<\/div>\n<\/div><\/div>\n\t\t\t<\/div>\n\t\t<\/div>\n\t\t<div class=\"sow-slider-image-overlay sow-slider-image-cover\" style=\"opacity: 0.68;background-image: url(https:\/\/www-dev.fagorautomation.com\/wp-content\/uploads\/img-products\/fagor-encoders-lineales-angulares-absolutos-1.jpg)\"  ><\/div>\t\t<\/li>\n\t\t<\/ul>\t\t\t\t<ol class=\"sow-slider-pagination\">\n\t\t\t\t\t\t\t\t\t\t\t<li><a href=\"#\" data-goto=\"0\" aria-label=\"Display slide 1\"><\/a><\/li>\n\t\t\t\t\t\t\t\t\t<\/ol>\n\n\t\t\t\t<div class=\"sow-slide-nav sow-slide-nav-next\">\n\t\t\t\t\t<a href=\"#\" data-goto=\"next\" aria-label=\"Next slide\" data-action=\"next\">\n\t\t\t\t\t\t<em class=\"sow-sld-icon-thin-right\"><\/em>\n\t\t\t\t\t<\/a>\n\t\t\t\t<\/div>\n\n\t\t\t\t<div class=\"sow-slide-nav sow-slide-nav-prev\">\n\t\t\t\t\t<a href=\"#\" data-goto=\"previous\" aria-label=\"Previous slide\" data-action=\"prev\">\n\t\t\t\t\t\t<em class=\"sow-sld-icon-thin-left\"><\/em>\n\t\t\t\t\t<\/a>\n\t\t\t\t<\/div>\n\t\t\t\t<\/div><\/div><\/div><\/div><div id=\"pgc-832301-2-1\"  class=\"panel-grid-cell\" ><div id=\"panel-832301-2-1-0\" class=\"so-panel widget widget_sow-hero panel-first-child panel-last-child\" data-index=\"4\" ><div\n\t\t\t\n\t\t\tclass=\"so-widget-sow-hero so-widget-sow-hero-default-50cfe91061d3-832301 so-widget-fittext-wrapper\"\n\t\t\t data-fit-text-compressor=\"0.85\"\n\t\t>\t\t\t\t<div class=\"sow-slider-base\" style=\"display: none\" tabindex=\"0\">\n\t\t\t\t\t<ul\n\t\t\t\t\tclass=\"sow-slider-images\"\n\t\t\t\t\tdata-settings=\"{&quot;pagination&quot;:true,&quot;speed&quot;:800,&quot;timeout&quot;:8000,&quot;paused&quot;:true,&quot;pause_on_hover&quot;:false,&quot;swipe&quot;:false,&quot;nav_always_show_desktop&quot;:&quot;&quot;,&quot;nav_always_show_mobile&quot;:&quot;&quot;,&quot;breakpoint&quot;:&quot;780px&quot;,&quot;unmute&quot;:false,&quot;anchor&quot;:null}\"\n\t\t\t\t\tstyle=\"min-height: 300px\"\t\t\t\t\tdata-anchor-id=\"\"\n\t\t\t\t>\t\t<li class=\"sow-slider-image  sow-slider-image-cover\" style=\"visibility: visible;;background-color: #333333;cursor: pointer;\" data-url=\"{&quot;url&quot;:&quot;https:\\\/\\\/www-dev.fagorautomation.com\\\/eu\\\/atzitze-sistemak\\\/gama-altuko-enkoder-inkrementalak\\\/&quot;,&quot;new_window&quot;:false}\" >\n\t\t\t\t\t<div class=\"sow-slider-image-container\">\n\t\t\t<div class=\"sow-slider-image-wrapper\">\n\t\t\t\t<h3>Gama altuko enkoder inkrementalak<\/h3>\n<div class=\"sow-hero-buttons\" ><div\n\t\t\t\n\t\t\tclass=\"so-widget-sow-button so-widget-sow-button-wire-404df729a651\"\n\t\t\t\n\t\t><div class=\"ow-button-base ow-button-align-center\"\n>\n\t\t\t<a\n\t\t\t\t\thref=\"https:\/\/www-dev.fagorautomation.com\/eu\/atzitze-sistemak\/gama-altuko-enkoder-inkrementalak\/\"\n\t\t\t\t\tclass=\"sowb-button ow-icon-placement-left ow-button-hover\" \t>\n\t\t<span>\n\t\t\t\n\t\t\tinfo+\t\t<\/span>\n\t\t\t<\/a>\n\t<\/div>\n<\/div><\/div>\n\t\t\t<\/div>\n\t\t<\/div>\n\t\t<div class=\"sow-slider-image-overlay sow-slider-image-cover\" style=\"opacity: 0.68;background-image: url(https:\/\/www-dev.fagorautomation.com\/wp-content\/uploads\/img-products\/fagor-encoders-lineales-angulares-incrementales-1.jpg)\"  ><\/div>\t\t<\/li>\n\t\t<\/ul>\t\t\t\t<ol class=\"sow-slider-pagination\">\n\t\t\t\t\t\t\t\t\t\t\t<li><a href=\"#\" data-goto=\"0\" aria-label=\"Display slide 1\"><\/a><\/li>\n\t\t\t\t\t\t\t\t\t<\/ol>\n\n\t\t\t\t<div class=\"sow-slide-nav sow-slide-nav-next\">\n\t\t\t\t\t<a href=\"#\" data-goto=\"next\" aria-label=\"Next slide\" data-action=\"next\">\n\t\t\t\t\t\t<em class=\"sow-sld-icon-thin-right\"><\/em>\n\t\t\t\t\t<\/a>\n\t\t\t\t<\/div>\n\n\t\t\t\t<div class=\"sow-slide-nav sow-slide-nav-prev\">\n\t\t\t\t\t<a href=\"#\" data-goto=\"previous\" aria-label=\"Previous slide\" data-action=\"prev\">\n\t\t\t\t\t\t<em class=\"sow-sld-icon-thin-left\"><\/em>\n\t\t\t\t\t<\/a>\n\t\t\t\t<\/div>\n\t\t\t\t<\/div><\/div><\/div><\/div><\/div><\/div><div id=\"pg-832301-3\"  class=\"panel-grid panel-has-style\" ><div class=\"siteorigin-panels-stretch panel-row-style panel-row-style-for-832301-3\" id=\"deformazioa\" data-stretch-type=\"full\" ><div id=\"pgc-832301-3-0\"  class=\"panel-grid-cell\" ><div id=\"panel-832301-3-0-0\" class=\"so-panel widget widget_sow-headline panel-first-child panel-last-child\" data-index=\"5\" ><div\n\t\t\t\n\t\t\tclass=\"so-widget-sow-headline so-widget-sow-headline-default-683a0e4d7b10-832301 so-widget-fittext-wrapper\"\n\t\t\t data-fit-text-compressor=\"0.85\"\n\t\t><div class=\"sow-headline-container \">\n\t\t\t\t\t\t\t<h2 class=\"sow-headline\">\n\t\t\t\t\t\tDeformazioa \t\t\t\t\t\t<\/h2>\n\t\t\t\t\t\t\t\t\t\t\t\t<p class=\"sow-sub-headline\">\n\t\t\t\t\t\tErrodamendu integratuak dituen enkoder lineal optiko autogidatua. <br \/>Nagusiki - baina ez bakarrik- tolesteko makinetarako eta zizailetarako erabiltzen da. \t\t\t\t\t\t<\/p>\n\t\t\t\t\t\t<\/div>\n<\/div><\/div><\/div><div id=\"pgc-832301-3-1\"  class=\"panel-grid-cell\" ><div id=\"panel-832301-3-1-0\" class=\"so-panel widget widget_sow-hero panel-first-child panel-last-child\" data-index=\"6\" ><div class=\"box-red panel-widget-style panel-widget-style-for-832301-3-1-0\" ><div\n\t\t\t\n\t\t\tclass=\"so-widget-sow-hero so-widget-sow-hero-default-50cfe91061d3-832301 so-widget-fittext-wrapper\"\n\t\t\t data-fit-text-compressor=\"0.85\"\n\t\t>\t\t\t\t<div class=\"sow-slider-base\" style=\"display: none\" tabindex=\"0\">\n\t\t\t\t\t<ul\n\t\t\t\t\tclass=\"sow-slider-images\"\n\t\t\t\t\tdata-settings=\"{&quot;pagination&quot;:true,&quot;speed&quot;:800,&quot;timeout&quot;:8000,&quot;paused&quot;:true,&quot;pause_on_hover&quot;:false,&quot;swipe&quot;:false,&quot;nav_always_show_desktop&quot;:&quot;&quot;,&quot;nav_always_show_mobile&quot;:&quot;&quot;,&quot;breakpoint&quot;:&quot;780px&quot;,&quot;unmute&quot;:false,&quot;anchor&quot;:null}\"\n\t\t\t\t\tstyle=\"min-height: 300px\"\t\t\t\t\tdata-anchor-id=\"\"\n\t\t\t\t>\t\t<li class=\"sow-slider-image  sow-slider-image-cover\" style=\"visibility: visible;;background-color: #333333;cursor: pointer;\" data-url=\"{&quot;url&quot;:&quot;https:\\\/\\\/www-dev.fagorautomation.com\\\/eu\\\/atzitze-sistemak\\\/gama-estandarreko-enkoder-linealak-eta-birakariak\\\/enkoder-lineal-autogidatuak\\\/&quot;,&quot;new_window&quot;:false}\" >\n\t\t\t\t\t<div class=\"sow-slider-image-container\">\n\t\t\t<div class=\"sow-slider-image-wrapper\">\n\t\t\t\t<h3>Enkoder lineal autogidatuak<\/h3>\n<div class=\"sow-hero-buttons\" ><div\n\t\t\t\n\t\t\tclass=\"so-widget-sow-button so-widget-sow-button-wire-404df729a651\"\n\t\t\t\n\t\t><div class=\"ow-button-base ow-button-align-center\"\n>\n\t\t\t<a\n\t\t\t\t\thref=\"https:\/\/www-dev.fagorautomation.com\/eu\/atzitze-sistemak\/gama-estandarreko-enkoder-linealak-eta-birakariak\/enkoder-lineal-autogidatuak\/\"\n\t\t\t\t\tclass=\"sowb-button ow-icon-placement-left ow-button-hover\" \t>\n\t\t<span>\n\t\t\t\n\t\t\tinfo+\t\t<\/span>\n\t\t\t<\/a>\n\t<\/div>\n<\/div><\/div>\n\t\t\t<\/div>\n\t\t<\/div>\n\t\t<div class=\"sow-slider-image-overlay sow-slider-image-cover\" style=\"opacity: 0.55;background-image: url(https:\/\/www-dev.fagorautomation.com\/wp-content\/uploads\/img-products\/encoder-lineal-autoguiado.jpg)\"  ><\/div>\t\t<\/li>\n\t\t<\/ul>\t\t\t\t<ol class=\"sow-slider-pagination\">\n\t\t\t\t\t\t\t\t\t\t\t<li><a href=\"#\" data-goto=\"0\" aria-label=\"Display slide 1\"><\/a><\/li>\n\t\t\t\t\t\t\t\t\t<\/ol>\n\n\t\t\t\t<div class=\"sow-slide-nav sow-slide-nav-next\">\n\t\t\t\t\t<a href=\"#\" data-goto=\"next\" aria-label=\"Next slide\" data-action=\"next\">\n\t\t\t\t\t\t<em class=\"sow-sld-icon-thin-right\"><\/em>\n\t\t\t\t\t<\/a>\n\t\t\t\t<\/div>\n\n\t\t\t\t<div class=\"sow-slide-nav sow-slide-nav-prev\">\n\t\t\t\t\t<a href=\"#\" data-goto=\"previous\" aria-label=\"Previous slide\" data-action=\"prev\">\n\t\t\t\t\t\t<em class=\"sow-sld-icon-thin-left\"><\/em>\n\t\t\t\t\t<\/a>\n\t\t\t\t<\/div>\n\t\t\t\t<\/div><\/div><\/div><\/div><\/div><\/div><\/div><div id=\"pg-832301-4\"  class=\"panel-grid panel-has-style\" ><div class=\"siteorigin-panels-stretch panel-row-style panel-row-style-for-832301-4\" id=\"laser-bidezko-ebaketa\" data-stretch-type=\"full\" ><div id=\"pgc-832301-4-0\"  class=\"panel-grid-cell\" ><div id=\"panel-832301-4-0-0\" class=\"so-panel widget widget_sow-headline panel-first-child panel-last-child\" data-index=\"7\" ><div\n\t\t\t\n\t\t\tclass=\"so-widget-sow-headline so-widget-sow-headline-default-4568b5a8e866-832301 so-widget-fittext-wrapper\"\n\t\t\t data-fit-text-compressor=\"0.85\"\n\t\t><div class=\"sow-headline-container \">\n\t\t\t\t\t\t\t<h2 class=\"sow-headline\">\n\t\t\t\t\t\tLaser bidezko ebaketa\t\t\t\t\t\t<\/h2>\n\t\t\t\t\t\t<\/div>\n<\/div><\/div><\/div><\/div><\/div><div id=\"pg-832301-5\"  class=\"panel-grid panel-has-style\" ><div class=\"box-red panel-row-style panel-row-style-for-832301-5\" ><div id=\"pgc-832301-5-0\"  class=\"panel-grid-cell\" ><div id=\"panel-832301-5-0-0\" class=\"so-panel widget widget_sow-hero panel-first-child panel-last-child\" data-index=\"8\" ><div\n\t\t\t\n\t\t\tclass=\"so-widget-sow-hero so-widget-sow-hero-default-50cfe91061d3-832301 so-widget-fittext-wrapper\"\n\t\t\t data-fit-text-compressor=\"0.85\"\n\t\t>\t\t\t\t<div class=\"sow-slider-base\" style=\"display: none\" tabindex=\"0\">\n\t\t\t\t\t<ul\n\t\t\t\t\tclass=\"sow-slider-images\"\n\t\t\t\t\tdata-settings=\"{&quot;pagination&quot;:true,&quot;speed&quot;:800,&quot;timeout&quot;:8000,&quot;paused&quot;:true,&quot;pause_on_hover&quot;:false,&quot;swipe&quot;:false,&quot;nav_always_show_desktop&quot;:&quot;&quot;,&quot;nav_always_show_mobile&quot;:&quot;&quot;,&quot;breakpoint&quot;:&quot;780px&quot;,&quot;unmute&quot;:false,&quot;anchor&quot;:null}\"\n\t\t\t\t\tstyle=\"min-height: 300px\"\t\t\t\t\tdata-anchor-id=\"\"\n\t\t\t\t>\t\t<li class=\"sow-slider-image  sow-slider-image-cover\" style=\"visibility: visible;;background-color: #333333;cursor: pointer;\" data-url=\"{&quot;url&quot;:&quot;https:\\\/\\\/www-dev.fagorautomation.com\\\/eu\\\/atzitze-sistemak\\\/kontakturik-gabeko-enkoder-lineal-absolutuak\\\/&quot;,&quot;new_window&quot;:false}\" >\n\t\t\t\t\t<div class=\"sow-slider-image-container\">\n\t\t\t<div class=\"sow-slider-image-wrapper\">\n\t\t\t\t<h3>Kontakturik gabeko enkoder lineal absolutuak<\/h3>\n<div class=\"sow-hero-buttons\" ><div\n\t\t\t\n\t\t\tclass=\"so-widget-sow-button so-widget-sow-button-wire-07124972a2de\"\n\t\t\t\n\t\t><div class=\"ow-button-base ow-button-align-center\"\n>\n\t\t\t<a\n\t\t\t\t\thref=\"https:\/\/www-dev.fagorautomation.com\/eu\/atzitze-sistemak\/kontakturik-gabeko-enkoder-lineal-absolutuak\/\"\n\t\t\t\t\tclass=\"sowb-button ow-icon-placement-left ow-button-hover\" \t>\n\t\t<span>\n\t\t\t\n\t\t\tinfo+\t\t<\/span>\n\t\t\t<\/a>\n\t<\/div>\n<\/div><\/div>\n\t\t\t<\/div>\n\t\t<\/div>\n\t\t<div class=\"sow-slider-image-overlay sow-slider-image-cover\" style=\"opacity: 0.65;background-image: url(https:\/\/www-dev.fagorautomation.com\/wp-content\/uploads\/econders-lineales-sin-contacto-fagorautomatios.jpg)\"  ><\/div>\t\t<\/li>\n\t\t<\/ul>\t\t\t\t<ol class=\"sow-slider-pagination\">\n\t\t\t\t\t\t\t\t\t\t\t<li><a href=\"#\" data-goto=\"0\" aria-label=\"Display slide 1\"><\/a><\/li>\n\t\t\t\t\t\t\t\t\t<\/ol>\n\n\t\t\t\t<div class=\"sow-slide-nav sow-slide-nav-next\">\n\t\t\t\t\t<a href=\"#\" data-goto=\"next\" aria-label=\"Next slide\" data-action=\"next\">\n\t\t\t\t\t\t<em class=\"sow-sld-icon-thin-right\"><\/em>\n\t\t\t\t\t<\/a>\n\t\t\t\t<\/div>\n\n\t\t\t\t<div class=\"sow-slide-nav sow-slide-nav-prev\">\n\t\t\t\t\t<a href=\"#\" data-goto=\"previous\" aria-label=\"Previous slide\" data-action=\"prev\">\n\t\t\t\t\t\t<em class=\"sow-sld-icon-thin-left\"><\/em>\n\t\t\t\t\t<\/a>\n\t\t\t\t<\/div>\n\t\t\t\t<\/div><\/div><\/div><\/div><div id=\"pgc-832301-5-1\"  class=\"panel-grid-cell\" ><div id=\"panel-832301-5-1-0\" class=\"so-panel widget widget_sow-hero panel-first-child panel-last-child\" data-index=\"9\" ><div\n\t\t\t\n\t\t\tclass=\"so-widget-sow-hero so-widget-sow-hero-default-50cfe91061d3-832301 so-widget-fittext-wrapper\"\n\t\t\t data-fit-text-compressor=\"0.85\"\n\t\t>\t\t\t\t<div class=\"sow-slider-base\" style=\"display: none\" tabindex=\"0\">\n\t\t\t\t\t<ul\n\t\t\t\t\tclass=\"sow-slider-images\"\n\t\t\t\t\tdata-settings=\"{&quot;pagination&quot;:true,&quot;speed&quot;:800,&quot;timeout&quot;:8000,&quot;paused&quot;:true,&quot;pause_on_hover&quot;:false,&quot;swipe&quot;:false,&quot;nav_always_show_desktop&quot;:&quot;&quot;,&quot;nav_always_show_mobile&quot;:&quot;&quot;,&quot;breakpoint&quot;:&quot;780px&quot;,&quot;unmute&quot;:false,&quot;anchor&quot;:null}\"\n\t\t\t\t\tstyle=\"min-height: 300px\"\t\t\t\t\tdata-anchor-id=\"\"\n\t\t\t\t>\t\t<li class=\"sow-slider-image  sow-slider-image-cover\" style=\"visibility: visible;;background-color: #333333;cursor: pointer;\" data-url=\"{&quot;url&quot;:&quot;https:\\\/\\\/www-dev.fagorautomation.com\\\/eu\\\/atzitze-sistemak\\\/kontakturik-gabeko-enkoder-lineal-inkrementalak\\\/&quot;,&quot;new_window&quot;:false}\" >\n\t\t\t\t\t<div class=\"sow-slider-image-container\">\n\t\t\t<div class=\"sow-slider-image-wrapper\">\n\t\t\t\t<h3>Kontakturik gabeko enkoder lineal inkrementalak<\/h3>\n<div class=\"sow-hero-buttons\" ><div\n\t\t\t\n\t\t\tclass=\"so-widget-sow-button so-widget-sow-button-wire-07124972a2de\"\n\t\t\t\n\t\t><div class=\"ow-button-base ow-button-align-center\"\n>\n\t\t\t<a\n\t\t\t\t\thref=\"https:\/\/www-dev.fagorautomation.com\/eu\/atzitze-sistemak\/kontakturik-gabeko-enkoder-lineal-inkrementalak\/\"\n\t\t\t\t\tclass=\"sowb-button ow-icon-placement-left ow-button-hover\" \t>\n\t\t<span>\n\t\t\t\n\t\t\tinfo+\t\t<\/span>\n\t\t\t<\/a>\n\t<\/div>\n<\/div><\/div>\n\t\t\t<\/div>\n\t\t<\/div>\n\t\t<div class=\"sow-slider-image-overlay sow-slider-image-cover\" style=\"opacity: 0.65;background-image: url(https:\/\/www-dev.fagorautomation.com\/wp-content\/uploads\/econders-lineales-sin-contacto-fagorautomatios.jpg)\"  ><\/div>\t\t<\/li>\n\t\t<\/ul>\t\t\t\t<ol class=\"sow-slider-pagination\">\n\t\t\t\t\t\t\t\t\t\t\t<li><a href=\"#\" data-goto=\"0\" aria-label=\"Display slide 1\"><\/a><\/li>\n\t\t\t\t\t\t\t\t\t<\/ol>\n\n\t\t\t\t<div class=\"sow-slide-nav sow-slide-nav-next\">\n\t\t\t\t\t<a href=\"#\" data-goto=\"next\" aria-label=\"Next slide\" data-action=\"next\">\n\t\t\t\t\t\t<em class=\"sow-sld-icon-thin-right\"><\/em>\n\t\t\t\t\t<\/a>\n\t\t\t\t<\/div>\n\n\t\t\t\t<div class=\"sow-slide-nav sow-slide-nav-prev\">\n\t\t\t\t\t<a href=\"#\" data-goto=\"previous\" aria-label=\"Previous slide\" data-action=\"prev\">\n\t\t\t\t\t\t<em class=\"sow-sld-icon-thin-left\"><\/em>\n\t\t\t\t\t<\/a>\n\t\t\t\t<\/div>\n\t\t\t\t<\/div><\/div><\/div><\/div><\/div><\/div><\/div>","protected":false},"excerpt":{"rendered":"<p>Enkoder linealak Fagor Automationek bi neurketa metodo erabiltzen ditu bere enkoder lineal absolutuetan: Kristal graduatua: &#8230; <a title=\"CNC makinetarako Atzitze sistemak\" class=\"read-more\" href=\"https:\/\/www-dev.fagorautomation.com\/eu\/makina-erremintarako-atzitze-sistemak\/cnc-makinetarako-atzitze-sistemak\/\" aria-label=\"Read more about CNC makinetarako Atzitze sistemak\"> <\/a><\/p>\n","protected":false},"author":1,"featured_media":0,"parent":832380,"menu_order":0,"comment_status":"closed","ping_status":"closed","template":"","meta":{"_acf_changed":false,"footnotes":""},"categories":[1340],"tags":[],"class_list":{"0":"post-832301","1":"page","2":"type-page","3":"status-publish","5":"category-menu-captacion-eu"},"acf":[],"wpml_current_locale":"eu_ES","wpml_translations":[{"locale":"en","id":825788,"post_title":"Feedback systems for CNC machines","href":"https:\/\/www-dev.fagorautomation.com\/en\/machine-tools\/for-cnc-machines\/"},{"locale":"es_ES","id":283177,"post_title":"Sistemas de Captaci\u00f3n para m\u00e1quinas de CNC","href":"https:\/\/www-dev.fagorautomation.com\/es\/maquina-herramienta\/para-maquinas-cnc\/"},{"locale":"en_US","id":832305,"post_title":"Feedback systems for CNC machines","href":"https:\/\/www-dev.fagorautomation.com\/en-us\/machine-tools\/for-cnc-machines\/"},{"locale":"it_IT","id":832306,"post_title":"Feedback Systems per macchine a controllo numerico","href":"https:\/\/www-dev.fagorautomation.com\/it\/macchine-utensili\/per-macchine-a-controllo-numerico\/"},{"locale":"fr_FR","id":832302,"post_title":"Syst\u00e8mes de mesure pour les machines CNC","href":"https:\/\/www-dev.fagorautomation.com\/fr\/machines-outils\/pour-les-machines-cnc\/"},{"locale":"pt_BR","id":832308,"post_title":"Sistemas de Medi\u00e7\u00e3o para m\u00e1quinas de CNC","href":"https:\/\/www-dev.fagorautomation.com\/pt-br\/maquina-ferramenta\/para-maquinas-de-cnc\/"},{"locale":"pt_PT","id":832309,"post_title":"Sistemas de Capta\u00e7\u00e3o para m\u00e1quinas de CNC","href":"https:\/\/www-dev.fagorautomation.com\/pt-pt\/sistemas-de-captacao-para-maquina-ferramenta\/para-maquinas-de-cnc\/"},{"locale":"de_DE","id":832303,"post_title":"Messsysteme f\u00fcr CNC-Maschinen","href":"https:\/\/www-dev.fagorautomation.com\/de\/messsysteme-fuer-werkzeugmaschinen\/fuer-cnc-maschinen\/"},{"locale":"en_IN","id":832304,"post_title":"Feedback systems for CNC machines","href":"https:\/\/www-dev.fagorautomation.com\/hi\/machine-tools\/for-cnc-machines\/"},{"locale":"ja","id":832307,"post_title":"CNC \u5236\u5fa1\u6a5f\u68b0\u7528\u30d5\u30a3\u30fc\u30c9\u30d0\u30c3\u30af \u30b7\u30b9\u30c6\u30e0","href":"https:\/\/www-dev.fagorautomation.com\/ja\/machine-tools\/for-cnc-machines\/"},{"locale":"zh_CN","id":906287,"post_title":"\u7528\u4e8e\u6570\u63a7\u673a\u5e8a\u7684\u53cd\u9988\u7cfb\u7edf","href":"https:\/\/www-dev.fagorautomation.com\/zh-hans\/%e7%94%a8%e4%ba%8e%e6%99%ae%e9%80%9a%e6%9c%ba%e5%ba%8a%e7%9a%84%e5%8f%8d%e9%a6%88%e7%b3%bb%e7%bb%9f\/%e7%94%a8%e4%ba%8e%e6%95%b0%e6%8e%a7%e6%9c%ba%e5%ba%8a%e7%9a%84%e5%8f%8d%e9%a6%88%e7%b3%bb%e7%bb%9f\/"}],"_links":{"self":[{"href":"https:\/\/www-dev.fagorautomation.com\/eu\/wp-json\/wp\/v2\/pages\/832301","targetHints":{"allow":["GET"]}}],"collection":[{"href":"https:\/\/www-dev.fagorautomation.com\/eu\/wp-json\/wp\/v2\/pages"}],"about":[{"href":"https:\/\/www-dev.fagorautomation.com\/eu\/wp-json\/wp\/v2\/types\/page"}],"author":[{"embeddable":true,"href":"https:\/\/www-dev.fagorautomation.com\/eu\/wp-json\/wp\/v2\/users\/1"}],"replies":[{"embeddable":true,"href":"https:\/\/www-dev.fagorautomation.com\/eu\/wp-json\/wp\/v2\/comments?post=832301"}],"version-history":[{"count":0,"href":"https:\/\/www-dev.fagorautomation.com\/eu\/wp-json\/wp\/v2\/pages\/832301\/revisions"}],"up":[{"embeddable":true,"href":"https:\/\/www-dev.fagorautomation.com\/eu\/wp-json\/wp\/v2\/pages\/832380"}],"wp:attachment":[{"href":"https:\/\/www-dev.fagorautomation.com\/eu\/wp-json\/wp\/v2\/media?parent=832301"}],"wp:term":[{"taxonomy":"category","embeddable":true,"href":"https:\/\/www-dev.fagorautomation.com\/eu\/wp-json\/wp\/v2\/categories?post=832301"},{"taxonomy":"post_tag","embeddable":true,"href":"https:\/\/www-dev.fagorautomation.com\/eu\/wp-json\/wp\/v2\/tags?post=832301"}],"curies":[{"name":"wp","href":"https:\/\/api.w.org\/{rel}","templated":true}]}}