{"id":350773,"date":"2022-02-28T07:45:47","date_gmt":"2022-02-28T07:45:47","guid":{"rendered":"https:\/\/www-dev.fagorautomation.com\/?page_id=350773"},"modified":"2023-08-31T13:36:13","modified_gmt":"2023-08-31T12:36:13","slug":"home","status":"publish","type":"page","link":"https:\/\/www-dev.fagorautomation.com\/es\/","title":{"rendered":"Inicio"},"content":{"rendered":"<div id=\"pl-350773\"  class=\"panel-layout\" ><div id=\"pg-350773-0\"  class=\"panel-grid panel-no-style\" ><div id=\"pgc-350773-0-0\"  class=\"panel-grid-cell\" ><div id=\"panel-350773-0-0-0\" class=\"widget_text so-panel widget widget_custom_html panel-first-child panel-last-child\" data-index=\"0\" ><div class=\"textwidget custom-html-widget\"><div style=\"padding:56.25% 0 0 0;position:relative;\"><iframe src=\"https:\/\/player.vimeo.com\/video\/683687549?h=bd89b5cf98&background=1\" style=\"position:absolute;top:0;left:0;width:100%;height:100%;\" frameborder=\"0\" allow=\"autoplay; fullscreen; picture-in-picture\" allowfullscreen><\/iframe><\/div><script src=\"https:\/\/player.vimeo.com\/api\/player.js\"><\/script><\/div><\/div><\/div><\/div><div id=\"pg-350773-1\"  class=\"panel-grid panel-has-style\" ><div class=\"home-section panel-row-style panel-row-style-for-350773-1\" id=\"referentes-del-sector\" ><div id=\"pgc-350773-1-0\"  class=\"panel-grid-cell\" ><div id=\"panel-350773-1-0-0\" class=\"so-panel widget widget_sow-editor panel-first-child panel-last-child\" data-index=\"1\" ><div class=\"frase-cifras panel-widget-style panel-widget-style-for-350773-1-0-0\" ><div\n\t\t\t\n\t\t\tclass=\"so-widget-sow-editor so-widget-sow-editor-base\"\n\t\t\t\n\t\t>\n<div class=\"siteorigin-widget-tinymce textwidget\">\n\t<p>Desde hace 43 a\u00f1os inmersos en el mundo de la producci\u00f3n industrial, hemos vivido grandes cambios tecnol\u00f3gicos y nos hemos convertido en empresa global gracias a la innovaci\u00f3n.<br \/>\nLas alianzas creadas a largo plazo con nuestros clientes nos han animado a superar grandes retos hasta convertirnos <strong>referentes del sector junto con nuestros clientes<\/strong>.<\/p>\n<\/div>\n<\/div><\/div><\/div><\/div><\/div><\/div><div id=\"pg-350773-2\"  class=\"panel-grid panel-has-style\" ><div class=\"cifras-home panel-row-style panel-row-style-for-350773-2\" ><div id=\"pgc-350773-2-0\"  class=\"panel-grid-cell\" ><div id=\"panel-350773-2-0-0\" class=\"so-panel widget widget_lsow-odometers panel-first-child panel-last-child\" data-index=\"2\" ><div class=\"cifras panel-widget-style panel-widget-style-for-350773-2-0-0\" ><div\n\t\t\t\n\t\t\tclass=\"so-widget-lsow-odometers so-widget-lsow-odometers-default-d75171398898-350773\"\n\t\t\t\n\t\t>\n<div class=\"lsow-odometers lsow-grid-container  lsow-grid-desktop-4 lsow-grid-tablet-2 lsow-grid-mobile-1\"><div class=\"lsow-grid-item lsow-odometer\"><span class=\"lsow-prefix\">+<\/span><div class=\"lsow-number odometer\" data-stop=\"50\">0<\/div><!-- .lsow-number --><div class=\"lsow-stats-title-wrap\"><div class=\"lsow-stats-title\"><span class=\"lsow-icon-wrapper\"><\/span>Pa\u00edses<\/div><\/div><\/div><!-- .lsow-odometer --><div class=\"lsow-grid-item lsow-odometer\"><div class=\"lsow-number odometer\" data-stop=\"90\">0<\/div><!-- .lsow-number --><span class=\"lsow-suffix\">%<\/span><div class=\"lsow-stats-title-wrap\"><div class=\"lsow-stats-title\"><span class=\"lsow-icon-wrapper\"><\/span>Exportaci\u00f3n<\/div><\/div><\/div><!-- .lsow-odometer --><div class=\"lsow-grid-item lsow-odometer\"><span class=\"lsow-prefix\">+<\/span><div class=\"lsow-number odometer\" data-stop=\"10\">0<\/div><!-- .lsow-number --><span class=\"lsow-suffix\">%<\/span><div class=\"lsow-stats-title-wrap\"><div class=\"lsow-stats-title\"><span class=\"lsow-icon-wrapper\"><\/span>Inversi\u00f3n en i+D<\/div><\/div><\/div><!-- .lsow-odometer --><div class=\"lsow-grid-item lsow-odometer\"><span class=\"lsow-prefix\">+<\/span><div class=\"lsow-number odometer\" data-stop=\"30\">0<\/div><!-- .lsow-number --><div class=\"lsow-stats-title-wrap\"><div class=\"lsow-stats-title\"><span class=\"lsow-icon-wrapper\"><\/span>Delegaciones en todo el mundo<\/div><\/div><\/div><!-- .lsow-odometer --><\/div><!-- .lsow-odometers --><div class=\"lsow-clear\"><\/div><\/div><\/div><\/div><\/div><\/div><\/div><div id=\"pg-350773-3\"  class=\"panel-grid panel-has-style\" ><div class=\"home-section  productos siteorigin-panels-stretch panel-row-style panel-row-style-for-350773-3\" data-stretch-type=\"full\" ><div id=\"pgc-350773-3-0\"  class=\"panel-grid-cell\" ><div class=\"content1 panel-cell-style panel-cell-style-for-350773-3-0\" ><div id=\"panel-350773-3-0-0\" class=\"so-panel widget widget_sow-headline panel-first-child\" data-index=\"3\" ><div class=\"panel-widget-style panel-widget-style-for-350773-3-0-0\" ><div\n\t\t\t\n\t\t\tclass=\"so-widget-sow-headline so-widget-sow-headline-default-78689109b7ae-350773\"\n\t\t\t\n\t\t><div class=\"sow-headline-container \">\n\t\t\t\t\t\t\t<h2 class=\"sow-headline\">\n\t\t\t\t\t\tSistemas CNC\t\t\t\t\t\t<\/h2>\n\t\t\t\t\t\t\t\t\t\t\t\t<p class=\"sow-sub-headline\">\n\t\t\t\t\t\tComplete redesign\t\t\t\t\t\t<\/p>\n\t\t\t\t\t\t<\/div>\n<\/div><\/div><\/div><div id=\"panel-350773-3-0-1\" class=\"so-panel widget widget_sow-button\" data-index=\"4\" ><div\n\t\t\t\n\t\t\tclass=\"so-widget-sow-button so-widget-sow-button-flat-74d9ed1f1550-350773\"\n\t\t\t\n\t\t><div class=\"ow-button-base ow-button-align-center\"\n>\n\t\t\t<a\n\t\t\t\t\thref=\"https:\/\/www-dev.fagorautomation.com\/es\/sistemas-de-cnc\/\"\n\t\t\t\t\tclass=\"sowb-button ow-icon-placement-left ow-button-hover\" \t>\n\t\t<span>\n\t\t\t\n\t\t\t+ info\t\t<\/span>\n\t\t\t<\/a>\n\t<\/div>\n<\/div><\/div><div id=\"panel-350773-3-0-2\" class=\"so-panel widget widget_sow-image panel-last-child\" data-index=\"5\" ><div class=\"panel-widget-style panel-widget-style-for-350773-3-0-2\" ><div\n\t\t\t\n\t\t\tclass=\"so-widget-sow-image so-widget-sow-image-default-c67d20f9f743-350773\"\n\t\t\t\n\t\t>\n<div class=\"sow-image-container\">\n\t\t\t<a href=\"https:\/\/www-dev.fagorautomation.com\/es\/sistemas-de-cnc\/\"\n\t\t\t\t\t>\n\t\t\t<img \n\tsrc=\"https:\/\/www-dev.fagorautomation.com\/wp-content\/uploads\/sistemas-cnc-2.jpg\" width=\"465\" height=\"200\" srcset=\"https:\/\/www-dev.fagorautomation.com\/wp-content\/uploads\/sistemas-cnc-2.jpg 634w, https:\/\/www-dev.fagorautomation.com\/wp-content\/uploads\/sistemas-cnc-2-300x129.jpg 300w\" sizes=\"(max-width: 465px) 100vw, 465px\" title=\"Sistemas de CNC\" alt=\"Digital Suite\" \t\tclass=\"so-widget-image\"\/>\n\t\t\t<\/a><\/div>\n\n<\/div><\/div><\/div><\/div><\/div><div id=\"pgc-350773-3-1\"  class=\"panel-grid-cell\" ><div class=\"content1 panel-cell-style panel-cell-style-for-350773-3-1\" ><div id=\"panel-350773-3-1-0\" class=\"so-panel widget widget_sow-headline panel-first-child\" data-index=\"6\" ><div\n\t\t\t\n\t\t\tclass=\"so-widget-sow-headline so-widget-sow-headline-default-2916643c08ac-350773\"\n\t\t\t\n\t\t><div class=\"sow-headline-container \">\n\t\t\t\t\t\t\t<h2 class=\"sow-headline\">\n\t\t\t\t\t\tSistemas de Captaci\u00f3n\t\t\t\t\t\t<\/h2>\n\t\t\t\t\t\t\t\t\t\t\t\t<p class=\"sow-sub-headline\">\n\t\t\t\t\t\t3Statech Technology\t\t\t\t\t\t<\/p>\n\t\t\t\t\t\t<\/div>\n<\/div><\/div><div id=\"panel-350773-3-1-1\" class=\"so-panel widget widget_sow-button\" data-index=\"7\" ><div\n\t\t\t\n\t\t\tclass=\"so-widget-sow-button so-widget-sow-button-flat-74d9ed1f1550-350773\"\n\t\t\t\n\t\t><div class=\"ow-button-base ow-button-align-center\"\n>\n\t\t\t<a\n\t\t\t\t\thref=\"https:\/\/www-dev.fagorautomation.com\/es\/sistemas-de-captacion\/\"\n\t\t\t\t\tclass=\"sowb-button ow-icon-placement-left ow-button-hover\" \t>\n\t\t<span>\n\t\t\t\n\t\t\t+ info\t\t<\/span>\n\t\t\t<\/a>\n\t<\/div>\n<\/div><\/div><div id=\"panel-350773-3-1-2\" class=\"so-panel widget widget_sow-image panel-last-child\" data-index=\"8\" ><div class=\"panel-widget-style panel-widget-style-for-350773-3-1-2\" ><div\n\t\t\t\n\t\t\tclass=\"so-widget-sow-image so-widget-sow-image-default-8b5b6f678277-350773\"\n\t\t\t\n\t\t>\n<div class=\"sow-image-container\">\n\t\t\t<a href=\"https:\/\/www-dev.fagorautomation.com\/es\/sistemas-de-captacion\/\"\n\t\t\t\t\t>\n\t\t\t<img \n\tsrc=\"https:\/\/www-dev.fagorautomation.com\/wp-content\/uploads\/sistemas-captacion-2.jpg\" title=\"Sistemas de captaci\u00f3n\" alt=\"Digital Suite\" \t\tclass=\"so-widget-image\"\/>\n\t\t\t<\/a><\/div>\n\n<\/div><\/div><\/div><\/div><\/div><div id=\"pgc-350773-3-2\"  class=\"panel-grid-cell\" ><div class=\"content1 panel-cell-style panel-cell-style-for-350773-3-2\" ><div id=\"panel-350773-3-2-0\" class=\"so-panel widget widget_sow-headline panel-first-child\" data-index=\"9\" ><div\n\t\t\t\n\t\t\tclass=\"so-widget-sow-headline so-widget-sow-headline-default-14cccf8a6dde-350773\"\n\t\t\t\n\t\t><div class=\"sow-headline-container \">\n\t\t\t\t\t\t\t<h2 class=\"sow-headline\">\n\t\t\t\t\t\tFagor Digital Suite\t\t\t\t\t\t<\/h2>\n\t\t\t\t\t\t\t\t\t\t\t\t<p class=\"sow-sub-headline\">\n\t\t\t\t\t\tDecision making made simple\t\t\t\t\t\t<\/p>\n\t\t\t\t\t\t<\/div>\n<\/div><\/div><div id=\"panel-350773-3-2-1\" class=\"so-panel widget widget_sow-button panel-last-child\" data-index=\"10\" ><div\n\t\t\t\n\t\t\tclass=\"so-widget-sow-button so-widget-sow-button-flat-74d9ed1f1550-350773\"\n\t\t\t\n\t\t><div class=\"ow-button-base ow-button-align-center\"\n>\n\t\t\t<a\n\t\t\t\t\thref=\"https:\/\/www-dev.fagorautomation.com\/es\/fagor-digital-suite\/\"\n\t\t\t\t\tclass=\"sowb-button ow-icon-placement-left ow-button-hover\" \t>\n\t\t<span>\n\t\t\t\n\t\t\t+ info\t\t<\/span>\n\t\t\t<\/a>\n\t<\/div>\n<\/div><\/div><\/div><\/div><\/div><\/div><div id=\"pg-350773-4\"  class=\"panel-grid panel-has-style\" ><div class=\"home-section servicios siteorigin-panels-stretch panel-row-style panel-row-style-for-350773-4\" data-stretch-type=\"full\" ><div id=\"pgc-350773-4-0\"  class=\"panel-grid-cell\" ><div id=\"panel-350773-4-0-0\" class=\"so-panel widget widget_siteorigin-panels-builder panel-first-child panel-last-child\" data-index=\"11\" ><div class=\"panel-widget-style panel-widget-style-for-350773-4-0-0\" ><div id=\"pl-w624ee0d69d4fc\"  class=\"panel-layout\" ><div id=\"pg-w624ee0d69d4fc-0\"  class=\"panel-grid panel-no-style\" ><div id=\"pgc-w624ee0d69d4fc-0-0\"  class=\"panel-grid-cell\" ><div id=\"panel-w624ee0d69d4fc-0-0-0\" class=\"so-panel widget widget_sow-headline panel-first-child\" data-index=\"0\" ><div class=\"panel-widget-style panel-widget-style-for-w624ee0d69d4fc-0-0-0\" ><div\n\t\t\t\n\t\t\tclass=\"so-widget-sow-headline so-widget-sow-headline-default-98c1301acc82 so-widget-fittext-wrapper\"\n\t\t\t data-fit-text-compressor=\"0.85\"\n\t\t><div class=\"sow-headline-container \">\n\t\t\t\t\t\t\t<h2 class=\"sow-headline\">\n\t\t\t\t\t\tServicios\t\t\t\t\t\t<\/h2>\n\t\t\t\t\t\t<\/div>\n<\/div><\/div><\/div><div id=\"panel-w624ee0d69d4fc-0-0-1\" class=\"so-panel widget widget_sow-editor panel-last-child\" data-index=\"1\" ><div class=\"panel-widget-style panel-widget-style-for-w624ee0d69d4fc-0-0-1\" ><div\n\t\t\t\n\t\t\tclass=\"so-widget-sow-editor so-widget-sow-editor-base\"\n\t\t\t\n\t\t>\n<div class=\"siteorigin-widget-tinymce textwidget\">\n\t<p>\u00bfQu\u00e9 necesitas?<br \/>\nNos adaptamos a tus necesidades para encontrar la mejor soluci\u00f3n<\/p>\n<\/div>\n<\/div><\/div><\/div><\/div><div id=\"pgc-w624ee0d69d4fc-0-1\"  class=\"panel-grid-cell\" ><div class=\"panel-cell-style panel-cell-style-for-w624ee0d69d4fc-0-1\" ><div id=\"panel-w624ee0d69d4fc-0-1-0\" class=\"so-panel widget widget_sow-button panel-first-child panel-last-child\" data-index=\"2\" ><div class=\"zuria panel-widget-style panel-widget-style-for-w624ee0d69d4fc-0-1-0\" ><div\n\t\t\t\n\t\t\tclass=\"so-widget-sow-button so-widget-sow-button-flat-01e2a38599ef\"\n\t\t\t\n\t\t><div class=\"ow-button-base ow-button-align-left\"\n>\n\t\t\t<a\n\t\t\t\t\thref=\"https:\/\/www-dev.fagorautomation.com\/es\/servicios\/\"\n\t\t\t\t\tclass=\"sowb-button ow-icon-placement-left ow-button-hover\" \t>\n\t\t<span>\n\t\t\t\n\t\t\t+ info\t\t<\/span>\n\t\t\t<\/a>\n\t<\/div>\n<\/div><\/div><\/div><\/div><\/div><\/div><\/div><\/div><\/div><\/div><\/div><\/div><div id=\"pg-350773-5\"  class=\"panel-grid panel-has-style\" ><div class=\"aos-init home-section-news siteorigin-panels-stretch panel-row-style panel-row-style-for-350773-5\" data-aos=\"fade\" data-aos-duration=\"300\" data-aos-easing=\"linear\" data-aos-anchor-placement=\"top-bottom\" data-aos-once=\"true\" data-stretch-type=\"full\" ><div id=\"pgc-350773-5-0\"  class=\"panel-grid-cell\" ><div id=\"panel-350773-5-0-0\" class=\"so-panel widget widget_sow-headline panel-first-child\" data-index=\"12\" ><div class=\"panel-widget-style panel-widget-style-for-350773-5-0-0\" ><div\n\t\t\t\n\t\t\tclass=\"so-widget-sow-headline so-widget-sow-headline-default-2916643c08ac-350773\"\n\t\t\t\n\t\t><div class=\"sow-headline-container \">\n\t\t\t\t\t\t\t<h2 class=\"sow-headline\">\n\t\t\t\t\t\t\u00daltimas noticias\t\t\t\t\t\t<\/h2>\n\t\t\t\t\t\t<\/div>\n<\/div><\/div><\/div><div id=\"panel-350773-5-0-1\" class=\"so-panel widget widget_sow-blog panel-last-child\" data-index=\"13\" ><div class=\"grid-news panel-widget-style panel-widget-style-for-350773-5-0-1\" ><div\n\t\t\t\n\t\t\tclass=\"so-widget-sow-blog so-widget-sow-blog-grid-e473d06d4fb7-350773\"\n\t\t\t\n\t\t>\t\t<div\n\t\tclass=\"sow-blog sow-blog-layout-grid\"\n\t\tdata-template=\"grid\"\n\t\tdata-settings=\"{&quot;columns&quot;:3,&quot;featured_image&quot;:true,&quot;featured_image_size&quot;:&quot;sow-blog-grid&quot;,&quot;featured_image_size_width&quot;:&quot;&quot;,&quot;featured_image_size_height&quot;:&quot;&quot;,&quot;content&quot;:&quot;excerpt&quot;,&quot;excerpt_length&quot;:25,&quot;date&quot;:true,&quot;filter_categories&quot;:false,&quot;so_field_container_state&quot;:&quot;open&quot;,&quot;read_more&quot;:false,&quot;author&quot;:false,&quot;categories&quot;:false,&quot;tags&quot;:false,&quot;comment_count&quot;:false,&quot;tag&quot;:&quot;h2&quot;,&quot;featured_image_empty&quot;:true,&quot;trim_manual_excerpt&quot;:&quot;&quot;,&quot;template&quot;:&quot;grid&quot;}\"\n\t\tdata-paged=\"1\"\n\t\tdata-paging-id=\"e473d06d4fb7\"\n\t\tdata-total-pages=\"129\"\n\t\tdata-hash=\"1d91ac03\"\n\t>\n\t\t\n\t\t\t\t\t\t\t<div class=\"sow-blog-posts\">\n\t\t\t\t<article id=\"post-1021913\" class=\"post-1021913 post type-post status-publish format-standard has-post-thumbnail hentry category-general generate-columns tablet-grid-50 mobile-grid-100 grid-parent grid-33 resize-featured-image\" style=\"margin: 0 0 30px;\">\n\t\t\t\t\t<div class=\"sow-entry-thumbnail\">\n\t\t\t\t\t\t\t\t\t\t<a href=\"https:\/\/www-dev.fagorautomation.com\/es\/fagor-automation-inicia-la-temporada-de-ferias-2024-con-mecspe\/\">\n\t\t\t\t\t\t<img loading=\"lazy\" decoding=\"async\" width=\"325\" height=\"217\" src=\"https:\/\/www-dev.fagorautomation.com\/wp-content\/uploads\/mecspe-web_v2-01-1-e1709541009838.jpg\" class=\"attachment-sow-blog-grid size-sow-blog-grid wp-post-image\" alt=\"\" \/>\t\t\t\t\t<\/a>\n\t\t\t\t<\/div>\n\t\t\t\t\t\t\t<div class=\"sow-blog-content-wrapper\"\n\t\t style=\"padding: 25px 30px 33px;\">\n\t\t\t\t<header class=\"sow-entry-header\">\n\t\t\t<h2 class=\"sow-entry-title\" style=\"margin: 0 0 5px;\"><a href=\"https:\/\/www-dev.fagorautomation.com\/es\/fagor-automation-inicia-la-temporada-de-ferias-2024-con-mecspe\/\" rel=\"bookmark\">Fagor Automation inicia la temporada de ferias 2024 con MECSPE<\/a><\/h2>\t\t\t<div class=\"sow-entry-meta\">\n\t\t\t\t\t\t\t<span class=\"sow-entry-date\">\n\t\t\t\t<a href=\"https:\/\/www-dev.fagorautomation.com\/es\/fagor-automation-inicia-la-temporada-de-ferias-2024-con-mecspe\/\" rel=\"bookmark\">\n\t\t\t\t\t<time class=\"published\" datetime=\"2024-02-29T17:52:04+02:00\">\n\t\t\t\t\t\t29\/02\/2024\t\t\t\t\t<\/time>\n\t\t\t\t\t<time class=\"updated\" datetime=\"2024-03-06T11:21:17+02:00\">\n\t\t\t\t\t\t06\/03\/2024\t\t\t\t\t<\/time>\n\t\t\t\t<\/a>\n\t\t\t<\/span>\n\t\t\n\t\t\n\t\t\n\t\t\t\t\t<\/div>\n\t\t<\/header>\n\n\t\t\t\t\t<div\n\t\t\t\tclass=\"sow-entry-content\"\n\t\t\t\tstyle=\"margin-top: 20px;\"\n\t\t\t>\n\t\t\t\t<p>La temporada de ferias 2024 de Fagor Automation comenzar\u00e1 la pr\u00f3xima semana en Italia, donde asistir\u00e1 a una feria de referencia internacional para la industria de fabricaci\u00f3n, MECSPE.<\/p>\t\t\t<\/div>\n\t\t\t\t<\/div>\n<\/article>\n<article id=\"post-1021406\" class=\"post-1021406 post type-post status-publish format-standard has-post-thumbnail hentry category-general generate-columns tablet-grid-50 mobile-grid-100 grid-parent grid-33 resize-featured-image\" style=\"margin: 0 0 30px;\">\n\t\t\t\t\t<div class=\"sow-entry-thumbnail\">\n\t\t\t\t\t\t\t\t\t\t<a href=\"https:\/\/www-dev.fagorautomation.com\/es\/fagor-automation-celebra-el-dia-internacional-de-la-mujer-y-la-nina-en-la-ciencia-2\/\">\n\t\t\t\t\t\t<img loading=\"lazy\" decoding=\"async\" width=\"720\" height=\"480\" src=\"https:\/\/www-dev.fagorautomation.com\/wp-content\/uploads\/emakume-zientzialariaren-eguna-71-720x480.png\" class=\"attachment-sow-blog-grid size-sow-blog-grid wp-post-image\" alt=\"\" srcset=\"https:\/\/www-dev.fagorautomation.com\/wp-content\/uploads\/emakume-zientzialariaren-eguna-71-720x480.png 720w, https:\/\/www-dev.fagorautomation.com\/wp-content\/uploads\/emakume-zientzialariaren-eguna-71-272x182.png 272w\" sizes=\"auto, (max-width: 720px) 100vw, 720px\" \/>\t\t\t\t\t<\/a>\n\t\t\t\t<\/div>\n\t\t\t\t\t\t\t<div class=\"sow-blog-content-wrapper\"\n\t\t style=\"padding: 25px 30px 33px;\">\n\t\t\t\t<header class=\"sow-entry-header\">\n\t\t\t<h2 class=\"sow-entry-title\" style=\"margin: 0 0 5px;\"><a href=\"https:\/\/www-dev.fagorautomation.com\/es\/fagor-automation-celebra-el-dia-internacional-de-la-mujer-y-la-nina-en-la-ciencia-2\/\" rel=\"bookmark\">Fagor Automation celebra el D\u00eda Internacional de la Mujer y la Ni\u00f1a en la Ciencia<\/a><\/h2>\t\t\t<div class=\"sow-entry-meta\">\n\t\t\t\t\t\t\t<span class=\"sow-entry-date\">\n\t\t\t\t<a href=\"https:\/\/www-dev.fagorautomation.com\/es\/fagor-automation-celebra-el-dia-internacional-de-la-mujer-y-la-nina-en-la-ciencia-2\/\" rel=\"bookmark\">\n\t\t\t\t\t<time class=\"published\" datetime=\"2024-02-11T11:23:01+02:00\">\n\t\t\t\t\t\t11\/02\/2024\t\t\t\t\t<\/time>\n\t\t\t\t\t<time class=\"updated\" datetime=\"2024-02-11T11:32:01+02:00\">\n\t\t\t\t\t\t11\/02\/2024\t\t\t\t\t<\/time>\n\t\t\t\t<\/a>\n\t\t\t<\/span>\n\t\t\n\t\t\n\t\t\n\t\t\t\t\t<\/div>\n\t\t<\/header>\n\n\t\t\t\t\t<div\n\t\t\t\tclass=\"sow-entry-content\"\n\t\t\t\tstyle=\"margin-top: 20px;\"\n\t\t\t>\n\t\t\t\t<p>Hoy, 11 de febrero, se celebra el D\u00eda Internacional de la Mujer y la Ni\u00f1a en la Ciencia, una fecha de gran relevancia que Fagor...<\/p>\t\t\t<\/div>\n\t\t\t\t<\/div>\n<\/article>\n<article id=\"post-1019021\" class=\"post-1019021 post type-post status-publish format-standard has-post-thumbnail hentry category-general generate-columns tablet-grid-50 mobile-grid-100 grid-parent grid-33 resize-featured-image\" style=\"margin: 0 0 30px;\">\n\t\t\t\t\t<div class=\"sow-entry-thumbnail\">\n\t\t\t\t\t\t\t\t\t\t<a href=\"https:\/\/www-dev.fagorautomation.com\/es\/intensive-training-sessions-for-fagor-automation-authorized-service-centers\/\">\n\t\t\t\t\t\t<img loading=\"lazy\" decoding=\"async\" width=\"720\" height=\"480\" src=\"https:\/\/www-dev.fagorautomation.com\/wp-content\/uploads\/apa-formakuntza-1-720x480.png\" class=\"attachment-sow-blog-grid size-sow-blog-grid wp-post-image\" alt=\"\" srcset=\"https:\/\/www-dev.fagorautomation.com\/wp-content\/uploads\/apa-formakuntza-1-720x480.png 720w, https:\/\/www-dev.fagorautomation.com\/wp-content\/uploads\/apa-formakuntza-1-272x182.png 272w\" sizes=\"auto, (max-width: 720px) 100vw, 720px\" \/>\t\t\t\t\t<\/a>\n\t\t\t\t<\/div>\n\t\t\t\t\t\t\t<div class=\"sow-blog-content-wrapper\"\n\t\t style=\"padding: 25px 30px 33px;\">\n\t\t\t\t<header class=\"sow-entry-header\">\n\t\t\t<h2 class=\"sow-entry-title\" style=\"margin: 0 0 5px;\"><a href=\"https:\/\/www-dev.fagorautomation.com\/es\/intensive-training-sessions-for-fagor-automation-authorized-service-centers\/\" rel=\"bookmark\">Jornadas de formaci\u00f3n intensiva para los Centros de Servicio autorizados de Fagor Automation<\/a><\/h2>\t\t\t<div class=\"sow-entry-meta\">\n\t\t\t\t\t\t\t<span class=\"sow-entry-date\">\n\t\t\t\t<a href=\"https:\/\/www-dev.fagorautomation.com\/es\/intensive-training-sessions-for-fagor-automation-authorized-service-centers\/\" rel=\"bookmark\">\n\t\t\t\t\t<time class=\"published\" datetime=\"2023-12-04T11:51:16+02:00\">\n\t\t\t\t\t\t04\/12\/2023\t\t\t\t\t<\/time>\n\t\t\t\t\t<time class=\"updated\" datetime=\"2023-12-04T13:05:09+02:00\">\n\t\t\t\t\t\t04\/12\/2023\t\t\t\t\t<\/time>\n\t\t\t\t<\/a>\n\t\t\t<\/span>\n\t\t\n\t\t\n\t\t\n\t\t\t\t\t<\/div>\n\t\t<\/header>\n\n\t\t\t\t\t<div\n\t\t\t\tclass=\"sow-entry-content\"\n\t\t\t\tstyle=\"margin-top: 20px;\"\n\t\t\t>\n\t\t\t\t<p>En Fagor Automation mantenemos una estrecha relaci\u00f3n con los Centros de Servicio autorizados en todo el mundo, y organizamos jornadas de formaci\u00f3n peri\u00f3dicas para que...<\/p>\t\t\t<\/div>\n\t\t\t\t<\/div>\n<\/article>\n\t\t\t<\/div>\n\t\t\t\t\t\t<nav class=\"sow-post-navigation\">\n\t\t\t\t<h3 class=\"screen-reader-text\">Paginaci\u00f3n<\/h3>\n\t\t\t\t<div class=\"sow-nav-links\">\n\t\t\t\t\t<span aria-current=\"page\" class=\"page-numbers current\">1<\/span>\n<a class=\"page-numbers\" href=\"https:\/\/www-dev.fagorautomation.com\/es\/intensive-training-sessions-for-fagor-automation-authorized-service-centers\/?sow-e473d06d4fb7=2\">2<\/a>\n<a class=\"page-numbers\" href=\"https:\/\/www-dev.fagorautomation.com\/es\/intensive-training-sessions-for-fagor-automation-authorized-service-centers\/?sow-e473d06d4fb7=3\">3<\/a>\n<span class=\"page-numbers dots\">&hellip;<\/span>\n<a class=\"page-numbers\" href=\"https:\/\/www-dev.fagorautomation.com\/es\/intensive-training-sessions-for-fagor-automation-authorized-service-centers\/?sow-e473d06d4fb7=129\">129<\/a>\n<a class=\"next page-numbers\" href=\"https:\/\/www-dev.fagorautomation.com\/es\/intensive-training-sessions-for-fagor-automation-authorized-service-centers\/?sow-e473d06d4fb7=2\">&rarr;<\/a>\t\t\t\t<\/div>\n\t\t\t<\/nav>\n\t\t\t\t\t\t\t\t<\/div>\n\t<\/div><\/div><\/div><\/div><\/div><\/div><div id=\"pg-350773-6\"  class=\"panel-grid panel-has-style\" ><div class=\"home-section div-documents panel-row-style panel-row-style-for-350773-6\" ><div id=\"pgc-350773-6-0\"  class=\"panel-grid-cell\" ><div class=\"panel-cell-style panel-cell-style-for-350773-6-0\" ><div id=\"panel-350773-6-0-0\" class=\"so-panel widget widget_sow-headline panel-first-child\" data-index=\"14\" ><div\n\t\t\t\n\t\t\tclass=\"so-widget-sow-headline so-widget-sow-headline-default-d7985d4bb724-1019021\"\n\t\t\t\n\t\t><div class=\"sow-headline-container \">\n\t\t\t\t\t\t\t<h2 class=\"sow-headline\">\n\t\t\t\t\t\t\u00bfQu\u00e9 documento necesitas?\t\t\t\t\t\t<\/h2>\n\t\t\t\t\t\t\t\t\t\t\t\t<p class=\"sow-sub-headline\">\n\t\t\t\t\t\tBusca en nuestro repositorio <br \/>manuales, cat\u00e1logos, videos, im\u00e1genes...\t\t\t\t\t\t<\/p>\n\t\t\t\t\t\t<\/div>\n<\/div><\/div><div id=\"panel-350773-6-0-1\" class=\"so-panel widget widget_sow-button panel-last-child\" data-index=\"15\" ><div\n\t\t\t\n\t\t\tclass=\"so-widget-sow-button so-widget-sow-button-flat-74d9ed1f1550-1019021\"\n\t\t\t\n\t\t><div class=\"ow-button-base ow-button-align-center\"\n>\n\t\t\t<a\n\t\t\t\t\thref=\"https:\/\/www-dev.fagorautomation.com\/es\/documentacion\/\"\n\t\t\t\t\tclass=\"sowb-button ow-icon-placement-left ow-button-hover\" \t>\n\t\t<span>\n\t\t\t\n\t\t\t+ info\t\t<\/span>\n\t\t\t<\/a>\n\t<\/div>\n<\/div><\/div><\/div><\/div><\/div><\/div><\/div>","protected":false},"excerpt":{"rendered":"<p>Desde hace 43 a\u00f1os inmersos en el mundo de la producci\u00f3n industrial, hemos vivido grandes cambios tecnol\u00f3gicos y nos hemos convertido en empresa global gracias&#8230;<\/p>\n","protected":false},"author":1,"featured_media":0,"parent":0,"menu_order":0,"comment_status":"closed","ping_status":"closed","template":"","meta":{"_acf_changed":false,"footnotes":""},"categories":[],"tags":[],"class_list":["post-350773","page","type-page","status-publish"],"acf":[],"wpml_current_locale":"es_ES","wpml_translations":[],"_links":{"self":[{"href":"https:\/\/www-dev.fagorautomation.com\/es\/wp-json\/wp\/v2\/pages\/350773","targetHints":{"allow":["GET"]}}],"collection":[{"href":"https:\/\/www-dev.fagorautomation.com\/es\/wp-json\/wp\/v2\/pages"}],"about":[{"href":"https:\/\/www-dev.fagorautomation.com\/es\/wp-json\/wp\/v2\/types\/page"}],"author":[{"embeddable":true,"href":"https:\/\/www-dev.fagorautomation.com\/es\/wp-json\/wp\/v2\/users\/1"}],"replies":[{"embeddable":true,"href":"https:\/\/www-dev.fagorautomation.com\/es\/wp-json\/wp\/v2\/comments?post=350773"}],"version-history":[{"count":0,"href":"https:\/\/www-dev.fagorautomation.com\/es\/wp-json\/wp\/v2\/pages\/350773\/revisions"}],"wp:attachment":[{"href":"https:\/\/www-dev.fagorautomation.com\/es\/wp-json\/wp\/v2\/media?parent=350773"}],"wp:term":[{"taxonomy":"category","embeddable":true,"href":"https:\/\/www-dev.fagorautomation.com\/es\/wp-json\/wp\/v2\/categories?post=350773"},{"taxonomy":"post_tag","embeddable":true,"href":"https:\/\/www-dev.fagorautomation.com\/es\/wp-json\/wp\/v2\/tags?post=350773"}],"curies":[{"name":"wp","href":"https:\/\/api.w.org\/{rel}","templated":true}]}}