{"id":215,"date":"2021-12-02T09:03:04","date_gmt":"2021-12-02T09:03:04","guid":{"rendered":"https:\/\/www-dev.fagorautomation.com\/calibracion-laser\/"},"modified":"2022-05-05T11:26:14","modified_gmt":"2022-05-05T10:26:14","slug":"calibracion-laser","status":"publish","type":"page","link":"https:\/\/www-dev.fagorautomation.com\/es\/servicios\/calibracion-laser\/","title":{"rendered":"Calibraci\u00f3n l\u00e1ser"},"content":{"rendered":"<div id=\"pl-215\"  class=\"panel-layout\" ><div id=\"pg-215-0\"  class=\"panel-grid panel-no-style\" ><div id=\"pgc-215-0-0\"  class=\"panel-grid-cell\" ><div id=\"panel-215-0-0-0\" class=\"so-panel widget widget_sow-editor panel-first-child panel-last-child\" data-index=\"0\" ><div\n\t\t\t\n\t\t\tclass=\"so-widget-sow-editor so-widget-sow-editor-base\"\n\t\t\t\n\t\t>\n<div class=\"siteorigin-widget-tinymce textwidget\">\n\t<p>Un sistema de <b>Calibraci\u00f3n Laser nos permite <\/b><b>medir y registrar distintos tipos de errores <\/b><b>de geometr\u00eda y rotatorios durante la construcci\u00f3n, mantenimiento y servicio de una m\u00e1quina<\/b>,  facilita la alineaci\u00f3n precisa y el ajuste exacto de los ejes de la m\u00e1quina para <b>obtener un rendimiento \u00f3ptimo<\/b> de la misma.<\/p>\n<\/div>\n<\/div><\/div><\/div><div id=\"pgc-215-0-1\"  class=\"panel-grid-cell\" ><div id=\"panel-215-0-1-0\" class=\"so-panel widget widget_sow-image panel-first-child panel-last-child\" data-index=\"1\" ><div\n\t\t\t\n\t\t\tclass=\"so-widget-sow-image so-widget-sow-image-default-dbf295114b96-215\"\n\t\t\t\n\t\t>\n<div class=\"sow-image-container\">\n\t\t<img \n\tsrc=\"https:\/\/www-dev.fagorautomation.com\/wp-content\/uploads\/fagor_cnc_laser.jpg\" width=\"427\" height=\"204\" srcset=\"https:\/\/www-dev.fagorautomation.com\/wp-content\/uploads\/fagor_cnc_laser.jpg 427w, https:\/\/www-dev.fagorautomation.com\/wp-content\/uploads\/fagor_cnc_laser-300x143.jpg 300w\" sizes=\"(max-width: 427px) 100vw, 427px\" title=\"Calibraci\u00f3n l\u00e1ser\" alt=\"Calibraci\u00f3n l\u00e1ser\" \t\tclass=\"so-widget-image\"\/>\n\t<\/div>\n\n<\/div><\/div><\/div><\/div><div id=\"pg-215-1\"  class=\"panel-grid panel-no-style\" ><div id=\"pgc-215-1-0\"  class=\"panel-grid-cell\" ><div id=\"panel-215-1-0-0\" class=\"so-panel widget widget_sow-headline panel-first-child\" data-index=\"2\" ><div\n\t\t\t\n\t\t\tclass=\"so-widget-sow-headline so-widget-sow-headline-default-88a5c3273060-215 so-widget-fittext-wrapper\"\n\t\t\t data-fit-text-compressor=\"0.85\"\n\t\t><div class=\"sow-headline-container \">\n\t\t\t\t\t\t\t<h3 class=\"sow-headline\">\n\t\t\t\t\t\tEjemplos de aplicaci\u00f3n:\t\t\t\t\t\t<\/h3>\n\t\t\t\t\t\t\t\t\t\t\t<div class=\"decoration\">\n\t\t\t\t\t\t<div class=\"decoration-inside\"><\/div>\n\t\t\t\t\t<\/div>\n\t\t\t\t\t<\/div>\n<\/div><\/div><div id=\"panel-215-1-0-1\" class=\"so-panel widget widget_sow-features panel-last-child\" data-index=\"3\" ><div\n\t\t\t\n\t\t\tclass=\"so-widget-sow-features so-widget-sow-features-default-6b0d1b4ae3d8-215\"\n\t\t\t\n\t\t><ul\n\tclass=\"sow-features-list\n\tsow-features-responsive\">\n\n\t\t\t<li\n\t\t\tclass=\"sow-features-feature sow-icon-container-position-top\"\n\t\t\tstyle=\"display: flex; flex-direction: column; width: calc(25% - 25px);\"\n\t\t>\n\t\t\t\n\t\t\t\t\t\t<div\t\t\t\tclass=\"sow-icon-container sow-container-square\"\n\t\t\t\tstyle=\"color: ; \"\n\t\t\t\t\n\t\t\t\t\t\t\t>\n\t\t\t\t<span class=\"sow-icon-fontawesome sow-fas\" data-sow-icon=\"&#xf121;\"\n\t\tstyle=\"font-size: 30px; color: #e1081d\" \n\t\taria-hidden=\"true\"><\/span>\t\t\t<\/div>\n\n\t\t\t<div class=\"textwidget\">\n\t\t\t\t\n\t\t\t\t\n\t\t\t\t\t\t\t\t\t<div class=\"sow-features-feature-text\">\n\t\t\t\t\tPuesta a punto<\/p>\n\t\t\t\t\t<\/div>\n\t\t\t\t\t\t\t\t<\/div>\n\t\t\t\t\t\t\t\t<\/li>\n\n\t\t\t<li\n\t\t\tclass=\"sow-features-feature sow-icon-container-position-top\"\n\t\t\tstyle=\"display: flex; flex-direction: column; width: calc(25% - 25px);\"\n\t\t>\n\t\t\t\n\t\t\t\t\t\t<div\t\t\t\tclass=\"sow-icon-container sow-container-square\"\n\t\t\t\tstyle=\"color: ; \"\n\t\t\t\t\n\t\t\t\t\t\t\t>\n\t\t\t\t<span class=\"sow-icon-fontawesome sow-fas\" data-sow-icon=\"&#xf48b;\"\n\t\tstyle=\"font-size: 30px; color: #e1081d\" \n\t\taria-hidden=\"true\"><\/span>\t\t\t<\/div>\n\n\t\t\t<div class=\"textwidget\">\n\t\t\t\t\n\t\t\t\t\n\t\t\t\t\t\t\t\t\t<div class=\"sow-features-feature-text\">\n\t\t\t\t\tTransporte \/ reubicaci\u00f3n<\/p>\n\t\t\t\t\t<\/div>\n\t\t\t\t\t\t\t\t<\/div>\n\t\t\t\t\t\t\t\t<\/li>\n\n\t\t\t<li\n\t\t\tclass=\"sow-features-feature sow-icon-container-position-top\"\n\t\t\tstyle=\"display: flex; flex-direction: column; width: calc(25% - 25px);\"\n\t\t>\n\t\t\t\n\t\t\t\t\t\t<div\t\t\t\tclass=\"sow-icon-container sow-container-square\"\n\t\t\t\tstyle=\"color: ; \"\n\t\t\t\t\n\t\t\t\t\t\t\t>\n\t\t\t\t<span class=\"sow-icon-fontawesome sow-fas\" data-sow-icon=\"&#xf666;\"\n\t\tstyle=\"font-size: 30px; color: #e1081d\" \n\t\taria-hidden=\"true\"><\/span>\t\t\t<\/div>\n\n\t\t\t<div class=\"textwidget\">\n\t\t\t\t\n\t\t\t\t\n\t\t\t\t\t\t\t\t\t<div class=\"sow-features-feature-text\">\n\t\t\t\t\tColisi\u00f3n<\/p>\n\t\t\t\t\t<\/div>\n\t\t\t\t\t\t\t\t<\/div>\n\t\t\t\t\t\t\t\t<\/li>\n\n\t\t\t<li\n\t\t\tclass=\"sow-features-feature sow-icon-container-position-top\"\n\t\t\tstyle=\"display: flex; flex-direction: column; width: calc(25% - 25px);\"\n\t\t>\n\t\t\t\n\t\t\t\t\t\t<div\t\t\t\tclass=\"sow-icon-container sow-container-square\"\n\t\t\t\tstyle=\"color: ; \"\n\t\t\t\t\n\t\t\t\t\t\t\t>\n\t\t\t\t<span class=\"sow-icon-fontawesome sow-fas\" data-sow-icon=\"&#xf0ad;\"\n\t\tstyle=\"font-size: 30px; color: #e1081d\" \n\t\taria-hidden=\"true\"><\/span>\t\t\t<\/div>\n\n\t\t\t<div class=\"textwidget\">\n\t\t\t\t\n\t\t\t\t\n\t\t\t\t\t\t\t\t\t<div class=\"sow-features-feature-text\">\n\t\t\t\t\tMantenimiento peri\u00f3dico<\/p>\n\t\t\t\t\t<\/div>\n\t\t\t\t\t\t\t\t<\/div>\n\t\t\t\t\t\t\t\t<\/li>\n\n\t<\/ul>\n<\/div><\/div><\/div><\/div><\/div>","protected":false},"excerpt":{"rendered":"<p>Un sistema de Calibraci\u00f3n Laser nos permite medir y registrar distintos tipos de errores de &#8230; <a title=\"Calibraci\u00f3n l\u00e1ser\" class=\"read-more\" href=\"https:\/\/www-dev.fagorautomation.com\/es\/servicios\/calibracion-laser\/\" aria-label=\"Leer m\u00e1s sobre Calibraci\u00f3n l\u00e1ser\"> <\/a><\/p>\n","protected":false},"author":1,"featured_media":0,"parent":267,"menu_order":0,"comment_status":"closed","ping_status":"closed","template":"servicios.php","meta":{"_acf_changed":false,"footnotes":""},"categories":[827,441],"tags":[],"class_list":{"0":"post-215","1":"page","2":"type-page","3":"status-publish","5":"category-menu-servicios","6":"category-page-servicios"},"acf":[],"wpml_current_locale":"es_ES","wpml_translations":[{"locale":"en","id":826084,"post_title":"Laser Calibration","href":"https:\/\/www-dev.fagorautomation.com\/en\/services\/laser-calibration\/"},{"locale":"en_US","id":832593,"post_title":"Laser Calibration","href":"https:\/\/www-dev.fagorautomation.com\/en-us\/services\/laser-calibration\/"},{"locale":"it_IT","id":832585,"post_title":"Calibrazione laser","href":"https:\/\/www-dev.fagorautomation.com\/it\/servizi\/calibrazione-laser\/"},{"locale":"fr_FR","id":832590,"post_title":"Calibrage laser","href":"https:\/\/www-dev.fagorautomation.com\/fr\/services\/calibrage-laser\/"},{"locale":"pt_BR","id":832587,"post_title":"Calibra\u00e7\u00e3o laser","href":"https:\/\/www-dev.fagorautomation.com\/pt-br\/servicios\/calibracao-laser\/"},{"locale":"pt_PT","id":832588,"post_title":"Calibra\u00e7\u00e3o laser","href":"https:\/\/www-dev.fagorautomation.com\/pt-pt\/servicos-oferecidos-por-fagor-automation\/calibracao-laser\/"},{"locale":"de_DE","id":832591,"post_title":"Laser Calibration","href":"https:\/\/www-dev.fagorautomation.com\/de\/dienstleistungen-die-fagor-automation-anbietet\/laser-calibration\/"},{"locale":"en_IN","id":832592,"post_title":"Laser Calibration","href":"https:\/\/www-dev.fagorautomation.com\/hi\/services\/laser-calibration\/"},{"locale":"ja","id":832586,"post_title":"Laser Calibration","href":"https:\/\/www-dev.fagorautomation.com\/ja\/%e3%82%b5%e3%83%bc%e3%83%93%e3%82%b9\/laser-calibration\/"},{"locale":"eu_ES","id":832589,"post_title":"Laser kalibrazioa","href":"https:\/\/www-dev.fagorautomation.com\/eu\/zerbitzuak\/laser-calibration\/"},{"locale":"zh_CN","id":960763,"post_title":"Laser Calibration","href":"https:\/\/www-dev.fagorautomation.com\/zh-hans\/%e5%8f%91%e6%a0%bc%e8%87%aa%e5%8a%a8%e5%8c%96%e6%8a%80%e6%9c%af%e6%9c%8d%e5%8a%a1\/laser-calibration\/"}],"_links":{"self":[{"href":"https:\/\/www-dev.fagorautomation.com\/es\/wp-json\/wp\/v2\/pages\/215","targetHints":{"allow":["GET"]}}],"collection":[{"href":"https:\/\/www-dev.fagorautomation.com\/es\/wp-json\/wp\/v2\/pages"}],"about":[{"href":"https:\/\/www-dev.fagorautomation.com\/es\/wp-json\/wp\/v2\/types\/page"}],"author":[{"embeddable":true,"href":"https:\/\/www-dev.fagorautomation.com\/es\/wp-json\/wp\/v2\/users\/1"}],"replies":[{"embeddable":true,"href":"https:\/\/www-dev.fagorautomation.com\/es\/wp-json\/wp\/v2\/comments?post=215"}],"version-history":[{"count":0,"href":"https:\/\/www-dev.fagorautomation.com\/es\/wp-json\/wp\/v2\/pages\/215\/revisions"}],"up":[{"embeddable":true,"href":"https:\/\/www-dev.fagorautomation.com\/es\/wp-json\/wp\/v2\/pages\/267"}],"wp:attachment":[{"href":"https:\/\/www-dev.fagorautomation.com\/es\/wp-json\/wp\/v2\/media?parent=215"}],"wp:term":[{"taxonomy":"category","embeddable":true,"href":"https:\/\/www-dev.fagorautomation.com\/es\/wp-json\/wp\/v2\/categories?post=215"},{"taxonomy":"post_tag","embeddable":true,"href":"https:\/\/www-dev.fagorautomation.com\/es\/wp-json\/wp\/v2\/tags?post=215"}],"curies":[{"name":"wp","href":"https:\/\/api.w.org\/{rel}","templated":true}]}}