{"id":207,"date":"2021-12-02T09:07:17","date_gmt":"2021-12-02T09:07:17","guid":{"rendered":"https:\/\/www-dev.fagorautomation.com\/formacion\/"},"modified":"2024-02-13T17:20:26","modified_gmt":"2024-02-13T15:20:26","slug":"formacion","status":"publish","type":"page","link":"https:\/\/www-dev.fagorautomation.com\/es\/servicios\/formacion\/","title":{"rendered":"Formaci\u00f3n"},"content":{"rendered":"<div id=\"pl-207\"  class=\"panel-layout\" ><div id=\"pg-207-0\"  class=\"panel-grid panel-has-style\" ><div class=\"panel-row-style panel-row-style-for-207-0\" ><div id=\"pgc-207-0-0\"  class=\"panel-grid-cell\" ><div class=\"panel-cell-style panel-cell-style-for-207-0-0\" ><div id=\"panel-207-0-0-0\" class=\"so-panel widget widget_sow-headline panel-first-child panel-last-child\" data-index=\"0\" ><div\n\t\t\t\n\t\t\tclass=\"so-widget-sow-headline so-widget-sow-headline-default-dee365a6adb8-207 so-widget-fittext-wrapper\"\n\t\t\t data-fit-text-compressor=\"0.85\"\n\t\t><div class=\"sow-headline-container \">\n\t\t\t\t\t\t\t<p class=\"sow-headline\">\n\t\t\t\t\t\t<b>Obt\u00e9n el m\u00e1ximo provecho de tus m\u00e1quinas ampliando tus capacidades con los sistemas Fagor.<\/b>\t\t\t\t\t\t<\/p>\n\t\t\t\t\t\t<\/div>\n<\/div><\/div><\/div><\/div><div id=\"pgc-207-0-1\"  class=\"panel-grid-cell\" ><div id=\"panel-207-0-1-0\" class=\"so-panel widget widget_sow-image panel-first-child panel-last-child\" data-index=\"1\" ><div\n\t\t\t\n\t\t\tclass=\"so-widget-sow-image so-widget-sow-image-default-dbf295114b96-207\"\n\t\t\t\n\t\t>\n<div class=\"sow-image-container\">\n\t\t<img \n\tsrc=\"https:\/\/www-dev.fagorautomation.com\/wp-content\/uploads\/formacion-5.jpg\" width=\"1200\" height=\"800\" srcset=\"https:\/\/www-dev.fagorautomation.com\/wp-content\/uploads\/formacion-5.jpg 1200w, https:\/\/www-dev.fagorautomation.com\/wp-content\/uploads\/formacion-5-300x200.jpg 300w, https:\/\/www-dev.fagorautomation.com\/wp-content\/uploads\/formacion-5-1024x683.jpg 1024w, https:\/\/www-dev.fagorautomation.com\/wp-content\/uploads\/formacion-5-768x512.jpg 768w, https:\/\/www-dev.fagorautomation.com\/wp-content\/uploads\/formacion-5-272x182.jpg 272w\" sizes=\"(max-width: 1200px) 100vw, 1200px\" title=\"Asistencia t\u00e9cnica Fagor Automation\" alt=\"Asistencia t\u00e9cnica Fagor Automation\" \t\tclass=\"so-widget-image\"\/>\n\t<\/div>\n\n<\/div><\/div><\/div><\/div><\/div><div id=\"pg-207-1\"  class=\"panel-grid panel-no-style\" ><div id=\"pgc-207-1-0\"  class=\"panel-grid-cell\" ><div id=\"panel-207-1-0-0\" class=\"so-panel widget widget_sow-editor panel-first-child\" data-index=\"2\" ><div\n\t\t\t\n\t\t\tclass=\"so-widget-sow-editor so-widget-sow-editor-base\"\n\t\t\t\n\t\t>\n<div class=\"siteorigin-widget-tinymce textwidget\">\n\t<p>Fagor te ofrece una gran variedad de cursos, independientemente de tu perfil, nivel o tipo de cliente y que te permitir\u00e1n desarrollar tus capacidades y aumentar el rendimiento de tus m\u00e1quinas.<\/p>\n<\/div>\n<\/div><\/div><div id=\"panel-207-1-0-1\" class=\"so-panel widget widget_sow-features panel-last-child\" data-index=\"3\" ><div\n\t\t\t\n\t\t\tclass=\"so-widget-sow-features so-widget-sow-features-default-8dee48d37044-207\"\n\t\t\t\n\t\t><ul\n\tclass=\"sow-features-list\n\tsow-features-responsive\">\n\n\t\t\t<li\n\t\t\tclass=\"sow-features-feature sow-icon-container-position-right\"\n\t\t\tstyle=\"display: flex; flex-direction: row; width: calc(100% - 25px);\"\n\t\t>\n\t\t\t\n\t\t\t\t\t\t<div\t\t\t\tclass=\"sow-icon-container sow-container-square\"\n\t\t\t\tstyle=\"color: ; \"\n\t\t\t\t\n\t\t\t\t\t\t\t>\n\t\t\t\t<span class=\"sow-icon-fontawesome sow-fas\" data-sow-icon=\"&#xf00c;\"\n\t\tstyle=\"font-size: 20px; color: #e1081d\" \n\t\taria-hidden=\"true\"><\/span>\t\t\t<\/div>\n\n\t\t\t<div class=\"textwidget\">\n\t\t\t\t\n\t\t\t\t\n\t\t\t\t\t\t\t\t\t<div class=\"sow-features-feature-text\">\n\t\t\t\t\t<p>Formaci\u00f3n de todos los productos del cat\u00e1logo de Fagor Automation.<\/p>\n\t\t\t\t\t<\/div>\n\t\t\t\t\t\t\t\t<\/div>\n\t\t\t\t\t\t\t\t<\/li>\n\n\t\t\t<li\n\t\t\tclass=\"sow-features-feature sow-icon-container-position-right\"\n\t\t\tstyle=\"display: flex; flex-direction: row; width: calc(100% - 25px);\"\n\t\t>\n\t\t\t\n\t\t\t\t\t\t<div\t\t\t\tclass=\"sow-icon-container sow-container-square\"\n\t\t\t\tstyle=\"color: ; \"\n\t\t\t\t\n\t\t\t\t\t\t\t>\n\t\t\t\t<span class=\"sow-icon-fontawesome sow-fas\" data-sow-icon=\"&#xf00c;\"\n\t\tstyle=\"font-size: 20px; color: #e1081d\" \n\t\taria-hidden=\"true\"><\/span>\t\t\t<\/div>\n\n\t\t\t<div class=\"textwidget\">\n\t\t\t\t\n\t\t\t\t\n\t\t\t\t\t\t\t\t\t<div class=\"sow-features-feature-text\">\n\t\t\t\t\t<p>Disponible en las instalaciones del cliente o en Fagor Automation.<\/p>\n\t\t\t\t\t<\/div>\n\t\t\t\t\t\t\t\t<\/div>\n\t\t\t\t\t\t\t\t<\/li>\n\n\t\t\t<li\n\t\t\tclass=\"sow-features-feature sow-icon-container-position-right\"\n\t\t\tstyle=\"display: flex; flex-direction: row; width: calc(100% - 25px);\"\n\t\t>\n\t\t\t\n\t\t\t\t\t\t<div\t\t\t\tclass=\"sow-icon-container sow-container-square\"\n\t\t\t\tstyle=\"color: ; \"\n\t\t\t\t\n\t\t\t\t\t\t\t>\n\t\t\t\t<span class=\"sow-icon-fontawesome sow-fas\" data-sow-icon=\"&#xf00c;\"\n\t\tstyle=\"font-size: 20px; color: #e1081d\" \n\t\taria-hidden=\"true\"><\/span>\t\t\t<\/div>\n\n\t\t\t<div class=\"textwidget\">\n\t\t\t\t\n\t\t\t\t\n\t\t\t\t\t\t\t\t\t<div class=\"sow-features-feature-text\">\n\t\t\t\t\t<p>En formato presencial u online.<\/p>\n\t\t\t\t\t<\/div>\n\t\t\t\t\t\t\t\t<\/div>\n\t\t\t\t\t\t\t\t<\/li>\n\n\t\t\t<li\n\t\t\tclass=\"sow-features-feature sow-icon-container-position-right\"\n\t\t\tstyle=\"display: flex; flex-direction: row; width: calc(100% - 25px);\"\n\t\t>\n\t\t\t\n\t\t\t\t\t\t<div\t\t\t\tclass=\"sow-icon-container sow-container-square\"\n\t\t\t\tstyle=\"color: ; \"\n\t\t\t\t\n\t\t\t\t\t\t\t>\n\t\t\t\t<span class=\"sow-icon-fontawesome sow-fas\" data-sow-icon=\"&#xf00c;\"\n\t\tstyle=\"font-size: 20px; color: #e1081d\" \n\t\taria-hidden=\"true\"><\/span>\t\t\t<\/div>\n\n\t\t\t<div class=\"textwidget\">\n\t\t\t\t\n\t\t\t\t\n\t\t\t\t\t\t\t\t\t<div class=\"sow-features-feature-text\">\n\t\t\t\t\t<p>Oferta de cursos:<\/p>\n<ul>\n<li>Programaci\u00f3n y operaci\u00f3n para usuario final<\/li>\n<li>Instalaci\u00f3n y puesta en marcha para fabricantes y retrofiters<\/li>\n<li>Formaci\u00f3n orientada a personal de mantenimiento<\/li>\n<li>Formaci\u00f3n orientada al profesorado de Fabricaci\u00f3n Mec\u00e1nica<\/li>\n<li>Etc.<\/li>\n<\/ul>\n\t\t\t\t\t<\/div>\n\t\t\t\t\t\t\t\t<\/div>\n\t\t\t\t\t\t\t\t<\/li>\n\n\t<\/ul>\n<\/div><\/div><\/div><\/div><div id=\"pg-207-2\"  class=\"panel-grid panel-has-style\" ><div class=\"panel-row-style panel-row-style-for-207-2\" ><div id=\"pgc-207-2-0\"  class=\"panel-grid-cell\" ><div class=\"panel-cell-style panel-cell-style-for-207-2-0\" ><div id=\"panel-207-2-0-0\" class=\"so-panel widget widget_sow-headline panel-first-child panel-last-child\" data-index=\"4\" ><div class=\"panel-widget-style panel-widget-style-for-207-2-0-0\" ><div\n\t\t\t\n\t\t\tclass=\"so-widget-sow-headline so-widget-sow-headline-default-831ebf4648dc-207 so-widget-fittext-wrapper\"\n\t\t\t data-fit-text-compressor=\"0.85\"\n\t\t><div class=\"sow-headline-container \">\n\t\t\t\t\t\t\t<h2 class=\"sow-headline\">\n\t\t\t\t\t\t\t\t\t\t\t\t\t<a href=\"https:\/\/fagorautomation.ispringmarket.eu\/marketplace\" >\n\t\t\t\t\t\t\t\tFormaci\u00f3n online <\/a>\t\t\t\t\t\t<\/h2>\n\t\t\t\t\t\t\t\t\t\t\t\t<p class=\"sow-sub-headline\">\n\t\t\t\t\t\t\t\t\t\t\t\t\t<a href=\"https:\/\/fagorautomation.ispringmarket.eu\/marketplace\" >\n\t\t\t\t\t\t\t\tInscripciones abiertas.<br \/> <b> \u00a1Reserva tu plaza!<\/b><\/a>\t\t\t\t\t\t<\/p>\n\t\t\t\t\t\t<\/div>\n<\/div><\/div><\/div><\/div><\/div><div id=\"pgc-207-2-1\"  class=\"panel-grid-cell\" ><div id=\"panel-207-2-1-0\" class=\"so-panel widget widget_sow-image panel-first-child panel-last-child\" data-index=\"5\" ><div\n\t\t\t\n\t\t\tclass=\"so-widget-sow-image so-widget-sow-image-default-dbf295114b96-207\"\n\t\t\t\n\t\t>\n<div class=\"sow-image-container\">\n\t\t\t<a href=\"https:\/\/fagorautomation.ispringmarket.eu\/marketplace\"\n\t\t\t\t\t>\n\t\t\t<img \n\tsrc=\"https:\/\/www-dev.fagorautomation.com\/wp-content\/uploads\/img-products\/formacion-cursos.online.jpg\" width=\"1400\" height=\"934\" srcset=\"https:\/\/www-dev.fagorautomation.com\/wp-content\/uploads\/img-products\/formacion-cursos.online.jpg 1400w, https:\/\/www-dev.fagorautomation.com\/wp-content\/uploads\/img-products\/formacion-cursos.online-300x200.jpg 300w, https:\/\/www-dev.fagorautomation.com\/wp-content\/uploads\/img-products\/formacion-cursos.online-1024x683.jpg 1024w, https:\/\/www-dev.fagorautomation.com\/wp-content\/uploads\/img-products\/formacion-cursos.online-768x512.jpg 768w, https:\/\/www-dev.fagorautomation.com\/wp-content\/uploads\/img-products\/formacion-cursos.online-272x182.jpg 272w\" sizes=\"(max-width: 1400px) 100vw, 1400px\" title=\"Formaci\u00f3n online\" alt=\"Formaci\u00f3n online\" \t\tclass=\"so-widget-image\"\/>\n\t\t\t<\/a><\/div>\n\n<\/div><\/div><\/div><\/div><\/div><div id=\"pg-207-3\"  class=\"panel-grid panel-no-style\" ><div id=\"pgc-207-3-0\"  class=\"panel-grid-cell\" ><div id=\"panel-207-3-0-0\" class=\"so-panel widget widget_sow-button panel-first-child panel-last-child\" data-index=\"6\" ><div\n\t\t\t\n\t\t\tclass=\"so-widget-sow-button so-widget-sow-button-flat-689ea8ab2895-207\"\n\t\t\t\n\t\t><div class=\"ow-button-base ow-button-align-center\"\n>\n\t\t\t<a\n\t\t\t\t\thref=\"https:\/\/www-dev.fagorautomation.com\/es\/documentacion\/#\/descarga\/8060-65-70-free-simulator\/896496\"\n\t\t\t\t\tclass=\"sowb-button ow-icon-placement-left ow-button-hover\" \t>\n\t\t<span>\n\t\t\t\n\t\t\tDESCARGAR EL SIMULADOR GRATUITO\t\t<\/span>\n\t\t\t<\/a>\n\t<\/div>\n<\/div><\/div><\/div><\/div><div id=\"pg-207-4\"  class=\"panel-grid panel-no-style\" ><div id=\"pgc-207-4-0\"  class=\"panel-grid-cell\" ><div id=\"panel-207-4-0-0\" class=\"so-panel widget widget_sow-editor panel-first-child\" data-index=\"7\" ><div\n\t\t\t\n\t\t\tclass=\"so-widget-sow-editor so-widget-sow-editor-base\"\n\t\t\t\n\t\t><h3 class=\"widget-title\">CURSOS ORGANIZADOS CNC 8058\/8060\/8065<\/h3>\n<div class=\"siteorigin-widget-tinymce textwidget\">\n\t<table class=\"table-1 productos\" style=\"display: inline-table !important;\" width=\"100%\">\n<thead>\n<tr>\n<th style=\"text-align: center;\">CURSO<\/th>\n<th style=\"text-align: center;\">DURACI\u00d3N<br \/>\n(Aproximada)<\/th>\n<th style=\"text-align: center;\">FECHA<br \/>\nCOMIENZO<\/th>\n<th style=\"text-align: center;\">PRECIO<\/th>\n<th style=\"text-align: center;\">INSCRIPCI\u00d3N<\/th>\n<\/tr>\n<\/thead>\n<tbody>\n<tr>\n<td><span style=\"color: #e1081d;\"><a style=\"color: #e1081d;\" href=\"https:\/\/fagorautomation.ispringmarket.eu\/content\/842\/info\/Simulador_de_CNC_%28versi%C3%B3n_gratuita%29?use_referrer=1\" target=\"_blank\" rel=\"noopener noreferrer\"><strong>Instalaci\u00f3n del simulador CNC<\/strong><\/a><\/span><br \/>\nVERSI\u00d3N GRATUITA PARA 8058\/60\/65 Windows<\/td>\n<td style=\"text-align: center;\">1 hora<\/td>\n<td style=\"text-align: center;\">Desde el instante de la inscripci\u00f3n.<\/td>\n<td style=\"text-align: center;\">Gratuito<\/td>\n<td style=\"text-align: center;\"><a href=\"https:\/\/fagorautomation.ispringmarket.eu\/content\/842\/info\/Simulador_de_CNC_%28versi%C3%B3n_gratuita%29?use_referrer=1\"><span style=\"color: #e1081d;\"><strong>Quiero inscribirme<\/strong><\/span><\/a><\/td>\n<\/tr>\n<tr>\n<td><span style=\"color: #e1081d;\"><a style=\"color: #e1081d;\" href=\"https:\/\/fagorautomation.ispringmarket.eu\/content\/223\/info\/CNC_8058__8060__8065_FRESADORA_%28Programaci%C3%B3n__Operaci%C3%B3n%29?use_referrer=1\" target=\"_blank\" rel=\"noopener noreferrer\"><strong>CNC 8058 \/ 8060 \/ 8065 FRESADORA<\/strong> <\/a><\/span><br \/>\nPROGRAMACI\u00d3N \/ OPERACI\u00d3N<\/td>\n<td style=\"text-align: center;\">70 horas<\/td>\n<td style=\"text-align: center;\">Desde el instante de la inscripci\u00f3n.<\/td>\n<td style=\"text-align: center;\">200\u20ac<\/td>\n<td style=\"text-align: center;\"><a href=\"https:\/\/fagorautomation.ispringmarket.eu\/content\/223\/info\/CNC_8058__8060__8065_FRESADORA_%28Programaci%C3%B3n__Operaci%C3%B3n%29?use_referrer=1\"><span style=\"color: #e1081d;\"><strong>Quiero inscribirme<\/strong><\/span><\/a><\/td>\n<\/tr>\n<tr>\n<td><span style=\"color: #e1081d;\"><a style=\"color: #e1081d;\" href=\"https:\/\/fagorautomation.ispringmarket.eu\/content\/73\/info\/CNC_8058__8060__8065_TORNO_%28Programaci%C3%B3n__Operaci%C3%B3n%29?use_referrer=1\" target=\"_blank\" rel=\"noopener noreferrer\"><strong>CNC 8058 \/ 8060\u00a0 \/ 8065 TORNO<\/strong><\/a><\/span><br \/>\nPROGRAMACI\u00d3N \/ OPERACI\u00d3N<\/td>\n<td style=\"text-align: center;\">60 horas<\/td>\n<td style=\"text-align: center;\">Desde el instante de la inscripci\u00f3n.<\/td>\n<td style=\"text-align: center;\">200\u20ac<\/td>\n<td style=\"text-align: center;\"><a href=\"https:\/\/fagorautomation.ispringmarket.eu\/content\/73\/info\/CNC_8058__8060__8065_TORNO_%28Programaci%C3%B3n__Operaci%C3%B3n%29?use_referrer=1\"><span style=\"color: #e1081d;\"><strong>Quiero inscribirme<\/strong><\/span><\/a><\/td>\n<\/tr>\n<\/tbody>\n<\/table>\n<\/div>\n<\/div><\/div><div id=\"panel-207-4-0-1\" class=\"so-panel widget widget_sow-editor\" data-index=\"8\" ><div\n\t\t\t\n\t\t\tclass=\"so-widget-sow-editor so-widget-sow-editor-base\"\n\t\t\t\n\t\t><h3 class=\"widget-title\">CURSOS ONLINE-EN DIRECTO ORGANIZADOS CNC 8058\/8060\/8065 (Simulador completo)<\/h3>\n<div class=\"siteorigin-widget-tinymce textwidget\">\n\t<table class=\"table-1\" style=\"display: inline-table !important;\" width=\"100%\">\n<thead>\n<tr>\n<th style=\"text-align: center;\">CURSO<\/th>\n<th style=\"text-align: center;\">DURACI\u00d3N<br \/>\n(Aproximada)<\/th>\n<th style=\"text-align: center;\">FECHA<br \/>\nCOMIENZO<\/th>\n<th style=\"text-align: center;\">PRECIO<\/th>\n<th style=\"text-align: center;\">INSCRIPCI\u00d3N<\/th>\n<\/tr>\n<\/thead>\n<tbody>\n<tr>\n<td><a href=\"https:\/\/www-dev.fagorautomation.com\/es\/cnc-8060-8065-fresadora-programacion-4o-eje\" target=\"_blank\" rel=\"noopener noreferrer\"><strong><span style=\"color: #e1081d;\">CNC 8058 \/ 8060 \/ 8065 FRESADORA<\/span><\/strong> <\/a><br \/>\nPROGRAMACI\u00d3N - 4\u00ba EJE<\/td>\n<td style=\"text-align: center;\">20 horas<\/td>\n<td style=\"text-align: center;\">Tras crear grupo<\/td>\n<td style=\"text-align: center;\">300\u20ac<\/td>\n<td style=\"text-align: center;\"><span style=\"color: #e1081d;\"><strong><a style=\"color: #e1081d;\" href=\"https:\/\/docs.google.com\/forms\/d\/153pOmD1yS_Tv5GJWyPbklZLSSoJmZ5cpYK26Ld8U9DM\/edit?usp=sharing\" target=\"_blank\" rel=\"noopener noreferrer\">Quiero inscribirme<\/a><\/strong><\/span><\/td>\n<\/tr>\n<tr>\n<td><span style=\"color: #e1081d;\"><a style=\"color: #e1081d;\" href=\"https:\/\/www-dev.fagorautomation.com\/es\/cnc-8060-8065-torno-programacion-eje-c-eje-y\/\" target=\"_blank\" rel=\"noopener noreferrer\"><strong>CNC 8058 \/ 8060 \/ 8065 TORNO<\/strong><\/a><\/span><br \/>\nPROGRAMACI\u00d3N - EJE C \/ EJE Y<\/td>\n<td style=\"text-align: center;\">24 horas<\/td>\n<td style=\"text-align: center;\">Tras crear grupo<\/td>\n<td style=\"text-align: center;\">300\u20ac<\/td>\n<td style=\"text-align: center;\"><span style=\"color: #e1081d;\"><strong><a style=\"color: #e1081d;\" href=\"https:\/\/docs.google.com\/forms\/d\/1WQBc34eEvE4br4aM_P58Z4ss2_Yg2fuc4Fx1O1mM6Ec\/viewform?edit_requested=true\" target=\"_blank\" rel=\"noopener noreferrer\">Quiero inscribirme<\/a><\/strong><\/span><\/td>\n<\/tr>\n<\/tbody>\n<\/table>\n<p>* Si no te encajan estas fechas, a la hora de hacer la preinscripci\u00f3n puedes indicarnos tus preferencias.<\/p>\n<\/div>\n<\/div><\/div><div id=\"panel-207-4-0-2\" class=\"so-panel widget widget_sow-editor\" data-index=\"9\" ><div\n\t\t\t\n\t\t\tclass=\"so-widget-sow-editor so-widget-sow-editor-base\"\n\t\t\t\n\t\t><h3 class=\"widget-title\">CURSOS ORGANIZADOS CNC 8055<\/h3>\n<div class=\"siteorigin-widget-tinymce textwidget\">\n\t<table class=\"table-1\" style=\"display: inline-table !important;\" width=\"100%\">\n<thead>\n<tr>\n<th style=\"text-align: center;\">CURSO<\/th>\n<th style=\"text-align: center;\">DURACI\u00d3N<br \/>\n(Aproximada)<\/th>\n<th style=\"text-align: center;\">FECHA<br \/>\nCOMIENZO<\/th>\n<th style=\"text-align: center;\">PRECIO<\/th>\n<th style=\"text-align: center;\">INSCRIPCI\u00d3N<\/th>\n<\/tr>\n<\/thead>\n<tbody>\n<tr>\n<td><a href=\"https:\/\/fagorautomation.ispringmarket.eu\/content\/341\/info\/CNC_8055_FRESADORA_%28Programaci%C3%B3n__Operaci%C3%B3n%29?use_referrer=1\" target=\"_blank\" rel=\"noopener noreferrer\"><strong><span style=\"color: #e1081d;\">CNC 8055 FRESADORA<\/span><\/strong> <\/a><br \/>\nPROGRAMACI\u00d3N \/ OPERACI\u00d3N<\/td>\n<td style=\"text-align: center;\">60 horas<\/td>\n<td style=\"text-align: center;\">Desde el instante de la inscripci\u00f3n.<\/td>\n<td style=\"text-align: center;\">200\u20ac<\/td>\n<td style=\"text-align: center;\"><span style=\"color: #e1081d;\"><strong><a style=\"color: #e1081d;\" href=\"https:\/\/fagorautomation.ispringmarket.eu\/content\/341\/info\/CNC_8055_FRESADORA_%28Programaci%C3%B3n__Operaci%C3%B3n%29?use_referrer=1\" target=\"_blank\" rel=\"noopener noreferrer\">Quiero inscribirme<\/a><\/strong><\/span><\/td>\n<\/tr>\n<tr>\n<td><span style=\"color: #e1081d;\"><a style=\"color: #e1081d;\" href=\"https:\/\/fagorautomation.ispringmarket.eu\/content\/464\/info\/CNC_8055_TORNO_%28Programaci%C3%B3n__Operaci%C3%B3n%29?use_referrer=1\" target=\"_blank\" rel=\"noopener noreferrer\"><strong>CNC 8055 TORNO<\/strong><\/a><\/span><br \/>\nPROGRAMACI\u00d3N \/ OPERACI\u00d3N<\/td>\n<td style=\"text-align: center;\">50 horas<\/td>\n<td style=\"text-align: center;\">Desde el instante de la inscripci\u00f3n.<\/td>\n<td style=\"text-align: center;\">200\u20ac<\/td>\n<td style=\"text-align: center;\"><span style=\"color: #e1081d;\"><strong><a style=\"color: #e1081d;\" href=\"https:\/\/fagorautomation.ispringmarket.eu\/content\/464\/info\/CNC_8055_TORNO_%28Programaci%C3%B3n__Operaci%C3%B3n%29?use_referrer=1\" target=\"_blank\" rel=\"noopener noreferrer\">Quiero inscribirme<\/a><\/strong><\/span><\/td>\n<\/tr>\n<\/tbody>\n<\/table>\n<\/div>\n<\/div><\/div><div id=\"panel-207-4-0-3\" class=\"so-panel widget widget_sow-editor\" data-index=\"10\" ><div\n\t\t\t\n\t\t\tclass=\"so-widget-sow-editor so-widget-sow-editor-base\"\n\t\t\t\n\t\t>\n<div class=\"siteorigin-widget-tinymce textwidget\">\n\t<p>Independientemente de los cursos online, seguimos ofertando <b>CURSOS PRESENCIALES<\/b> para quienes prefieran realizar formaciones personalizadas. En estos casos, se adaptan el temario, el lugar de impartici\u00f3n, la duraci\u00f3n, las fechas, los horarios, etc. seg\u00fan tus necesidades.<\/p>\n<\/div>\n<\/div><\/div><div id=\"panel-207-4-0-4\" class=\"so-panel widget widget_sow-editor panel-last-child\" data-index=\"11\" ><div\n\t\t\t\n\t\t\tclass=\"so-widget-sow-editor so-widget-sow-editor-base\"\n\t\t\t\n\t\t>\n<div class=\"siteorigin-widget-tinymce textwidget\">\n\t<p><strong>Para m\u00e1s informaci\u00f3n sobre otros cursos y fechas: <a href=\"mailto:training@fagorautomation.es\" target=\"_blank\" rel=\"noopener noreferrer\">training@fagorautomation.es<\/a><\/strong><\/p>\n<\/div>\n<\/div><\/div><\/div><\/div><\/div>","protected":false},"excerpt":{"rendered":"<p>Fagor te ofrece una gran variedad de cursos, independientemente de tu perfil, nivel o tipo &#8230; <a title=\"Formaci\u00f3n\" class=\"read-more\" href=\"https:\/\/www-dev.fagorautomation.com\/es\/servicios\/formacion\/\" aria-label=\"Leer m\u00e1s sobre Formaci\u00f3n\"> <\/a><\/p>\n","protected":false},"author":1,"featured_media":0,"parent":267,"menu_order":0,"comment_status":"closed","ping_status":"closed","template":"servicios.php","meta":{"_acf_changed":false,"footnotes":""},"categories":[827,441],"tags":[],"class_list":{"0":"post-207","1":"page","2":"type-page","3":"status-publish","5":"category-menu-servicios","6":"category-page-servicios"},"acf":[],"wpml_current_locale":"es_ES","wpml_translations":[{"locale":"en","id":825961,"post_title":"Training","href":"https:\/\/www-dev.fagorautomation.com\/en\/services\/training\/"},{"locale":"en_US","id":832491,"post_title":"Training","href":"https:\/\/www-dev.fagorautomation.com\/en-us\/services\/training\/"},{"locale":"it_IT","id":832492,"post_title":"Formazione","href":"https:\/\/www-dev.fagorautomation.com\/it\/servizi\/formazione\/"},{"locale":"fr_FR","id":832488,"post_title":"Formation","href":"https:\/\/www-dev.fagorautomation.com\/fr\/services\/formation\/"},{"locale":"pt_BR","id":832485,"post_title":"Treinamento","href":"https:\/\/www-dev.fagorautomation.com\/pt-br\/servicios\/treinamento\/"},{"locale":"pt_PT","id":832486,"post_title":"Forma\u00e7\u00e3o","href":"https:\/\/www-dev.fagorautomation.com\/pt-pt\/servicos-oferecidos-por-fagor-automation\/formacao\/"},{"locale":"de_DE","id":832489,"post_title":"Training","href":"https:\/\/www-dev.fagorautomation.com\/de\/dienstleistungen-die-fagor-automation-anbietet\/training\/"},{"locale":"en_IN","id":832490,"post_title":"Training","href":"https:\/\/www-dev.fagorautomation.com\/hi\/services\/training\/"},{"locale":"ja","id":832493,"post_title":"\u30c8\u30ec\u30fc\u30cb\u30f3\u30b0","href":"https:\/\/www-dev.fagorautomation.com\/ja\/%e3%82%b5%e3%83%bc%e3%83%93%e3%82%b9\/training\/"},{"locale":"eu_ES","id":832487,"post_title":"Prestakuntza","href":"https:\/\/www-dev.fagorautomation.com\/eu\/zerbitzuak\/training\/"},{"locale":"zh_CN","id":906353,"post_title":"\u57f9\u8bad","href":"https:\/\/www-dev.fagorautomation.com\/zh-hans\/%e5%8f%91%e6%a0%bc%e8%87%aa%e5%8a%a8%e5%8c%96%e6%8a%80%e6%9c%af%e6%9c%8d%e5%8a%a1\/%e5%9f%b9%e8%ae%ad\/"}],"_links":{"self":[{"href":"https:\/\/www-dev.fagorautomation.com\/es\/wp-json\/wp\/v2\/pages\/207","targetHints":{"allow":["GET"]}}],"collection":[{"href":"https:\/\/www-dev.fagorautomation.com\/es\/wp-json\/wp\/v2\/pages"}],"about":[{"href":"https:\/\/www-dev.fagorautomation.com\/es\/wp-json\/wp\/v2\/types\/page"}],"author":[{"embeddable":true,"href":"https:\/\/www-dev.fagorautomation.com\/es\/wp-json\/wp\/v2\/users\/1"}],"replies":[{"embeddable":true,"href":"https:\/\/www-dev.fagorautomation.com\/es\/wp-json\/wp\/v2\/comments?post=207"}],"version-history":[{"count":0,"href":"https:\/\/www-dev.fagorautomation.com\/es\/wp-json\/wp\/v2\/pages\/207\/revisions"}],"up":[{"embeddable":true,"href":"https:\/\/www-dev.fagorautomation.com\/es\/wp-json\/wp\/v2\/pages\/267"}],"wp:attachment":[{"href":"https:\/\/www-dev.fagorautomation.com\/es\/wp-json\/wp\/v2\/media?parent=207"}],"wp:term":[{"taxonomy":"category","embeddable":true,"href":"https:\/\/www-dev.fagorautomation.com\/es\/wp-json\/wp\/v2\/categories?post=207"},{"taxonomy":"post_tag","embeddable":true,"href":"https:\/\/www-dev.fagorautomation.com\/es\/wp-json\/wp\/v2\/tags?post=207"}],"curies":[{"name":"wp","href":"https:\/\/api.w.org\/{rel}","templated":true}]}}