{"id":17086,"date":"2021-12-10T08:19:11","date_gmt":"2021-12-10T08:19:11","guid":{"rendered":"https:\/\/www-dev.fagorautomation.com\/?page_id=17086"},"modified":"2023-11-07T16:47:46","modified_gmt":"2023-11-07T14:47:46","slug":"politica-de-privacidad","status":"publish","type":"page","link":"https:\/\/www-dev.fagorautomation.com\/es\/politica-de-privacidad\/","title":{"rendered":"Pol\u00edtica de privacidad"},"content":{"rendered":"<p>De acuerdo con lo establecido en la normativa aplicable en materia de protecci\u00f3n de datos y la Ley 34\/2002, de 11 de julio, de servicios de la sociedad de la informaci\u00f3n y de comercio electr\u00f3nico (LSSI) FAGOR AUTOMATION S. COOP. (en adelante, \u201cFAGOR\u201d) informa a los usuarios de su Pol\u00edtica de Privacidad, para que estos determinen libre y voluntariamente si desean facilitar los datos personales que se le puedan requerir con ocasi\u00f3n de la suscripci\u00f3n o alta en algunos de los Servicios ofrecidos.<\/p>\n<p><strong>CONFIDENCIALIDAD EN EL TRATAMIENTO AUTOMATIZADO DE LOS DATOS DE CAR\u00c1CTER PERSONAL<br \/>\n<\/strong>Los datos personales recogidos a trav\u00e9s de la web ser\u00e1n tratados de forma secreta y confidencial.<\/p>\n<p>A trav\u00e9s de la p\u00e1gina web de FAGOR, no se recoge ning\u00fan Dato Personal, ni se ceden a terceros, sin su conocimiento.<\/p>\n<p><strong>RESPONSABLE DEL TRATAMIENTO<br \/>\n<\/strong>El responsable del tratamiento es FAGOR AUTOMATION, S.COOP., sociedad domiciliada en San Andres Auzoa, 19, 20500 Arrasate-Mondrag\u00f3n (Gipuzkoa), y NIF F20071114.<\/p>\n<p>Podr\u00e1 ponerse en contacto con nosotros dirigi\u00e9ndose al n\u00famero de tel\u00e9fono (+34) 943 039 800 o al correo electr\u00f3nico <span style=\"color: #e1081d;\"><strong>contact@fagorautomation.es<\/strong><\/span>.<\/p>\n<p><strong>FINALIDAD DE LA RECOGIDA Y TRATAMIENTO AUTOMATIZADO DE LOS DATOS DE CAR\u00c1CTER PERSONAL<br \/>\n<\/strong> FAGOR, se compromete a no utilizar los datos personales objeto de tratamiento para finalidades incompatibles con aquellas para las que los datos hubieran sido recogidos.<\/p>\n<ul>\n<li><strong>Contacto<br \/>\n<\/strong>Los Datos de car\u00e1cter personal que se facilitan mediante el formulario disponible en la secci\u00f3n de Contacto no quedan registrados en Ficheros o Bases de Datos alguna, recogi\u00e9ndose \u00fanicamente con la finalidad de dar respuestas a la solicitud.<\/li>\n<\/ul>\n<ul>\n<li><strong>Productos<br \/>\n<\/strong>Los Datos de car\u00e1cter personal que se facilitan mediante los formularios disponibles en las secciones de los distintos productos de la empresa no quedan registrados en Ficheros o Bases de Datos alguna, recogi\u00e9ndose \u00fanicamente con la finalidad de dar respuestas a la solicitud.<\/li>\n<\/ul>\n<ul>\n<li><strong>Servicios<br \/>\n<\/strong>Los Datos de car\u00e1cter personal que se facilitan mediante los formularios disponibles en la secci\u00f3n de Servicios quedan registrados en Ficheros o Bases de Datos, y tiene como finalidad la gesti\u00f3n, administraci\u00f3n, prestaci\u00f3n, ampliaci\u00f3n y mejora de los servicios ofrecidos por Fagor en su web.<\/li>\n<\/ul>\n<ul>\n<li><strong>Descargas<br \/>\n<\/strong>Los datos facilitados en el registro como Usuario en la secci\u00f3n de Descargas quedan registrados en Ficheros o Bases de Datos, y tiene como finalidad la gesti\u00f3n, administraci\u00f3n, prestaci\u00f3n, ampliaci\u00f3n y mejora de los servicios ofrecidos por Fagor en su web.<\/li>\n<\/ul>\n<ul>\n<li><strong>Newsletter \/ Bolet\u00edn<br \/>\n<\/strong>Los datos facilitados en el registro de la subcripci\u00f3n al Newsletter o Bolet\u00edn quedan registrados en Ficheros o Bases de Datos, y tiene como finalidad el env\u00edo por medios electr\u00f3nicos de noticias, informaci\u00f3n comercial o publicitaria acerca de los productos y servicios ofrecidos por Fagor.<\/li>\n<\/ul>\n<ul>\n<li><strong>Envio de CV<br \/>\n<\/strong>Los datos facilitados en el env\u00edo del Curriculum Vitae, as\u00ed como el documento en s\u00ed, quedan registrados en Ficheros o Bases de Datos, y tiene como finalidad la selecci\u00f3n de personal.<\/li>\n<\/ul>\n<p><strong>SOLICITUD DEL TRATAMIENTO<br \/>\n<\/strong>Los datos de car\u00e1cter personal ser\u00e1n tratados con su consentimiento, y en ello se basa el tratamiento aqu\u00ed realizado.<\/p>\n<p><strong>DESTINATARIOS<br \/>\n<\/strong>FAGOR no ceder\u00e1 sus datos de car\u00e1cter personal a terceros ajenos al responsable.<\/p>\n<p>Asimismo, no se realizar\u00e1n transferencias internacionales de datos a terceros fuera de la Uni\u00f3n Europea.<\/p>\n<p>Los terceros que en el marco de una prestaci\u00f3n de servicios a Fagor pudieran tener acceso a los datos de car\u00e1cter personal, han suscrito los correspondientes contratos de prestaci\u00f3n de servicios y aseguran el cumplimiento de la normativa en materia de protecci\u00f3n de datos.<\/p>\n<p><strong>CATEGOR\u00cdAS Y TIPOLOG\u00cdA DE LOS DATOS QUE SE TRATAN<br \/>\n<\/strong>Los datos de car\u00e1cter personal que recabaremos son los siguientes datos identificativos:<\/p>\n<ul>\n<li>Nombre y apellidos<\/li>\n<li>Direcci\u00f3n<\/li>\n<li>Curriculum Vitae<\/li>\n<li>Email y tel\u00e9fono de contacto.<\/li>\n<\/ul>\n<p>Los datos recabados son necesarios para las finalidades descritas en el apartado anterior.<\/p>\n<p><strong>TIEMPO DE CONSERVACI\u00d3N DE LOS DATOS PERSONALES<br \/>\n<\/strong> Sus datos, ser\u00e1n conservados el tiempo m\u00ednimo necesario para la correcta prestaci\u00f3n del servicio ofrecido as\u00ed como para atender las responsabilidades que se pudieran derivar del mismo y de cualquier otra exigencia legal.<\/p>\n<p>En el supuesto del env\u00edo de CV, los datos ser\u00e1n conservados en tanto dure el proceso de selecci\u00f3n y, en todo caso, por un per\u00edodo de 2 a\u00f1os. Sin perjuicio de dicho per\u00edodo, el interesado recibir\u00e1 una comunicaci\u00f3n anual solicitando la actualizaci\u00f3n de sus datos. En caso de no actualizar los mismos, FAGOR proceder\u00e1 a la supresi\u00f3n de los datos en cuesti\u00f3n, transcurrido el per\u00edodo de 2 a\u00f1os.<\/p>\n<p>En el caso de uso de sus datos para recibir el bolet\u00edn o newsletter, sus datos ser\u00e1n mantenidos hasta que manifieste su voluntad de dejar de recibir dichas comunicaciones.<\/p>\n<p><strong>DERECHOS DE LOS USUARIOS EN RELACI\u00d3N A SUS DATOS PERSONALES<br \/>\n<\/strong> Los Usuarios pueden ejercitar los derechos de acceso, rectificaci\u00f3n, cancelaci\u00f3n y oposici\u00f3n. Asimismo, tienen el derecho a retirar el consentimiento en todo momento. Podr\u00e1 ejercitar los derechos anteriormente citados dirigiendo un escrito al efecto, indicando su nombre y apellidos, y adjuntando copia del DNI o medio an\u00e1logo a:<\/p>\n<p>Fagor Automation S. Coop.<br \/>\nB\u00ba San Andres 19, Apdo 144<br \/>\n20500 Arrasate-Mondragon<br \/>\nGipuzkoa<\/p>\n<p>En caso de que considerara que FAGOR est\u00e1 incumpliendo la normativa, Ud. tiene derecho a presentar una reclamaci\u00f3n frente a la autoridad competente.<\/p>\n<p><strong>SEGURIDAD EN EL TRATAMIENTO, PROCESO INFORM\u00c1TICO Y CUSTODIA DE DATOS<br \/>\n<\/strong> FAGOR. ha adoptado las medidas t\u00e9cnicas y organizativas necesarias para evitar la p\u00e9rdida, mal uso, alteraci\u00f3n, acceso no autorizado y robo de los datos personales facilitados, habida cuenta del estado de la tecnolog\u00eda, los costes de aplicaci\u00f3n, la naturaleza, el alcance, el contexto y el fin del tratamiento, as\u00ed como los riesgos de probabilidad y gravedad variables para sus derechos y libertades. A pesar de ello, el Usuario debe ser consciente de que las medidas de seguridad en Internet no son inexpugnables.<\/p>\n<p>En todo caso, las medidas de seguridad aplicadas por FAGOR garantizan e incluyen:<\/p>\n<ul>\n<li>la capacidad de garantizar la confidencialidad, integridad, disponibilidad y resiliencia permanentes de los sistemas y servicios de tratamiento;<\/li>\n<li>la capacidad de restaurar la disponibilidad y el acceso a los datos personales de forma r\u00e1pida en caso de incidente f\u00edsico o t\u00e9cnico;<\/li>\n<li>un proceso de verificaci\u00f3n, evaluaci\u00f3n y valoraci\u00f3n regulares de la eficacia de las medidas t\u00e9cnicas y organizativas para garantizar la seguridad del tratamiento.<\/li>\n<\/ul>\n<p><strong>BAJA EN EL SERVICIO DEL ENV\u00cdO DEL BOLET\u00cdN O NEWSLETTER<br \/>\n<\/strong>El Usuario tiene derecho a revocar en cualquier momento el consentimiento prestado para el env\u00edo de comunicaciones comerciales notificando a FAGOR que no desea seguir recibiendo las mismas. Para ello, el Usuario podr\u00e1 o bien revocar su consentimiento enviando un email a la direcci\u00f3n <span style=\"color: #e1081d;\"><strong>komunikazioa@fagorautomation.es<\/strong><\/span>, indicando \u201cBAJA\u201d en el asunto, o bien pinchando en el enlace incluido en cada comunicaci\u00f3n comercial.<\/p>\n<p><strong>ENLACES<br \/>\n<\/strong>La Pol\u00edtica de Privacidad aqu\u00ed expuesta es de aplicaci\u00f3n a la p\u00e1gina web de FAGOR ., y no se garantiza en los accesos a trav\u00e9s de enlaces con este sitio, ni a los enlaces desde este sitio con otras webs.<\/p>\n<p><strong><span id=\"estado-informacion-no-financiera\">ESTADO DE INFORMACI\u00d3N NO FINANCIERA<\/span><\/strong><\/p>\n<p style=\"text-align: left;\">2022 FAGOR AUTOMATION \u2013 <a href=\"\/documents\/informacion-no-financiera\/Fagor-Automation-estado-Informacion-no-financiera-2022.pdf\">Estado de informaci\u00f3n no financiera<\/a> e <a href=\"\/documents\/informacion-no-financiera\/Fagor-Automation-Informe-verificacion-independiente-2022.pdf\" target=\"_blank\" rel=\"noopener\">Informe de verificaci\u00f3n independiente<\/a><br \/>\n2021 FAGOR AUTOMATION \u2013 <a href=\"\/documents\/informacion-no-financiera\/Fagor-Automation-estado-Informacion-no-financiera-2021.pdf\" target=\"_blank\" rel=\"noopener\">Estado de informaci\u00f3n no financiera<\/a> e <a href=\"\/documents\/informacion-no-financiera\/Fagor-Automation-Informe-verificacion-independiente-2021.pdf\" target=\"_blank\" rel=\"noopener\">Informe de verificaci\u00f3n independiente<\/a><br \/>\n2020 FAGOR AUTOMATION \u2013 <a href=\"\/documents\/informacion-no-financiera\/Fagor-Automation-estado-Informacion-no-financiera-2020.pdf\" target=\"_blank\" rel=\"noopener\">Estado de informaci\u00f3n no financiera<\/a> e <a href=\"\/documents\/informacion-no-financiera\/Fagor-Automation-Informe-verificacion-independiente-2020.pdf\" target=\"_blank\" rel=\"noopener\">Informe de verificaci\u00f3n independiente<\/a><br \/>\n2019 FAGOR AUTOMATION \u2013 <a href=\"\/documents\/informacion-no-financiera\/Fagor-Automation-estado-Informacion-no-financiera-2019.pdf\" target=\"_blank\" rel=\"noopener\">Estado de informaci\u00f3n no financiera<\/a> e <a href=\"\/documents\/informacion-no-financiera\/Fagor-Automation-Informe-verificacion-independiente-2019.pdf\" target=\"_blank\" rel=\"noopener\">Informe de verificaci\u00f3n independiente<\/a><br \/>\n2018 FAGOR AUTOMATION \u2013 <a href=\"\/documents\/informacion-no-financiera\/Fagor-Automation-estado-Informacion-no-financiera-2018.pdf\">Estado de informaci\u00f3n no financiera<\/a> e <a href=\"\/documents\/informacion-no-financiera\/Fagor-Automation-informe-verificacion-independiente-2018.pdf\" target=\"_blank\" rel=\"noopener\">Informe de verificaci\u00f3n independiente<\/a><\/p>\n<p>&nbsp;<\/p>\n","protected":false},"excerpt":{"rendered":"<p>De acuerdo con lo establecido en la normativa aplicable en materia de protecci\u00f3n de datos &#8230; <a title=\"Pol\u00edtica de privacidad\" class=\"read-more\" href=\"https:\/\/www-dev.fagorautomation.com\/es\/politica-de-privacidad\/\" aria-label=\"Leer m\u00e1s sobre Pol\u00edtica de privacidad\"> <\/a><\/p>\n","protected":false},"author":1,"featured_media":0,"parent":0,"menu_order":0,"comment_status":"closed","ping_status":"closed","template":"","meta":{"_acf_changed":false,"footnotes":""},"categories":[396,1532],"tags":[],"class_list":{"0":"post-17086","1":"page","2":"type-page","3":"status-publish","5":"category-page-title-franja-red","6":"category-sin-footer-breadcrumb"},"acf":[],"wpml_current_locale":"es_ES","wpml_translations":[{"locale":"en","id":17116,"post_title":"Privacy policy","href":"https:\/\/www-dev.fagorautomation.com\/en\/privacy-policy\/"},{"locale":"en_US","id":17120,"post_title":"Privacy policy","href":"https:\/\/www-dev.fagorautomation.com\/en-us\/privacy-policy\/"},{"locale":"it_IT","id":17121,"post_title":"Politica sulla riservatezza","href":"https:\/\/www-dev.fagorautomation.com\/it\/politica-sulla-riservatezza\/"},{"locale":"fr_FR","id":17117,"post_title":"Politique de confidentialit\u00e9","href":"https:\/\/www-dev.fagorautomation.com\/fr\/politique-de-confidentialite\/"},{"locale":"pt_BR","id":17123,"post_title":"Pol\u00edtica de privacidade","href":"https:\/\/www-dev.fagorautomation.com\/pt-br\/politica-de-privacidade\/"},{"locale":"pt_PT","id":17124,"post_title":"Pol\u00edtica de privacidade","href":"https:\/\/www-dev.fagorautomation.com\/pt-pt\/politica-de-privacidade\/"},{"locale":"de_DE","id":17118,"post_title":"Datenschutz","href":"https:\/\/www-dev.fagorautomation.com\/de\/datenschutz\/"},{"locale":"en_IN","id":17119,"post_title":"Privacy policy","href":"https:\/\/www-dev.fagorautomation.com\/hi\/privacy-policy\/"},{"locale":"ja","id":17122,"post_title":"\u30d7\u30e9\u30a4\u30d9\u30fc\u30c8\u30dd\u30ea\u30b7\u30fc","href":"https:\/\/www-dev.fagorautomation.com\/ja\/%e3%83%97%e3%83%a9%e3%82%a4%e3%83%99%e3%83%bc%e3%83%88%e3%83%9d%e3%83%aa%e3%82%b7%e3%83%bc\/"},{"locale":"eu_ES","id":17115,"post_title":"Pribatasun politika","href":"https:\/\/www-dev.fagorautomation.com\/eu\/pribatasun-politika\/"},{"locale":"zh_CN","id":909807,"post_title":"Privacy policy","href":"https:\/\/www-dev.fagorautomation.com\/zh-hans\/privacy-policy\/"}],"_links":{"self":[{"href":"https:\/\/www-dev.fagorautomation.com\/es\/wp-json\/wp\/v2\/pages\/17086","targetHints":{"allow":["GET"]}}],"collection":[{"href":"https:\/\/www-dev.fagorautomation.com\/es\/wp-json\/wp\/v2\/pages"}],"about":[{"href":"https:\/\/www-dev.fagorautomation.com\/es\/wp-json\/wp\/v2\/types\/page"}],"author":[{"embeddable":true,"href":"https:\/\/www-dev.fagorautomation.com\/es\/wp-json\/wp\/v2\/users\/1"}],"replies":[{"embeddable":true,"href":"https:\/\/www-dev.fagorautomation.com\/es\/wp-json\/wp\/v2\/comments?post=17086"}],"version-history":[{"count":0,"href":"https:\/\/www-dev.fagorautomation.com\/es\/wp-json\/wp\/v2\/pages\/17086\/revisions"}],"wp:attachment":[{"href":"https:\/\/www-dev.fagorautomation.com\/es\/wp-json\/wp\/v2\/media?parent=17086"}],"wp:term":[{"taxonomy":"category","embeddable":true,"href":"https:\/\/www-dev.fagorautomation.com\/es\/wp-json\/wp\/v2\/categories?post=17086"},{"taxonomy":"post_tag","embeddable":true,"href":"https:\/\/www-dev.fagorautomation.com\/es\/wp-json\/wp\/v2\/tags?post=17086"}],"curies":[{"name":"wp","href":"https:\/\/api.w.org\/{rel}","templated":true}]}}