{"id":832684,"date":"2021-12-01T08:47:20","date_gmt":"2021-12-01T07:47:20","guid":{"rendered":"https:\/\/www-dev.fagorautomation.com\/corporate\/"},"modified":"2022-07-20T12:59:39","modified_gmt":"2022-07-20T11:59:39","slug":"kooperative","status":"publish","type":"page","link":"https:\/\/www-dev.fagorautomation.com\/de\/kooperative\/","title":{"rendered":"Kooperative"},"content":{"rendered":"<div id=\"pl-832684\"  class=\"panel-layout\" ><div id=\"pg-832684-0\"  class=\"panel-grid panel-has-style\" ><div class=\"empresa-section01 panel-row-style panel-row-style-for-832684-0\" ><div id=\"pgc-832684-0-0\"  class=\"panel-grid-cell\" ><div id=\"panel-832684-0-0-0\" class=\"so-panel widget widget_sow-headline panel-first-child panel-last-child\" data-index=\"0\" ><div\n\t\t\t\n\t\t\tclass=\"so-widget-sow-headline so-widget-sow-headline-default-6b5115c76cdb-832684\"\n\t\t\t\n\t\t><div class=\"sow-headline-container \">\n\t\t\t\t\t\t\t<p class=\"sow-sub-headline\">\n\t\t\t\t\t\t<strong>Fagor Automation<\/strong>  ist ein Unternehmen mit gro\u00dfer Erfahrung in der Entwicklung und Herstellung von Produkten f\u00fcr die Automatisierung und Steuerung von Maschinen. \t\t\t\t\t\t<\/p>\n\t\t\t\t\t\t<\/div>\n<\/div><\/div><\/div><div id=\"pgc-832684-0-1\"  class=\"panel-grid-cell\" ><div id=\"panel-832684-0-1-0\" class=\"so-panel widget widget_sow-editor panel-first-child panel-last-child\" data-index=\"1\" ><div\n\t\t\t\n\t\t\tclass=\"so-widget-sow-editor so-widget-sow-editor-base\"\n\t\t\t\n\t\t>\n<div class=\"siteorigin-widget-tinymce textwidget\">\n\t<p>Es zeichnet sich durch seine F\u00e4higkeit aus, Software zu entwickeln und durch die Vielseitigkeit seines Produktionsprozesses L\u00f6sungen anzubieten, die auf die Bed\u00fcrfnisse seiner Kunden zugeschnitten sind.<\/p>\n<p>In der Vergangenheit hat sich FAGOR AUTOMATION auf den Werkzeugmaschinensektor konzentriert, in dem es zu den weltweit f\u00fchrenden Unternehmen geh\u00f6rt. Au\u00dferdem ist dessen weitl\u00e4ufiges technisches und vertriebliches Netzwerk, durch eigene Niederlassungen und H\u00e4ndler, auf \u00fcber 50 L\u00e4nder verteilt.<\/p>\n<\/div>\n<\/div><\/div><\/div><\/div><\/div><div id=\"pg-832684-1\"  class=\"panel-grid panel-has-style\" ><div class=\"empresa-section02 siteorigin-panels-stretch panel-row-style panel-row-style-for-832684-1\" data-stretch-type=\"full\" ><div id=\"pgc-832684-1-0\"  class=\"panel-grid-cell\" ><div id=\"panel-832684-1-0-0\" class=\"so-panel widget widget_siteorigin-panels-builder panel-first-child panel-last-child\" data-index=\"2\" ><div id=\"pl-w6266b165d0907\"  class=\"panel-layout\" ><div id=\"pg-w6266b165d0907-0\"  class=\"panel-grid panel-has-style\" ><div class=\"cifras-home panel-row-style panel-row-style-for-w6266b165d0907-0\" ><div id=\"pgc-w6266b165d0907-0-0\"  class=\"panel-grid-cell\" ><div id=\"panel-w6266b165d0907-0-0-0\" class=\"so-panel widget widget_sow-headline panel-first-child\" data-index=\"0\" ><div class=\"panel-widget-style panel-widget-style-for-w6266b165d0907-0-0-0\" ><div\n\t\t\t\n\t\t\tclass=\"so-widget-sow-headline so-widget-sow-headline-default-4df8eb182716 so-widget-fittext-wrapper\"\n\t\t\t data-fit-text-compressor=\"0.85\"\n\t\t><div class=\"sow-headline-container \">\n\t\t\t\t\t\t\t<h2 class=\"sow-headline\">\n\t\t\t\t\t\tUmfassendes kommerzielles Netzwerk\t\t\t\t\t\t<\/h2>\n\t\t\t\t\t\t<\/div>\n<\/div><\/div><\/div><div id=\"panel-w6266b165d0907-0-0-1\" class=\"so-panel widget widget_lsow-odometers panel-last-child\" data-index=\"1\" ><div class=\"cifras panel-widget-style panel-widget-style-for-w6266b165d0907-0-0-1\" ><div\n\t\t\t\n\t\t\tclass=\"so-widget-lsow-odometers so-widget-lsow-odometers-default-d75171398898\"\n\t\t\t\n\t\t>\n<div class=\"lsow-odometers lsow-grid-container  lsow-grid-desktop-4 lsow-grid-tablet-2 lsow-grid-mobile-1\"><div class=\"lsow-grid-item lsow-odometer\"><span class=\"lsow-prefix\">+<\/span><div class=\"lsow-number odometer\" data-stop=\"50\">0<\/div><!-- .lsow-number --><div class=\"lsow-stats-title-wrap\"><div class=\"lsow-stats-title\"><span class=\"lsow-icon-wrapper\"><\/span>L\u00e4nder <\/div><\/div><\/div><!-- .lsow-odometer --><div class=\"lsow-grid-item lsow-odometer\"><div class=\"lsow-number odometer\" data-stop=\"4\">0<\/div><!-- .lsow-number --><div class=\"lsow-stats-title-wrap\"><div class=\"lsow-stats-title\"><span class=\"lsow-icon-wrapper\"><\/span>Produktionsstandorte<\/div><\/div><\/div><!-- .lsow-odometer --><div class=\"lsow-grid-item lsow-odometer\"><span class=\"lsow-prefix\">+<\/span><div class=\"lsow-number odometer\" data-stop=\"30\">0<\/div><!-- .lsow-number --><div class=\"lsow-stats-title-wrap\"><div class=\"lsow-stats-title\"><span class=\"lsow-icon-wrapper\"><\/span>Niederlassungen <\/div><\/div><\/div><!-- .lsow-odometer --><div class=\"lsow-grid-item lsow-odometer\"><span class=\"lsow-prefix\">+<\/span><div class=\"lsow-number odometer\" data-stop=\"40\">0<\/div><!-- .lsow-number --><div class=\"lsow-stats-title-wrap\"><div class=\"lsow-stats-title\"><span class=\"lsow-icon-wrapper\"><\/span>H\u00e4ndler <\/div><\/div><\/div><!-- .lsow-odometer --><\/div><!-- .lsow-odometers --><div class=\"lsow-clear\"><\/div><\/div><\/div><\/div><\/div><\/div><\/div><div id=\"pg-w6266b165d0907-1\"  class=\"panel-grid panel-no-style\" ><div id=\"pgc-w6266b165d0907-1-0\"  class=\"panel-grid-cell\" ><div id=\"panel-w6266b165d0907-1-0-0\" class=\"so-panel widget widget_sow-button panel-first-child panel-last-child\" data-index=\"2\" ><div\n\t\t\t\n\t\t\tclass=\"so-widget-sow-button so-widget-sow-button-flat-6b127c703005\"\n\t\t\t\n\t\t><div class=\"ow-button-base ow-button-align-center\"\n>\n\t\t\t<a\n\t\t\t\t\thref=\"https:\/\/www-dev.fagorautomation.com\/en\/corporate\/location\/\"\n\t\t\t\t\tclass=\"sowb-button ow-icon-placement-left ow-button-hover\" \t>\n\t\t<span>\n\t\t\t\n\t\t\t Lernen Sie unser Handelsnetzwerk kennen\t\t<\/span>\n\t\t\t<\/a>\n\t<\/div>\n<\/div><\/div><\/div><\/div><\/div><\/div><\/div><\/div><\/div><div id=\"pg-832684-2\"  class=\"panel-grid panel-has-style\" ><div class=\"empresa-section03 panel-row-style panel-row-style-for-832684-2\" ><div id=\"pgc-832684-2-0\"  class=\"panel-grid-cell\" ><div id=\"panel-832684-2-0-0\" class=\"so-panel widget widget_sow-image panel-first-child panel-last-child\" data-index=\"3\" ><div class=\"panel-widget-style panel-widget-style-for-832684-2-0-0\" ><div\n\t\t\t\n\t\t\tclass=\"so-widget-sow-image so-widget-sow-image-default-dbf295114b96-832684\"\n\t\t\t\n\t\t>\n<div class=\"sow-image-container\">\n\t\t\t<a href=\"https:\/\/www.mondragon-corporation.com\/en\/\"\n\t\t\ttarget=\"_blank\" rel=\"noopener noreferrer\" \t\t>\n\t\t\t<img \n\tsrc=\"https:\/\/www-dev.fagorautomation.com\/wp-content\/uploads\/corporacion-mondragon-1.jpg\" width=\"800\" height=\"533\" srcset=\"https:\/\/www-dev.fagorautomation.com\/wp-content\/uploads\/corporacion-mondragon-1.jpg 800w, https:\/\/www-dev.fagorautomation.com\/wp-content\/uploads\/corporacion-mondragon-1-300x200.jpg 300w, https:\/\/www-dev.fagorautomation.com\/wp-content\/uploads\/corporacion-mondragon-1-768x512.jpg 768w, https:\/\/www-dev.fagorautomation.com\/wp-content\/uploads\/corporacion-mondragon-1-272x182.jpg 272w\" sizes=\"(max-width: 800px) 100vw, 800px\" title=\"Kooperative Mondragon\" alt=\"Kooperative Mondragon\" \t\tclass=\"so-widget-image\"\/>\n\t\t\t<\/a><\/div>\n\n<\/div><\/div><\/div><\/div><div id=\"pgc-832684-2-1\"  class=\"panel-grid-cell\" ><div id=\"panel-832684-2-1-0\" class=\"so-panel widget widget_sow-headline panel-first-child\" data-index=\"4\" ><div\n\t\t\t\n\t\t\tclass=\"so-widget-sow-headline so-widget-sow-headline-default-b0f25f4fff28-832684 so-widget-fittext-wrapper\"\n\t\t\t data-fit-text-compressor=\"0.85\"\n\t\t><div class=\"sow-headline-container \">\n\t\t\t\t\t\t\t<h2 class=\"sow-headline\">\n\t\t\t\t\t\tKooperative Mondragon\t\t\t\t\t\t<\/h2>\n\t\t\t\t\t\t<\/div>\n<\/div><\/div><div id=\"panel-832684-2-1-1\" class=\"so-panel widget widget_sow-editor\" data-index=\"5\" ><div\n\t\t\t\n\t\t\tclass=\"so-widget-sow-editor so-widget-sow-editor-base\"\n\t\t\t\n\t\t>\n<div class=\"siteorigin-widget-tinymce textwidget\">\n\t<p>FAGOR AUTOMATION ist Teil der <strong>Mondragon Kooperation<\/strong>, der f\u00fchrenden baskischen Unternehmensgruppe und der zehntgr\u00f6\u00dfte in Spanien. Sie setzt sich aus \u00fcber 260 Unternehmen und K\u00f6rperschaften zusammen, die wiederum in vier sektorale Bereiche gegliedert sind: Finanzen, Industrie, Handel und Wissen (Trainings- und F&amp;E-Zentren).<\/p>\n<\/div>\n<\/div><\/div><div id=\"panel-832684-2-1-2\" class=\"so-panel widget widget_sow-features\" data-index=\"6\" ><div class=\"cifras-mondragon panel-widget-style panel-widget-style-for-832684-2-1-2\" ><div\n\t\t\t\n\t\t\tclass=\"so-widget-sow-features so-widget-sow-features-default-4b689551a4bf-832684\"\n\t\t\t\n\t\t><ul\n\tclass=\"sow-features-list\n\tsow-features-responsive\">\n\n\t\t\t<li\n\t\t\tclass=\"sow-features-feature sow-icon-container-position-top\"\n\t\t\tstyle=\"display: flex; flex-direction: column; width: calc(33.333% - 25px);\"\n\t\t>\n\t\t\t\n\t\t\t\t\t\t<div\t\t\t\tclass=\"sow-icon-container sow-container-none\"\n\t\t\t\tstyle=\"color: ; \"\n\t\t\t\t\n\t\t\t\t\t\t\t>\n\t\t\t\t\t\t\t<\/div>\n\n\t\t\t<div class=\"textwidget\">\n\t\t\t\t\n\t\t\t\t\t\t\t\t\t<h4 class=\"sow-features-feature-title\">\n\t\t\t\t\t\t12.229 Mio. \u20ac\t\t\t\t\t<\/h4>\n\t\t\t\t\n\t\t\t\t\t\t\t\t\t<div class=\"sow-features-feature-text\">\n\t\t\t\t\t<p>Umsatz<\/p>\n\t\t\t\t\t<\/div>\n\t\t\t\t\t\t\t\t<\/div>\n\t\t\t\t\t\t\t\t<\/li>\n\n\t\t\t<li\n\t\t\tclass=\"sow-features-feature sow-icon-container-position-top\"\n\t\t\tstyle=\"display: flex; flex-direction: column; width: calc(33.333% - 25px);\"\n\t\t>\n\t\t\t\n\t\t\t\t\t\t<div\t\t\t\tclass=\"sow-icon-container sow-container-none\"\n\t\t\t\tstyle=\"color: ; \"\n\t\t\t\t\n\t\t\t\t\t\t\t>\n\t\t\t\t\t\t\t<\/div>\n\n\t\t\t<div class=\"textwidget\">\n\t\t\t\t\n\t\t\t\t\t\t\t\t\t<h4 class=\"sow-features-feature-title\">\n\t\t\t\t\t\t+250\t\t\t\t\t<\/h4>\n\t\t\t\t\n\t\t\t\t\t\t\t\t\t<div class=\"sow-features-feature-text\">\n\t\t\t\t\t<p>Kooperativen:<\/p>\n\t\t\t\t\t<\/div>\n\t\t\t\t\t\t\t\t<\/div>\n\t\t\t\t\t\t\t\t<\/li>\n\n\t\t\t<li\n\t\t\tclass=\"sow-features-feature sow-icon-container-position-top\"\n\t\t\tstyle=\"display: flex; flex-direction: column; width: calc(33.333% - 25px);\"\n\t\t>\n\t\t\t\n\t\t\t\t\t\t<div\t\t\t\tclass=\"sow-icon-container sow-container-none\"\n\t\t\t\tstyle=\"color: ; \"\n\t\t\t\t\n\t\t\t\t\t\t\t>\n\t\t\t\t\t\t\t<\/div>\n\n\t\t\t<div class=\"textwidget\">\n\t\t\t\t\n\t\t\t\t\t\t\t\t\t<h4 class=\"sow-features-feature-title\">\n\t\t\t\t\t\t81.507\t\t\t\t\t<\/h4>\n\t\t\t\t\n\t\t\t\t\t\t\t\t\t<div class=\"sow-features-feature-text\">\n\t\t\t\t\t<p>Menschen<\/p>\n\t\t\t\t\t<\/div>\n\t\t\t\t\t\t\t\t<\/div>\n\t\t\t\t\t\t\t\t<\/li>\n\n\t\t\t<li\n\t\t\tclass=\"sow-features-feature sow-icon-container-position-top\"\n\t\t\tstyle=\"display: flex; flex-direction: column; width: calc(33.333% - 25px);\"\n\t\t>\n\t\t\t\n\t\t\t\t\t\t<div\t\t\t\tclass=\"sow-icon-container sow-container-none\"\n\t\t\t\tstyle=\"color: ; \"\n\t\t\t\t\n\t\t\t\t\t\t\t>\n\t\t\t\t\t\t\t<\/div>\n\n\t\t\t<div class=\"textwidget\">\n\t\t\t\t\n\t\t\t\t\t\t\t\t\t<h4 class=\"sow-features-feature-title\">\n\t\t\t\t\t\t188 Mio. \u20ac\t\t\t\t\t<\/h4>\n\t\t\t\t\n\t\t\t\t\t\t\t\t\t<div class=\"sow-features-feature-text\">\n\t\t\t\t\t<p>Investment in F&amp;E:<\/p>\n\t\t\t\t\t<\/div>\n\t\t\t\t\t\t\t\t<\/div>\n\t\t\t\t\t\t\t\t<\/li>\n\n\t\t\t<li\n\t\t\tclass=\"sow-features-feature sow-icon-container-position-top\"\n\t\t\tstyle=\"display: flex; flex-direction: column; width: calc(33.333% - 25px);\"\n\t\t>\n\t\t\t\n\t\t\t\t\t\t<div\t\t\t\tclass=\"sow-icon-container sow-container-none\"\n\t\t\t\tstyle=\"color: ; \"\n\t\t\t\t\n\t\t\t\t\t\t\t>\n\t\t\t\t\t\t\t<\/div>\n\n\t\t\t<div class=\"textwidget\">\n\t\t\t\t\n\t\t\t\t\t\t\t\t\t<h4 class=\"sow-features-feature-title\">\n\t\t\t\t\t\t14\t\t\t\t\t<\/h4>\n\t\t\t\t\n\t\t\t\t\t\t\t\t\t<div class=\"sow-features-feature-text\">\n\t\t\t\t\t<p>Technologie-Zentren<\/p>\n\t\t\t\t\t<\/div>\n\t\t\t\t\t\t\t\t<\/div>\n\t\t\t\t\t\t\t\t<\/li>\n\n\t\t\t<li\n\t\t\tclass=\"sow-features-feature sow-icon-container-position-top\"\n\t\t\tstyle=\"display: flex; flex-direction: column; width: calc(33.333% - 25px);\"\n\t\t>\n\t\t\t\n\t\t\t\t\t\t<div\t\t\t\tclass=\"sow-icon-container sow-container-none\"\n\t\t\t\tstyle=\"color: ; \"\n\t\t\t\t\n\t\t\t\t\t\t\t>\n\t\t\t\t\t\t\t<\/div>\n\n\t\t\t<div class=\"textwidget\">\n\t\t\t\t\n\t\t\t\t\t\t\t\t\t<h4 class=\"sow-features-feature-title\">\n\t\t\t\t\t\t521\t\t\t\t\t<\/h4>\n\t\t\t\t\n\t\t\t\t\t\t\t\t\t<div class=\"sow-features-feature-text\">\n\t\t\t\t\t<p>Patentfamilien:<\/p>\n\t\t\t\t\t<\/div>\n\t\t\t\t\t\t\t\t<\/div>\n\t\t\t\t\t\t\t\t<\/li>\n\n\t<\/ul>\n<\/div><\/div><\/div><div id=\"panel-832684-2-1-3\" class=\"so-panel widget widget_sow-button panel-last-child\" data-index=\"7\" ><div\n\t\t\t\n\t\t\tclass=\"so-widget-sow-button so-widget-sow-button-flat-a8e9619a6254-832684\"\n\t\t\t\n\t\t><div class=\"ow-button-base ow-button-align-left\"\n>\n\t\t\t<a\n\t\t\t\t\thref=\"https:\/\/www.mondragon-corporation.com\/en\/\"\n\t\t\t\t\tclass=\"sowb-button ow-icon-placement-left ow-button-hover\" target=\"_blank\" rel=\"noopener noreferrer\" \t>\n\t\t<span>\n\t\t\t\n\t\t\tBesuchen Sie unsere Webseite\t\t<\/span>\n\t\t\t<\/a>\n\t<\/div>\n<\/div><\/div><\/div><\/div><\/div><div id=\"pg-832684-3\"  class=\"panel-grid panel-has-style\" ><div class=\"empresa-section04 siteorigin-panels-stretch panel-row-style panel-row-style-for-832684-3\" data-stretch-type=\"full\" ><div id=\"pgc-832684-3-0\"  class=\"panel-grid-cell\" ><div class=\"panel-cell-style panel-cell-style-for-832684-3-0\" ><div id=\"panel-832684-3-0-0\" class=\"so-panel widget widget_sow-headline panel-first-child\" data-index=\"8\" ><div class=\"panel-widget-style panel-widget-style-for-832684-3-0-0\" ><div\n\t\t\t\n\t\t\tclass=\"so-widget-sow-headline so-widget-sow-headline-default-0c5ccad63f18-832684 so-widget-fittext-wrapper\"\n\t\t\t data-fit-text-compressor=\"0.85\"\n\t\t><div class=\"sow-headline-container \">\n\t\t\t\t\t\t\t<h2 class=\"sow-headline\">\n\t\t\t\t\t\tF&amp;E&amp;I Projekte \t\t\t\t\t\t<\/h2>\n\t\t\t\t\t\t\t\t\t\t\t\t<p class=\"sow-sub-headline\">\n\t\t\t\t\t\tForschung, Entwicklung und Innovation \t\t\t\t\t\t<\/p>\n\t\t\t\t\t\t<\/div>\n<\/div><\/div><\/div><div id=\"panel-832684-3-0-1\" class=\"so-panel widget widget_sow-button panel-last-child\" data-index=\"9\" ><div class=\"panel-widget-style panel-widget-style-for-832684-3-0-1\" ><div\n\t\t\t\n\t\t\tclass=\"so-widget-sow-button so-widget-sow-button-flat-e16a275f2f15-832684\"\n\t\t\t\n\t\t><div class=\"ow-button-base ow-button-align-left\"\n>\n\t\t\t<a\n\t\t\t\t\thref=\"https:\/\/www-dev.fagorautomation.com\/en\/rdi-projects\/\"\n\t\t\t\t\tclass=\"sowb-button ow-icon-placement-left ow-button-hover\" \t>\n\t\t<span>\n\t\t\t\n\t\t\tmehr\t\t<\/span>\n\t\t\t<\/a>\n\t<\/div>\n<\/div><\/div><\/div><\/div><\/div><\/div><\/div><div id=\"pg-832684-4\"  class=\"panel-grid panel-has-style\" ><div class=\"empresa-section04 siteorigin-panels-stretch panel-row-style panel-row-style-for-832684-4\" data-stretch-type=\"full\" ><div id=\"pgc-832684-4-0\"  class=\"panel-grid-cell\" ><div class=\"panel-cell-style panel-cell-style-for-832684-4-0\" ><div id=\"panel-832684-4-0-0\" class=\"so-panel widget widget_sow-headline panel-first-child\" data-index=\"10\" ><div class=\"panel-widget-style panel-widget-style-for-832684-4-0-0\" ><div\n\t\t\t\n\t\t\tclass=\"so-widget-sow-headline so-widget-sow-headline-default-76191b1f7dd3-832684\"\n\t\t\t\n\t\t><div class=\"sow-headline-container \">\n\t\t\t\t\t\t\t<h2 class=\"sow-headline\">\n\t\t\t\t\t\tAuf der Suche nach Talenten\t\t\t\t\t\t<\/h2>\n\t\t\t\t\t\t\t\t\t\t\t\t<p class=\"sow-sub-headline\">\n\t\t\t\t\t\tSeien Sie Teil unseres Teams! \t\t\t\t\t\t<\/p>\n\t\t\t\t\t\t<\/div>\n<\/div><\/div><\/div><div id=\"panel-832684-4-0-1\" class=\"so-panel widget widget_sow-button panel-last-child\" data-index=\"11\" ><div class=\"panel-widget-style panel-widget-style-for-832684-4-0-1\" ><div\n\t\t\t\n\t\t\tclass=\"so-widget-sow-button so-widget-sow-button-flat-0117a1be39d0-832684\"\n\t\t\t\n\t\t><div class=\"ow-button-base ow-button-align-left\"\n>\n\t\t\t<a\n\t\t\t\t\thref=\"https:\/\/www-dev.fagorautomation.com\/en\/corporate\/work-with-us\/\"\n\t\t\t\t\tclass=\"sowb-button ow-icon-placement-left ow-button-hover\" \t>\n\t\t<span>\n\t\t\t\n\t\t\tmehr\t\t<\/span>\n\t\t\t<\/a>\n\t<\/div>\n<\/div><\/div><\/div><\/div><\/div><\/div><\/div><div id=\"pg-832684-5\"  class=\"panel-grid panel-has-style\" ><div class=\"empresa-section04 siteorigin-panels-stretch panel-row-style panel-row-style-for-832684-5\" data-stretch-type=\"full\" ><div id=\"pgc-832684-5-0\"  class=\"panel-grid-cell\" ><div class=\"panel-cell-style panel-cell-style-for-832684-5-0\" ><div id=\"panel-832684-5-0-0\" class=\"so-panel widget widget_sow-headline panel-first-child\" data-index=\"12\" ><div class=\"panel-widget-style panel-widget-style-for-832684-5-0-0\" ><div\n\t\t\t\n\t\t\tclass=\"so-widget-sow-headline so-widget-sow-headline-default-44fb90209951-832684 so-widget-fittext-wrapper\"\n\t\t\t data-fit-text-compressor=\"0.85\"\n\t\t><div class=\"sow-headline-container \">\n\t\t\t\t\t\t\t<h2 class=\"sow-headline\">\n\t\t\t\t\t\tQualit\u00e4t\t\t\t\t\t\t<\/h2>\n\t\t\t\t\t\t\t\t\t\t\t\t<p class=\"sow-sub-headline\">\n\t\t\t\t\t\tzuverl\u00e4ssige Produkte die alle Normen erf\u00fcllen\t\t\t\t\t\t<\/p>\n\t\t\t\t\t\t<\/div>\n<\/div><\/div><\/div><div id=\"panel-832684-5-0-1\" class=\"so-panel widget widget_sow-button panel-last-child\" data-index=\"13\" ><div class=\"panel-widget-style panel-widget-style-for-832684-5-0-1\" ><div\n\t\t\t\n\t\t\tclass=\"so-widget-sow-button so-widget-sow-button-flat-0117a1be39d0-832684\"\n\t\t\t\n\t\t><div class=\"ow-button-base ow-button-align-left\"\n>\n\t\t\t<a\n\t\t\t\t\thref=\"https:\/\/www-dev.fagorautomation.com\/en\/corporate\/quality\/\"\n\t\t\t\t\tclass=\"sowb-button ow-icon-placement-left ow-button-hover\" \t>\n\t\t<span>\n\t\t\t\n\t\t\t+ info\t\t<\/span>\n\t\t\t<\/a>\n\t<\/div>\n<\/div><\/div><\/div><\/div><\/div><\/div><\/div><div id=\"pg-832684-6\"  class=\"panel-grid panel-has-style\" ><div class=\"empresa-medios siteorigin-panels-stretch panel-row-style panel-row-style-for-832684-6\" data-stretch-type=\"full\" ><div id=\"pgc-832684-6-0\"  class=\"panel-grid-cell\" ><div class=\"panel-cell-style panel-cell-style-for-832684-6-0\" ><div id=\"panel-832684-6-0-0\" class=\"so-panel widget widget_sow-headline panel-first-child\" data-index=\"14\" ><div class=\"panel-widget-style panel-widget-style-for-832684-6-0-0\" ><div\n\t\t\t\n\t\t\tclass=\"so-widget-sow-headline so-widget-sow-headline-default-0c5ccad63f18-832684 so-widget-fittext-wrapper\"\n\t\t\t data-fit-text-compressor=\"0.85\"\n\t\t><div class=\"sow-headline-container \">\n\t\t\t\t\t\t\t<h2 class=\"sow-headline\">\n\t\t\t\t\t\tMedien und Presse\t\t\t\t\t\t<\/h2>\n\t\t\t\t\t\t\t\t\t\t\t\t<p class=\"sow-sub-headline\">\n\t\t\t\t\t\tDownload unserer offiziellen Logos\t\t\t\t\t\t<\/p>\n\t\t\t\t\t\t<\/div>\n<\/div><\/div><\/div><div id=\"panel-832684-6-0-1\" class=\"so-panel widget widget_sow-button panel-last-child\" data-index=\"15\" ><div class=\"panel-widget-style panel-widget-style-for-832684-6-0-1\" ><div\n\t\t\t\n\t\t\tclass=\"so-widget-sow-button so-widget-sow-button-flat-572deff4db4a-832684\"\n\t\t\t\n\t\t><div class=\"ow-button-base ow-button-align-left\"\n>\n\t\t\t<a\n\t\t\t\t\thref=\"https:\/\/www-dev.fagorautomation.com\/en\/corporate\/media-press\/\"\n\t\t\t\t\tclass=\"sowb-button ow-icon-placement-left\" \t>\n\t\t<span>\n\t\t\t\n\t\t\tmehr\t\t<\/span>\n\t\t\t<\/a>\n\t<\/div>\n<\/div><\/div><\/div><\/div><\/div><\/div><\/div><div id=\"pg-832684-7\"  class=\"panel-grid panel-has-style\" ><div class=\"empresa-section04 siteorigin-panels-stretch panel-row-style panel-row-style-for-832684-7\" data-stretch-type=\"full\" ><div id=\"pgc-832684-7-0\"  class=\"panel-grid-cell\" ><div id=\"panel-832684-7-0-0\" class=\"so-panel widget widget_siteorigin-panels-builder panel-first-child panel-last-child\" data-index=\"16\" ><div id=\"pl-w62695042d5d7f\"  class=\"panel-layout\" ><div id=\"pg-w62695042d5d7f-0\"  class=\"panel-grid panel-no-style\" ><div id=\"pgc-w62695042d5d7f-0-0\"  class=\"panel-grid-cell\" ><div id=\"panel-w62695042d5d7f-0-0-0\" class=\"so-panel widget widget_sow-headline panel-first-child panel-last-child\" data-index=\"0\" ><div\n\t\t\t\n\t\t\tclass=\"so-widget-sow-headline so-widget-sow-headline-default-e41e1b04151e so-widget-fittext-wrapper\"\n\t\t\t data-fit-text-compressor=\"0.85\"\n\t\t><div class=\"sow-headline-container \">\n\t\t\t\t\t\t\t<h2 class=\"sow-headline\">\n\t\t\t\t\t\tKontaktieren Sie uns \t\t\t\t\t\t<\/h2>\n\t\t\t\t\t\t\t\t\t\t\t\t<p class=\"sow-sub-headline\">\n\t\t\t\t\t\tSchreiben Sie uns, und wir setzen uns so schnell wie m\u00f6glich mit Ihnen in Verbindung \t\t\t\t\t\t<\/p>\n\t\t\t\t\t\t<\/div>\n<\/div><\/div><\/div><div id=\"pgc-w62695042d5d7f-0-1\"  class=\"panel-grid-cell\" ><div id=\"panel-w62695042d5d7f-0-1-0\" class=\"so-panel widget widget_sow-editor panel-first-child panel-last-child\" data-index=\"1\" ><div class=\"panel-widget-style panel-widget-style-for-w62695042d5d7f-0-1-0\" ><div\n\t\t\t\n\t\t\tclass=\"so-widget-sow-editor so-widget-sow-editor-base\"\n\t\t\t\n\t\t>\n<div class=\"siteorigin-widget-tinymce textwidget\">\n\t<p class=\"wpcf7-contact-form-not-found\"><strong>Fehler:<\/strong> Kontaktformular wurde nicht gefunden.<\/p>\n<\/div>\n<\/div><\/div><\/div><\/div><\/div><\/div><\/div><\/div><\/div><\/div><\/div>","protected":false},"excerpt":{"rendered":"<p>Es zeichnet sich durch seine F\u00e4higkeit aus, Software zu entwickeln und durch die Vielseitigkeit seines &#8230; <a title=\"Kooperative\" class=\"read-more\" href=\"https:\/\/www-dev.fagorautomation.com\/de\/kooperative\/\" aria-label=\"Mehr Informationen \u00fcber Kooperative\"> <\/a><\/p>\n","protected":false},"author":1,"featured_media":0,"parent":0,"menu_order":0,"comment_status":"closed","ping_status":"closed","template":"","meta":{"_acf_changed":false,"footnotes":""},"categories":[1352,1331],"tags":[],"class_list":{"0":"post-832684","1":"page","2":"type-page","3":"status-publish","5":"category-landing-page-de","6":"category-menu-empresa-de"},"acf":[],"wpml_current_locale":"de_DE","wpml_translations":[{"locale":"en","id":820922,"post_title":"Corporate","href":"https:\/\/www-dev.fagorautomation.com\/en\/corporate\/"},{"locale":"es_ES","id":226,"post_title":"Corporativo","href":"https:\/\/www-dev.fagorautomation.com\/es\/corporativo\/"},{"locale":"en_US","id":832686,"post_title":"Corporate","href":"https:\/\/www-dev.fagorautomation.com\/en-us\/corporate\/"},{"locale":"it_IT","id":832687,"post_title":"Corporate","href":"https:\/\/www-dev.fagorautomation.com\/it\/corporate\/"},{"locale":"fr_FR","id":832683,"post_title":"Entreprise","href":"https:\/\/www-dev.fagorautomation.com\/fr\/entreprise\/"},{"locale":"pt_BR","id":832680,"post_title":"Corporativo","href":"https:\/\/www-dev.fagorautomation.com\/pt-br\/corporativo\/"},{"locale":"pt_PT","id":832681,"post_title":"Corporativo","href":"https:\/\/www-dev.fagorautomation.com\/pt-pt\/corporativo\/"},{"locale":"en_IN","id":832685,"post_title":"Corporate","href":"https:\/\/www-dev.fagorautomation.com\/hi\/corporate\/"},{"locale":"ja","id":832688,"post_title":"\u30b3\u30fc\u30dd\u30ec\u30fc\u30c8","href":"https:\/\/www-dev.fagorautomation.com\/ja\/%e3%82%b3%e3%83%bc%e3%83%9d%e3%83%ac%e3%83%bc%e3%83%88\/"},{"locale":"eu_ES","id":832682,"post_title":"Korporatiboa","href":"https:\/\/www-dev.fagorautomation.com\/eu\/korporatiboa\/"},{"locale":"zh_CN","id":906370,"post_title":"\u516c\u53f8\u7b80\u4ecb","href":"https:\/\/www-dev.fagorautomation.com\/zh-hans\/%e5%85%ac%e5%8f%b8%e7%ae%80%e4%bb%8b\/"}],"_links":{"self":[{"href":"https:\/\/www-dev.fagorautomation.com\/de\/wp-json\/wp\/v2\/pages\/832684","targetHints":{"allow":["GET"]}}],"collection":[{"href":"https:\/\/www-dev.fagorautomation.com\/de\/wp-json\/wp\/v2\/pages"}],"about":[{"href":"https:\/\/www-dev.fagorautomation.com\/de\/wp-json\/wp\/v2\/types\/page"}],"author":[{"embeddable":true,"href":"https:\/\/www-dev.fagorautomation.com\/de\/wp-json\/wp\/v2\/users\/1"}],"replies":[{"embeddable":true,"href":"https:\/\/www-dev.fagorautomation.com\/de\/wp-json\/wp\/v2\/comments?post=832684"}],"version-history":[{"count":0,"href":"https:\/\/www-dev.fagorautomation.com\/de\/wp-json\/wp\/v2\/pages\/832684\/revisions"}],"wp:attachment":[{"href":"https:\/\/www-dev.fagorautomation.com\/de\/wp-json\/wp\/v2\/media?parent=832684"}],"wp:term":[{"taxonomy":"category","embeddable":true,"href":"https:\/\/www-dev.fagorautomation.com\/de\/wp-json\/wp\/v2\/categories?post=832684"},{"taxonomy":"post_tag","embeddable":true,"href":"https:\/\/www-dev.fagorautomation.com\/de\/wp-json\/wp\/v2\/tags?post=832684"}],"curies":[{"name":"wp","href":"https:\/\/api.w.org\/{rel}","templated":true}]}}