{"id":832656,"date":"2021-12-01T15:17:59","date_gmt":"2021-12-01T14:17:59","guid":{"rendered":"https:\/\/www-dev.fagorautomation.com\/quality\/"},"modified":"2022-07-06T10:25:36","modified_gmt":"2022-07-06T09:25:36","slug":"quality","status":"publish","type":"page","link":"https:\/\/www-dev.fagorautomation.com\/de\/kooperative\/quality\/","title":{"rendered":"Quality"},"content":{"rendered":"<div id=\"pl-832656\"  class=\"panel-layout\" ><div id=\"pg-832656-0\"  class=\"panel-grid panel-no-style\" ><div id=\"pgc-832656-0-0\"  class=\"panel-grid-cell\" ><div id=\"panel-832656-0-0-0\" class=\"so-panel widget widget_sow-editor panel-first-child panel-last-child\" data-index=\"0\" ><div\n\t\t\t\n\t\t\tclass=\"so-widget-sow-editor so-widget-sow-editor-base\"\n\t\t\t\n\t\t>\n<div class=\"siteorigin-widget-tinymce textwidget\">\n\t<p>Um dem Kunden zuverl\u00e4ssige Produkte, die allen Standards gerecht werden, anzubieten werden alle Produkte von FAGOR AUTOMATION strengen Qualit\u00e4tskontrollen unterworfen. Die Firma wurde von verschiedenen Organisationen (Unterzeichnende Laboratorien, AENOR, usw.) f\u00fcr ihre Qualit\u00e4tssicherung zertifiziert.<\/p>\n<p>Die Produkte werden Funktionspr\u00fcfungen unterzogen, die mit den fortschrittlichsten Ger\u00e4ten durchgef\u00fchrt werden: Pr\u00e4zision Laserpr\u00fcfger\u00e4ten, Mikroskope f\u00fcr die Messung feiner Schichten (bis 15 nm.), digitale Oszilloskope und optisches Labor.<\/p>\n<\/div>\n<\/div><\/div><\/div><\/div><div id=\"pg-832656-1\"  class=\"panel-grid panel-no-style\" ><div id=\"pgc-832656-1-0\"  class=\"panel-grid-cell\" ><div id=\"panel-832656-1-0-0\" class=\"so-panel widget widget_sow-features panel-first-child panel-last-child\" data-index=\"1\" ><div\n\t\t\t\n\t\t\tclass=\"so-widget-sow-features so-widget-sow-features-default-980c277a2693-832656\"\n\t\t\t\n\t\t><ul\n\tclass=\"sow-features-list\n\tsow-features-responsive\">\n\n\t\t\t<li\n\t\t\tclass=\"sow-features-feature sow-icon-container-position-top\"\n\t\t\tstyle=\"display: flex; flex-direction: column; width: calc(100% - 25px);\"\n\t\t>\n\t\t\t\t\t\t\t<a\n\t\t\t\t\thref=\"\/certificates\/2021_2024-ISO9001-Es.pdf\"\n\t\t\t\t\ttarget=\"_blank\" rel=\"noopener noreferrer\"\t\t\t\t\tclass=\"sow-features-feature-linked-column\"\n\t\t\t\t>\n\t\t\t\t\t<span class=\"so-sr-only\">\n\t\t\t\t\t\tAENOR ISO 9001\t\t\t\t\t<\/span>\n\t\t\t\t<\/a>\n\t\t\t\n\t\t\t\t\t\t\t<div class=\"sow-features-feature-right-left-container\" style=\"display: flex; flex-direction: inherit;\">\n\t\t\t\t\t\t\t<a\t\t\t\tclass=\"sow-icon-container sow-container-none\"\n\t\t\t\tstyle=\"color: ; \"\n\t\t\t\t\n\t\t\t\t\t\t\t\t\thref=\"\/certificates\/2021_2024-ISO9001-Es.pdf\"\n\t\t\t\t\ttarget=\"_blank\" rel=\"noopener noreferrer\"\t\t\t>\n\t\t\t\t\t\t\t\t\t\t<div class=\"sow-icon-image\" style=\"background-image: url(https:\/\/www-dev.fagorautomation.com\/wp-content\/uploads\/aenor-iso9001-fagorautomation.jpg)\"><\/div>\n\t\t\t\t\t\t\t\t\t<\/a>\n\n\t\t\t<div class=\"textwidget\">\n\t\t\t\t\t\t\t\t\t<div class=\"sow-features-feature-content\">\n\t\t\t\t\n\t\t\t\t\n\t\t\t\t\t\t\t\t\t<\/div>\n\t\t\t\t\t<p class=\"sow-more-text\">\n\t\t\t\t\t\t\t\t\t\t\t\tAENOR ISO 9001\t\t\t\t\t\t\t\t\t\t\t<\/p>\n\t\t\t\t\t\t\t<\/div>\n\t\t\t\t\t\t\t<\/div>\n\t\t\t\t\t\t\t\t<\/li>\n\n\t<\/ul>\n<\/div><\/div><\/div><div id=\"pgc-832656-1-1\"  class=\"panel-grid-cell\" ><div id=\"panel-832656-1-1-0\" class=\"so-panel widget widget_sow-features panel-first-child panel-last-child\" data-index=\"2\" ><div\n\t\t\t\n\t\t\tclass=\"so-widget-sow-features so-widget-sow-features-default-980c277a2693-832656\"\n\t\t\t\n\t\t><ul\n\tclass=\"sow-features-list\n\tsow-features-responsive\">\n\n\t\t\t<li\n\t\t\tclass=\"sow-features-feature sow-icon-container-position-top\"\n\t\t\tstyle=\"display: flex; flex-direction: column; width: calc(100% - 25px);\"\n\t\t>\n\t\t\t\t\t\t\t<a\n\t\t\t\t\thref=\"\/certificates\/Visualizador-Innova-ETL.pdf\"\n\t\t\t\t\ttarget=\"_blank\" rel=\"noopener noreferrer\"\t\t\t\t\tclass=\"sow-features-feature-linked-column\"\n\t\t\t\t>\n\t\t\t\t\t<span class=\"so-sr-only\">\n\t\t\t\t\t\tVisualizador Innova ETL\t\t\t\t\t<\/span>\n\t\t\t\t<\/a>\n\t\t\t\n\t\t\t\t\t\t\t<div class=\"sow-features-feature-right-left-container\" style=\"display: flex; flex-direction: inherit;\">\n\t\t\t\t\t\t\t<a\t\t\t\tclass=\"sow-icon-container sow-container-none\"\n\t\t\t\tstyle=\"color: ; \"\n\t\t\t\t\n\t\t\t\t\t\t\t\t\thref=\"\/certificates\/Visualizador-Innova-ETL.pdf\"\n\t\t\t\t\ttarget=\"_blank\" rel=\"noopener noreferrer\"\t\t\t>\n\t\t\t\t\t\t\t\t\t\t<div class=\"sow-icon-image\" style=\"background-image: url(https:\/\/www-dev.fagorautomation.com\/wp-content\/uploads\/fagorautomation-certification-intertek.jpg)\"><\/div>\n\t\t\t\t\t\t\t\t\t<\/a>\n\n\t\t\t<div class=\"textwidget\">\n\t\t\t\t\t\t\t\t\t<div class=\"sow-features-feature-content\">\n\t\t\t\t\n\t\t\t\t\n\t\t\t\t\t\t\t\t\t<\/div>\n\t\t\t\t\t<p class=\"sow-more-text\">\n\t\t\t\t\t\t\t\t\t\t\t\tVisualizador Innova ETL\t\t\t\t\t\t\t\t\t\t\t<\/p>\n\t\t\t\t\t\t\t<\/div>\n\t\t\t\t\t\t\t<\/div>\n\t\t\t\t\t\t\t\t<\/li>\n\n\t<\/ul>\n<\/div><\/div><\/div><div id=\"pgc-832656-1-2\"  class=\"panel-grid-cell\" ><div id=\"panel-832656-1-2-0\" class=\"so-panel widget widget_sow-features panel-first-child panel-last-child\" data-index=\"3\" ><div\n\t\t\t\n\t\t\tclass=\"so-widget-sow-features so-widget-sow-features-default-980c277a2693-832656\"\n\t\t\t\n\t\t><ul\n\tclass=\"sow-features-list\n\tsow-features-responsive\">\n\n\t\t\t<li\n\t\t\tclass=\"sow-features-feature sow-icon-container-position-top\"\n\t\t\tstyle=\"display: flex; flex-direction: column; width: calc(100% - 25px);\"\n\t\t>\n\t\t\t\t\t\t\t<a\n\t\t\t\t\thref=\"\/certificates\/AXD-SPD-Safety-T\u00dcV.pdf\"\n\t\t\t\t\ttarget=\"_blank\" rel=\"noopener noreferrer\"\t\t\t\t\tclass=\"sow-features-feature-linked-column\"\n\t\t\t\t>\n\t\t\t\t\t<span class=\"so-sr-only\">\n\t\t\t\t\t\tRegulador AXD\/SPD Safety\t\t\t\t\t<\/span>\n\t\t\t\t<\/a>\n\t\t\t\n\t\t\t\t\t\t\t<div class=\"sow-features-feature-right-left-container\" style=\"display: flex; flex-direction: inherit;\">\n\t\t\t\t\t\t\t<a\t\t\t\tclass=\"sow-icon-container sow-container-none\"\n\t\t\t\tstyle=\"color: ; \"\n\t\t\t\t\n\t\t\t\t\t\t\t\t\thref=\"\/certificates\/AXD-SPD-Safety-T\u00dcV.pdf\"\n\t\t\t\t\ttarget=\"_blank\" rel=\"noopener noreferrer\"\t\t\t>\n\t\t\t\t\t\t\t\t\t\t<div class=\"sow-icon-image\" style=\"background-image: url(https:\/\/www-dev.fagorautomation.com\/wp-content\/uploads\/fagorautomation-tuv-sud-safety.jpg)\"><\/div>\n\t\t\t\t\t\t\t\t\t<\/a>\n\n\t\t\t<div class=\"textwidget\">\n\t\t\t\t\t\t\t\t\t<div class=\"sow-features-feature-content\">\n\t\t\t\t\n\t\t\t\t\n\t\t\t\t\t\t\t\t\t<\/div>\n\t\t\t\t\t<p class=\"sow-more-text\">\n\t\t\t\t\t\t\t\t\t\t\t\tRegulador AXD\/SPD Safety\t\t\t\t\t\t\t\t\t\t\t<\/p>\n\t\t\t\t\t\t\t<\/div>\n\t\t\t\t\t\t\t<\/div>\n\t\t\t\t\t\t\t\t<\/li>\n\n\t<\/ul>\n<\/div><\/div><\/div><div id=\"pgc-832656-1-3\"  class=\"panel-grid-cell\" ><div id=\"panel-832656-1-3-0\" class=\"so-panel widget widget_sow-features panel-first-child panel-last-child\" data-index=\"4\" ><div\n\t\t\t\n\t\t\tclass=\"so-widget-sow-features so-widget-sow-features-default-980c277a2693-832656\"\n\t\t\t\n\t\t><ul\n\tclass=\"sow-features-list\n\tsow-features-responsive\">\n\n\t\t\t<li\n\t\t\tclass=\"sow-features-feature sow-icon-container-position-top\"\n\t\t\tstyle=\"display: flex; flex-direction: column; width: calc(100% - 25px);\"\n\t\t>\n\t\t\t\t\t\t\t<a\n\t\t\t\t\thref=\"\/certificates\/MAB-NTRL-T\u00dcV.pdf\"\n\t\t\t\t\ttarget=\"_blank\" rel=\"noopener noreferrer\"\t\t\t\t\tclass=\"sow-features-feature-linked-column\"\n\t\t\t\t>\n\t\t\t\t\t<span class=\"so-sr-only\">\n\t\t\t\t\t\tRegulador MAB NTRL\t\t\t\t\t<\/span>\n\t\t\t\t<\/a>\n\t\t\t\n\t\t\t\t\t\t\t<div class=\"sow-features-feature-right-left-container\" style=\"display: flex; flex-direction: inherit;\">\n\t\t\t\t\t\t\t<a\t\t\t\tclass=\"sow-icon-container sow-container-none\"\n\t\t\t\tstyle=\"color: ; \"\n\t\t\t\t\n\t\t\t\t\t\t\t\t\thref=\"\/certificates\/MAB-NTRL-T\u00dcV.pdf\"\n\t\t\t\t\ttarget=\"_blank\" rel=\"noopener noreferrer\"\t\t\t>\n\t\t\t\t\t\t\t\t\t\t<div class=\"sow-icon-image\" style=\"background-image: url(https:\/\/www-dev.fagorautomation.com\/wp-content\/uploads\/fagorautomation-tuv-sud.jpg)\"><\/div>\n\t\t\t\t\t\t\t\t\t<\/a>\n\n\t\t\t<div class=\"textwidget\">\n\t\t\t\t\t\t\t\t\t<div class=\"sow-features-feature-content\">\n\t\t\t\t\n\t\t\t\t\n\t\t\t\t\t\t\t\t\t<\/div>\n\t\t\t\t\t<p class=\"sow-more-text\">\n\t\t\t\t\t\t\t\t\t\t\t\tRegulador MAB NTRL\t\t\t\t\t\t\t\t\t\t\t<\/p>\n\t\t\t\t\t\t\t<\/div>\n\t\t\t\t\t\t\t<\/div>\n\t\t\t\t\t\t\t\t<\/li>\n\n\t<\/ul>\n<\/div><\/div><\/div><div id=\"pgc-832656-1-4\"  class=\"panel-grid-cell\" ><div id=\"panel-832656-1-4-0\" class=\"so-panel widget widget_sow-features panel-first-child panel-last-child\" data-index=\"5\" ><div\n\t\t\t\n\t\t\tclass=\"so-widget-sow-features so-widget-sow-features-default-980c277a2693-832656\"\n\t\t\t\n\t\t><ul\n\tclass=\"sow-features-list\n\tsow-features-responsive\">\n\n\t\t\t<li\n\t\t\tclass=\"sow-features-feature sow-icon-container-position-top\"\n\t\t\tstyle=\"display: flex; flex-direction: column; width: calc(100% - 25px);\"\n\t\t>\n\t\t\t\t\t\t\t<a\n\t\t\t\t\thref=\"\/certificates\/Z10%20080353%200003%20Rev.%2001.pdf\"\n\t\t\t\t\ttarget=\"_blank\" rel=\"noopener noreferrer\"\t\t\t\t\tclass=\"sow-features-feature-linked-column\"\n\t\t\t\t>\n\t\t\t\t\t<span class=\"so-sr-only\">\n\t\t\t\t\t\tRegulador MAB Safety\t\t\t\t\t<\/span>\n\t\t\t\t<\/a>\n\t\t\t\n\t\t\t\t\t\t\t<div class=\"sow-features-feature-right-left-container\" style=\"display: flex; flex-direction: inherit;\">\n\t\t\t\t\t\t\t<a\t\t\t\tclass=\"sow-icon-container sow-container-none\"\n\t\t\t\tstyle=\"color: ; \"\n\t\t\t\t\n\t\t\t\t\t\t\t\t\thref=\"\/certificates\/Z10%20080353%200003%20Rev.%2001.pdf\"\n\t\t\t\t\ttarget=\"_blank\" rel=\"noopener noreferrer\"\t\t\t>\n\t\t\t\t\t\t\t\t\t\t<div class=\"sow-icon-image\" style=\"background-image: url(https:\/\/www-dev.fagorautomation.com\/wp-content\/uploads\/fagorautomation-tuv-sud-safety.jpg)\"><\/div>\n\t\t\t\t\t\t\t\t\t<\/a>\n\n\t\t\t<div class=\"textwidget\">\n\t\t\t\t\t\t\t\t\t<div class=\"sow-features-feature-content\">\n\t\t\t\t\n\t\t\t\t\n\t\t\t\t\t\t\t\t\t<\/div>\n\t\t\t\t\t<p class=\"sow-more-text\">\n\t\t\t\t\t\t\t\t\t\t\t\tRegulador MAB Safety\t\t\t\t\t\t\t\t\t\t\t<\/p>\n\t\t\t\t\t\t\t<\/div>\n\t\t\t\t\t\t\t<\/div>\n\t\t\t\t\t\t\t\t<\/li>\n\n\t<\/ul>\n<\/div><\/div><\/div><\/div><div id=\"pg-832656-2\"  class=\"panel-grid panel-no-style\" ><div id=\"pgc-832656-2-0\"  class=\"panel-grid-cell\" ><div id=\"panel-832656-2-0-0\" class=\"so-panel widget widget_sow-features panel-first-child panel-last-child\" data-index=\"6\" ><div\n\t\t\t\n\t\t\tclass=\"so-widget-sow-features so-widget-sow-features-default-980c277a2693-832656\"\n\t\t\t\n\t\t><ul\n\tclass=\"sow-features-list\n\tsow-features-responsive\">\n\n\t\t\t<li\n\t\t\tclass=\"sow-features-feature sow-icon-container-position-top\"\n\t\t\tstyle=\"display: flex; flex-direction: column; width: calc(100% - 25px);\"\n\t\t>\n\t\t\t\t\t\t\t<a\n\t\t\t\t\thref=\"\/certificates\/FKM-NTRL-T\u00dcV.pdf\"\n\t\t\t\t\ttarget=\"_blank\" rel=\"noopener noreferrer\"\t\t\t\t\tclass=\"sow-features-feature-linked-column\"\n\t\t\t\t>\n\t\t\t\t\t<span class=\"so-sr-only\">\n\t\t\t\t\t\tMotor FKM\t\t\t\t\t<\/span>\n\t\t\t\t<\/a>\n\t\t\t\n\t\t\t\t\t\t\t<div class=\"sow-features-feature-right-left-container\" style=\"display: flex; flex-direction: inherit;\">\n\t\t\t\t\t\t\t<a\t\t\t\tclass=\"sow-icon-container sow-container-none\"\n\t\t\t\tstyle=\"color: ; \"\n\t\t\t\t\n\t\t\t\t\t\t\t\t\thref=\"\/certificates\/FKM-NTRL-T\u00dcV.pdf\"\n\t\t\t\t\ttarget=\"_blank\" rel=\"noopener noreferrer\"\t\t\t>\n\t\t\t\t\t\t\t\t\t\t<div class=\"sow-icon-image\" style=\"background-image: url(https:\/\/www-dev.fagorautomation.com\/wp-content\/uploads\/fagorautomation-tuv-sud.jpg)\"><\/div>\n\t\t\t\t\t\t\t\t\t<\/a>\n\n\t\t\t<div class=\"textwidget\">\n\t\t\t\t\t\t\t\t\t<div class=\"sow-features-feature-content\">\n\t\t\t\t\n\t\t\t\t\n\t\t\t\t\t\t\t\t\t<\/div>\n\t\t\t\t\t<p class=\"sow-more-text\">\n\t\t\t\t\t\t\t\t\t\t\t\tMotor FKM\t\t\t\t\t\t\t\t\t\t\t<\/p>\n\t\t\t\t\t\t\t<\/div>\n\t\t\t\t\t\t\t<\/div>\n\t\t\t\t\t\t\t\t<\/li>\n\n\t<\/ul>\n<\/div><\/div><\/div><div id=\"pgc-832656-2-1\"  class=\"panel-grid-cell\" ><div id=\"panel-832656-2-1-0\" class=\"so-panel widget widget_sow-features panel-first-child panel-last-child\" data-index=\"7\" ><div\n\t\t\t\n\t\t\tclass=\"so-widget-sow-features so-widget-sow-features-default-980c277a2693-832656\"\n\t\t\t\n\t\t><ul\n\tclass=\"sow-features-list\n\tsow-features-responsive\">\n\n\t\t\t<li\n\t\t\tclass=\"sow-features-feature sow-icon-container-position-top\"\n\t\t\tstyle=\"display: flex; flex-direction: column; width: calc(100% - 25px);\"\n\t\t>\n\t\t\t\t\t\t\t<a\n\t\t\t\t\thref=\"\/certificates\/U8V-080353-0010-Rev.-00.pdf\"\n\t\t\t\t\ttarget=\"_blank\" rel=\"noopener noreferrer\"\t\t\t\t\tclass=\"sow-features-feature-linked-column\"\n\t\t\t\t>\n\t\t\t\t\t<span class=\"so-sr-only\">\n\t\t\t\t\t\tQC-DR-RPS NRTL\t\t\t\t\t<\/span>\n\t\t\t\t<\/a>\n\t\t\t\n\t\t\t\t\t\t\t<div class=\"sow-features-feature-right-left-container\" style=\"display: flex; flex-direction: inherit;\">\n\t\t\t\t\t\t\t<a\t\t\t\tclass=\"sow-icon-container sow-container-none\"\n\t\t\t\tstyle=\"color: ; \"\n\t\t\t\t\n\t\t\t\t\t\t\t\t\thref=\"\/certificates\/U8V-080353-0010-Rev.-00.pdf\"\n\t\t\t\t\ttarget=\"_blank\" rel=\"noopener noreferrer\"\t\t\t>\n\t\t\t\t\t\t\t\t\t\t<div class=\"sow-icon-image\" style=\"background-image: url(https:\/\/www-dev.fagorautomation.com\/wp-content\/uploads\/fagorautomation-tuv-sud.jpg)\"><\/div>\n\t\t\t\t\t\t\t\t\t<\/a>\n\n\t\t\t<div class=\"textwidget\">\n\t\t\t\t\t\t\t\t\t<div class=\"sow-features-feature-content\">\n\t\t\t\t\n\t\t\t\t\n\t\t\t\t\t\t\t\t\t<\/div>\n\t\t\t\t\t<p class=\"sow-more-text\">\n\t\t\t\t\t\t\t\t\t\t\t\tQC-DR-RPS NRTL\t\t\t\t\t\t\t\t\t\t\t<\/p>\n\t\t\t\t\t\t\t<\/div>\n\t\t\t\t\t\t\t<\/div>\n\t\t\t\t\t\t\t\t<\/li>\n\n\t<\/ul>\n<\/div><\/div><\/div><div id=\"pgc-832656-2-2\"  class=\"panel-grid-cell\" ><div id=\"panel-832656-2-2-0\" class=\"so-panel widget widget_sow-features panel-first-child panel-last-child\" data-index=\"8\" ><div\n\t\t\t\n\t\t\tclass=\"so-widget-sow-features so-widget-sow-features-default-980c277a2693-832656\"\n\t\t\t\n\t\t><ul\n\tclass=\"sow-features-list\n\tsow-features-responsive\">\n\n\t\t\t<li\n\t\t\tclass=\"sow-features-feature sow-icon-container-position-top\"\n\t\t\tstyle=\"display: flex; flex-direction: column; width: calc(100% - 25px);\"\n\t\t>\n\t\t\t\t\t\t\t<a\n\t\t\t\t\thref=\"\/certificates\/U8V-080353-0011-Rev.-00.pdf\"\n\t\t\t\t\ttarget=\"_blank\" rel=\"noopener noreferrer\"\t\t\t\t\tclass=\"sow-features-feature-linked-column\"\n\t\t\t\t>\n\t\t\t\t\t<span class=\"so-sr-only\">\n\t\t\t\t\t\tQC-PS-BMP-CM NRTL\t\t\t\t\t<\/span>\n\t\t\t\t<\/a>\n\t\t\t\n\t\t\t\t\t\t\t<div class=\"sow-features-feature-right-left-container\" style=\"display: flex; flex-direction: inherit;\">\n\t\t\t\t\t\t\t<a\t\t\t\tclass=\"sow-icon-container sow-container-none\"\n\t\t\t\tstyle=\"color: ; \"\n\t\t\t\t\n\t\t\t\t\t\t\t\t\thref=\"\/certificates\/U8V-080353-0011-Rev.-00.pdf\"\n\t\t\t\t\ttarget=\"_blank\" rel=\"noopener noreferrer\"\t\t\t>\n\t\t\t\t\t\t\t\t\t\t<div class=\"sow-icon-image\" style=\"background-image: url(https:\/\/www-dev.fagorautomation.com\/wp-content\/uploads\/fagorautomation-tuv-sud.jpg)\"><\/div>\n\t\t\t\t\t\t\t\t\t<\/a>\n\n\t\t\t<div class=\"textwidget\">\n\t\t\t\t\t\t\t\t\t<div class=\"sow-features-feature-content\">\n\t\t\t\t\n\t\t\t\t\n\t\t\t\t\t\t\t\t\t<\/div>\n\t\t\t\t\t<p class=\"sow-more-text\">\n\t\t\t\t\t\t\t\t\t\t\t\tQC-PS-BMP-CM NRTL\t\t\t\t\t\t\t\t\t\t\t<\/p>\n\t\t\t\t\t\t\t<\/div>\n\t\t\t\t\t\t\t<\/div>\n\t\t\t\t\t\t\t\t<\/li>\n\n\t<\/ul>\n<\/div><\/div><\/div><div id=\"pgc-832656-2-3\"  class=\"panel-grid-cell\" ><div id=\"panel-832656-2-3-0\" class=\"so-panel widget widget_sow-features panel-first-child panel-last-child\" data-index=\"9\" ><div\n\t\t\t\n\t\t\tclass=\"so-widget-sow-features so-widget-sow-features-default-980c277a2693-832656\"\n\t\t\t\n\t\t><ul\n\tclass=\"sow-features-list\n\tsow-features-responsive\">\n\n\t\t\t<li\n\t\t\tclass=\"sow-features-feature sow-icon-container-position-top\"\n\t\t\tstyle=\"display: flex; flex-direction: column; width: calc(100% - 25px);\"\n\t\t>\n\t\t\t\t\t\t\t<a\n\t\t\t\t\thref=\"\/certificates\/U8V-080353-0012-Rev.-00.pdf\"\n\t\t\t\t\ttarget=\"_blank\" rel=\"noopener noreferrer\"\t\t\t\t\tclass=\"sow-features-feature-linked-column\"\n\t\t\t\t>\n\t\t\t\t\t<span class=\"so-sr-only\">\n\t\t\t\t\t\tKeyboards, OP Panels NRTL\t\t\t\t\t<\/span>\n\t\t\t\t<\/a>\n\t\t\t\n\t\t\t\t\t\t\t<div class=\"sow-features-feature-right-left-container\" style=\"display: flex; flex-direction: inherit;\">\n\t\t\t\t\t\t\t<a\t\t\t\tclass=\"sow-icon-container sow-container-none\"\n\t\t\t\tstyle=\"color: ; \"\n\t\t\t\t\n\t\t\t\t\t\t\t\t\thref=\"\/certificates\/U8V-080353-0012-Rev.-00.pdf\"\n\t\t\t\t\ttarget=\"_blank\" rel=\"noopener noreferrer\"\t\t\t>\n\t\t\t\t\t\t\t\t\t\t<div class=\"sow-icon-image\" style=\"background-image: url(https:\/\/www-dev.fagorautomation.com\/wp-content\/uploads\/fagorautomation-tuv-sud.jpg)\"><\/div>\n\t\t\t\t\t\t\t\t\t<\/a>\n\n\t\t\t<div class=\"textwidget\">\n\t\t\t\t\t\t\t\t\t<div class=\"sow-features-feature-content\">\n\t\t\t\t\n\t\t\t\t\n\t\t\t\t\t\t\t\t\t<\/div>\n\t\t\t\t\t<p class=\"sow-more-text\">\n\t\t\t\t\t\t\t\t\t\t\t\tKeyboards, OP Panels NRTL\t\t\t\t\t\t\t\t\t\t\t<\/p>\n\t\t\t\t\t\t\t<\/div>\n\t\t\t\t\t\t\t<\/div>\n\t\t\t\t\t\t\t\t<\/li>\n\n\t<\/ul>\n<\/div><\/div><\/div><div id=\"pgc-832656-2-4\"  class=\"panel-grid-cell\" ><div id=\"panel-832656-2-4-0\" class=\"so-panel widget widget_sow-features panel-first-child panel-last-child\" data-index=\"10\" ><div\n\t\t\t\n\t\t\tclass=\"so-widget-sow-features so-widget-sow-features-default-980c277a2693-832656\"\n\t\t\t\n\t\t><ul\n\tclass=\"sow-features-list\n\tsow-features-responsive\">\n\n\t\t\t<li\n\t\t\tclass=\"sow-features-feature sow-icon-container-position-top\"\n\t\t\tstyle=\"display: flex; flex-direction: column; width: calc(100% - 25px);\"\n\t\t>\n\t\t\t\t\t\t\t<a\n\t\t\t\t\thref=\"\/certificates\/U8V-080353-0013-Rev.-00.pdf\"\n\t\t\t\t\ttarget=\"_blank\" rel=\"noopener noreferrer\"\t\t\t\t\tclass=\"sow-features-feature-linked-column\"\n\t\t\t\t>\n\t\t\t\t\t<span class=\"so-sr-only\">\n\t\t\t\t\t\tCNC, RIOR, RCS NRTL\t\t\t\t\t<\/span>\n\t\t\t\t<\/a>\n\t\t\t\n\t\t\t\t\t\t\t<div class=\"sow-features-feature-right-left-container\" style=\"display: flex; flex-direction: inherit;\">\n\t\t\t\t\t\t\t<a\t\t\t\tclass=\"sow-icon-container sow-container-none\"\n\t\t\t\tstyle=\"color: ; \"\n\t\t\t\t\n\t\t\t\t\t\t\t\t\thref=\"\/certificates\/U8V-080353-0013-Rev.-00.pdf\"\n\t\t\t\t\ttarget=\"_blank\" rel=\"noopener noreferrer\"\t\t\t>\n\t\t\t\t\t\t\t\t\t\t<div class=\"sow-icon-image\" style=\"background-image: url(https:\/\/www-dev.fagorautomation.com\/wp-content\/uploads\/fagorautomation-tuv-sud.jpg)\"><\/div>\n\t\t\t\t\t\t\t\t\t<\/a>\n\n\t\t\t<div class=\"textwidget\">\n\t\t\t\t\t\t\t\t\t<div class=\"sow-features-feature-content\">\n\t\t\t\t\n\t\t\t\t\n\t\t\t\t\t\t\t\t\t<\/div>\n\t\t\t\t\t<p class=\"sow-more-text\">\n\t\t\t\t\t\t\t\t\t\t\t\tCNC, RIOR, RCS NRTL\t\t\t\t\t\t\t\t\t\t\t<\/p>\n\t\t\t\t\t\t\t<\/div>\n\t\t\t\t\t\t\t<\/div>\n\t\t\t\t\t\t\t\t<\/li>\n\n\t<\/ul>\n<\/div><\/div><\/div><\/div><\/div>","protected":false},"excerpt":{"rendered":"<p>Um dem Kunden zuverl\u00e4ssige Produkte, die allen Standards gerecht werden, anzubieten werden alle Produkte von &#8230; <a title=\"Quality\" class=\"read-more\" href=\"https:\/\/www-dev.fagorautomation.com\/de\/kooperative\/quality\/\" aria-label=\"Mehr Informationen \u00fcber Quality\"> <\/a><\/p>\n","protected":false},"author":1,"featured_media":0,"parent":832684,"menu_order":0,"comment_status":"closed","ping_status":"closed","template":"","meta":{"_acf_changed":false,"footnotes":""},"categories":[1331,1287],"tags":[],"class_list":{"0":"post-832656","1":"page","2":"type-page","3":"status-publish","5":"category-menu-empresa-de","6":"category-page-title-franja-red-de"},"acf":[],"wpml_current_locale":"de_DE","wpml_translations":[{"locale":"en","id":826159,"post_title":"Quality","href":"https:\/\/www-dev.fagorautomation.com\/en\/corporate\/quality\/"},{"locale":"es_ES","id":222,"post_title":"Calidad","href":"https:\/\/www-dev.fagorautomation.com\/es\/corporativo\/calidad\/"},{"locale":"en_US","id":832658,"post_title":"Quality","href":"https:\/\/www-dev.fagorautomation.com\/en-us\/corporate\/quality\/"},{"locale":"it_IT","id":832650,"post_title":"Qualit\u00e0","href":"https:\/\/www-dev.fagorautomation.com\/it\/corporate\/qualita\/"},{"locale":"fr_FR","id":832655,"post_title":"Qualit\u00e9","href":"https:\/\/www-dev.fagorautomation.com\/fr\/entreprise\/qualite\/"},{"locale":"pt_BR","id":832652,"post_title":"Qualidade","href":"https:\/\/www-dev.fagorautomation.com\/pt-br\/corporativo\/qualidade\/"},{"locale":"pt_PT","id":832653,"post_title":"Qualidade","href":"https:\/\/www-dev.fagorautomation.com\/pt-pt\/corporativo\/qualidade\/"},{"locale":"en_IN","id":832657,"post_title":"Quality","href":"https:\/\/www-dev.fagorautomation.com\/hi\/corporate\/quality\/"},{"locale":"ja","id":832651,"post_title":"\u54c1\u8cea","href":"https:\/\/www-dev.fagorautomation.com\/ja\/%e3%82%b3%e3%83%bc%e3%83%9d%e3%83%ac%e3%83%bc%e3%83%88\/%e5%93%81%e8%b3%aa\/"},{"locale":"eu_ES","id":832654,"post_title":"Kalitatea","href":"https:\/\/www-dev.fagorautomation.com\/eu\/korporatiboa\/kalitatea\/"},{"locale":"zh_CN","id":909780,"post_title":"\u8d28\u91cf\u8ba4\u8bc1","href":"https:\/\/www-dev.fagorautomation.com\/zh-hans\/%e5%85%ac%e5%8f%b8%e7%ae%80%e4%bb%8b\/%e8%b4%a8%e9%87%8f%e8%ae%a4%e8%af%81\/"}],"_links":{"self":[{"href":"https:\/\/www-dev.fagorautomation.com\/de\/wp-json\/wp\/v2\/pages\/832656","targetHints":{"allow":["GET"]}}],"collection":[{"href":"https:\/\/www-dev.fagorautomation.com\/de\/wp-json\/wp\/v2\/pages"}],"about":[{"href":"https:\/\/www-dev.fagorautomation.com\/de\/wp-json\/wp\/v2\/types\/page"}],"author":[{"embeddable":true,"href":"https:\/\/www-dev.fagorautomation.com\/de\/wp-json\/wp\/v2\/users\/1"}],"replies":[{"embeddable":true,"href":"https:\/\/www-dev.fagorautomation.com\/de\/wp-json\/wp\/v2\/comments?post=832656"}],"version-history":[{"count":0,"href":"https:\/\/www-dev.fagorautomation.com\/de\/wp-json\/wp\/v2\/pages\/832656\/revisions"}],"up":[{"embeddable":true,"href":"https:\/\/www-dev.fagorautomation.com\/de\/wp-json\/wp\/v2\/pages\/832684"}],"wp:attachment":[{"href":"https:\/\/www-dev.fagorautomation.com\/de\/wp-json\/wp\/v2\/media?parent=832656"}],"wp:term":[{"taxonomy":"category","embeddable":true,"href":"https:\/\/www-dev.fagorautomation.com\/de\/wp-json\/wp\/v2\/categories?post=832656"},{"taxonomy":"post_tag","embeddable":true,"href":"https:\/\/www-dev.fagorautomation.com\/de\/wp-json\/wp\/v2\/tags?post=832656"}],"curies":[{"name":"wp","href":"https:\/\/api.w.org\/{rel}","templated":true}]}}