{"id":832577,"date":"2021-12-02T09:03:21","date_gmt":"2021-12-02T09:03:21","guid":{"rendered":"https:\/\/www-dev.fagorautomation.com\/services\/upgrade-and-retrofits-upgrade-retrofit\/"},"modified":"2022-04-25T18:09:39","modified_gmt":"2022-04-25T17:09:39","slug":"upgrades-und-nachruestungen-upgrade-retrofit","status":"publish","type":"page","link":"https:\/\/www-dev.fagorautomation.com\/de\/dienstleistungen-die-fagor-automation-anbietet\/upgrades-und-nachruestungen-upgrade-retrofit\/","title":{"rendered":"Upgrades und Nachr\u00fcstungen (Upgrade \/ Retrofit)"},"content":{"rendered":"<div id=\"pl-832577\"  class=\"panel-layout\" ><div id=\"pg-832577-0\"  class=\"panel-grid panel-no-style\" ><div id=\"pgc-832577-0-0\"  class=\"panel-grid-cell\" ><div id=\"panel-832577-0-0-0\" class=\"so-panel widget widget_sow-editor panel-first-child\" data-index=\"0\" ><div\n\t\t\t\n\t\t\tclass=\"so-widget-sow-editor so-widget-sow-editor-base\"\n\t\t\t\n\t\t>\n<div class=\"siteorigin-widget-tinymce textwidget\">\n\t<p>Fagor Automation hilft Ihnen, das Beste aus Ihrer Investition w\u00e4hrend der gesamten Lebensdauer herauszuholen. Fagor Automation macht Ihre Invistition profitabler, schneller, zuverl\u00e4ssiger, einfacher zu bedienen und zu programmieren.<\/p>\n<\/div>\n<\/div><\/div><div id=\"panel-832577-0-0-1\" class=\"so-panel widget widget_sow-features panel-last-child\" data-index=\"1\" ><div\n\t\t\t\n\t\t\tclass=\"so-widget-sow-features so-widget-sow-features-default-471311f58d43-832577\"\n\t\t\t\n\t\t><ul\n\tclass=\"sow-features-list\n\tsow-features-responsive\">\n\n\t\t\t<li\n\t\t\tclass=\"sow-features-feature sow-icon-container-position-right\"\n\t\t\tstyle=\"display: flex; flex-direction: row; width: calc(100% - 25px);\"\n\t\t>\n\t\t\t\n\t\t\t\t\t\t<div\t\t\t\tclass=\"sow-icon-container sow-container-square\"\n\t\t\t\tstyle=\"color: ; \"\n\t\t\t\t\n\t\t\t\t\t\t\t>\n\t\t\t\t<span class=\"sow-icon-fontawesome sow-fas\" data-sow-icon=\"&#xf00c;\"\n\t\tstyle=\"font-size: 20px; color: #e1081d\" \n\t\taria-hidden=\"true\"><\/span>\t\t\t<\/div>\n\n\t\t\t<div class=\"textwidget\">\n\t\t\t\t\n\t\t\t\t\n\t\t\t\t\t\t\t\t\t<div class=\"sow-features-feature-text\">\n\t\t\t\t\t<p>Maximierung der Produktivit\u00e4t Ihrer Maschine.<\/p>\n\t\t\t\t\t<\/div>\n\t\t\t\t\t\t\t\t<\/div>\n\t\t\t\t\t\t\t\t<\/li>\n\n\t\t\t<li\n\t\t\tclass=\"sow-features-feature sow-icon-container-position-right\"\n\t\t\tstyle=\"display: flex; flex-direction: row; width: calc(100% - 25px);\"\n\t\t>\n\t\t\t\n\t\t\t\t\t\t<div\t\t\t\tclass=\"sow-icon-container sow-container-square\"\n\t\t\t\tstyle=\"color: ; \"\n\t\t\t\t\n\t\t\t\t\t\t\t>\n\t\t\t\t<span class=\"sow-icon-fontawesome sow-fas\" data-sow-icon=\"&#xf00c;\"\n\t\tstyle=\"font-size: 20px; color: #e1081d\" \n\t\taria-hidden=\"true\"><\/span>\t\t\t<\/div>\n\n\t\t\t<div class=\"textwidget\">\n\t\t\t\t\n\t\t\t\t\n\t\t\t\t\t\t\t\t\t<div class=\"sow-features-feature-text\">\n\t\t\t\t\t<p>Verbesserung der Effizienz.<\/p>\n\t\t\t\t\t<\/div>\n\t\t\t\t\t\t\t\t<\/div>\n\t\t\t\t\t\t\t\t<\/li>\n\n\t\t\t<li\n\t\t\tclass=\"sow-features-feature sow-icon-container-position-right\"\n\t\t\tstyle=\"display: flex; flex-direction: row; width: calc(100% - 25px);\"\n\t\t>\n\t\t\t\n\t\t\t\t\t\t<div\t\t\t\tclass=\"sow-icon-container sow-container-square\"\n\t\t\t\tstyle=\"color: ; \"\n\t\t\t\t\n\t\t\t\t\t\t\t>\n\t\t\t\t<span class=\"sow-icon-fontawesome sow-fas\" data-sow-icon=\"&#xf00c;\"\n\t\tstyle=\"font-size: 20px; color: #e1081d\" \n\t\taria-hidden=\"true\"><\/span>\t\t\t<\/div>\n\n\t\t\t<div class=\"textwidget\">\n\t\t\t\t\n\t\t\t\t\n\t\t\t\t\t\t\t\t\t<div class=\"sow-features-feature-text\">\n\t\t\t\t\t<p>Erh\u00f6hung der Zuverl\u00e4ssigkeit.<\/p>\n\t\t\t\t\t<\/div>\n\t\t\t\t\t\t\t\t<\/div>\n\t\t\t\t\t\t\t\t<\/li>\n\n\t\t\t<li\n\t\t\tclass=\"sow-features-feature sow-icon-container-position-right\"\n\t\t\tstyle=\"display: flex; flex-direction: row; width: calc(100% - 25px);\"\n\t\t>\n\t\t\t\n\t\t\t\t\t\t<div\t\t\t\tclass=\"sow-icon-container sow-container-square\"\n\t\t\t\tstyle=\"color: ; \"\n\t\t\t\t\n\t\t\t\t\t\t\t>\n\t\t\t\t<span class=\"sow-icon-fontawesome sow-fas\" data-sow-icon=\"&#xf00c;\"\n\t\tstyle=\"font-size: 20px; color: #e1081d\" \n\t\taria-hidden=\"true\"><\/span>\t\t\t<\/div>\n\n\t\t\t<div class=\"textwidget\">\n\t\t\t\t\n\t\t\t\t\n\t\t\t\t\t\t\t\t\t<div class=\"sow-features-feature-text\">\n\t\t\t\t\t<p>Modernisierung der Produkte und der Arbeitsumgebung.<\/p>\n\t\t\t\t\t<\/div>\n\t\t\t\t\t\t\t\t<\/div>\n\t\t\t\t\t\t\t\t<\/li>\n\n\t\t\t<li\n\t\t\tclass=\"sow-features-feature sow-icon-container-position-right\"\n\t\t\tstyle=\"display: flex; flex-direction: row; width: calc(100% - 25px);\"\n\t\t>\n\t\t\t\n\t\t\t\t\t\t<div\t\t\t\tclass=\"sow-icon-container sow-container-square\"\n\t\t\t\tstyle=\"color: ; \"\n\t\t\t\t\n\t\t\t\t\t\t\t>\n\t\t\t\t<span class=\"sow-icon-fontawesome sow-fas\" data-sow-icon=\"&#xf00c;\"\n\t\tstyle=\"font-size: 20px; color: #e1081d\" \n\t\taria-hidden=\"true\"><\/span>\t\t\t<\/div>\n\n\t\t\t<div class=\"textwidget\">\n\t\t\t\t\n\t\t\t\t\n\t\t\t\t\t\t\t\t\t<div class=\"sow-features-feature-text\">\n\t\t\t\t\t<p>Reduzieren von Wartungskosten.<\/p>\n\t\t\t\t\t<\/div>\n\t\t\t\t\t\t\t\t<\/div>\n\t\t\t\t\t\t\t\t<\/li>\n\n\t<\/ul>\n<\/div><\/div><\/div><div id=\"pgc-832577-0-1\"  class=\"panel-grid-cell\" ><div id=\"panel-832577-0-1-0\" class=\"so-panel widget widget_sow-image panel-first-child panel-last-child\" data-index=\"2\" ><div\n\t\t\t\n\t\t\tclass=\"so-widget-sow-image so-widget-sow-image-default-dbf295114b96-832577\"\n\t\t\t\n\t\t>\n<div class=\"sow-image-container\">\n\t\t<img \n\tsrc=\"https:\/\/www-dev.fagorautomation.com\/wp-content\/uploads\/actualizacion-reconversion-3-2.jpg\" width=\"350\" height=\"202\" srcset=\"https:\/\/www-dev.fagorautomation.com\/wp-content\/uploads\/actualizacion-reconversion-3-2.jpg 350w, https:\/\/www-dev.fagorautomation.com\/wp-content\/uploads\/actualizacion-reconversion-3-2-300x173.jpg 300w\" sizes=\"(max-width: 350px) 100vw, 350px\" title=\"Upgrade and Retrofits (Upgrade \/ Retrofit)\" alt=\"Upgrade and Retrofits (Upgrade \/ Retrofit)\" \t\tclass=\"so-widget-image\"\/>\n\t<\/div>\n\n<\/div><\/div><\/div><\/div><div id=\"pg-832577-1\"  class=\"panel-grid panel-no-style\" ><div id=\"pgc-832577-1-0\"  class=\"panel-grid-cell\" ><div id=\"panel-832577-1-0-0\" class=\"so-panel widget widget_sow-editor panel-first-child\" data-index=\"3\" ><div\n\t\t\t\n\t\t\tclass=\"so-widget-sow-editor so-widget-sow-editor-base\"\n\t\t\t\n\t\t>\n<div class=\"siteorigin-widget-tinymce textwidget\">\n\t<p>Wenden Sie sich hierzu an den Maschinenhersteller oder direkt an Fagor Automation:<\/p>\n<\/div>\n<\/div><\/div><div id=\"panel-832577-1-0-1\" class=\"so-panel widget widget_sow-features panel-last-child\" data-index=\"4\" ><div\n\t\t\t\n\t\t\tclass=\"so-widget-sow-features so-widget-sow-features-default-471311f58d43-832577\"\n\t\t\t\n\t\t><ul\n\tclass=\"sow-features-list\n\tsow-features-responsive\">\n\n\t\t\t<li\n\t\t\tclass=\"sow-features-feature sow-icon-container-position-right\"\n\t\t\tstyle=\"display: flex; flex-direction: row; width: calc(100% - 25px);\"\n\t\t>\n\t\t\t\n\t\t\t\t\t\t<div\t\t\t\tclass=\"sow-icon-container sow-container-square\"\n\t\t\t\tstyle=\"color: ; \"\n\t\t\t\t\n\t\t\t\t\t\t\t>\n\t\t\t\t<span class=\"sow-icon-fontawesome sow-fas\" data-sow-icon=\"&#xf00c;\"\n\t\tstyle=\"font-size: 20px; color: #e1081d\" \n\t\taria-hidden=\"true\"><\/span>\t\t\t<\/div>\n\n\t\t\t<div class=\"textwidget\">\n\t\t\t\t\n\t\t\t\t\n\t\t\t\t\t\t\t\t\t<div class=\"sow-features-feature-text\">\n\t\t\t\t\t<p>Umr\u00fcstungen - Nachr\u00fcstung von Maschinen (\u00fcber Partnerfirmen)<\/p>\n\t\t\t\t\t<\/div>\n\t\t\t\t\t\t\t\t<\/div>\n\t\t\t\t\t\t\t\t<\/li>\n\n\t\t\t<li\n\t\t\tclass=\"sow-features-feature sow-icon-container-position-right\"\n\t\t\tstyle=\"display: flex; flex-direction: row; width: calc(100% - 25px);\"\n\t\t>\n\t\t\t\n\t\t\t\t\t\t<div\t\t\t\tclass=\"sow-icon-container sow-container-square\"\n\t\t\t\tstyle=\"color: ; \"\n\t\t\t\t\n\t\t\t\t\t\t\t>\n\t\t\t\t<span class=\"sow-icon-fontawesome sow-fas\" data-sow-icon=\"&#xf00c;\"\n\t\tstyle=\"font-size: 20px; color: #e1081d\" \n\t\taria-hidden=\"true\"><\/span>\t\t\t<\/div>\n\n\t\t\t<div class=\"textwidget\">\n\t\t\t\t\n\t\t\t\t\n\t\t\t\t\t\t\t\t\t<div class=\"sow-features-feature-text\">\n\t\t\t\t\t<p>Upgrades von CNC-Steuerungen<\/p>\n\t\t\t\t\t<\/div>\n\t\t\t\t\t\t\t\t<\/div>\n\t\t\t\t\t\t\t\t<\/li>\n\n\t\t\t<li\n\t\t\tclass=\"sow-features-feature sow-icon-container-position-right\"\n\t\t\tstyle=\"display: flex; flex-direction: row; width: calc(100% - 25px);\"\n\t\t>\n\t\t\t\n\t\t\t\t\t\t<div\t\t\t\tclass=\"sow-icon-container sow-container-square\"\n\t\t\t\tstyle=\"color: ; \"\n\t\t\t\t\n\t\t\t\t\t\t\t>\n\t\t\t\t<span class=\"sow-icon-fontawesome sow-fas\" data-sow-icon=\"&#xf00c;\"\n\t\tstyle=\"font-size: 20px; color: #e1081d\" \n\t\taria-hidden=\"true\"><\/span>\t\t\t<\/div>\n\n\t\t\t<div class=\"textwidget\">\n\t\t\t\t\n\t\t\t\t\n\t\t\t\t\t\t\t\t\t<div class=\"sow-features-feature-text\">\n\t\t\t\t\t<p>\u00dcberholung und Optimierung von Maschinen (\u00fcber Partnerfirmen)<\/p>\n\t\t\t\t\t<\/div>\n\t\t\t\t\t\t\t\t<\/div>\n\t\t\t\t\t\t\t\t<\/li>\n\n\t<\/ul>\n<\/div><\/div><\/div><div id=\"pgc-832577-1-1\"  class=\"panel-grid-cell\" ><div id=\"panel-832577-1-1-0\" class=\"so-panel widget widget_sow-image panel-first-child panel-last-child\" data-index=\"5\" ><div\n\t\t\t\n\t\t\tclass=\"so-widget-sow-image so-widget-sow-image-default-dbf295114b96-832577\"\n\t\t\t\n\t\t>\n<div class=\"sow-image-container\">\n\t\t<img \n\tsrc=\"https:\/\/www-dev.fagorautomation.com\/wp-content\/uploads\/revision-maquina-2-3.jpg\" width=\"350\" height=\"202\" srcset=\"https:\/\/www-dev.fagorautomation.com\/wp-content\/uploads\/revision-maquina-2-3.jpg 350w, https:\/\/www-dev.fagorautomation.com\/wp-content\/uploads\/revision-maquina-2-3-300x173.jpg 300w\" sizes=\"(max-width: 350px) 100vw, 350px\" title=\"Actualizaci\u00f3n y reconversiones (Upgrade \/ Retrofit)\" alt=\"Actualizaci\u00f3n y reconversiones (Upgrade \/ Retrofit)\" \t\tclass=\"so-widget-image\"\/>\n\t<\/div>\n\n<\/div><\/div><\/div><\/div><div id=\"pg-832577-2\"  class=\"panel-grid panel-no-style\" ><div id=\"pgc-832577-2-0\"  class=\"panel-grid-cell\" ><div id=\"panel-832577-2-0-0\" class=\"so-panel widget widget_sow-editor panel-first-child panel-last-child\" data-index=\"6\" ><div\n\t\t\t\n\t\t\tclass=\"so-widget-sow-editor so-widget-sow-editor-base\"\n\t\t\t\n\t\t><h3 class=\"widget-title\">Optimierung von Maschinen<\/h3>\n<div class=\"siteorigin-widget-tinymce textwidget\">\n\t<ul>\n<li><strong>Oszilloskop<\/strong>: Hilfsmittel f\u00fcr die Einstellung der Achsen.<\/li>\n<li><strong>Finetune<\/strong>: Automatische Achseinstellung. Die verschiedenen Regelkreise der Maschine werden automatisch optimiert, um Ergebnisse mit der vom Kunden gew\u00fcnschten Qualit\u00e4t sowie maximaler Leistung zu erzielen.<\/li>\n<li><strong>Kreisformtest<\/strong>: Funktion zur Verbesserung des Achsverhaltens bei Bewegungsumkehr.<\/li>\n<li><strong>Bode-Diagram<\/strong>: Option zur Ermittlung des Frequenzgangs der Maschine und zur Filterung von Vibarationen.<\/li>\n<li><span style=\"color: #ff00ff;\"><a style=\"color: #ff00ff;\" href=\"\/en\/services\/laser-calibration\/\"><strong>Laser calibration<\/strong><\/a>: Precise alignment and exact adjustment of the machine axes for optimum machine performance.<\/span><\/li>\n<li><strong>Volumetrische Kompensation<\/strong>: Erreichen h\u00f6chster Pr\u00e4zision, durch automatische Kompensation der Abweichungen bei der Bearbeitung im dreidimensionalen Raum. Zur Erzielung der gew\u00fcnschten Pr\u00e4zision und Toleranz.<\/li>\n<li><strong>Datasafe<\/strong>: Backup-L\u00f6sung f\u00fcr alle Konfigurationsparameter der Maschine, die Ihnen im Bedarfsfall zur Verf\u00fcgung steht.<\/li>\n<\/ul>\n<\/div>\n<\/div><\/div><\/div><\/div><\/div>","protected":false},"excerpt":{"rendered":"<p>Fagor Automation hilft Ihnen, das Beste aus Ihrer Investition w\u00e4hrend der gesamten Lebensdauer herauszuholen. Fagor &#8230; <a title=\"Upgrades und Nachr\u00fcstungen (Upgrade \/ Retrofit)\" class=\"read-more\" href=\"https:\/\/www-dev.fagorautomation.com\/de\/dienstleistungen-die-fagor-automation-anbietet\/upgrades-und-nachruestungen-upgrade-retrofit\/\" aria-label=\"Mehr Informationen \u00fcber Upgrades und Nachr\u00fcstungen (Upgrade \/ Retrofit)\"> <\/a><\/p>\n","protected":false},"author":1,"featured_media":0,"parent":832438,"menu_order":0,"comment_status":"closed","ping_status":"closed","template":"servicios.php","meta":{"_acf_changed":false,"footnotes":""},"categories":[1307,1298],"tags":[],"class_list":{"0":"post-832577","1":"page","2":"type-page","3":"status-publish","5":"category-menu-servicios-de","6":"category-page-servicios-de"},"acf":[],"wpml_current_locale":"de_DE","wpml_translations":[{"locale":"en","id":826068,"post_title":"Upgrade and Retrofits (Upgrade \/ Retrofit)","href":"https:\/\/www-dev.fagorautomation.com\/en\/services\/upgrade-and-retrofits-upgrade-retrofit\/"},{"locale":"es_ES","id":214,"post_title":"Actualizaci\u00f3n y reconversiones (Upgrade \/ Retrofit)","href":"https:\/\/www-dev.fagorautomation.com\/es\/servicios\/actualizacion-y-reconversiones-upgrade-retrofit\/"},{"locale":"en_US","id":832579,"post_title":"Upgrade and Retrofits (Upgrade \/ Retrofit)","href":"https:\/\/www-dev.fagorautomation.com\/en-us\/services\/upgrade-and-retrofits-upgrade-retrofit\/"},{"locale":"it_IT","id":832580,"post_title":"Upgrade e retrofit (Aggiornamento \/ Retrofit)","href":"https:\/\/www-dev.fagorautomation.com\/it\/servizi\/upgrade-e-retrofit-aggiornamento-retrofit\/"},{"locale":"fr_FR","id":832576,"post_title":"Mise \u00e0 niveau et r\u00e9trofits (Upgrade \/ Retrofit)","href":"https:\/\/www-dev.fagorautomation.com\/fr\/services\/mise-a-niveau-et-retrofits-upgrade-retrofit\/"},{"locale":"pt_BR","id":832582,"post_title":"Atualiza\u00e7\u00e3o e reconvers\u00f5es (Upgrade \/ Retrofit)","href":"https:\/\/www-dev.fagorautomation.com\/pt-br\/servicios\/atualizacao-e-reconversoes-upgrade-retrofit\/"},{"locale":"pt_PT","id":832583,"post_title":"Atualiza\u00e7\u00e3o e reconvers\u00f5es (Upgrade \/ Retrofit)","href":"https:\/\/www-dev.fagorautomation.com\/pt-pt\/servicos-oferecidos-por-fagor-automation\/atualizacao-e-reconversoes-upgrade-retrofit\/"},{"locale":"en_IN","id":832578,"post_title":"Upgrade and Retrofits (Upgrade \/ Retrofit)","href":"https:\/\/www-dev.fagorautomation.com\/hi\/services\/upgrade-and-retrofits-upgrade-retrofit\/"},{"locale":"ja","id":832581,"post_title":"\u30a2\u30c3\u30d7\u30b0\u30ec\u30fc\u30c9\u3068\u30ec\u30c8\u30ed\u30d5\u30a3\u30c3\u30c8 (\u30a2\u30c3\u30d7\u30b0\u30ec\u30fc\u30c9\/\u30ec\u30c8\u30ed\u30d5\u30a3\u30c3\u30c8)","href":"https:\/\/www-dev.fagorautomation.com\/ja\/%e3%82%b5%e3%83%bc%e3%83%93%e3%82%b9\/upgrade-and-retrofits-upgrade-retrofit\/"},{"locale":"eu_ES","id":832575,"post_title":"Eguneratzea eta birmoldaketak (Upgrade \/ Retrofit)","href":"https:\/\/www-dev.fagorautomation.com\/eu\/zerbitzuak\/upgrade-and-retrofits-upgrade-retrofit\/"},{"locale":"zh_CN","id":906332,"post_title":"\u5347\u7ea7\u548c\u6539\u9020","href":"https:\/\/www-dev.fagorautomation.com\/zh-hans\/%e5%8f%91%e6%a0%bc%e8%87%aa%e5%8a%a8%e5%8c%96%e6%8a%80%e6%9c%af%e6%9c%8d%e5%8a%a1\/%e5%8d%87%e7%ba%a7%e5%92%8c%e6%94%b9%e9%80%a0\/"}],"_links":{"self":[{"href":"https:\/\/www-dev.fagorautomation.com\/de\/wp-json\/wp\/v2\/pages\/832577","targetHints":{"allow":["GET"]}}],"collection":[{"href":"https:\/\/www-dev.fagorautomation.com\/de\/wp-json\/wp\/v2\/pages"}],"about":[{"href":"https:\/\/www-dev.fagorautomation.com\/de\/wp-json\/wp\/v2\/types\/page"}],"author":[{"embeddable":true,"href":"https:\/\/www-dev.fagorautomation.com\/de\/wp-json\/wp\/v2\/users\/1"}],"replies":[{"embeddable":true,"href":"https:\/\/www-dev.fagorautomation.com\/de\/wp-json\/wp\/v2\/comments?post=832577"}],"version-history":[{"count":0,"href":"https:\/\/www-dev.fagorautomation.com\/de\/wp-json\/wp\/v2\/pages\/832577\/revisions"}],"up":[{"embeddable":true,"href":"https:\/\/www-dev.fagorautomation.com\/de\/wp-json\/wp\/v2\/pages\/832438"}],"wp:attachment":[{"href":"https:\/\/www-dev.fagorautomation.com\/de\/wp-json\/wp\/v2\/media?parent=832577"}],"wp:term":[{"taxonomy":"category","embeddable":true,"href":"https:\/\/www-dev.fagorautomation.com\/de\/wp-json\/wp\/v2\/categories?post=832577"},{"taxonomy":"post_tag","embeddable":true,"href":"https:\/\/www-dev.fagorautomation.com\/de\/wp-json\/wp\/v2\/tags?post=832577"}],"curies":[{"name":"wp","href":"https:\/\/api.w.org\/{rel}","templated":true}]}}