{"id":832489,"date":"2021-12-02T09:07:17","date_gmt":"2021-12-02T08:07:17","guid":{"rendered":"https:\/\/www-dev.fagorautomation.com\/services\/training\/"},"modified":"2022-05-05T10:34:12","modified_gmt":"2022-05-05T09:34:12","slug":"training","status":"publish","type":"page","link":"https:\/\/www-dev.fagorautomation.com\/de\/dienstleistungen-die-fagor-automation-anbietet\/training\/","title":{"rendered":"Training"},"content":{"rendered":"<div id=\"pl-832489\"  class=\"panel-layout\" ><div id=\"pg-832489-0\"  class=\"panel-grid panel-has-style\" ><div class=\"panel-row-style panel-row-style-for-832489-0\" ><div id=\"pgc-832489-0-0\"  class=\"panel-grid-cell\" ><div class=\"panel-cell-style panel-cell-style-for-832489-0-0\" ><div id=\"panel-832489-0-0-0\" class=\"so-panel widget widget_sow-headline panel-first-child panel-last-child\" data-index=\"0\" ><div\n\t\t\t\n\t\t\tclass=\"so-widget-sow-headline so-widget-sow-headline-default-dee365a6adb8-832489 so-widget-fittext-wrapper\"\n\t\t\t data-fit-text-compressor=\"0.85\"\n\t\t><div class=\"sow-headline-container \">\n\t\t\t\t\t\t\t<p class=\"sow-headline\">\n\t\t\t\t\t\tHolen Sie das Maximum aus Ihrer Maschine indem Sie Ihre F\u00e4higkeiten im Umgang mit Fagor Systemen verbessern<\/b>\t\t\t\t\t\t<\/p>\n\t\t\t\t\t\t<\/div>\n<\/div><\/div><\/div><\/div><div id=\"pgc-832489-0-1\"  class=\"panel-grid-cell\" ><div id=\"panel-832489-0-1-0\" class=\"so-panel widget widget_sow-image panel-first-child panel-last-child\" data-index=\"1\" ><div\n\t\t\t\n\t\t\tclass=\"so-widget-sow-image so-widget-sow-image-default-dbf295114b96-832489\"\n\t\t\t\n\t\t>\n<div class=\"sow-image-container\">\n\t\t<img \n\tsrc=\"https:\/\/www-dev.fagorautomation.com\/wp-content\/uploads\/formacion-5.jpg\" width=\"1200\" height=\"800\" srcset=\"https:\/\/www-dev.fagorautomation.com\/wp-content\/uploads\/formacion-5.jpg 1200w, https:\/\/www-dev.fagorautomation.com\/wp-content\/uploads\/formacion-5-300x200.jpg 300w, https:\/\/www-dev.fagorautomation.com\/wp-content\/uploads\/formacion-5-1024x683.jpg 1024w, https:\/\/www-dev.fagorautomation.com\/wp-content\/uploads\/formacion-5-768x512.jpg 768w, https:\/\/www-dev.fagorautomation.com\/wp-content\/uploads\/formacion-5-272x182.jpg 272w\" sizes=\"(max-width: 1200px) 100vw, 1200px\" title=\"Training Fagor\" alt=\"Training Fagor\" \t\tclass=\"so-widget-image\"\/>\n\t<\/div>\n\n<\/div><\/div><\/div><\/div><\/div><div id=\"pg-832489-1\"  class=\"panel-grid panel-no-style\" ><div id=\"pgc-832489-1-0\"  class=\"panel-grid-cell\" ><div id=\"panel-832489-1-0-0\" class=\"so-panel widget widget_sow-editor panel-first-child\" data-index=\"2\" ><div\n\t\t\t\n\t\t\tclass=\"so-widget-sow-editor so-widget-sow-editor-base\"\n\t\t\t\n\t\t>\n<div class=\"siteorigin-widget-tinymce textwidget\">\n\t<p>Fagor bietet eine Vielzahl von Kursen an, die es Ihnen erm\u00f6glicht, unabh\u00e4ngig von Ihrem Profil oder Niveau, Ihre F\u00e4higkeiten zu verbessern und die Wirtschaftlichkeit Ihrer Maschinen zu steigern.<\/p>\n<\/div>\n<\/div><\/div><div id=\"panel-832489-1-0-1\" class=\"so-panel widget widget_sow-features panel-last-child\" data-index=\"3\" ><div\n\t\t\t\n\t\t\tclass=\"so-widget-sow-features so-widget-sow-features-default-8dee48d37044-832489\"\n\t\t\t\n\t\t><ul\n\tclass=\"sow-features-list\n\tsow-features-responsive\">\n\n\t\t\t<li\n\t\t\tclass=\"sow-features-feature sow-icon-container-position-right\"\n\t\t\tstyle=\"display: flex; flex-direction: row; width: calc(100% - 25px);\"\n\t\t>\n\t\t\t\n\t\t\t\t\t\t<div\t\t\t\tclass=\"sow-icon-container sow-container-square\"\n\t\t\t\tstyle=\"color: ; \"\n\t\t\t\t\n\t\t\t\t\t\t\t>\n\t\t\t\t<span class=\"sow-icon-fontawesome sow-fas\" data-sow-icon=\"&#xf00c;\"\n\t\tstyle=\"font-size: 20px; color: #e1081d\" \n\t\taria-hidden=\"true\"><\/span>\t\t\t<\/div>\n\n\t\t\t<div class=\"textwidget\">\n\t\t\t\t\n\t\t\t\t\n\t\t\t\t\t\t\t\t\t<div class=\"sow-features-feature-text\">\n\t\t\t\t\tSchulung zu allen Produkten im Katalog von Fagor Automtion.<\/p>\n\t\t\t\t\t<\/div>\n\t\t\t\t\t\t\t\t<\/div>\n\t\t\t\t\t\t\t\t<\/li>\n\n\t\t\t<li\n\t\t\tclass=\"sow-features-feature sow-icon-container-position-right\"\n\t\t\tstyle=\"display: flex; flex-direction: row; width: calc(100% - 25px);\"\n\t\t>\n\t\t\t\n\t\t\t\t\t\t<div\t\t\t\tclass=\"sow-icon-container sow-container-square\"\n\t\t\t\tstyle=\"color: ; \"\n\t\t\t\t\n\t\t\t\t\t\t\t>\n\t\t\t\t<span class=\"sow-icon-fontawesome sow-fas\" data-sow-icon=\"&#xf00c;\"\n\t\tstyle=\"font-size: 20px; color: #e1081d\" \n\t\taria-hidden=\"true\"><\/span>\t\t\t<\/div>\n\n\t\t\t<div class=\"textwidget\">\n\t\t\t\t\n\t\t\t\t\n\t\t\t\t\t\t\t\t\t<div class=\"sow-features-feature-text\">\n\t\t\t\t\tBeim Kunden vor Ort oder bei Fagor Automation.<\/p>\n\t\t\t\t\t<\/div>\n\t\t\t\t\t\t\t\t<\/div>\n\t\t\t\t\t\t\t\t<\/li>\n\n\t\t\t<li\n\t\t\tclass=\"sow-features-feature sow-icon-container-position-right\"\n\t\t\tstyle=\"display: flex; flex-direction: row; width: calc(100% - 25px);\"\n\t\t>\n\t\t\t\n\t\t\t\t\t\t<div\t\t\t\tclass=\"sow-icon-container sow-container-square\"\n\t\t\t\tstyle=\"color: ; \"\n\t\t\t\t\n\t\t\t\t\t\t\t>\n\t\t\t\t<span class=\"sow-icon-fontawesome sow-fas\" data-sow-icon=\"&#xf00c;\"\n\t\tstyle=\"font-size: 20px; color: #e1081d\" \n\t\taria-hidden=\"true\"><\/span>\t\t\t<\/div>\n\n\t\t\t<div class=\"textwidget\">\n\t\t\t\t\n\t\t\t\t\n\t\t\t\t\t\t\t\t\t<div class=\"sow-features-feature-text\">\n\t\t\t\t\tIn Pr\u00e4senz oder Online.<\/p>\n\t\t\t\t\t<\/div>\n\t\t\t\t\t\t\t\t<\/div>\n\t\t\t\t\t\t\t\t<\/li>\n\n\t\t\t<li\n\t\t\tclass=\"sow-features-feature sow-icon-container-position-right\"\n\t\t\tstyle=\"display: flex; flex-direction: row; width: calc(100% - 25px);\"\n\t\t>\n\t\t\t\n\t\t\t\t\t\t<div\t\t\t\tclass=\"sow-icon-container sow-container-square\"\n\t\t\t\tstyle=\"color: ; \"\n\t\t\t\t\n\t\t\t\t\t\t\t>\n\t\t\t\t<span class=\"sow-icon-fontawesome sow-fas\" data-sow-icon=\"&#xf00c;\"\n\t\tstyle=\"font-size: 20px; color: #e1081d\" \n\t\taria-hidden=\"true\"><\/span>\t\t\t<\/div>\n\n\t\t\t<div class=\"textwidget\">\n\t\t\t\t\n\t\t\t\t\n\t\t\t\t\t\t\t\t\t<div class=\"sow-features-feature-text\">\n\t\t\t\t\tAngebotene Kurse:<\/p>\n\n Programmierung und Bedienung f\u00fcr Bediener<\/li>\nInstallation und Inbetriebnahme f\u00fcr OEM und Nachr\u00fcster<\/li>\nSchulungen f\u00fcr Mitarbeiter in der Instandhaltung.<\/li>\nSchulungen f\u00fcr Lehrkr\u00e4fte in der mechanischen Fertigung.<\/li>\nusw.<\/li>\n<\/ul>\n\t\t\t\t\t<\/div>\n\t\t\t\t\t\t\t\t<\/div>\n\t\t\t\t\t\t\t\t<\/li>\n\n\t<\/ul>\n<\/div><\/div><\/div><\/div><\/div>","protected":false},"excerpt":{"rendered":"<p>Fagor bietet eine Vielzahl von Kursen an, die es Ihnen erm\u00f6glicht, unabh\u00e4ngig von Ihrem Profil &#8230; <a title=\"Training\" class=\"read-more\" href=\"https:\/\/www-dev.fagorautomation.com\/de\/dienstleistungen-die-fagor-automation-anbietet\/training\/\" aria-label=\"Mehr Informationen \u00fcber Training\"> <\/a><\/p>\n","protected":false},"author":1,"featured_media":0,"parent":832438,"menu_order":0,"comment_status":"closed","ping_status":"closed","template":"servicios.php","meta":{"_acf_changed":false,"footnotes":""},"categories":[1307,1298],"tags":[],"class_list":{"0":"post-832489","1":"page","2":"type-page","3":"status-publish","5":"category-menu-servicios-de","6":"category-page-servicios-de"},"acf":[],"wpml_current_locale":"de_DE","wpml_translations":[{"locale":"en","id":825961,"post_title":"Training","href":"https:\/\/www-dev.fagorautomation.com\/en\/services\/training\/"},{"locale":"es_ES","id":207,"post_title":"Formaci\u00f3n","href":"https:\/\/www-dev.fagorautomation.com\/es\/servicios\/formacion\/"},{"locale":"en_US","id":832491,"post_title":"Training","href":"https:\/\/www-dev.fagorautomation.com\/en-us\/services\/training\/"},{"locale":"it_IT","id":832492,"post_title":"Formazione","href":"https:\/\/www-dev.fagorautomation.com\/it\/servizi\/formazione\/"},{"locale":"fr_FR","id":832488,"post_title":"Formation","href":"https:\/\/www-dev.fagorautomation.com\/fr\/services\/formation\/"},{"locale":"pt_BR","id":832485,"post_title":"Treinamento","href":"https:\/\/www-dev.fagorautomation.com\/pt-br\/servicios\/treinamento\/"},{"locale":"pt_PT","id":832486,"post_title":"Forma\u00e7\u00e3o","href":"https:\/\/www-dev.fagorautomation.com\/pt-pt\/servicos-oferecidos-por-fagor-automation\/formacao\/"},{"locale":"en_IN","id":832490,"post_title":"Training","href":"https:\/\/www-dev.fagorautomation.com\/hi\/services\/training\/"},{"locale":"ja","id":832493,"post_title":"\u30c8\u30ec\u30fc\u30cb\u30f3\u30b0","href":"https:\/\/www-dev.fagorautomation.com\/ja\/%e3%82%b5%e3%83%bc%e3%83%93%e3%82%b9\/training\/"},{"locale":"eu_ES","id":832487,"post_title":"Prestakuntza","href":"https:\/\/www-dev.fagorautomation.com\/eu\/zerbitzuak\/training\/"},{"locale":"zh_CN","id":906353,"post_title":"\u57f9\u8bad","href":"https:\/\/www-dev.fagorautomation.com\/zh-hans\/%e5%8f%91%e6%a0%bc%e8%87%aa%e5%8a%a8%e5%8c%96%e6%8a%80%e6%9c%af%e6%9c%8d%e5%8a%a1\/%e5%9f%b9%e8%ae%ad\/"}],"_links":{"self":[{"href":"https:\/\/www-dev.fagorautomation.com\/de\/wp-json\/wp\/v2\/pages\/832489","targetHints":{"allow":["GET"]}}],"collection":[{"href":"https:\/\/www-dev.fagorautomation.com\/de\/wp-json\/wp\/v2\/pages"}],"about":[{"href":"https:\/\/www-dev.fagorautomation.com\/de\/wp-json\/wp\/v2\/types\/page"}],"author":[{"embeddable":true,"href":"https:\/\/www-dev.fagorautomation.com\/de\/wp-json\/wp\/v2\/users\/1"}],"replies":[{"embeddable":true,"href":"https:\/\/www-dev.fagorautomation.com\/de\/wp-json\/wp\/v2\/comments?post=832489"}],"version-history":[{"count":0,"href":"https:\/\/www-dev.fagorautomation.com\/de\/wp-json\/wp\/v2\/pages\/832489\/revisions"}],"up":[{"embeddable":true,"href":"https:\/\/www-dev.fagorautomation.com\/de\/wp-json\/wp\/v2\/pages\/832438"}],"wp:attachment":[{"href":"https:\/\/www-dev.fagorautomation.com\/de\/wp-json\/wp\/v2\/media?parent=832489"}],"wp:term":[{"taxonomy":"category","embeddable":true,"href":"https:\/\/www-dev.fagorautomation.com\/de\/wp-json\/wp\/v2\/categories?post=832489"},{"taxonomy":"post_tag","embeddable":true,"href":"https:\/\/www-dev.fagorautomation.com\/de\/wp-json\/wp\/v2\/tags?post=832489"}],"curies":[{"name":"wp","href":"https:\/\/api.w.org\/{rel}","templated":true}]}}