{"id":832359,"date":"2021-12-02T13:56:55","date_gmt":"2021-12-02T12:56:55","guid":{"rendered":"https:\/\/www-dev.fagorautomation.com\/other-industries\/"},"modified":"2023-01-04T14:46:13","modified_gmt":"2023-01-04T13:46:13","slug":"andere-maschine","status":"publish","type":"page","link":"https:\/\/www-dev.fagorautomation.com\/de\/andere-maschine\/","title":{"rendered":"Messsysteme f\u00fcr andere Maschinen"},"content":{"rendered":"<div id=\"pl-832359\"  class=\"panel-layout\" ><div id=\"pg-832359-0\"  class=\"panel-grid panel-no-style\" ><div id=\"pgc-832359-0-0\"  class=\"panel-grid-cell\" ><div id=\"panel-832359-0-0-0\" class=\"so-panel widget widget_sow-editor panel-first-child panel-last-child\" data-index=\"0\" ><div\n\t\t\t\n\t\t\tclass=\"so-widget-sow-editor so-widget-sow-editor-base\"\n\t\t\t\n\t\t>\n<div class=\"siteorigin-widget-tinymce textwidget\">\n\t<div id=\"panel-832303-4-0-1\" class=\"so-panel widget widget_sow-editor panel-last-child\" data-index=\"8\">\n<div class=\"so-widget-sow-editor so-widget-sow-editor-base\">\n<div class=\"siteorigin-widget-tinymce textwidget\">\n<p>Die <strong>offenen linearen Messsysteme<\/strong> von FAGOR sind f\u00fcr den Einsatz in Maschinen und Anlagen konzipiert, die normalerweise eine hohe Pr\u00e4zision bei hohen Bewegungsgeschwindigkeiten erfordern. Typische Anwendungen dieser Systeme sind:<\/p>\n<ul>\n<li>Produktions- und Messmaschinen in der Halbleiterindustrie.<\/li>\n<li>Maschinen zur Leiterplattenbest\u00fcckung.<\/li>\n<li>Werkzeugmaschinen mit sehr hoher Pr\u00e4zision.<\/li>\n<li>Mess- und Vergleichsmaschinen, Messmikroskope und andere Pr\u00e4zisionsger\u00e4te.<\/li>\n<li>Linearmotoren.<\/li>\n<\/ul>\n<\/div>\n<\/div>\n<\/div>\n<\/div>\n<\/div><\/div><\/div><\/div><div id=\"pg-832359-1\"  class=\"panel-grid panel-has-style\" ><div class=\"box-sin siteorigin-panels-stretch panel-row-style panel-row-style-for-832359-1\" data-stretch-type=\"full\" ><div id=\"pgc-832359-1-0\"  class=\"panel-grid-cell\" ><div id=\"panel-832359-1-0-0\" class=\"so-panel widget widget_sow-hero panel-first-child\" data-index=\"1\" ><div class=\"panel-widget-style panel-widget-style-for-832359-1-0-0\" ><div\n\t\t\t\n\t\t\tclass=\"so-widget-sow-hero so-widget-sow-hero-default-e0d70d49d2c6-832359 so-widget-fittext-wrapper\"\n\t\t\t data-fit-text-compressor=\"0.85\"\n\t\t>\t\t\t\t<div class=\"sow-slider-base\" style=\"display: none\" tabindex=\"0\">\n\t\t\t\t\t<ul\n\t\t\t\t\tclass=\"sow-slider-images\"\n\t\t\t\t\tdata-settings=\"{&quot;pagination&quot;:true,&quot;speed&quot;:800,&quot;timeout&quot;:8000,&quot;paused&quot;:true,&quot;pause_on_hover&quot;:false,&quot;swipe&quot;:true,&quot;nav_always_show_desktop&quot;:&quot;&quot;,&quot;nav_always_show_mobile&quot;:&quot;&quot;,&quot;breakpoint&quot;:&quot;780px&quot;,&quot;unmute&quot;:false,&quot;anchor&quot;:null}\"\n\t\t\t\t\tstyle=\"min-height: 250px\"\t\t\t\t\tdata-anchor-id=\"\"\n\t\t\t\t>\t\t<li class=\"sow-slider-image  sow-slider-image-cover\" style=\"visibility: visible;;background-color: #333333;background-image: url(https:\/\/www-dev.fagorautomation.com\/wp-content\/uploads\/img-products\/sis-captacion-sector-semiconduccion.jpg)\" >\n\t\t\t\t\t<div class=\"sow-slider-image-container\">\n\t\t\t<div class=\"sow-slider-image-wrapper\">\n\t\t\t\t<h3>Halbleiterfertigung<\/h3>\n\t\t\t<\/div>\n\t\t<\/div>\n\t\t\t\t<\/li>\n\t\t<\/ul>\t\t\t\t<ol class=\"sow-slider-pagination\">\n\t\t\t\t\t\t\t\t\t\t\t<li><a href=\"#\" data-goto=\"0\" aria-label=\"Display slide 1\"><\/a><\/li>\n\t\t\t\t\t\t\t\t\t<\/ol>\n\n\t\t\t\t<div class=\"sow-slide-nav sow-slide-nav-next\">\n\t\t\t\t\t<a href=\"#\" data-goto=\"next\" aria-label=\"Next slide\" data-action=\"next\">\n\t\t\t\t\t\t<em class=\"sow-sld-icon-thin-right\"><\/em>\n\t\t\t\t\t<\/a>\n\t\t\t\t<\/div>\n\n\t\t\t\t<div class=\"sow-slide-nav sow-slide-nav-prev\">\n\t\t\t\t\t<a href=\"#\" data-goto=\"previous\" aria-label=\"Previous slide\" data-action=\"prev\">\n\t\t\t\t\t\t<em class=\"sow-sld-icon-thin-left\"><\/em>\n\t\t\t\t\t<\/a>\n\t\t\t\t<\/div>\n\t\t\t\t<\/div><\/div><\/div><\/div><div id=\"panel-832359-1-0-1\" class=\"so-panel widget widget_sow-editor panel-last-child\" data-index=\"2\" ><div class=\"panel-widget-style panel-widget-style-for-832359-1-0-1\" ><div\n\t\t\t\n\t\t\tclass=\"so-widget-sow-editor so-widget-sow-editor-base\"\n\t\t\t\n\t\t>\n<div class=\"siteorigin-widget-tinymce textwidget\">\n\t<p>Mit zunehmender Komplexit\u00e4t der Chips und h\u00f6herer Packungsdichte elektronischer Komponenten, erm\u00f6glichen die ber\u00fchrungslosen linear- und rotativen Messsysteme eine reibungslose und pr\u00e4zise Steuerung von Bewegungen bei hohen Geschwindigkeiten und Beschleunigungen. Diese Messsysteme finden Anwendung in Ger\u00e4ten f\u00fcr die Halbleiter- und Elektronikfertigung, Verifizierung und Kontrolle, wie z. B. Drahtbonden, Leiterplattenbohren, R\u00f6ntgenanalyse oder visuelle Qualit\u00e4tskontrolle.<\/p>\n<\/div>\n<\/div><\/div><\/div><\/div><div id=\"pgc-832359-1-1\"  class=\"panel-grid-cell\" ><div id=\"panel-832359-1-1-0\" class=\"so-panel widget widget_sow-hero panel-first-child\" data-index=\"3\" ><div class=\"panel-widget-style panel-widget-style-for-832359-1-1-0\" ><div\n\t\t\t\n\t\t\tclass=\"so-widget-sow-hero so-widget-sow-hero-default-e0d70d49d2c6-832359 so-widget-fittext-wrapper\"\n\t\t\t data-fit-text-compressor=\"0.85\"\n\t\t>\t\t\t\t<div class=\"sow-slider-base\" style=\"display: none\" tabindex=\"0\">\n\t\t\t\t\t<ul\n\t\t\t\t\tclass=\"sow-slider-images\"\n\t\t\t\t\tdata-settings=\"{&quot;pagination&quot;:true,&quot;speed&quot;:800,&quot;timeout&quot;:8000,&quot;paused&quot;:true,&quot;pause_on_hover&quot;:false,&quot;swipe&quot;:true,&quot;nav_always_show_desktop&quot;:&quot;&quot;,&quot;nav_always_show_mobile&quot;:&quot;&quot;,&quot;breakpoint&quot;:&quot;780px&quot;,&quot;unmute&quot;:false,&quot;anchor&quot;:null}\"\n\t\t\t\t\tstyle=\"min-height: 250px\"\t\t\t\t\tdata-anchor-id=\"\"\n\t\t\t\t>\t\t<li class=\"sow-slider-image  sow-slider-image-cover\" style=\"visibility: visible;;background-color: #333333\" >\n\t\t\t\t\t<div class=\"sow-slider-image-container\">\n\t\t\t<div class=\"sow-slider-image-wrapper\">\n\t\t\t\t<h3>Gro\u00dfe<br \/>\nwissenschaftliche<br \/>\nEinrichtungen<\/h3>\n\t\t\t<\/div>\n\t\t<\/div>\n\t\t<div class=\"sow-slider-image-overlay sow-slider-image-cover\" style=\"opacity: 0.8;background-image: url(https:\/\/www-dev.fagorautomation.com\/wp-content\/uploads\/img-products\/sis-captacion-sector-ciencia.jpg)\"  ><\/div>\t\t<\/li>\n\t\t<\/ul>\t\t\t\t<ol class=\"sow-slider-pagination\">\n\t\t\t\t\t\t\t\t\t\t\t<li><a href=\"#\" data-goto=\"0\" aria-label=\"Display slide 1\"><\/a><\/li>\n\t\t\t\t\t\t\t\t\t<\/ol>\n\n\t\t\t\t<div class=\"sow-slide-nav sow-slide-nav-next\">\n\t\t\t\t\t<a href=\"#\" data-goto=\"next\" aria-label=\"Next slide\" data-action=\"next\">\n\t\t\t\t\t\t<em class=\"sow-sld-icon-thin-right\"><\/em>\n\t\t\t\t\t<\/a>\n\t\t\t\t<\/div>\n\n\t\t\t\t<div class=\"sow-slide-nav sow-slide-nav-prev\">\n\t\t\t\t\t<a href=\"#\" data-goto=\"previous\" aria-label=\"Previous slide\" data-action=\"prev\">\n\t\t\t\t\t\t<em class=\"sow-sld-icon-thin-left\"><\/em>\n\t\t\t\t\t<\/a>\n\t\t\t\t<\/div>\n\t\t\t\t<\/div><\/div><\/div><\/div><div id=\"panel-832359-1-1-1\" class=\"so-panel widget widget_sow-editor panel-last-child\" data-index=\"4\" ><div class=\"panel-widget-style panel-widget-style-for-832359-1-1-1\" ><div\n\t\t\t\n\t\t\tclass=\"so-widget-sow-editor so-widget-sow-editor-base\"\n\t\t\t\n\t\t>\n<div class=\"siteorigin-widget-tinymce textwidget\">\n\t<p>Von der Erforschung der mikroskopischen Welt der Elementarteilchen bis hin zur Erforschung des Universums, bietet die gesamte Palette der \u00e4u\u00dferst robusten Messsysteme eine zuverl\u00e4ssige und wiederholbare Fernsteuerung von dutzenden Ger\u00e4ten in gro\u00dfen Forschungsinfrastrukturen (LRIs) wie Undulatoren, Diffraktometern oder Spektrometern.<\/p>\n<\/div>\n<\/div><\/div><\/div><\/div><div id=\"pgc-832359-1-2\"  class=\"panel-grid-cell\" ><div id=\"panel-832359-1-2-0\" class=\"so-panel widget widget_sow-hero panel-first-child\" data-index=\"5\" ><div class=\"panel-widget-style panel-widget-style-for-832359-1-2-0\" ><div\n\t\t\t\n\t\t\tclass=\"so-widget-sow-hero so-widget-sow-hero-default-e0d70d49d2c6-832359 so-widget-fittext-wrapper\"\n\t\t\t data-fit-text-compressor=\"0.85\"\n\t\t>\t\t\t\t<div class=\"sow-slider-base\" style=\"display: none\" tabindex=\"0\">\n\t\t\t\t\t<ul\n\t\t\t\t\tclass=\"sow-slider-images\"\n\t\t\t\t\tdata-settings=\"{&quot;pagination&quot;:true,&quot;speed&quot;:800,&quot;timeout&quot;:8000,&quot;paused&quot;:true,&quot;pause_on_hover&quot;:false,&quot;swipe&quot;:true,&quot;nav_always_show_desktop&quot;:&quot;&quot;,&quot;nav_always_show_mobile&quot;:&quot;&quot;,&quot;breakpoint&quot;:&quot;780px&quot;,&quot;unmute&quot;:false,&quot;anchor&quot;:null}\"\n\t\t\t\t\tstyle=\"min-height: 250px\"\t\t\t\t\tdata-anchor-id=\"\"\n\t\t\t\t>\t\t<li class=\"sow-slider-image  sow-slider-image-cover\" style=\"visibility: visible;;background-color: #333333\" >\n\t\t\t\t\t<div class=\"sow-slider-image-container\">\n\t\t\t<div class=\"sow-slider-image-wrapper\">\n\t\t\t\t<h3>Metrologie<\/h3>\n\t\t\t<\/div>\n\t\t<\/div>\n\t\t<div class=\"sow-slider-image-overlay sow-slider-image-cover\" style=\"opacity: 0.8;background-image: url(https:\/\/www-dev.fagorautomation.com\/wp-content\/uploads\/img-products\/sis-captacion-sector-metrologia.jpg)\"  ><\/div>\t\t<\/li>\n\t\t<\/ul>\t\t\t\t<ol class=\"sow-slider-pagination\">\n\t\t\t\t\t\t\t\t\t\t\t<li><a href=\"#\" data-goto=\"0\" aria-label=\"Display slide 1\"><\/a><\/li>\n\t\t\t\t\t\t\t\t\t<\/ol>\n\n\t\t\t\t<div class=\"sow-slide-nav sow-slide-nav-next\">\n\t\t\t\t\t<a href=\"#\" data-goto=\"next\" aria-label=\"Next slide\" data-action=\"next\">\n\t\t\t\t\t\t<em class=\"sow-sld-icon-thin-right\"><\/em>\n\t\t\t\t\t<\/a>\n\t\t\t\t<\/div>\n\n\t\t\t\t<div class=\"sow-slide-nav sow-slide-nav-prev\">\n\t\t\t\t\t<a href=\"#\" data-goto=\"previous\" aria-label=\"Previous slide\" data-action=\"prev\">\n\t\t\t\t\t\t<em class=\"sow-sld-icon-thin-left\"><\/em>\n\t\t\t\t\t<\/a>\n\t\t\t\t<\/div>\n\t\t\t\t<\/div><\/div><\/div><\/div><div id=\"panel-832359-1-2-1\" class=\"so-panel widget widget_sow-editor panel-last-child\" data-index=\"6\" ><div class=\"panel-widget-style panel-widget-style-for-832359-1-2-1\" ><div\n\t\t\t\n\t\t\tclass=\"so-widget-sow-editor so-widget-sow-editor-base\"\n\t\t\t\n\t\t>\n<div class=\"siteorigin-widget-tinymce textwidget\">\n\t<p>Von optischen Komparatoren bis hin zu dreidimensionalen Messger\u00e4ten (CMM) ist die gesamte Palette ber\u00fchrungsloser- oder gekapselter, linearer- und rotativer Messsysteme ideal f\u00fcr Messanwendungen. Sie sind einfach zu installieren, erzeugen hervorragende Signale aus hochwertigen Substraten und kompensieren bestimmte thermische Verhalten. Messfehler werden hierdurch minimiert\"<\/p>\n<\/div>\n<\/div><\/div><\/div><\/div><div id=\"pgc-832359-1-3\"  class=\"panel-grid-cell\" ><div id=\"panel-832359-1-3-0\" class=\"so-panel widget widget_sow-hero panel-first-child\" data-index=\"7\" ><div class=\"panel-widget-style panel-widget-style-for-832359-1-3-0\" ><div\n\t\t\t\n\t\t\tclass=\"so-widget-sow-hero so-widget-sow-hero-default-e0d70d49d2c6-832359 so-widget-fittext-wrapper\"\n\t\t\t data-fit-text-compressor=\"0.85\"\n\t\t>\t\t\t\t<div class=\"sow-slider-base\" style=\"display: none\" tabindex=\"0\">\n\t\t\t\t\t<ul\n\t\t\t\t\tclass=\"sow-slider-images\"\n\t\t\t\t\tdata-settings=\"{&quot;pagination&quot;:true,&quot;speed&quot;:800,&quot;timeout&quot;:8000,&quot;paused&quot;:true,&quot;pause_on_hover&quot;:false,&quot;swipe&quot;:true,&quot;nav_always_show_desktop&quot;:&quot;&quot;,&quot;nav_always_show_mobile&quot;:&quot;&quot;,&quot;breakpoint&quot;:&quot;780px&quot;,&quot;unmute&quot;:false,&quot;anchor&quot;:null}\"\n\t\t\t\t\tstyle=\"min-height: 250px\"\t\t\t\t\tdata-anchor-id=\"\"\n\t\t\t\t>\t\t<li class=\"sow-slider-image  sow-slider-image-cover\" style=\"visibility: visible;;background-color: #333333\" >\n\t\t\t\t\t<div class=\"sow-slider-image-container\">\n\t\t\t<div class=\"sow-slider-image-wrapper\">\n\t\t\t\t<h3>Additive Fertigung<\/h3>\n\t\t\t<\/div>\n\t\t<\/div>\n\t\t<div class=\"sow-slider-image-overlay sow-slider-image-cover\" style=\"opacity: 0.8;background-image: url(https:\/\/www-dev.fagorautomation.com\/wp-content\/uploads\/fabricacion-auditiva-fagorautomation.jpg)\"  ><\/div>\t\t<\/li>\n\t\t<\/ul>\t\t\t\t<ol class=\"sow-slider-pagination\">\n\t\t\t\t\t\t\t\t\t\t\t<li><a href=\"#\" data-goto=\"0\" aria-label=\"Display slide 1\"><\/a><\/li>\n\t\t\t\t\t\t\t\t\t<\/ol>\n\n\t\t\t\t<div class=\"sow-slide-nav sow-slide-nav-next\">\n\t\t\t\t\t<a href=\"#\" data-goto=\"next\" aria-label=\"Next slide\" data-action=\"next\">\n\t\t\t\t\t\t<em class=\"sow-sld-icon-thin-right\"><\/em>\n\t\t\t\t\t<\/a>\n\t\t\t\t<\/div>\n\n\t\t\t\t<div class=\"sow-slide-nav sow-slide-nav-prev\">\n\t\t\t\t\t<a href=\"#\" data-goto=\"previous\" aria-label=\"Previous slide\" data-action=\"prev\">\n\t\t\t\t\t\t<em class=\"sow-sld-icon-thin-left\"><\/em>\n\t\t\t\t\t<\/a>\n\t\t\t\t<\/div>\n\t\t\t\t<\/div><\/div><\/div><\/div><div id=\"panel-832359-1-3-1\" class=\"so-panel widget widget_sow-editor panel-last-child\" data-index=\"8\" ><div class=\"panel-widget-style panel-widget-style-for-832359-1-3-1\" ><div\n\t\t\t\n\t\t\tclass=\"so-widget-sow-editor so-widget-sow-editor-base\"\n\t\t\t\n\t\t>\n<div class=\"siteorigin-widget-tinymce textwidget\">\n\t<p>Ganz gleich, ob es sich um Anlagen auf Polymer-, Metall-, Keramik- oder Biomaterialbasis handelt, die Palette an geschlossenen linearen und winkelf\u00f6rmigen Messsystemen erm\u00f6glicht eine pr\u00e4zise Postitionierung von Metalschichten. Diese Messsysteme sind sehr widerstandsf\u00e4hig gegen feste Verunreinigungen und somit werden Ma\u00dftoleranzen und die Qualit\u00e4t von Teilen verbessert, die mit einer der verschiedenen additiven Fertigungstechnologien wie SLM oder WAAM hergestellt werden.<\/p>\n<\/div>\n<\/div><\/div><\/div><\/div><\/div><\/div><div id=\"pg-832359-2\"  class=\"panel-grid panel-has-style\" ><div class=\"siteorigin-panels-stretch panel-row-style panel-row-style-for-832359-2\" data-stretch-type=\"full-stretched\" ><div id=\"pgc-832359-2-0\"  class=\"panel-grid-cell panel-grid-cell-empty\" ><\/div><\/div><\/div><div id=\"pg-832359-3\"  class=\"panel-grid panel-has-style\" ><div class=\"panel-row-style panel-row-style-for-832359-3\" ><div id=\"pgc-832359-3-0\"  class=\"panel-grid-cell\" ><div id=\"panel-832359-3-0-0\" class=\"so-panel widget widget_sow-headline panel-first-child\" data-index=\"9\" ><div class=\"panel-widget-style panel-widget-style-for-832359-3-0-0\" ><div\n\t\t\t\n\t\t\tclass=\"so-widget-sow-headline so-widget-sow-headline-default-2916643c08ac-832359 so-widget-fittext-wrapper\"\n\t\t\t data-fit-text-compressor=\"0.85\"\n\t\t><div class=\"sow-headline-container \">\n\t\t\t\t\t\t\t<h2 class=\"sow-headline\">\n\t\t\t\t\t\tF\u00fcr welche Branche interessieren Sie sich?\t\t\t\t\t\t<\/h2>\n\t\t\t\t\t\t<\/div>\n<\/div><\/div><\/div><div id=\"panel-832359-3-0-1\" class=\"so-panel widget widget_siteorigin-panels-builder panel-last-child\" data-index=\"10\" ><div class=\"home-productos panel-widget-style panel-widget-style-for-832359-3-0-1\" ><div id=\"pl-w6267f8c84b278\"  class=\"panel-layout\" ><div id=\"pg-w6267f8c84b278-0\"  class=\"panel-grid panel-has-style\" ><div class=\"panel-row-style panel-row-style-for-w6267f8c84b278-0\" ><div id=\"pgc-w6267f8c84b278-0-0\"  class=\"panel-grid-cell\" ><div id=\"panel-w6267f8c84b278-0-0-0\" class=\"so-panel widget widget_sow-tabs panel-first-child panel-last-child\" data-index=\"0\" ><div class=\"tabs-productos panel-widget-style panel-widget-style-for-w6267f8c84b278-0-0-0\" ><div\n\t\t\t\n\t\t\tclass=\"so-widget-sow-tabs so-widget-sow-tabs-default-f8b399c32fbb\"\n\t\t\t\n\t\t><div class=\"sow-tabs\">\n\t<div class=\"sow-tabs-tab-container\" role=\"tablist\">\n\t\t\t<div\n\t\t\tclass=\"sow-tabs-tab\n\t\t\t sow-tabs-tab-selected\t\t\t\"\n\t\t\trole=\"tab\"\n\t\t\tdata-anchor-id=\"halbleiterfertigung\"\n\t\t\taria-selected=\"true\"\n\t\t\ttabindex=\"0\"\n\t\t>\n\t\t\t<div class=\"sow-tabs-title sow-tabs-title-icon-left\">\n\t\t\t\t\t\t\t\tHalbleiterfertigung\t\t\t\t\t\t\t<\/div>\n\t\t<\/div>\n\t\t\t<div\n\t\t\tclass=\"sow-tabs-tab\n\t\t\t\t\t\t\"\n\t\t\trole=\"tab\"\n\t\t\tdata-anchor-id=\"wissenschaftliche-grossanlagen\"\n\t\t\taria-selected=\"false\"\n\t\t\ttabindex=\"0\"\n\t\t>\n\t\t\t<div class=\"sow-tabs-title sow-tabs-title-icon-left\">\n\t\t\t\t\t\t\t\tWissenschaftliche Gro\u00dfanlagen\t\t\t\t\t\t\t<\/div>\n\t\t<\/div>\n\t\t\t<div\n\t\t\tclass=\"sow-tabs-tab\n\t\t\t\t\t\t\"\n\t\t\trole=\"tab\"\n\t\t\tdata-anchor-id=\"messtechnik\"\n\t\t\taria-selected=\"false\"\n\t\t\ttabindex=\"0\"\n\t\t>\n\t\t\t<div class=\"sow-tabs-title sow-tabs-title-icon-left\">\n\t\t\t\t\t\t\t\tMesstechnik\t\t\t\t\t\t\t<\/div>\n\t\t<\/div>\n\t\t\t<div\n\t\t\tclass=\"sow-tabs-tab\n\t\t\t\t\t\t\"\n\t\t\trole=\"tab\"\n\t\t\tdata-anchor-id=\"additive-fertigung\"\n\t\t\taria-selected=\"false\"\n\t\t\ttabindex=\"0\"\n\t\t>\n\t\t\t<div class=\"sow-tabs-title sow-tabs-title-icon-left\">\n\t\t\t\t\t\t\t\tAdditive Fertigung\t\t\t\t\t\t\t<\/div>\n\t\t<\/div>\n\t\t<\/div>\n\n\t<div class=\"sow-tabs-panel-container\">\n\t\t\t<div class=\"sow-tabs-panel\">\n\t\t\t<div\n\t\t\t\tclass=\"sow-tabs-panel-content\"\n\t\t\t\trole=\"tabpanel\"\n\t\t\t\taria-hidden=\"false\"\n\t\t\t>\n\t\t\t\t<p>[wp_show_posts id=\"827124\"]<\/p>\n\t\t\t<\/div>\n\t\t<\/div>\n\t\t\t<div class=\"sow-tabs-panel\">\n\t\t\t<div\n\t\t\t\tclass=\"sow-tabs-panel-content\"\n\t\t\t\trole=\"tabpanel\"\n\t\t\t\taria-hidden=\"true\"\n\t\t\t>\n\t\t\t\t<p>[wp_show_posts id=\"827124\"]<\/p>\n\t\t\t<\/div>\n\t\t<\/div>\n\t\t\t<div class=\"sow-tabs-panel\">\n\t\t\t<div\n\t\t\t\tclass=\"sow-tabs-panel-content\"\n\t\t\t\trole=\"tabpanel\"\n\t\t\t\taria-hidden=\"true\"\n\t\t\t>\n\t\t\t\t<p>[wp_show_posts id=\"827124\"]<\/p>\n\t\t\t<\/div>\n\t\t<\/div>\n\t\t\t<div class=\"sow-tabs-panel\">\n\t\t\t<div\n\t\t\t\tclass=\"sow-tabs-panel-content\"\n\t\t\t\trole=\"tabpanel\"\n\t\t\t\taria-hidden=\"true\"\n\t\t\t>\n\t\t\t\t<p>[wp_show_posts id=\"827124\"]<\/p>\n\t\t\t<\/div>\n\t\t<\/div>\n\t\t<\/div>\n<\/div>\n<\/div><\/div><\/div><\/div><\/div><\/div><\/div><\/div><\/div><\/div><\/div><\/div><\/div>","protected":false},"excerpt":{"rendered":"<p>Die offenen linearen Messsysteme von FAGOR sind f\u00fcr den Einsatz in Maschinen und Anlagen konzipiert, &#8230; <a title=\"Messsysteme f\u00fcr andere Maschinen\" class=\"read-more\" href=\"https:\/\/www-dev.fagorautomation.com\/de\/andere-maschine\/\" aria-label=\"Mehr Informationen \u00fcber Messsysteme f\u00fcr andere Maschinen\"> <\/a><\/p>\n","protected":false},"author":1,"featured_media":0,"parent":0,"menu_order":0,"comment_status":"closed","ping_status":"closed","template":"","meta":{"_acf_changed":false,"footnotes":""},"categories":[1344],"tags":[],"class_list":{"0":"post-832359","1":"page","2":"type-page","3":"status-publish","5":"category-menu-captacion-de"},"acf":[],"wpml_current_locale":"de_DE","wpml_translations":[{"locale":"en","id":825831,"post_title":"Feedback Systems for other industries","href":"https:\/\/www-dev.fagorautomation.com\/en\/other-industries\/"},{"locale":"es_ES","id":383,"post_title":"Sistemas de Captaci\u00f3n para otros sectores","href":"https:\/\/www-dev.fagorautomation.com\/es\/otros-sectores\/"},{"locale":"en_US","id":832375,"post_title":"Feedback Systems for other industries","href":"https:\/\/www-dev.fagorautomation.com\/en-us\/other-industries\/"},{"locale":"it_IT","id":832376,"post_title":"Sistemi di feedback per altri settori","href":"https:\/\/www-dev.fagorautomation.com\/it\/altri-settori\/"},{"locale":"fr_FR","id":832358,"post_title":"Syst\u00e8mes de mesure pour d'autres industries","href":"https:\/\/www-dev.fagorautomation.com\/fr\/autres-industries\/"},{"locale":"pt_BR","id":832378,"post_title":"Sistemas de Medi\u00e7\u00e3o para outros setores","href":"https:\/\/www-dev.fagorautomation.com\/pt-br\/outros-setores\/"},{"locale":"pt_PT","id":832356,"post_title":"Sistemas de Capta\u00e7\u00e3o para outros setores","href":"https:\/\/www-dev.fagorautomation.com\/pt-pt\/outros-setores\/"},{"locale":"en_IN","id":832360,"post_title":"Feedback Systems for other industries","href":"https:\/\/www-dev.fagorautomation.com\/hi\/other-industries\/"},{"locale":"ja","id":832377,"post_title":"\u4ed6\u306e\u696d\u754c\u5411\u3051\u306e\u30d5\u30a3\u30fc\u30c9\u30d0\u30c3\u30af \u30b7\u30b9\u30c6\u30e0","href":"https:\/\/www-dev.fagorautomation.com\/ja\/other-industries\/"},{"locale":"eu_ES","id":832357,"post_title":"Beste sektore batzuetarako atzitze sistemak","href":"https:\/\/www-dev.fagorautomation.com\/eu\/other-industries\/"},{"locale":"zh_CN","id":906295,"post_title":"\u53cd\u9988\u7cfb\u7edf\u7528\u4e8e\u5176\u4ed6\u884c\u4e1a","href":"https:\/\/www-dev.fagorautomation.com\/zh-hans\/%e5%8f%8d%e9%a6%88%e7%b3%bb%e7%bb%9f%e7%94%a8%e4%ba%8e%e5%85%b6%e4%bb%96%e8%a1%8c%e4%b8%9a\/"}],"_links":{"self":[{"href":"https:\/\/www-dev.fagorautomation.com\/de\/wp-json\/wp\/v2\/pages\/832359","targetHints":{"allow":["GET"]}}],"collection":[{"href":"https:\/\/www-dev.fagorautomation.com\/de\/wp-json\/wp\/v2\/pages"}],"about":[{"href":"https:\/\/www-dev.fagorautomation.com\/de\/wp-json\/wp\/v2\/types\/page"}],"author":[{"embeddable":true,"href":"https:\/\/www-dev.fagorautomation.com\/de\/wp-json\/wp\/v2\/users\/1"}],"replies":[{"embeddable":true,"href":"https:\/\/www-dev.fagorautomation.com\/de\/wp-json\/wp\/v2\/comments?post=832359"}],"version-history":[{"count":0,"href":"https:\/\/www-dev.fagorautomation.com\/de\/wp-json\/wp\/v2\/pages\/832359\/revisions"}],"wp:attachment":[{"href":"https:\/\/www-dev.fagorautomation.com\/de\/wp-json\/wp\/v2\/media?parent=832359"}],"wp:term":[{"taxonomy":"category","embeddable":true,"href":"https:\/\/www-dev.fagorautomation.com\/de\/wp-json\/wp\/v2\/categories?post=832359"},{"taxonomy":"post_tag","embeddable":true,"href":"https:\/\/www-dev.fagorautomation.com\/de\/wp-json\/wp\/v2\/tags?post=832359"}],"curies":[{"name":"wp","href":"https:\/\/api.w.org\/{rel}","templated":true}]}}