{"id":832149,"date":"2022-02-28T07:45:47","date_gmt":"2022-02-28T07:45:47","guid":{"rendered":"https:\/\/www-dev.fagorautomation.com\/home\/"},"modified":"2024-01-08T10:38:04","modified_gmt":"2024-01-08T08:38:04","slug":"home","status":"publish","type":"page","link":"https:\/\/www-dev.fagorautomation.com\/de\/","title":{"rendered":"Fagor Automation"},"content":{"rendered":"<div id=\"pl-832149\"  class=\"panel-layout\" ><div id=\"pg-832149-0\"  class=\"panel-grid panel-no-style\" ><div id=\"pgc-832149-0-0\"  class=\"panel-grid-cell\" ><div id=\"panel-832149-0-0-0\" class=\"widget_text so-panel widget widget_custom_html panel-first-child panel-last-child\" data-index=\"0\" ><div class=\"textwidget custom-html-widget\"><div style=\"padding:56.25% 0 0 0;position:relative;\"><iframe src=\"https:\/\/player.vimeo.com\/video\/683687549?h=bd89b5cf98&background=1\" style=\"position:absolute;top:0;left:0;width:100%;height:100%;\" frameborder=\"0\" allow=\"autoplay; fullscreen; picture-in-picture\" allowfullscreen><\/iframe><\/div><script src=\"https:\/\/player.vimeo.com\/api\/player.js\"><\/script><\/div><\/div><\/div><\/div><div id=\"pg-832149-1\"  class=\"panel-grid panel-has-style\" ><div class=\"home-section panel-row-style panel-row-style-for-832149-1\" id=\"referentes-del-sector\" ><div id=\"pgc-832149-1-0\"  class=\"panel-grid-cell\" ><div id=\"panel-832149-1-0-0\" class=\"so-panel widget widget_sow-editor panel-first-child panel-last-child\" data-index=\"1\" ><div class=\"frase-cifras panel-widget-style panel-widget-style-for-832149-1-0-0\" ><div\n\t\t\t\n\t\t\tclass=\"so-widget-sow-editor so-widget-sow-editor-base\"\n\t\t\t\n\t\t>\n<div class=\"siteorigin-widget-tinymce textwidget\">\n\t<p>Seit 43 Jahren sind wir in die Welt der industriellen Produktion eingetaucht, wir haben gro\u00dfe technologische Ver\u00e4nderungen erlebt und sind dank der Innovation zu einem globalen Unternehmen geworden.<br \/>\nLangfristige Partnerschaften mit unseren Kunden haben uns ermutigt, gro\u00dfe Herausforderungen zu meistern und gemeinsam mit unseren Kunden zu einem Ma\u00dfstab in der Branche zu werden.<\/p>\n<\/div>\n<\/div><\/div><\/div><\/div><\/div><\/div><div id=\"pg-832149-2\"  class=\"panel-grid panel-has-style\" ><div class=\"cifras-home panel-row-style panel-row-style-for-832149-2\" ><div id=\"pgc-832149-2-0\"  class=\"panel-grid-cell\" ><div id=\"panel-832149-2-0-0\" class=\"so-panel widget widget_lsow-odometers panel-first-child panel-last-child\" data-index=\"2\" ><div class=\"cifras panel-widget-style panel-widget-style-for-832149-2-0-0\" ><div\n\t\t\t\n\t\t\tclass=\"so-widget-lsow-odometers so-widget-lsow-odometers-default-d75171398898-832149\"\n\t\t\t\n\t\t>\n<div class=\"lsow-odometers lsow-grid-container  lsow-grid-desktop-4 lsow-grid-tablet-2 lsow-grid-mobile-1\"><div class=\"lsow-grid-item lsow-odometer\"><span class=\"lsow-prefix\">+<\/span><div class=\"lsow-number odometer\" data-stop=\"50\">0<\/div><!-- .lsow-number --><div class=\"lsow-stats-title-wrap\"><div class=\"lsow-stats-title\"><span class=\"lsow-icon-wrapper\"><\/span>L\u00e4nder<\/div><\/div><\/div><!-- .lsow-odometer --><div class=\"lsow-grid-item lsow-odometer\"><div class=\"lsow-number odometer\" data-stop=\"90\">0<\/div><!-- .lsow-number --><span class=\"lsow-suffix\">%<\/span><div class=\"lsow-stats-title-wrap\"><div class=\"lsow-stats-title\"><span class=\"lsow-icon-wrapper\"><\/span>Export<\/div><\/div><\/div><!-- .lsow-odometer --><div class=\"lsow-grid-item lsow-odometer\"><span class=\"lsow-prefix\">+<\/span><div class=\"lsow-number odometer\" data-stop=\"10\">0<\/div><!-- .lsow-number --><span class=\"lsow-suffix\">%<\/span><div class=\"lsow-stats-title-wrap\"><div class=\"lsow-stats-title\"><span class=\"lsow-icon-wrapper\"><\/span>Investitionen in R&amp;D<\/div><\/div><\/div><!-- .lsow-odometer --><div class=\"lsow-grid-item lsow-odometer\"><span class=\"lsow-prefix\">+<\/span><div class=\"lsow-number odometer\" data-stop=\"30\">0<\/div><!-- .lsow-number --><div class=\"lsow-stats-title-wrap\"><div class=\"lsow-stats-title\"><span class=\"lsow-icon-wrapper\"><\/span>Vertretungen<\/div><\/div><\/div><!-- .lsow-odometer --><\/div><!-- .lsow-odometers --><div class=\"lsow-clear\"><\/div><\/div><\/div><\/div><\/div><\/div><\/div><div id=\"pg-832149-3\"  class=\"panel-grid panel-has-style\" ><div class=\"home-section  productos siteorigin-panels-stretch panel-row-style panel-row-style-for-832149-3\" data-stretch-type=\"full\" ><div id=\"pgc-832149-3-0\"  class=\"panel-grid-cell\" ><div class=\"content1 panel-cell-style panel-cell-style-for-832149-3-0\" ><div id=\"panel-832149-3-0-0\" class=\"so-panel widget widget_sow-headline panel-first-child\" data-index=\"3\" ><div class=\"panel-widget-style panel-widget-style-for-832149-3-0-0\" ><div\n\t\t\t\n\t\t\tclass=\"so-widget-sow-headline so-widget-sow-headline-default-78689109b7ae-832149\"\n\t\t\t\n\t\t><div class=\"sow-headline-container \">\n\t\t\t\t\t\t\t<h2 class=\"sow-headline\">\n\t\t\t\t\t\tCNC-Systeme\t\t\t\t\t\t<\/h2>\n\t\t\t\t\t\t\t\t\t\t\t\t<p class=\"sow-sub-headline\">\n\t\t\t\t\t\tComplete redesign\t\t\t\t\t\t<\/p>\n\t\t\t\t\t\t<\/div>\n<\/div><\/div><\/div><div id=\"panel-832149-3-0-1\" class=\"so-panel widget widget_sow-button\" data-index=\"4\" ><div\n\t\t\t\n\t\t\tclass=\"so-widget-sow-button so-widget-sow-button-flat-74d9ed1f1550-832149\"\n\t\t\t\n\t\t><div class=\"ow-button-base ow-button-align-center\"\n>\n\t\t\t<a\n\t\t\t\t\thref=\"https:\/\/www-dev.fagorautomation.com\/de\/cnc-systeme\/\"\n\t\t\t\t\tclass=\"sowb-button ow-icon-placement-left ow-button-hover\" \t>\n\t\t<span>\n\t\t\t\n\t\t\tmehr\t\t<\/span>\n\t\t\t<\/a>\n\t<\/div>\n<\/div><\/div><div id=\"panel-832149-3-0-2\" class=\"so-panel widget widget_sow-image panel-last-child\" data-index=\"5\" ><div class=\"panel-widget-style panel-widget-style-for-832149-3-0-2\" ><div\n\t\t\t\n\t\t\tclass=\"so-widget-sow-image so-widget-sow-image-default-c67d20f9f743-832149\"\n\t\t\t\n\t\t>\n<div class=\"sow-image-container\">\n\t\t\t<a href=\"https:\/\/www-dev.fagorautomation.com\/de\/cnc-systeme\/\"\n\t\t\t\t\t>\n\t\t\t<img \n\tsrc=\"https:\/\/www-dev.fagorautomation.com\/wp-content\/uploads\/sistemas-cnc-2.jpg\" width=\"465\" height=\"200\" srcset=\"https:\/\/www-dev.fagorautomation.com\/wp-content\/uploads\/sistemas-cnc-2.jpg 634w, https:\/\/www-dev.fagorautomation.com\/wp-content\/uploads\/sistemas-cnc-2-300x129.jpg 300w\" sizes=\"(max-width: 465px) 100vw, 465px\" title=\"CNC-Systeme\" alt=\"CNC-Systeme\" \t\tclass=\"so-widget-image\"\/>\n\t\t\t<\/a><\/div>\n\n<\/div><\/div><\/div><\/div><\/div><div id=\"pgc-832149-3-1\"  class=\"panel-grid-cell\" ><div class=\"content1 panel-cell-style panel-cell-style-for-832149-3-1\" ><div id=\"panel-832149-3-1-0\" class=\"so-panel widget widget_sow-headline panel-first-child\" data-index=\"6\" ><div\n\t\t\t\n\t\t\tclass=\"so-widget-sow-headline so-widget-sow-headline-default-2916643c08ac-832149\"\n\t\t\t\n\t\t><div class=\"sow-headline-container \">\n\t\t\t\t\t\t\t<h2 class=\"sow-headline\">\n\t\t\t\t\t\tFeedback-Systeme\t\t\t\t\t\t<\/h2>\n\t\t\t\t\t\t\t\t\t\t\t\t<p class=\"sow-sub-headline\">\n\t\t\t\t\t\t3Statech Technology\t\t\t\t\t\t<\/p>\n\t\t\t\t\t\t<\/div>\n<\/div><\/div><div id=\"panel-832149-3-1-1\" class=\"so-panel widget widget_sow-button\" data-index=\"7\" ><div\n\t\t\t\n\t\t\tclass=\"so-widget-sow-button so-widget-sow-button-flat-74d9ed1f1550-832149\"\n\t\t\t\n\t\t><div class=\"ow-button-base ow-button-align-center\"\n>\n\t\t\t<a\n\t\t\t\t\thref=\"https:\/\/www-dev.fagorautomation.com\/de\/feedback-systeme\/\"\n\t\t\t\t\tclass=\"sowb-button ow-icon-placement-left ow-button-hover\" \t>\n\t\t<span>\n\t\t\t\n\t\t\tmehr\t\t<\/span>\n\t\t\t<\/a>\n\t<\/div>\n<\/div><\/div><div id=\"panel-832149-3-1-2\" class=\"so-panel widget widget_sow-image panel-last-child\" data-index=\"8\" ><div class=\"panel-widget-style panel-widget-style-for-832149-3-1-2\" ><div\n\t\t\t\n\t\t\tclass=\"so-widget-sow-image so-widget-sow-image-default-8b5b6f678277-832149\"\n\t\t\t\n\t\t>\n<div class=\"sow-image-container\">\n\t\t\t<a href=\"https:\/\/www-dev.fagorautomation.com\/de\/feedback-systeme\/\"\n\t\t\t\t\t>\n\t\t\t<img \n\tsrc=\"https:\/\/www-dev.fagorautomation.com\/wp-content\/uploads\/sistemas-captacion-2.jpg\" title=\"Feedback-Systeme\" alt=\"Feedback-Systeme\" \t\tclass=\"so-widget-image\"\/>\n\t\t\t<\/a><\/div>\n\n<\/div><\/div><\/div><\/div><\/div><div id=\"pgc-832149-3-2\"  class=\"panel-grid-cell\" ><div class=\"content1 panel-cell-style panel-cell-style-for-832149-3-2\" ><div id=\"panel-832149-3-2-0\" class=\"so-panel widget widget_sow-headline panel-first-child\" data-index=\"9\" ><div\n\t\t\t\n\t\t\tclass=\"so-widget-sow-headline so-widget-sow-headline-default-14cccf8a6dde-832149\"\n\t\t\t\n\t\t><div class=\"sow-headline-container \">\n\t\t\t\t\t\t\t<h2 class=\"sow-headline\">\n\t\t\t\t\t\tFagor Digital Suite\t\t\t\t\t\t<\/h2>\n\t\t\t\t\t\t\t\t\t\t\t\t<p class=\"sow-sub-headline\">\n\t\t\t\t\t\tDecision making made simple\t\t\t\t\t\t<\/p>\n\t\t\t\t\t\t<\/div>\n<\/div><\/div><div id=\"panel-832149-3-2-1\" class=\"so-panel widget widget_sow-button panel-last-child\" data-index=\"10\" ><div\n\t\t\t\n\t\t\tclass=\"so-widget-sow-button so-widget-sow-button-flat-74d9ed1f1550-832149\"\n\t\t\t\n\t\t><div class=\"ow-button-base ow-button-align-center\"\n>\n\t\t\t<a\n\t\t\t\t\thref=\"https:\/\/www-dev.fagorautomation.com\/de\/fagor-digital-suite\/\"\n\t\t\t\t\tclass=\"sowb-button ow-icon-placement-left ow-button-hover\" \t>\n\t\t<span>\n\t\t\t\n\t\t\tmehr\t\t<\/span>\n\t\t\t<\/a>\n\t<\/div>\n<\/div><\/div><\/div><\/div><\/div><\/div><div id=\"pg-832149-4\"  class=\"panel-grid panel-has-style\" ><div class=\"home-section servicios siteorigin-panels-stretch panel-row-style panel-row-style-for-832149-4\" data-stretch-type=\"full\" ><div id=\"pgc-832149-4-0\"  class=\"panel-grid-cell\" ><div id=\"panel-832149-4-0-0\" class=\"so-panel widget widget_siteorigin-panels-builder panel-first-child panel-last-child\" data-index=\"11\" ><div class=\"panel-widget-style panel-widget-style-for-832149-4-0-0\" ><div id=\"pl-w62d7ec298bfcd\"  class=\"panel-layout\" ><div id=\"pg-w62d7ec298bfcd-0\"  class=\"panel-grid panel-no-style\" ><div id=\"pgc-w62d7ec298bfcd-0-0\"  class=\"panel-grid-cell\" ><div id=\"panel-w62d7ec298bfcd-0-0-0\" class=\"so-panel widget widget_sow-headline panel-first-child\" data-index=\"0\" ><div class=\"panel-widget-style panel-widget-style-for-w62d7ec298bfcd-0-0-0\" ><div\n\t\t\t\n\t\t\tclass=\"so-widget-sow-headline so-widget-sow-headline-default-98c1301acc82 so-widget-fittext-wrapper\"\n\t\t\t data-fit-text-compressor=\"0.85\"\n\t\t><div class=\"sow-headline-container \">\n\t\t\t\t\t\t\t<h2 class=\"sow-headline\">\n\t\t\t\t\t\tDienstleistung\t\t\t\t\t\t<\/h2>\n\t\t\t\t\t\t<\/div>\n<\/div><\/div><\/div><div id=\"panel-w62d7ec298bfcd-0-0-1\" class=\"so-panel widget widget_sow-editor panel-last-child\" data-index=\"1\" ><div class=\"panel-widget-style panel-widget-style-for-w62d7ec298bfcd-0-0-1\" ><div\n\t\t\t\n\t\t\tclass=\"so-widget-sow-editor so-widget-sow-editor-base\"\n\t\t\t\n\t\t>\n<div class=\"siteorigin-widget-tinymce textwidget\">\n\t<p>Was brauchen Sie?<br \/>\nWir passen uns Ihren Bed\u00fcrfnissen an um die beste L\u00f6sung zu finden<\/p>\n<\/div>\n<\/div><\/div><\/div><\/div><div id=\"pgc-w62d7ec298bfcd-0-1\"  class=\"panel-grid-cell\" ><div class=\"panel-cell-style panel-cell-style-for-w62d7ec298bfcd-0-1\" ><div id=\"panel-w62d7ec298bfcd-0-1-0\" class=\"so-panel widget widget_sow-button panel-first-child panel-last-child\" data-index=\"2\" ><div class=\"zuria panel-widget-style panel-widget-style-for-w62d7ec298bfcd-0-1-0\" ><div\n\t\t\t\n\t\t\tclass=\"so-widget-sow-button so-widget-sow-button-flat-01e2a38599ef\"\n\t\t\t\n\t\t><div class=\"ow-button-base ow-button-align-left\"\n>\n\t\t\t<a\n\t\t\t\t\thref=\"https:\/\/www-dev.fagorautomation.com\/de\/dienstleistungen-die-fagor-automation-anbietet\/\"\n\t\t\t\t\tclass=\"sowb-button ow-icon-placement-left ow-button-hover\" \t>\n\t\t<span>\n\t\t\t\n\t\t\tmehr\t\t<\/span>\n\t\t\t<\/a>\n\t<\/div>\n<\/div><\/div><\/div><\/div><\/div><\/div><\/div><\/div><\/div><\/div><\/div><\/div><div id=\"pg-832149-5\"  class=\"panel-grid panel-has-style\" ><div class=\"aos-init home-section-news siteorigin-panels-stretch panel-row-style panel-row-style-for-832149-5\" data-aos=\"fade\" data-aos-duration=\"300\" data-aos-easing=\"linear\" data-aos-anchor-placement=\"top-bottom\" data-aos-once=\"true\" data-stretch-type=\"full\" ><div id=\"pgc-832149-5-0\"  class=\"panel-grid-cell\" ><div id=\"panel-832149-5-0-0\" class=\"so-panel widget widget_sow-headline panel-first-child\" data-index=\"12\" ><div class=\"panel-widget-style panel-widget-style-for-832149-5-0-0\" ><div\n\t\t\t\n\t\t\tclass=\"so-widget-sow-headline so-widget-sow-headline-default-2916643c08ac-832149 so-widget-fittext-wrapper\"\n\t\t\t data-fit-text-compressor=\"0.85\"\n\t\t><div class=\"sow-headline-container \">\n\t\t\t\t\t\t\t<h2 class=\"sow-headline\">\n\t\t\t\t\t\tNeueste Nachrichten\t\t\t\t\t\t<\/h2>\n\t\t\t\t\t\t<\/div>\n<\/div><\/div><\/div><div id=\"panel-832149-5-0-1\" class=\"so-panel widget widget_sow-blog panel-last-child\" data-index=\"13\" ><div class=\"grid-news panel-widget-style panel-widget-style-for-832149-5-0-1\" ><div\n\t\t\t\n\t\t\tclass=\"so-widget-sow-blog so-widget-sow-blog-grid-e473d06d4fb7-832149\"\n\t\t\t\n\t\t>\t\t<div\n\t\tclass=\"sow-blog sow-blog-layout-grid\"\n\t\tdata-template=\"grid\"\n\t\tdata-settings=\"{&quot;columns&quot;:3,&quot;featured_image&quot;:true,&quot;featured_image_size&quot;:&quot;sow-blog-grid&quot;,&quot;featured_image_size_width&quot;:&quot;&quot;,&quot;featured_image_size_height&quot;:&quot;&quot;,&quot;content&quot;:&quot;excerpt&quot;,&quot;excerpt_length&quot;:20,&quot;date&quot;:true,&quot;filter_categories&quot;:false,&quot;so_field_container_state&quot;:&quot;open&quot;,&quot;read_more&quot;:false,&quot;author&quot;:false,&quot;categories&quot;:false,&quot;tags&quot;:false,&quot;comment_count&quot;:false,&quot;tag&quot;:&quot;h2&quot;,&quot;featured_image_empty&quot;:true,&quot;trim_manual_excerpt&quot;:&quot;&quot;,&quot;template&quot;:&quot;grid&quot;}\"\n\t\tdata-paged=\"1\"\n\t\tdata-paging-id=\"e473d06d4fb7\"\n\t\tdata-total-pages=\"10\"\n\t\tdata-hash=\"7592c389\"\n\t>\n\t\t\n\t\t\t\t\t\t\t<div class=\"sow-blog-posts\">\n\t\t\t\t<article id=\"post-910574\" class=\"post-910574 post type-post status-publish format-standard has-post-thumbnail hentry category-otros-de generate-columns tablet-grid-50 mobile-grid-100 grid-parent grid-33 resize-featured-image\" style=\"margin: 0 0 30px;\">\n\t\t\t\t\t<div class=\"sow-entry-thumbnail\">\n\t\t\t\t\t\t\t\t\t\t<a href=\"https:\/\/www-dev.fagorautomation.com\/de\/una-semana-increible-en-las-ferias-imts-y-amb-gracias-por-apoyarnos\/\">\n\t\t\t\t\t\t<img loading=\"lazy\" decoding=\"async\" width=\"720\" height=\"405\" src=\"https:\/\/www-dev.fagorautomation.com\/wp-content\/uploads\/1.-amb-2.jpg\" class=\"attachment-sow-blog-grid size-sow-blog-grid wp-post-image\" alt=\"\" srcset=\"https:\/\/www-dev.fagorautomation.com\/wp-content\/uploads\/1.-amb-2.jpg 4032w, https:\/\/www-dev.fagorautomation.com\/wp-content\/uploads\/1.-amb-2-300x169.jpg 300w, https:\/\/www-dev.fagorautomation.com\/wp-content\/uploads\/1.-amb-2-1024x576.jpg 1024w\" sizes=\"auto, (max-width: 720px) 100vw, 720px\" \/>\t\t\t\t\t<\/a>\n\t\t\t\t<\/div>\n\t\t\t\t\t\t\t<div class=\"sow-blog-content-wrapper\"\n\t\t style=\"padding: 25px 30px 33px;\">\n\t\t\t\t<header class=\"sow-entry-header\">\n\t\t\t<h2 class=\"sow-entry-title\" style=\"margin: 0 0 5px;\"><a href=\"https:\/\/www-dev.fagorautomation.com\/de\/una-semana-increible-en-las-ferias-imts-y-amb-gracias-por-apoyarnos\/\" rel=\"bookmark\">Eine gro\u00dfartige Woche auf den Messen IMTS und AMB, danke f\u00fcr Ihre Unterst\u00fctzung!<\/a><\/h2>\t\t\t<div class=\"sow-entry-meta\">\n\t\t\t\t\t\t\t<span class=\"sow-entry-date\">\n\t\t\t\t<a href=\"https:\/\/www-dev.fagorautomation.com\/de\/una-semana-increible-en-las-ferias-imts-y-amb-gracias-por-apoyarnos\/\" rel=\"bookmark\">\n\t\t\t\t\t<time class=\"published\" datetime=\"2022-09-22T11:02:29+02:00\">\n\t\t\t\t\t\t22. September 2022\t\t\t\t\t<\/time>\n\t\t\t\t\t<time class=\"updated\" datetime=\"2023-11-06T16:02:25+02:00\">\n\t\t\t\t\t\t6. November 2023\t\t\t\t\t<\/time>\n\t\t\t\t<\/a>\n\t\t\t<\/span>\n\t\t\n\t\t\n\t\t\n\t\t\t\t\t<\/div>\n\t\t<\/header>\n\n\t\t\t\t\t<div\n\t\t\t\tclass=\"sow-entry-content\"\n\t\t\t\tstyle=\"margin-top: 20px;\"\n\t\t\t>\n\t\t\t\t<p>Fagor Automation m\u00f6chte sich bei allen bedanken, die uns an unseren St\u00e4nden auf den Messen in Chicago und Stuttgart besucht...<\/p>\t\t\t<\/div>\n\t\t\t\t<\/div>\n<\/article>\n<article id=\"post-866045\" class=\"post-866045 post type-post status-publish format-standard has-post-thumbnail hentry category-otros-de generate-columns tablet-grid-50 mobile-grid-100 grid-parent grid-33 resize-featured-image\" style=\"margin: 0 0 30px;\">\n\t\t\t\t\t<div class=\"sow-entry-thumbnail\">\n\t\t\t\t\t\t\t\t\t\t<a href=\"https:\/\/www-dev.fagorautomation.com\/de\/fagor-automation-has-participated-in-the-laser4surf-project\/\">\n\t\t\t\t\t\t<img loading=\"lazy\" decoding=\"async\" width=\"600\" height=\"400\" src=\"https:\/\/www-dev.fagorautomation.com\/wp-content\/uploads\/master2.jpeg\" class=\"attachment-sow-blog-grid size-sow-blog-grid wp-post-image\" alt=\"Tecnolog\u00eda l\u00e1ser\" srcset=\"https:\/\/www-dev.fagorautomation.com\/wp-content\/uploads\/master2.jpeg 600w, https:\/\/www-dev.fagorautomation.com\/wp-content\/uploads\/master2-300x200.jpeg 300w, https:\/\/www-dev.fagorautomation.com\/wp-content\/uploads\/master2-272x182.jpeg 272w\" sizes=\"auto, (max-width: 600px) 100vw, 600px\" \/>\t\t\t\t\t<\/a>\n\t\t\t\t<\/div>\n\t\t\t\t\t\t\t<div class=\"sow-blog-content-wrapper\"\n\t\t style=\"padding: 25px 30px 33px;\">\n\t\t\t\t<header class=\"sow-entry-header\">\n\t\t\t<h2 class=\"sow-entry-title\" style=\"margin: 0 0 5px;\"><a href=\"https:\/\/www-dev.fagorautomation.com\/de\/fagor-automation-has-participated-in-the-laser4surf-project\/\" rel=\"bookmark\">Fagor Automation has participated in the Laser4Surf project<\/a><\/h2>\t\t\t<div class=\"sow-entry-meta\">\n\t\t\t\t\t\t\t<span class=\"sow-entry-date\">\n\t\t\t\t<a href=\"https:\/\/www-dev.fagorautomation.com\/de\/fagor-automation-has-participated-in-the-laser4surf-project\/\" rel=\"bookmark\">\n\t\t\t\t\t<time class=\"published\" datetime=\"2020-05-13T09:52:59+02:00\">\n\t\t\t\t\t\t13. Mai 2020\t\t\t\t\t<\/time>\n\t\t\t\t\t<time class=\"updated\" datetime=\"2023-11-06T16:02:25+02:00\">\n\t\t\t\t\t\t6. November 2023\t\t\t\t\t<\/time>\n\t\t\t\t<\/a>\n\t\t\t<\/span>\n\t\t\n\t\t\n\t\t\n\t\t\t\t\t<\/div>\n\t\t<\/header>\n\n\t\t\t\t\t<div\n\t\t\t\tclass=\"sow-entry-content\"\n\t\t\t\tstyle=\"margin-top: 20px;\"\n\t\t\t>\n\t\t\t\t<p>Fagor Automation, a company at the forefront of technological innovation, has been collaborating in the Laser4Surf project. The aim of...<\/p>\t\t\t<\/div>\n\t\t\t\t<\/div>\n<\/article>\n<article id=\"post-866016\" class=\"post-866016 post type-post status-publish format-standard has-post-thumbnail hentry category-otros-de generate-columns tablet-grid-50 mobile-grid-100 grid-parent grid-33 resize-featured-image\" style=\"margin: 0 0 30px;\">\n\t\t\t\t\t<div class=\"sow-entry-thumbnail\">\n\t\t\t\t\t\t\t\t\t\t<a href=\"https:\/\/www-dev.fagorautomation.com\/de\/produce-more-with-better-quality-and-reducing-costs-with-fagor-automations-cncs\/\">\n\t\t\t\t\t\t<img loading=\"lazy\" decoding=\"async\" width=\"720\" height=\"370\" src=\"https:\/\/www-dev.fagorautomation.com\/wp-content\/uploads\/dmc_3.jpeg\" class=\"attachment-sow-blog-grid size-sow-blog-grid wp-post-image\" alt=\"\" srcset=\"https:\/\/www-dev.fagorautomation.com\/wp-content\/uploads\/dmc_3.jpeg 1245w, https:\/\/www-dev.fagorautomation.com\/wp-content\/uploads\/dmc_3-300x154.jpeg 300w, https:\/\/www-dev.fagorautomation.com\/wp-content\/uploads\/dmc_3-1024x526.jpeg 1024w, https:\/\/www-dev.fagorautomation.com\/wp-content\/uploads\/dmc_3-768x395.jpeg 768w\" sizes=\"auto, (max-width: 720px) 100vw, 720px\" \/>\t\t\t\t\t<\/a>\n\t\t\t\t<\/div>\n\t\t\t\t\t\t\t<div class=\"sow-blog-content-wrapper\"\n\t\t style=\"padding: 25px 30px 33px;\">\n\t\t\t\t<header class=\"sow-entry-header\">\n\t\t\t<h2 class=\"sow-entry-title\" style=\"margin: 0 0 5px;\"><a href=\"https:\/\/www-dev.fagorautomation.com\/de\/produce-more-with-better-quality-and-reducing-costs-with-fagor-automations-cncs\/\" rel=\"bookmark\">Produce more, with better quality and reducing costs with Fagor Automation&#8217;s CNC&#8217;s<\/a><\/h2>\t\t\t<div class=\"sow-entry-meta\">\n\t\t\t\t\t\t\t<span class=\"sow-entry-date\">\n\t\t\t\t<a href=\"https:\/\/www-dev.fagorautomation.com\/de\/produce-more-with-better-quality-and-reducing-costs-with-fagor-automations-cncs\/\" rel=\"bookmark\">\n\t\t\t\t\t<time class=\"published\" datetime=\"2020-05-10T13:54:53+02:00\">\n\t\t\t\t\t\t10. Mai 2020\t\t\t\t\t<\/time>\n\t\t\t\t\t<time class=\"updated\" datetime=\"2023-11-06T16:02:55+02:00\">\n\t\t\t\t\t\t6. November 2023\t\t\t\t\t<\/time>\n\t\t\t\t<\/a>\n\t\t\t<\/span>\n\t\t\n\t\t\n\t\t\n\t\t\t\t\t<\/div>\n\t\t<\/header>\n\n\t\t\t\t\t<div\n\t\t\t\tclass=\"sow-entry-content\"\n\t\t\t\tstyle=\"margin-top: 20px;\"\n\t\t\t>\n\t\t\t\t<p>Fagor Automation CNC&#8217;s have a control system that optimizes machining speed, increases the productivity of the machine and preserves the...<\/p>\t\t\t<\/div>\n\t\t\t\t<\/div>\n<\/article>\n\t\t\t<\/div>\n\t\t\t\t\t\t<nav class=\"sow-post-navigation\">\n\t\t\t\t<h3 class=\"screen-reader-text\">Pagination<\/h3>\n\t\t\t\t<div class=\"sow-nav-links\">\n\t\t\t\t\t<span aria-current=\"page\" class=\"page-numbers current\">1<\/span>\n<a class=\"page-numbers\" href=\"https:\/\/www-dev.fagorautomation.com\/de\/produce-more-with-better-quality-and-reducing-costs-with-fagor-automations-cncs\/?sow-e473d06d4fb7=2\">2<\/a>\n<a class=\"page-numbers\" href=\"https:\/\/www-dev.fagorautomation.com\/de\/produce-more-with-better-quality-and-reducing-costs-with-fagor-automations-cncs\/?sow-e473d06d4fb7=3\">3<\/a>\n<span class=\"page-numbers dots\">&hellip;<\/span>\n<a class=\"page-numbers\" href=\"https:\/\/www-dev.fagorautomation.com\/de\/produce-more-with-better-quality-and-reducing-costs-with-fagor-automations-cncs\/?sow-e473d06d4fb7=10\">10<\/a>\n<a class=\"next page-numbers\" href=\"https:\/\/www-dev.fagorautomation.com\/de\/produce-more-with-better-quality-and-reducing-costs-with-fagor-automations-cncs\/?sow-e473d06d4fb7=2\">&rarr;<\/a>\t\t\t\t<\/div>\n\t\t\t<\/nav>\n\t\t\t\t\t\t\t\t<\/div>\n\t<\/div><\/div><\/div><\/div><\/div><\/div><div id=\"pg-832149-6\"  class=\"panel-grid panel-has-style\" ><div class=\"home-section div-documents panel-row-style panel-row-style-for-832149-6\" ><div id=\"pgc-832149-6-0\"  class=\"panel-grid-cell\" ><div class=\"panel-cell-style panel-cell-style-for-832149-6-0\" ><div id=\"panel-832149-6-0-0\" class=\"so-panel widget widget_sow-headline panel-first-child\" data-index=\"14\" ><div\n\t\t\t\n\t\t\tclass=\"so-widget-sow-headline so-widget-sow-headline-default-d7985d4bb724-866016\"\n\t\t\t\n\t\t><div class=\"sow-headline-container \">\n\t\t\t\t\t\t\t<h2 class=\"sow-headline\">\n\t\t\t\t\t\tWhich document do you need?\t\t\t\t\t\t<\/h2>\n\t\t\t\t\t\t\t\t\t\t\t\t<p class=\"sow-sub-headline\">\n\t\t\t\t\t\tSuchen Sie in unserem Archiv <br \/>Handb\u00fccher, Kataloge, Videos, Bilder...\t\t\t\t\t\t<\/p>\n\t\t\t\t\t\t<\/div>\n<\/div><\/div><div id=\"panel-832149-6-0-1\" class=\"so-panel widget widget_sow-button panel-last-child\" data-index=\"15\" ><div\n\t\t\t\n\t\t\tclass=\"so-widget-sow-button so-widget-sow-button-flat-74d9ed1f1550-866016\"\n\t\t\t\n\t\t><div class=\"ow-button-base ow-button-align-center\"\n>\n\t\t\t<a\n\t\t\t\t\thref=\"https:\/\/www-dev.fagorautomation.com\/de\/dokumentation\/\"\n\t\t\t\t\tclass=\"sowb-button ow-icon-placement-left ow-button-hover\" \t>\n\t\t<span>\n\t\t\t\n\t\t\tmehr\t\t<\/span>\n\t\t\t<\/a>\n\t<\/div>\n<\/div><\/div><\/div><\/div><\/div><\/div><\/div>","protected":false},"excerpt":{"rendered":"<p>Seit 43 Jahren sind wir in die Welt der industriellen Produktion eingetaucht, wir haben gro\u00dfe technologische Ver\u00e4nderungen erlebt und sind&#8230;<\/p>\n","protected":false},"author":1,"featured_media":0,"parent":0,"menu_order":0,"comment_status":"closed","ping_status":"closed","template":"","meta":{"_acf_changed":false,"footnotes":""},"categories":[],"tags":[],"class_list":["post-832149","page","type-page","status-publish"],"acf":[],"wpml_current_locale":"de_DE","wpml_translations":[],"_links":{"self":[{"href":"https:\/\/www-dev.fagorautomation.com\/de\/wp-json\/wp\/v2\/pages\/832149","targetHints":{"allow":["GET"]}}],"collection":[{"href":"https:\/\/www-dev.fagorautomation.com\/de\/wp-json\/wp\/v2\/pages"}],"about":[{"href":"https:\/\/www-dev.fagorautomation.com\/de\/wp-json\/wp\/v2\/types\/page"}],"author":[{"embeddable":true,"href":"https:\/\/www-dev.fagorautomation.com\/de\/wp-json\/wp\/v2\/users\/1"}],"replies":[{"embeddable":true,"href":"https:\/\/www-dev.fagorautomation.com\/de\/wp-json\/wp\/v2\/comments?post=832149"}],"version-history":[{"count":0,"href":"https:\/\/www-dev.fagorautomation.com\/de\/wp-json\/wp\/v2\/pages\/832149\/revisions"}],"wp:attachment":[{"href":"https:\/\/www-dev.fagorautomation.com\/de\/wp-json\/wp\/v2\/media?parent=832149"}],"wp:term":[{"taxonomy":"category","embeddable":true,"href":"https:\/\/www-dev.fagorautomation.com\/de\/wp-json\/wp\/v2\/categories?post=832149"},{"taxonomy":"post_tag","embeddable":true,"href":"https:\/\/www-dev.fagorautomation.com\/de\/wp-json\/wp\/v2\/tags?post=832149"}],"curies":[{"name":"wp","href":"https:\/\/api.w.org\/{rel}","templated":true}]}}