{"id":17108,"date":"2021-12-10T08:20:08","date_gmt":"2021-12-10T08:20:08","guid":{"rendered":"https:\/\/www-dev.fagorautomation.com\/aviso-legal\/"},"modified":"2022-04-27T16:03:20","modified_gmt":"2022-04-27T15:03:20","slug":"impressum","status":"publish","type":"page","link":"https:\/\/www-dev.fagorautomation.com\/de\/impressum\/","title":{"rendered":"Impressum"},"content":{"rendered":"<table class=\"table-1\" style=\"padding: 10px;\">\n<tbody>\n<tr>\n<td><b> Sitz der Gesellschaft <\/b><\/td>\n<td>FAGOR Automation GmbH<br \/>\nLeonhard-Weiss-Stra\u00dfe 34<br \/>\n73037 G\u00f6ppingen<br \/>\nDeutschland<\/td>\n<\/tr>\n<tr>\n<td><b>Gesch\u00e4ftsf\u00fchrung<\/b><\/td>\n<td>Aizpea Sagastizabal<br \/>\nJuan Ignacio Ba\u00f1uelos Surga<br \/>\nJos\u00e9 Serapio P\u00e9rez Berdud<\/td>\n<\/tr>\n<tr>\n<td><b>Telefon<\/b><\/td>\n<td><a href=\"tel:+497161156850\">+49 7161 15685-0<\/a><\/td>\n<\/tr>\n<tr>\n<td><b>Telefax<\/b><\/td>\n<td>+49 7161 15685-79<\/td>\n<\/tr>\n<tr>\n<td><b>E-Mail<\/b><\/td>\n<td><a href=\"mailto:info@fagorautomation.de\">info@fagorautomation.de<\/a><\/td>\n<\/tr>\n<tr>\n<td><b>Amtsgericht<\/b><\/td>\n<td>Ulm HRB 533967<\/td>\n<\/tr>\n<tr>\n<td><b>USt-Id-Nr.: <\/b><\/td>\n<td>DE 814 199 126<\/td>\n<\/tr>\n<\/tbody>\n<\/table>\n<p>Die Urheberrechte der Seite fagorautomation.de und deren Inhalt liegen bei FAGOR Automation Sociedad Cooperativa.<\/p>\n<p>Die auf den Seiten der Website enthaltenen Texte und Informationen dienen nur der allgemeinen Information. Bitte pr\u00fcfen Sie die G\u00fcltig- und Genauigkeit der Daten in den entsprechenden offiziellen Quellen.<\/p>\n<p>FAGOR AUTOMATION beh\u00e4lt sich das Recht vor, die Seiteninhalte jederzeit zu aktualisieren, zu \u00e4ndern, zu korrigieren oder zu verbessern, ohne ausdr\u00fccklich darauf hinzuweisen.<\/p>\n<p>FAGOR AUTOMATION Cooperativa garantiert nicht daf\u00fcr, dass der Zugang zur Website und deren Inhalt richtig oder vollst\u00e4ndig ist. Auch \u00fcbernimmt das Unternehmen keine Garantie f\u00fcr die Aktualit\u00e4t, obwohl sie stets bem\u00fcht ist, Fehler zu vermeiden oder sie schnellstm\u00f6glich zu beheben.<\/p>\n<p>Der Zugang sowie die Nutzung dieser Website erfolgt auf eigenes Risiko. FAGOR AUTOMATION Sociedad Cooperativa haftet nicht f\u00fcr Sch\u00e4den, die mit dem Zugang oder dem Gebrauch dieser Website in Zusammenhang stehen mit Ausnahme der Handlungen, die im Rahmen der gesetzlichen Vorschriften vorgesehen sind.<\/p>\n<p>E-Mails dienen bei uns der schnellen Kommunikation. Sie tragen keine Unterschriften und k\u00f6nnen von Dritten ver\u00e4ndert werden. Verbindliche Vereinbarungen werden bei FAGOR AUTOMATION GmbH als Brief, gescannter Brief oder Fax versendet und tragen Unterschriften entsprechend der bei FAGOR AUTOMATION GmbH geltenden Unterschriftenregelung.<\/p>\n<p>&nbsp;<\/p>\n","protected":false},"excerpt":{"rendered":"<p>Sitz der Gesellschaft FAGOR Automation GmbH Leonhard-Weiss-Stra\u00dfe 34 73037 G\u00f6ppingen Deutschland Gesch\u00e4ftsf\u00fchrung Aizpea Sagastizabal Juan &#8230; <a title=\"Impressum\" class=\"read-more\" href=\"https:\/\/www-dev.fagorautomation.com\/de\/impressum\/\" aria-label=\"Mehr Informationen \u00fcber Impressum\"> <\/a><\/p>\n","protected":false},"author":1,"featured_media":0,"parent":0,"menu_order":0,"comment_status":"closed","ping_status":"closed","template":"","meta":{"_acf_changed":false,"footnotes":""},"categories":[1287],"tags":[],"class_list":{"0":"post-17108","1":"page","2":"type-page","3":"status-publish","5":"category-page-title-franja-red-de"},"acf":[],"wpml_current_locale":"de_DE","wpml_translations":[{"locale":"en","id":17106,"post_title":"Legal disclaimer","href":"https:\/\/www-dev.fagorautomation.com\/en\/legal-disclaimer\/"},{"locale":"es_ES","id":17088,"post_title":"Aviso legal","href":"https:\/\/www-dev.fagorautomation.com\/es\/aviso-legal\/"},{"locale":"en_US","id":17110,"post_title":"Legal disclaimer","href":"https:\/\/www-dev.fagorautomation.com\/en-us\/legal-disclaimer\/"},{"locale":"it_IT","id":17111,"post_title":"Informazioni legali","href":"https:\/\/www-dev.fagorautomation.com\/it\/informazioni-legali\/"},{"locale":"fr_FR","id":17107,"post_title":"Avis juridique","href":"https:\/\/www-dev.fagorautomation.com\/fr\/avis-juridique\/"},{"locale":"pt_BR","id":17113,"post_title":"Aviso legal","href":"https:\/\/www-dev.fagorautomation.com\/pt-br\/aviso-legal\/"},{"locale":"pt_PT","id":17114,"post_title":"Aviso legal","href":"https:\/\/www-dev.fagorautomation.com\/pt-pt\/aviso-legal\/"},{"locale":"en_IN","id":17109,"post_title":"Legal disclaimer","href":"https:\/\/www-dev.fagorautomation.com\/hi\/legal-disclaimer\/"},{"locale":"ja","id":17112,"post_title":"\u6cd5\u7684\u901a\u77e5","href":"https:\/\/www-dev.fagorautomation.com\/ja\/%e6%b3%95%e7%9a%84%e9%80%9a%e7%9f%a5\/"},{"locale":"eu_ES","id":17105,"post_title":"Lege Oharra","href":"https:\/\/www-dev.fagorautomation.com\/eu\/lege-oharra\/"},{"locale":"zh_CN","id":909806,"post_title":"Legal disclaimer","href":"https:\/\/www-dev.fagorautomation.com\/zh-hans\/legal-disclaimer\/"}],"_links":{"self":[{"href":"https:\/\/www-dev.fagorautomation.com\/de\/wp-json\/wp\/v2\/pages\/17108","targetHints":{"allow":["GET"]}}],"collection":[{"href":"https:\/\/www-dev.fagorautomation.com\/de\/wp-json\/wp\/v2\/pages"}],"about":[{"href":"https:\/\/www-dev.fagorautomation.com\/de\/wp-json\/wp\/v2\/types\/page"}],"author":[{"embeddable":true,"href":"https:\/\/www-dev.fagorautomation.com\/de\/wp-json\/wp\/v2\/users\/1"}],"replies":[{"embeddable":true,"href":"https:\/\/www-dev.fagorautomation.com\/de\/wp-json\/wp\/v2\/comments?post=17108"}],"version-history":[{"count":0,"href":"https:\/\/www-dev.fagorautomation.com\/de\/wp-json\/wp\/v2\/pages\/17108\/revisions"}],"wp:attachment":[{"href":"https:\/\/www-dev.fagorautomation.com\/de\/wp-json\/wp\/v2\/media?parent=17108"}],"wp:term":[{"taxonomy":"category","embeddable":true,"href":"https:\/\/www-dev.fagorautomation.com\/de\/wp-json\/wp\/v2\/categories?post=17108"},{"taxonomy":"post_tag","embeddable":true,"href":"https:\/\/www-dev.fagorautomation.com\/de\/wp-json\/wp\/v2\/tags?post=17108"}],"curies":[{"name":"wp","href":"https:\/\/api.w.org\/{rel}","templated":true}]}}